{"id":2164,"date":"2026-03-04T09:25:12","date_gmt":"2026-03-04T08:25:12","guid":{"rendered":"https:\/\/bauplast.hu\/?post_type=product&#038;p=2164"},"modified":"2026-03-30T13:22:09","modified_gmt":"2026-03-30T11:22:09","slug":"natur-vodor-20-l-eros","status":"publish","type":"product","link":"https:\/\/bauplast.hu\/en\/product\/natur-vodor-20-l-eros\/","title":{"rendered":"Nat\u00far v\u00f6d\u00f6r 20 l er\u0151s"},"content":{"rendered":"<p><strong>M\u00e9rete:<\/strong> \u00d8 38*28 cm<br \/>\n<strong>Anyaga:<\/strong> PE origin\u00e1lis polietil\u00e9n <strong>UV-stabil, napf\u00e9ny- \u00e9s fagy\u00e1ll\u00f3<\/strong><br \/>\n<strong>S\u00falya:<\/strong> 1 kg<br \/>\n<strong>Haszn\u00e1lhat\u00f3:<\/strong><\/p>\n<ul>\n<li>\u00e9lelmiszeripari, h\u00e1ztart\u00e1si c\u00e9lra<\/li>\n<li>h\u00e1zi diszn\u00f3v\u00e1g\u00e1s, p\u00e1col\u00e1s<\/li>\n<li>liszt, cukor, egy\u00e9b adal\u00e9kanyag t\u00e1rol\u00e1s\u00e1ra a s\u00fct\u0151iparban, cukr\u00e1sziparban<\/li>\n<\/ul>","protected":false},"excerpt":{"rendered":"<p><strong>M\u00e9rete:<\/strong> \u00d8 38*28 cm<br \/>\n<strong>Anyaga:<\/strong> PE origin\u00e1lis polietil\u00e9n <strong>UV-stabil, napf\u00e9ny- \u00e9s fagy\u00e1ll\u00f3<\/strong><br \/>\n<strong>S\u00falya:<\/strong> 1 kg<br \/>\n<strong>Haszn\u00e1lhat\u00f3:<\/strong><\/p>\n<ul>\n<li>\u00e9lelmiszeripari, h\u00e1ztart\u00e1si c\u00e9lra<\/li>\n<li>h\u00e1zi diszn\u00f3v\u00e1g\u00e1s, p\u00e1col\u00e1s<\/li>\n<li>liszt, cukor, egy\u00e9b adal\u00e9kanyag t\u00e1rol\u00e1s\u00e1ra a s\u00fct\u0151iparban, cukr\u00e1sziparban<\/li>\n<\/ul>","protected":false},"featured_media":2052,"template":"","meta":[],"product_brand":[],"product_cat":[35],"product_tag":[],"class_list":{"0":"post-2164","1":"product","2":"type-product","3":"status-publish","4":"has-post-thumbnail","6":"product_cat-haztartasi","7":"product_shipping_class-normal","9":"first","10":"instock","11":"taxable","12":"shipping-taxable","13":"purchasable","14":"product-type-simple"},"yoast_head":"<!-- This site is optimized with the Yoast SEO plugin v27.4 - https:\/\/yoast.com\/product\/yoast-seo-wordpress\/ -->\n<title>Nat\u00far v\u00f6d\u00f6r 20 l er\u0151s - Bauplast Kft.<\/title>\n<meta name=\"description\" content=\"m\u0171anyag v\u00f6d\u00f6r \u00e9lelmiszeripari, h\u00e1ztart\u00e1si c\u00e9lra, h\u00e1zi diszn\u00f3v\u00e1g\u00e1s, p\u00e1col\u00e1s, liszt, cukor, egy\u00e9b adal\u00e9kanyag t\u00e1rol\u00e1s\u00e1ra a s\u00fct\u0151iparban, cukr\u00e1sziparban\" \/>\n<meta name=\"robots\" content=\"index, follow, max-snippet:-1, max-image-preview:large, max-video-preview:-1\" \/>\n<link rel=\"canonical\" href=\"https:\/\/bauplast.hu\/en\/product\/natur-vodor-20-l-eros\/\" \/>\n<meta property=\"og:locale\" content=\"en_US\" \/>\n<meta property=\"og:type\" content=\"article\" \/>\n<meta property=\"og:title\" content=\"Nat\u00far v\u00f6d\u00f6r 20 l er\u0151s - Bauplast Kft.\" \/>\n<meta property=\"og:description\" content=\"m\u0171anyag v\u00f6d\u00f6r \u00e9lelmiszeripari, h\u00e1ztart\u00e1si c\u00e9lra, h\u00e1zi diszn\u00f3v\u00e1g\u00e1s, p\u00e1col\u00e1s, liszt, cukor, egy\u00e9b adal\u00e9kanyag t\u00e1rol\u00e1s\u00e1ra a s\u00fct\u0151iparban, cukr\u00e1sziparban\" \/>\n<meta property=\"og:url\" content=\"https:\/\/bauplast.hu\/en\/product\/natur-vodor-20-l-eros\/\" \/>\n<meta property=\"og:site_name\" content=\"Bauplast Kft.\" \/>\n<meta property=\"article:modified_time\" content=\"2026-03-30T11:22:09+00:00\" \/>\n<meta property=\"og:image\" content=\"https:\/\/bauplast.hu\/wp-content\/uploads\/2026\/03\/20L-natur-vodor.jpg\" \/>\n\t<meta property=\"og:image:width\" content=\"1200\" \/>\n\t<meta property=\"og:image:height\" content=\"1200\" \/>\n\t<meta property=\"og:image:type\" content=\"image\/jpeg\" \/>\n<meta name=\"twitter:card\" content=\"summary_large_image\" \/>\n<meta name=\"twitter:label1\" content=\"Est. reading time\" \/>\n\t<meta name=\"twitter:data1\" content=\"1 minute\" \/>\n<script type=\"application\/ld+json\" class=\"yoast-schema-graph\">{\"@context\":\"https:\\\/\\\/schema.org\",\"@graph\":[{\"@type\":\"WebPage\",\"@id\":\"https:\\\/\\\/bauplast.hu\\\/termek\\\/natur-vodor-20-l-eros\\\/\",\"url\":\"https:\\\/\\\/bauplast.hu\\\/termek\\\/natur-vodor-20-l-eros\\\/\",\"name\":\"Nat\u00far v\u00f6d\u00f6r 20 l er\u0151s - Bauplast Kft.\",\"isPartOf\":{\"@id\":\"https:\\\/\\\/bauplast.hu\\\/#website\"},\"primaryImageOfPage\":{\"@id\":\"https:\\\/\\\/bauplast.hu\\\/termek\\\/natur-vodor-20-l-eros\\\/#primaryimage\"},\"image\":{\"@id\":\"https:\\\/\\\/bauplast.hu\\\/termek\\\/natur-vodor-20-l-eros\\\/#primaryimage\"},\"thumbnailUrl\":\"https:\\\/\\\/i0.wp.com\\\/bauplast.hu\\\/wp-content\\\/uploads\\\/2026\\\/03\\\/20L-natur-vodor.jpg?fit=1200%2C1200&ssl=1\",\"datePublished\":\"2026-03-04T08:25:12+00:00\",\"dateModified\":\"2026-03-30T11:22:09+00:00\",\"description\":\"m\u0171anyag v\u00f6d\u00f6r \u00e9lelmiszeripari, h\u00e1ztart\u00e1si c\u00e9lra, h\u00e1zi diszn\u00f3v\u00e1g\u00e1s, p\u00e1col\u00e1s, liszt, cukor, egy\u00e9b adal\u00e9kanyag t\u00e1rol\u00e1s\u00e1ra a s\u00fct\u0151iparban, cukr\u00e1sziparban\",\"breadcrumb\":{\"@id\":\"https:\\\/\\\/bauplast.hu\\\/termek\\\/natur-vodor-20-l-eros\\\/#breadcrumb\"},\"inLanguage\":\"en-US\",\"potentialAction\":[{\"@type\":\"ReadAction\",\"target\":[\"https:\\\/\\\/bauplast.hu\\\/termek\\\/natur-vodor-20-l-eros\\\/\"]}]},{\"@type\":\"ImageObject\",\"inLanguage\":\"en-US\",\"@id\":\"https:\\\/\\\/bauplast.hu\\\/termek\\\/natur-vodor-20-l-eros\\\/#primaryimage\",\"url\":\"https:\\\/\\\/i0.wp.com\\\/bauplast.hu\\\/wp-content\\\/uploads\\\/2026\\\/03\\\/20L-natur-vodor.jpg?fit=1200%2C1200&ssl=1\",\"contentUrl\":\"https:\\\/\\\/i0.wp.com\\\/bauplast.hu\\\/wp-content\\\/uploads\\\/2026\\\/03\\\/20L-natur-vodor.jpg?fit=1200%2C1200&ssl=1\",\"width\":1200,\"height\":1200},{\"@type\":\"BreadcrumbList\",\"@id\":\"https:\\\/\\\/bauplast.hu\\\/termek\\\/natur-vodor-20-l-eros\\\/#breadcrumb\",\"itemListElement\":[{\"@type\":\"ListItem\",\"position\":1,\"name\":\"Kezd\u0151lap\",\"item\":\"https:\\\/\\\/bauplast.hu\\\/\"},{\"@type\":\"ListItem\",\"position\":2,\"name\":\"Web\u00e1ruh\u00e1z\",\"item\":\"https:\\\/\\\/bauplast.hu\\\/uzlet\\\/\"},{\"@type\":\"ListItem\",\"position\":3,\"name\":\"H\u00e1ztart\u00e1si ed\u00e9nyek\",\"item\":\"https:\\\/\\\/bauplast.hu\\\/termekkategoria\\\/haztartasi\\\/\"},{\"@type\":\"ListItem\",\"position\":4,\"name\":\"Nat\u00far v\u00f6d\u00f6r 20 l er\u0151s\"}]},{\"@type\":\"WebSite\",\"@id\":\"https:\\\/\\\/bauplast.hu\\\/#website\",\"url\":\"https:\\\/\\\/bauplast.hu\\\/\",\"name\":\"Bauplast Kft.\",\"description\":\"m\u00fbanyag \u00e1gy\u00e1sszeg\u00e9ly, t\u00e9rk\u00f5szeg\u00e9ly, aljzatr\u00e1cs, gyepszeg\u00e9ly\",\"publisher\":{\"@id\":\"https:\\\/\\\/bauplast.hu\\\/#organization\"},\"potentialAction\":[{\"@type\":\"SearchAction\",\"target\":{\"@type\":\"EntryPoint\",\"urlTemplate\":\"https:\\\/\\\/bauplast.hu\\\/?s={search_term_string}\"},\"query-input\":{\"@type\":\"PropertyValueSpecification\",\"valueRequired\":true,\"valueName\":\"search_term_string\"}}],\"inLanguage\":\"en-US\"},{\"@type\":\"Organization\",\"@id\":\"https:\\\/\\\/bauplast.hu\\\/#organization\",\"name\":\"Bauplast Kft.\",\"url\":\"https:\\\/\\\/bauplast.hu\\\/\",\"logo\":{\"@type\":\"ImageObject\",\"inLanguage\":\"en-US\",\"@id\":\"https:\\\/\\\/bauplast.hu\\\/#\\\/schema\\\/logo\\\/image\\\/\",\"url\":\"https:\\\/\\\/i0.wp.com\\\/bauplast.hu\\\/wp-content\\\/uploads\\\/2026\\\/02\\\/Bau-logo_sarkok-atlatszo-scaled.png?fit=2450%2C2560&ssl=1\",\"contentUrl\":\"https:\\\/\\\/i0.wp.com\\\/bauplast.hu\\\/wp-content\\\/uploads\\\/2026\\\/02\\\/Bau-logo_sarkok-atlatszo-scaled.png?fit=2450%2C2560&ssl=1\",\"width\":2450,\"height\":2560,\"caption\":\"Bauplast Kft.\"},\"image\":{\"@id\":\"https:\\\/\\\/bauplast.hu\\\/#\\\/schema\\\/logo\\\/image\\\/\"}}]}<\/script>\n<!-- \/ Yoast SEO plugin. -->","yoast_head_json":{"title":"Nat\u00far v\u00f6d\u00f6r 20 l er\u0151s - Bauplast Kft.","description":"m\u0171anyag v\u00f6d\u00f6r \u00e9lelmiszeripari, h\u00e1ztart\u00e1si c\u00e9lra, h\u00e1zi diszn\u00f3v\u00e1g\u00e1s, p\u00e1col\u00e1s, liszt, cukor, egy\u00e9b adal\u00e9kanyag t\u00e1rol\u00e1s\u00e1ra a s\u00fct\u0151iparban, cukr\u00e1sziparban","robots":{"index":"index","follow":"follow","max-snippet":"max-snippet:-1","max-image-preview":"max-image-preview:large","max-video-preview":"max-video-preview:-1"},"canonical":"https:\/\/bauplast.hu\/en\/product\/natur-vodor-20-l-eros\/","og_locale":"en_US","og_type":"article","og_title":"Nat\u00far v\u00f6d\u00f6r 20 l er\u0151s - Bauplast Kft.","og_description":"m\u0171anyag v\u00f6d\u00f6r \u00e9lelmiszeripari, h\u00e1ztart\u00e1si c\u00e9lra, h\u00e1zi diszn\u00f3v\u00e1g\u00e1s, p\u00e1col\u00e1s, liszt, cukor, egy\u00e9b adal\u00e9kanyag t\u00e1rol\u00e1s\u00e1ra a s\u00fct\u0151iparban, cukr\u00e1sziparban","og_url":"https:\/\/bauplast.hu\/en\/product\/natur-vodor-20-l-eros\/","og_site_name":"Bauplast Kft.","article_modified_time":"2026-03-30T11:22:09+00:00","og_image":[{"width":1200,"height":1200,"url":"https:\/\/bauplast.hu\/wp-content\/uploads\/2026\/03\/20L-natur-vodor.jpg","type":"image\/jpeg"}],"twitter_card":"summary_large_image","twitter_misc":{"Est. reading time":"1 minute"},"schema":{"@context":"https:\/\/schema.org","@graph":[{"@type":"WebPage","@id":"https:\/\/bauplast.hu\/termek\/natur-vodor-20-l-eros\/","url":"https:\/\/bauplast.hu\/termek\/natur-vodor-20-l-eros\/","name":"Nat\u00far v\u00f6d\u00f6r 20 l er\u0151s - Bauplast Kft.","isPartOf":{"@id":"https:\/\/bauplast.hu\/#website"},"primaryImageOfPage":{"@id":"https:\/\/bauplast.hu\/termek\/natur-vodor-20-l-eros\/#primaryimage"},"image":{"@id":"https:\/\/bauplast.hu\/termek\/natur-vodor-20-l-eros\/#primaryimage"},"thumbnailUrl":"https:\/\/i0.wp.com\/bauplast.hu\/wp-content\/uploads\/2026\/03\/20L-natur-vodor.jpg?fit=1200%2C1200&ssl=1","datePublished":"2026-03-04T08:25:12+00:00","dateModified":"2026-03-30T11:22:09+00:00","description":"m\u0171anyag v\u00f6d\u00f6r \u00e9lelmiszeripari, h\u00e1ztart\u00e1si c\u00e9lra, h\u00e1zi diszn\u00f3v\u00e1g\u00e1s, p\u00e1col\u00e1s, liszt, cukor, egy\u00e9b adal\u00e9kanyag t\u00e1rol\u00e1s\u00e1ra a s\u00fct\u0151iparban, cukr\u00e1sziparban","breadcrumb":{"@id":"https:\/\/bauplast.hu\/termek\/natur-vodor-20-l-eros\/#breadcrumb"},"inLanguage":"en-US","potentialAction":[{"@type":"ReadAction","target":["https:\/\/bauplast.hu\/termek\/natur-vodor-20-l-eros\/"]}]},{"@type":"ImageObject","inLanguage":"en-US","@id":"https:\/\/bauplast.hu\/termek\/natur-vodor-20-l-eros\/#primaryimage","url":"https:\/\/i0.wp.com\/bauplast.hu\/wp-content\/uploads\/2026\/03\/20L-natur-vodor.jpg?fit=1200%2C1200&ssl=1","contentUrl":"https:\/\/i0.wp.com\/bauplast.hu\/wp-content\/uploads\/2026\/03\/20L-natur-vodor.jpg?fit=1200%2C1200&ssl=1","width":1200,"height":1200},{"@type":"BreadcrumbList","@id":"https:\/\/bauplast.hu\/termek\/natur-vodor-20-l-eros\/#breadcrumb","itemListElement":[{"@type":"ListItem","position":1,"name":"Kezd\u0151lap","item":"https:\/\/bauplast.hu\/"},{"@type":"ListItem","position":2,"name":"Web\u00e1ruh\u00e1z","item":"https:\/\/bauplast.hu\/uzlet\/"},{"@type":"ListItem","position":3,"name":"H\u00e1ztart\u00e1si ed\u00e9nyek","item":"https:\/\/bauplast.hu\/termekkategoria\/haztartasi\/"},{"@type":"ListItem","position":4,"name":"Nat\u00far v\u00f6d\u00f6r 20 l er\u0151s"}]},{"@type":"WebSite","@id":"https:\/\/bauplast.hu\/#website","url":"https:\/\/bauplast.hu\/","name":"Bauplast Kft.","description":"m\u00fbanyag \u00e1gy\u00e1sszeg\u00e9ly, t\u00e9rk\u00f5szeg\u00e9ly, aljzatr\u00e1cs, gyepszeg\u00e9ly","publisher":{"@id":"https:\/\/bauplast.hu\/#organization"},"potentialAction":[{"@type":"SearchAction","target":{"@type":"EntryPoint","urlTemplate":"https:\/\/bauplast.hu\/?s={search_term_string}"},"query-input":{"@type":"PropertyValueSpecification","valueRequired":true,"valueName":"search_term_string"}}],"inLanguage":"en-US"},{"@type":"Organization","@id":"https:\/\/bauplast.hu\/#organization","name":"Bauplast Kft.","url":"https:\/\/bauplast.hu\/","logo":{"@type":"ImageObject","inLanguage":"en-US","@id":"https:\/\/bauplast.hu\/#\/schema\/logo\/image\/","url":"https:\/\/i0.wp.com\/bauplast.hu\/wp-content\/uploads\/2026\/02\/Bau-logo_sarkok-atlatszo-scaled.png?fit=2450%2C2560&ssl=1","contentUrl":"https:\/\/i0.wp.com\/bauplast.hu\/wp-content\/uploads\/2026\/02\/Bau-logo_sarkok-atlatszo-scaled.png?fit=2450%2C2560&ssl=1","width":2450,"height":2560,"caption":"Bauplast Kft."},"image":{"@id":"https:\/\/bauplast.hu\/#\/schema\/logo\/image\/"}}]}},"jetpack_sharing_enabled":true,"_links":{"self":[{"href":"https:\/\/bauplast.hu\/en\/wp-json\/wp\/v2\/product\/2164","targetHints":{"allow":["GET"]}}],"collection":[{"href":"https:\/\/bauplast.hu\/en\/wp-json\/wp\/v2\/product"}],"about":[{"href":"https:\/\/bauplast.hu\/en\/wp-json\/wp\/v2\/types\/product"}],"version-history":[{"count":0,"href":"https:\/\/bauplast.hu\/en\/wp-json\/wp\/v2\/product\/2164\/revisions"}],"wp:featuredmedia":[{"embeddable":true,"href":"https:\/\/bauplast.hu\/en\/wp-json\/wp\/v2\/media\/2052"}],"wp:attachment":[{"href":"https:\/\/bauplast.hu\/en\/wp-json\/wp\/v2\/media?parent=2164"}],"wp:term":[{"taxonomy":"product_brand","embeddable":true,"href":"https:\/\/bauplast.hu\/en\/wp-json\/wp\/v2\/product_brand?post=2164"},{"taxonomy":"product_cat","embeddable":true,"href":"https:\/\/bauplast.hu\/en\/wp-json\/wp\/v2\/product_cat?post=2164"},{"taxonomy":"product_tag","embeddable":true,"href":"https:\/\/bauplast.hu\/en\/wp-json\/wp\/v2\/product_tag?post=2164"}],"curies":[{"name":"wp","href":"https:\/\/api.w.org\/{rel}","templated":true}]}}