{"id":1970,"date":"2026-03-03T13:36:36","date_gmt":"2026-03-03T12:36:36","guid":{"rendered":"https:\/\/bauplast.hu\/?post_type=product&#038;p=1970"},"modified":"2026-03-18T11:17:53","modified_gmt":"2026-03-18T10:17:53","slug":"kozmuvedo-gyuru-gyokerterelo-lemez-fem-toldoval","status":"publish","type":"product","link":"https:\/\/bauplast.hu\/en\/product\/kozmuvedo-gyuru-gyokerterelo-lemez-fem-toldoval\/","title":{"rendered":"K\u00d6ZM\u0170V\u00c9D\u0150 GY\u0170R\u0170, GY\u00d6K\u00c9RTEREL\u0150 LEMEZ f\u00e9m told\u00f3val"},"content":{"rendered":"<p align=\"JUSTIFY\"><strong>M\u00e9rete:<\/strong> 10 m* 2 mm * h\u00e1romf\u00e9le magass\u00e1g v\u00e1laszthat\u00f3<\/p>\n<p align=\"JUSTIFY\"><strong>Anyaga:<\/strong> HDPE polietil\u00e9n <b>UV-stabil, napf\u00e9ny- \u00e9s fagy\u00e1ll\u00f3<\/b><\/p>\n<p align=\"JUSTIFY\">Az egys\u00e9g\u00e1r tekercsenk\u00e9nt \u00e9rtend\u0151.<\/p>\n<p align=\"JUSTIFY\">A <strong>k\u00f6zm\u0171v\u00e9d\u0151 gy\u0171r\u0171<\/strong> alkalmas olyan nagym\u00e9ret\u0171 f\u00e1k gy\u00f6k\u00e9rzet\u00e9nek a k\u00f6rbeker\u00edt\u00e9s\u00e9re, amelyek az \u00e9p\u00fcletekhez k\u00f6zel vagy a k\u00f6zm\u0171vek k\u00f6zel\u00e9ben ker\u00fclnek be\u00fcltet\u00e9sre. A gy\u00f6k\u00e9r-szeg\u00e9ly megfelel\u0151 teret biztos\u00edt a gy\u00f6k\u00e9rzet sz\u00e1m\u00e1ra, ugyanakkor &#8211; az\u00e1ltal, hogy a gy\u00f6k\u00e9rzetet lefel\u00e9 ir\u00e1ny\u00edtja &#8211; megakad\u00e1lyozza, hogy a fa gy\u00f6k\u00e9rzete k\u00e1rt tegyen a k\u00f6zel\u00e9ben l\u00e9v\u0151 \u00e9p\u00fcletek fal\u00e1ban, j\u00e1rd\u00e1kban, utakban, k\u00f6zm\u0171vekben.<\/p>\n<p align=\"JUSTIFY\">Teljes v\u00e9delmet csak a be\u00e9p\u00edtett \u00e9s k\u00f6rbez\u00e1rt gy\u00f6k\u00e9rterel\u0151 szeg\u00e9ly m\u00e9lys\u00e9g\u00e9ig biztos\u00edt.<\/p>\n<p align=\"JUSTIFY\">\u00d6ssze\u00e1ll\u00edt\u00e1sa egyszer\u0171, a magass\u00e1g\u00e1nak megfelel\u0151 m\u00e9lyre kell be\u00e1sni. A szeg\u00e9ly egyszer\u0171en \u00e1tlapolhat\u00f3 \u00e9s k\u00e9t oldalr\u00f3l el\u0151re f\u00fart ac\u00e9llapokkal r\u00f6gz\u00edthet\u0151 (mely a term\u00e9k tartoz\u00e9ka).<\/p>","protected":false},"excerpt":{"rendered":"<p align=\"JUSTIFY\"><strong>M\u00e9rete:<\/strong> 10 m* 2 mm * h\u00e1romf\u00e9le magass\u00e1g v\u00e1laszthat\u00f3<\/p>\n<p align=\"JUSTIFY\"><strong>Anyaga:<\/strong> HDPE polietil\u00e9n <b>UV-stabil, napf\u00e9ny- \u00e9s fagy\u00e1ll\u00f3<\/b><\/p>\n<p align=\"JUSTIFY\">Az egys\u00e9g\u00e1r tekercsenk\u00e9nt \u00e9rtend\u0151.<\/p>\n<p align=\"JUSTIFY\">A <strong>k\u00f6zm\u0171v\u00e9d\u0151 gy\u0171r\u0171<\/strong> alkalmas olyan nagym\u00e9ret\u0171 f\u00e1k gy\u00f6k\u00e9rzet\u00e9nek a k\u00f6rbeker\u00edt\u00e9s\u00e9re, amelyek az \u00e9p\u00fcletekhez k\u00f6zel vagy a k\u00f6zm\u0171vek k\u00f6zel\u00e9ben ker\u00fclnek be\u00fcltet\u00e9sre. A gy\u00f6k\u00e9r-szeg\u00e9ly megfelel\u0151 teret biztos\u00edt a gy\u00f6k\u00e9rzet sz\u00e1m\u00e1ra, ugyanakkor &#8211; az\u00e1ltal, hogy a gy\u00f6k\u00e9rzetet lefel\u00e9 ir\u00e1ny\u00edtja &#8211; megakad\u00e1lyozza, hogy a fa gy\u00f6k\u00e9rzete k\u00e1rt tegyen a k\u00f6zel\u00e9ben l\u00e9v\u0151 \u00e9p\u00fcletek fal\u00e1ban, j\u00e1rd\u00e1kban, utakban, k\u00f6zm\u0171vekben.<\/p>\n<p align=\"JUSTIFY\">Teljes v\u00e9delmet csak a be\u00e9p\u00edtett \u00e9s k\u00f6rbez\u00e1rt gy\u00f6k\u00e9rterel\u0151 szeg\u00e9ly m\u00e9lys\u00e9g\u00e9ig biztos\u00edt.<\/p>\n<p align=\"JUSTIFY\">\u00d6ssze\u00e1ll\u00edt\u00e1sa egyszer\u0171, a magass\u00e1g\u00e1nak megfelel\u0151 m\u00e9lyre kell be\u00e1sni. A szeg\u00e9ly egyszer\u0171en \u00e1tlapolhat\u00f3 \u00e9s k\u00e9t oldalr\u00f3l el\u0151re f\u00fart ac\u00e9llapokkal r\u00f6gz\u00edthet\u0151 (mely a term\u00e9k tartoz\u00e9ka).<\/p>","protected":false},"featured_media":2098,"template":"","meta":[],"product_brand":[],"product_cat":[33],"product_tag":[],"class_list":{"0":"post-1970","1":"product","2":"type-product","3":"status-publish","4":"has-post-thumbnail","6":"product_cat-kerteszeti","7":"product_shipping_class-normal","9":"first","10":"instock","11":"taxable","12":"shipping-taxable","13":"purchasable","14":"product-type-variable"},"yoast_head":"<!-- This site is optimized with the Yoast SEO plugin v27.4 - https:\/\/yoast.com\/product\/yoast-seo-wordpress\/ -->\n<title>K\u00d6ZM\u0170V\u00c9D\u0150 GY\u0170R\u0170, GY\u00d6K\u00c9RTEREL\u0150 LEMEZ f\u00e9m told\u00f3val - Bauplast Kft.<\/title>\n<meta name=\"description\" content=\"k\u00f6zm\u0171v\u00e9d\u0151 gy\u0171r\u0171 alkalmas olyan nagym\u00e9ret\u0171 f\u00e1k gy\u00f6k\u00e9rzet\u00e9nek a k\u00f6rbeker\u00edt\u00e9s\u00e9re, amelyek az \u00e9p\u00fcletekhez k\u00f6zel vagy a k\u00f6zm\u0171vek k\u00f6zel\u00e9ben ker\u00fclnek be\u00fcltet\u00e9sre. A gy\u00f6k\u00e9r-szeg\u00e9ly megfelel\u0151 teret biztos\u00edt a gy\u00f6k\u00e9rzet sz\u00e1m\u00e1ra, ugyanakkor - az\u00e1ltal, hogy a gy\u00f6k\u00e9rzetet lefel\u00e9 ir\u00e1ny\u00edtja - megakad\u00e1lyozza, hogy a fa gy\u00f6k\u00e9rzete k\u00e1rt tegyen a k\u00f6zel\u00e9ben l\u00e9v\u0151 \u00e9p\u00fcletek fal\u00e1ban, j\u00e1rd\u00e1kban, utakban, k\u00f6zm\u0171vekben.\" \/>\n<meta name=\"robots\" content=\"index, follow, max-snippet:-1, max-image-preview:large, max-video-preview:-1\" \/>\n<link rel=\"canonical\" href=\"https:\/\/bauplast.hu\/en\/product\/kozmuvedo-gyuru-gyokerterelo-lemez-fem-toldoval\/\" \/>\n<meta property=\"og:locale\" content=\"en_US\" \/>\n<meta property=\"og:type\" content=\"article\" \/>\n<meta property=\"og:title\" content=\"K\u00d6ZM\u0170V\u00c9D\u0150 GY\u0170R\u0170, GY\u00d6K\u00c9RTEREL\u0150 LEMEZ f\u00e9m told\u00f3val - Bauplast Kft.\" \/>\n<meta property=\"og:description\" content=\"k\u00f6zm\u0171v\u00e9d\u0151 gy\u0171r\u0171 alkalmas olyan nagym\u00e9ret\u0171 f\u00e1k gy\u00f6k\u00e9rzet\u00e9nek a k\u00f6rbeker\u00edt\u00e9s\u00e9re, amelyek az \u00e9p\u00fcletekhez k\u00f6zel vagy a k\u00f6zm\u0171vek k\u00f6zel\u00e9ben ker\u00fclnek be\u00fcltet\u00e9sre. A gy\u00f6k\u00e9r-szeg\u00e9ly megfelel\u0151 teret biztos\u00edt a gy\u00f6k\u00e9rzet sz\u00e1m\u00e1ra, ugyanakkor - az\u00e1ltal, hogy a gy\u00f6k\u00e9rzetet lefel\u00e9 ir\u00e1ny\u00edtja - megakad\u00e1lyozza, hogy a fa gy\u00f6k\u00e9rzete k\u00e1rt tegyen a k\u00f6zel\u00e9ben l\u00e9v\u0151 \u00e9p\u00fcletek fal\u00e1ban, j\u00e1rd\u00e1kban, utakban, k\u00f6zm\u0171vekben.\" \/>\n<meta property=\"og:url\" content=\"https:\/\/bauplast.hu\/en\/product\/kozmuvedo-gyuru-gyokerterelo-lemez-fem-toldoval\/\" \/>\n<meta property=\"og:site_name\" content=\"Bauplast Kft.\" \/>\n<meta property=\"article:modified_time\" content=\"2026-03-18T10:17:53+00:00\" \/>\n<meta property=\"og:image\" content=\"https:\/\/bauplast.hu\/wp-content\/uploads\/2026\/03\/kozmuvedo-75.jpg\" \/>\n\t<meta property=\"og:image:width\" content=\"1200\" \/>\n\t<meta property=\"og:image:height\" content=\"1200\" \/>\n\t<meta property=\"og:image:type\" content=\"image\/jpeg\" \/>\n<meta name=\"twitter:card\" content=\"summary_large_image\" \/>\n<meta name=\"twitter:label1\" content=\"Est. reading time\" \/>\n\t<meta name=\"twitter:data1\" content=\"1 minute\" \/>\n<script type=\"application\/ld+json\" class=\"yoast-schema-graph\">{\"@context\":\"https:\\\/\\\/schema.org\",\"@graph\":[{\"@type\":\"WebPage\",\"@id\":\"https:\\\/\\\/bauplast.hu\\\/termek\\\/kozmuvedo-gyuru-gyokerterelo-lemez-fem-toldoval\\\/\",\"url\":\"https:\\\/\\\/bauplast.hu\\\/termek\\\/kozmuvedo-gyuru-gyokerterelo-lemez-fem-toldoval\\\/\",\"name\":\"K\u00d6ZM\u0170V\u00c9D\u0150 GY\u0170R\u0170, GY\u00d6K\u00c9RTEREL\u0150 LEMEZ f\u00e9m told\u00f3val - Bauplast Kft.\",\"isPartOf\":{\"@id\":\"https:\\\/\\\/bauplast.hu\\\/#website\"},\"primaryImageOfPage\":{\"@id\":\"https:\\\/\\\/bauplast.hu\\\/termek\\\/kozmuvedo-gyuru-gyokerterelo-lemez-fem-toldoval\\\/#primaryimage\"},\"image\":{\"@id\":\"https:\\\/\\\/bauplast.hu\\\/termek\\\/kozmuvedo-gyuru-gyokerterelo-lemez-fem-toldoval\\\/#primaryimage\"},\"thumbnailUrl\":\"https:\\\/\\\/i0.wp.com\\\/bauplast.hu\\\/wp-content\\\/uploads\\\/2026\\\/03\\\/kozmuvedo-75.jpg?fit=1200%2C1200&ssl=1\",\"datePublished\":\"2026-03-03T12:36:36+00:00\",\"dateModified\":\"2026-03-18T10:17:53+00:00\",\"description\":\"k\u00f6zm\u0171v\u00e9d\u0151 gy\u0171r\u0171 alkalmas olyan nagym\u00e9ret\u0171 f\u00e1k gy\u00f6k\u00e9rzet\u00e9nek a k\u00f6rbeker\u00edt\u00e9s\u00e9re, amelyek az \u00e9p\u00fcletekhez k\u00f6zel vagy a k\u00f6zm\u0171vek k\u00f6zel\u00e9ben ker\u00fclnek be\u00fcltet\u00e9sre. A gy\u00f6k\u00e9r-szeg\u00e9ly megfelel\u0151 teret biztos\u00edt a gy\u00f6k\u00e9rzet sz\u00e1m\u00e1ra, ugyanakkor - az\u00e1ltal, hogy a gy\u00f6k\u00e9rzetet lefel\u00e9 ir\u00e1ny\u00edtja - megakad\u00e1lyozza, hogy a fa gy\u00f6k\u00e9rzete k\u00e1rt tegyen a k\u00f6zel\u00e9ben l\u00e9v\u0151 \u00e9p\u00fcletek fal\u00e1ban, j\u00e1rd\u00e1kban, utakban, k\u00f6zm\u0171vekben.\",\"breadcrumb\":{\"@id\":\"https:\\\/\\\/bauplast.hu\\\/termek\\\/kozmuvedo-gyuru-gyokerterelo-lemez-fem-toldoval\\\/#breadcrumb\"},\"inLanguage\":\"en-US\",\"potentialAction\":[{\"@type\":\"ReadAction\",\"target\":[\"https:\\\/\\\/bauplast.hu\\\/termek\\\/kozmuvedo-gyuru-gyokerterelo-lemez-fem-toldoval\\\/\"]}]},{\"@type\":\"ImageObject\",\"inLanguage\":\"en-US\",\"@id\":\"https:\\\/\\\/bauplast.hu\\\/termek\\\/kozmuvedo-gyuru-gyokerterelo-lemez-fem-toldoval\\\/#primaryimage\",\"url\":\"https:\\\/\\\/i0.wp.com\\\/bauplast.hu\\\/wp-content\\\/uploads\\\/2026\\\/03\\\/kozmuvedo-75.jpg?fit=1200%2C1200&ssl=1\",\"contentUrl\":\"https:\\\/\\\/i0.wp.com\\\/bauplast.hu\\\/wp-content\\\/uploads\\\/2026\\\/03\\\/kozmuvedo-75.jpg?fit=1200%2C1200&ssl=1\",\"width\":1200,\"height\":1200},{\"@type\":\"BreadcrumbList\",\"@id\":\"https:\\\/\\\/bauplast.hu\\\/termek\\\/kozmuvedo-gyuru-gyokerterelo-lemez-fem-toldoval\\\/#breadcrumb\",\"itemListElement\":[{\"@type\":\"ListItem\",\"position\":1,\"name\":\"Kezd\u0151lap\",\"item\":\"https:\\\/\\\/bauplast.hu\\\/\"},{\"@type\":\"ListItem\",\"position\":2,\"name\":\"Web\u00e1ruh\u00e1z\",\"item\":\"https:\\\/\\\/bauplast.hu\\\/uzlet\\\/\"},{\"@type\":\"ListItem\",\"position\":3,\"name\":\"Kert\u00e9szeti term\u00e9kek\",\"item\":\"https:\\\/\\\/bauplast.hu\\\/termekkategoria\\\/kerteszeti\\\/\"},{\"@type\":\"ListItem\",\"position\":4,\"name\":\"K\u00d6ZM\u0170V\u00c9D\u0150 GY\u0170R\u0170, GY\u00d6K\u00c9RTEREL\u0150 LEMEZ f\u00e9m told\u00f3val\"}]},{\"@type\":\"WebSite\",\"@id\":\"https:\\\/\\\/bauplast.hu\\\/#website\",\"url\":\"https:\\\/\\\/bauplast.hu\\\/\",\"name\":\"Bauplast Kft.\",\"description\":\"m\u00fbanyag \u00e1gy\u00e1sszeg\u00e9ly, t\u00e9rk\u00f5szeg\u00e9ly, aljzatr\u00e1cs, gyepszeg\u00e9ly\",\"publisher\":{\"@id\":\"https:\\\/\\\/bauplast.hu\\\/#organization\"},\"potentialAction\":[{\"@type\":\"SearchAction\",\"target\":{\"@type\":\"EntryPoint\",\"urlTemplate\":\"https:\\\/\\\/bauplast.hu\\\/?s={search_term_string}\"},\"query-input\":{\"@type\":\"PropertyValueSpecification\",\"valueRequired\":true,\"valueName\":\"search_term_string\"}}],\"inLanguage\":\"en-US\"},{\"@type\":\"Organization\",\"@id\":\"https:\\\/\\\/bauplast.hu\\\/#organization\",\"name\":\"Bauplast Kft.\",\"url\":\"https:\\\/\\\/bauplast.hu\\\/\",\"logo\":{\"@type\":\"ImageObject\",\"inLanguage\":\"en-US\",\"@id\":\"https:\\\/\\\/bauplast.hu\\\/#\\\/schema\\\/logo\\\/image\\\/\",\"url\":\"https:\\\/\\\/i0.wp.com\\\/bauplast.hu\\\/wp-content\\\/uploads\\\/2026\\\/02\\\/Bau-logo_sarkok-atlatszo-scaled.png?fit=2450%2C2560&ssl=1\",\"contentUrl\":\"https:\\\/\\\/i0.wp.com\\\/bauplast.hu\\\/wp-content\\\/uploads\\\/2026\\\/02\\\/Bau-logo_sarkok-atlatszo-scaled.png?fit=2450%2C2560&ssl=1\",\"width\":2450,\"height\":2560,\"caption\":\"Bauplast Kft.\"},\"image\":{\"@id\":\"https:\\\/\\\/bauplast.hu\\\/#\\\/schema\\\/logo\\\/image\\\/\"}}]}<\/script>\n<!-- \/ Yoast SEO plugin. -->","yoast_head_json":{"title":"K\u00d6ZM\u0170V\u00c9D\u0150 GY\u0170R\u0170, GY\u00d6K\u00c9RTEREL\u0150 LEMEZ f\u00e9m told\u00f3val - Bauplast Kft.","description":"k\u00f6zm\u0171v\u00e9d\u0151 gy\u0171r\u0171 alkalmas olyan nagym\u00e9ret\u0171 f\u00e1k gy\u00f6k\u00e9rzet\u00e9nek a k\u00f6rbeker\u00edt\u00e9s\u00e9re, amelyek az \u00e9p\u00fcletekhez k\u00f6zel vagy a k\u00f6zm\u0171vek k\u00f6zel\u00e9ben ker\u00fclnek be\u00fcltet\u00e9sre. A gy\u00f6k\u00e9r-szeg\u00e9ly megfelel\u0151 teret biztos\u00edt a gy\u00f6k\u00e9rzet sz\u00e1m\u00e1ra, ugyanakkor - az\u00e1ltal, hogy a gy\u00f6k\u00e9rzetet lefel\u00e9 ir\u00e1ny\u00edtja - megakad\u00e1lyozza, hogy a fa gy\u00f6k\u00e9rzete k\u00e1rt tegyen a k\u00f6zel\u00e9ben l\u00e9v\u0151 \u00e9p\u00fcletek fal\u00e1ban, j\u00e1rd\u00e1kban, utakban, k\u00f6zm\u0171vekben.","robots":{"index":"index","follow":"follow","max-snippet":"max-snippet:-1","max-image-preview":"max-image-preview:large","max-video-preview":"max-video-preview:-1"},"canonical":"https:\/\/bauplast.hu\/en\/product\/kozmuvedo-gyuru-gyokerterelo-lemez-fem-toldoval\/","og_locale":"en_US","og_type":"article","og_title":"K\u00d6ZM\u0170V\u00c9D\u0150 GY\u0170R\u0170, GY\u00d6K\u00c9RTEREL\u0150 LEMEZ f\u00e9m told\u00f3val - Bauplast Kft.","og_description":"k\u00f6zm\u0171v\u00e9d\u0151 gy\u0171r\u0171 alkalmas olyan nagym\u00e9ret\u0171 f\u00e1k gy\u00f6k\u00e9rzet\u00e9nek a k\u00f6rbeker\u00edt\u00e9s\u00e9re, amelyek az \u00e9p\u00fcletekhez k\u00f6zel vagy a k\u00f6zm\u0171vek k\u00f6zel\u00e9ben ker\u00fclnek be\u00fcltet\u00e9sre. A gy\u00f6k\u00e9r-szeg\u00e9ly megfelel\u0151 teret biztos\u00edt a gy\u00f6k\u00e9rzet sz\u00e1m\u00e1ra, ugyanakkor - az\u00e1ltal, hogy a gy\u00f6k\u00e9rzetet lefel\u00e9 ir\u00e1ny\u00edtja - megakad\u00e1lyozza, hogy a fa gy\u00f6k\u00e9rzete k\u00e1rt tegyen a k\u00f6zel\u00e9ben l\u00e9v\u0151 \u00e9p\u00fcletek fal\u00e1ban, j\u00e1rd\u00e1kban, utakban, k\u00f6zm\u0171vekben.","og_url":"https:\/\/bauplast.hu\/en\/product\/kozmuvedo-gyuru-gyokerterelo-lemez-fem-toldoval\/","og_site_name":"Bauplast Kft.","article_modified_time":"2026-03-18T10:17:53+00:00","og_image":[{"width":1200,"height":1200,"url":"https:\/\/bauplast.hu\/wp-content\/uploads\/2026\/03\/kozmuvedo-75.jpg","type":"image\/jpeg"}],"twitter_card":"summary_large_image","twitter_misc":{"Est. reading time":"1 minute"},"schema":{"@context":"https:\/\/schema.org","@graph":[{"@type":"WebPage","@id":"https:\/\/bauplast.hu\/termek\/kozmuvedo-gyuru-gyokerterelo-lemez-fem-toldoval\/","url":"https:\/\/bauplast.hu\/termek\/kozmuvedo-gyuru-gyokerterelo-lemez-fem-toldoval\/","name":"K\u00d6ZM\u0170V\u00c9D\u0150 GY\u0170R\u0170, GY\u00d6K\u00c9RTEREL\u0150 LEMEZ f\u00e9m told\u00f3val - Bauplast Kft.","isPartOf":{"@id":"https:\/\/bauplast.hu\/#website"},"primaryImageOfPage":{"@id":"https:\/\/bauplast.hu\/termek\/kozmuvedo-gyuru-gyokerterelo-lemez-fem-toldoval\/#primaryimage"},"image":{"@id":"https:\/\/bauplast.hu\/termek\/kozmuvedo-gyuru-gyokerterelo-lemez-fem-toldoval\/#primaryimage"},"thumbnailUrl":"https:\/\/i0.wp.com\/bauplast.hu\/wp-content\/uploads\/2026\/03\/kozmuvedo-75.jpg?fit=1200%2C1200&ssl=1","datePublished":"2026-03-03T12:36:36+00:00","dateModified":"2026-03-18T10:17:53+00:00","description":"k\u00f6zm\u0171v\u00e9d\u0151 gy\u0171r\u0171 alkalmas olyan nagym\u00e9ret\u0171 f\u00e1k gy\u00f6k\u00e9rzet\u00e9nek a k\u00f6rbeker\u00edt\u00e9s\u00e9re, amelyek az \u00e9p\u00fcletekhez k\u00f6zel vagy a k\u00f6zm\u0171vek k\u00f6zel\u00e9ben ker\u00fclnek be\u00fcltet\u00e9sre. A gy\u00f6k\u00e9r-szeg\u00e9ly megfelel\u0151 teret biztos\u00edt a gy\u00f6k\u00e9rzet sz\u00e1m\u00e1ra, ugyanakkor - az\u00e1ltal, hogy a gy\u00f6k\u00e9rzetet lefel\u00e9 ir\u00e1ny\u00edtja - megakad\u00e1lyozza, hogy a fa gy\u00f6k\u00e9rzete k\u00e1rt tegyen a k\u00f6zel\u00e9ben l\u00e9v\u0151 \u00e9p\u00fcletek fal\u00e1ban, j\u00e1rd\u00e1kban, utakban, k\u00f6zm\u0171vekben.","breadcrumb":{"@id":"https:\/\/bauplast.hu\/termek\/kozmuvedo-gyuru-gyokerterelo-lemez-fem-toldoval\/#breadcrumb"},"inLanguage":"en-US","potentialAction":[{"@type":"ReadAction","target":["https:\/\/bauplast.hu\/termek\/kozmuvedo-gyuru-gyokerterelo-lemez-fem-toldoval\/"]}]},{"@type":"ImageObject","inLanguage":"en-US","@id":"https:\/\/bauplast.hu\/termek\/kozmuvedo-gyuru-gyokerterelo-lemez-fem-toldoval\/#primaryimage","url":"https:\/\/i0.wp.com\/bauplast.hu\/wp-content\/uploads\/2026\/03\/kozmuvedo-75.jpg?fit=1200%2C1200&ssl=1","contentUrl":"https:\/\/i0.wp.com\/bauplast.hu\/wp-content\/uploads\/2026\/03\/kozmuvedo-75.jpg?fit=1200%2C1200&ssl=1","width":1200,"height":1200},{"@type":"BreadcrumbList","@id":"https:\/\/bauplast.hu\/termek\/kozmuvedo-gyuru-gyokerterelo-lemez-fem-toldoval\/#breadcrumb","itemListElement":[{"@type":"ListItem","position":1,"name":"Kezd\u0151lap","item":"https:\/\/bauplast.hu\/"},{"@type":"ListItem","position":2,"name":"Web\u00e1ruh\u00e1z","item":"https:\/\/bauplast.hu\/uzlet\/"},{"@type":"ListItem","position":3,"name":"Kert\u00e9szeti term\u00e9kek","item":"https:\/\/bauplast.hu\/termekkategoria\/kerteszeti\/"},{"@type":"ListItem","position":4,"name":"K\u00d6ZM\u0170V\u00c9D\u0150 GY\u0170R\u0170, GY\u00d6K\u00c9RTEREL\u0150 LEMEZ f\u00e9m told\u00f3val"}]},{"@type":"WebSite","@id":"https:\/\/bauplast.hu\/#website","url":"https:\/\/bauplast.hu\/","name":"Bauplast Kft.","description":"m\u00fbanyag \u00e1gy\u00e1sszeg\u00e9ly, t\u00e9rk\u00f5szeg\u00e9ly, aljzatr\u00e1cs, gyepszeg\u00e9ly","publisher":{"@id":"https:\/\/bauplast.hu\/#organization"},"potentialAction":[{"@type":"SearchAction","target":{"@type":"EntryPoint","urlTemplate":"https:\/\/bauplast.hu\/?s={search_term_string}"},"query-input":{"@type":"PropertyValueSpecification","valueRequired":true,"valueName":"search_term_string"}}],"inLanguage":"en-US"},{"@type":"Organization","@id":"https:\/\/bauplast.hu\/#organization","name":"Bauplast Kft.","url":"https:\/\/bauplast.hu\/","logo":{"@type":"ImageObject","inLanguage":"en-US","@id":"https:\/\/bauplast.hu\/#\/schema\/logo\/image\/","url":"https:\/\/i0.wp.com\/bauplast.hu\/wp-content\/uploads\/2026\/02\/Bau-logo_sarkok-atlatszo-scaled.png?fit=2450%2C2560&ssl=1","contentUrl":"https:\/\/i0.wp.com\/bauplast.hu\/wp-content\/uploads\/2026\/02\/Bau-logo_sarkok-atlatszo-scaled.png?fit=2450%2C2560&ssl=1","width":2450,"height":2560,"caption":"Bauplast Kft."},"image":{"@id":"https:\/\/bauplast.hu\/#\/schema\/logo\/image\/"}}]}},"jetpack_sharing_enabled":true,"_links":{"self":[{"href":"https:\/\/bauplast.hu\/en\/wp-json\/wp\/v2\/product\/1970","targetHints":{"allow":["GET"]}}],"collection":[{"href":"https:\/\/bauplast.hu\/en\/wp-json\/wp\/v2\/product"}],"about":[{"href":"https:\/\/bauplast.hu\/en\/wp-json\/wp\/v2\/types\/product"}],"version-history":[{"count":0,"href":"https:\/\/bauplast.hu\/en\/wp-json\/wp\/v2\/product\/1970\/revisions"}],"wp:featuredmedia":[{"embeddable":true,"href":"https:\/\/bauplast.hu\/en\/wp-json\/wp\/v2\/media\/2098"}],"wp:attachment":[{"href":"https:\/\/bauplast.hu\/en\/wp-json\/wp\/v2\/media?parent=1970"}],"wp:term":[{"taxonomy":"product_brand","embeddable":true,"href":"https:\/\/bauplast.hu\/en\/wp-json\/wp\/v2\/product_brand?post=1970"},{"taxonomy":"product_cat","embeddable":true,"href":"https:\/\/bauplast.hu\/en\/wp-json\/wp\/v2\/product_cat?post=1970"},{"taxonomy":"product_tag","embeddable":true,"href":"https:\/\/bauplast.hu\/en\/wp-json\/wp\/v2\/product_tag?post=1970"}],"curies":[{"name":"wp","href":"https:\/\/api.w.org\/{rel}","templated":true}]}}