{"id":1968,"date":"2026-03-03T13:30:48","date_gmt":"2026-03-03T12:30:48","guid":{"rendered":"https:\/\/bauplast.hu\/?post_type=product&#038;p=1968"},"modified":"2026-03-17T11:28:17","modified_gmt":"2026-03-17T10:28:17","slug":"nagy-meretu-massziv-muanyag-kad","status":"publish","type":"product","link":"https:\/\/bauplast.hu\/en\/product\/nagy-meretu-massziv-muanyag-kad\/","title":{"rendered":"NAGY M\u00c9RET\u0170 MASSZ\u00cdV M\u0170ANYAG K\u00c1D"},"content":{"rendered":"<p><strong>K110 M\u00e9rete:<\/strong><br \/>\n275 liter<\/p>\n<p>\u00d8 110 \/ 102 *35 cm<\/p>\n<p>7 kg \/ db<\/p>\n<p><strong>Anyaga:<\/strong> PE polietil\u00e9n <strong>UV-stabil, napf\u00e9ny- \u00e9s fagy\u00e1ll\u00f3<\/strong><\/p>\n<p><strong>Haszn\u00e1lhat\u00f3:<\/strong><br \/>\nny\u00e1ri nagy melegben pancsol\u00e1shoz, f\u00fcrd\u00e9shez, gyerekek vagy kuty\u00e1k r\u00e9sz\u00e9re<\/p>\n<p>A k\u00e1d t\u00e9len v\u00e9dett helyen tartand\u00f3, a v\u00edz nem fagyhat bele!<\/p>","protected":false},"excerpt":{"rendered":"<p><strong>M\u00e9rete:<\/strong><br \/>\n275 liter<\/p>\n<p>\u00d8 110 \/ 102 *35 cm<\/p>\n<p>7 kg \/ db<\/p>\n<p><strong>Anyaga:<\/strong> PE polietil\u00e9n <strong>UV-stabil, napf\u00e9ny- \u00e9s fagy\u00e1ll\u00f3<\/strong><\/p>\n<p><strong>Haszn\u00e1lhat\u00f3:<\/strong><br \/>\nny\u00e1ri nagy melegben pancsol\u00e1shoz, f\u00fcrd\u00e9shez, gyerekek vagy kuty\u00e1k r\u00e9sz\u00e9re<\/p>\n<p>A k\u00e1d t\u00e9len v\u00e9dett helyen tartand\u00f3, a v\u00edz nem fagyhat bele!<\/p>","protected":false},"featured_media":2105,"template":"","meta":[],"product_brand":[],"product_cat":[35,33],"product_tag":[],"class_list":{"0":"post-1968","1":"product","2":"type-product","3":"status-publish","4":"has-post-thumbnail","6":"product_cat-haztartasi","7":"product_cat-kerteszeti","8":"product_shipping_class-normal","10":"first","11":"instock","12":"taxable","13":"shipping-taxable","14":"purchasable","15":"product-type-simple"},"yoast_head":"<!-- This site is optimized with the Yoast SEO plugin v27.4 - https:\/\/yoast.com\/product\/yoast-seo-wordpress\/ -->\n<title>NAGY M\u00c9RET\u0170 MASSZ\u00cdV M\u0170ANYAG K\u00c1D - Bauplast Kft.<\/title>\n<meta name=\"description\" content=\"Haszn\u00e1lhat\u00f3: ny\u00e1ri nagy melegben pancsol\u00e1shoz, f\u00fcrd\u00e9shez, gyerekek vagy kuty\u00e1k r\u00e9sz\u00e9re\" \/>\n<meta name=\"robots\" content=\"index, follow, max-snippet:-1, max-image-preview:large, max-video-preview:-1\" \/>\n<link rel=\"canonical\" href=\"https:\/\/bauplast.hu\/en\/product\/nagy-meretu-massziv-muanyag-kad\/\" \/>\n<meta property=\"og:locale\" content=\"en_US\" \/>\n<meta property=\"og:type\" content=\"article\" \/>\n<meta property=\"og:title\" content=\"NAGY M\u00c9RET\u0170 MASSZ\u00cdV M\u0170ANYAG K\u00c1D - Bauplast Kft.\" \/>\n<meta property=\"og:description\" content=\"Haszn\u00e1lhat\u00f3: ny\u00e1ri nagy melegben pancsol\u00e1shoz, f\u00fcrd\u00e9shez, gyerekek vagy kuty\u00e1k r\u00e9sz\u00e9re\" \/>\n<meta property=\"og:url\" content=\"https:\/\/bauplast.hu\/en\/product\/nagy-meretu-massziv-muanyag-kad\/\" \/>\n<meta property=\"og:site_name\" content=\"Bauplast Kft.\" \/>\n<meta property=\"article:modified_time\" content=\"2026-03-17T10:28:17+00:00\" \/>\n<meta property=\"og:image\" content=\"https:\/\/bauplast.hu\/wp-content\/uploads\/2026\/03\/nagy-meretu-kad-275.jpg\" \/>\n\t<meta property=\"og:image:width\" content=\"1200\" \/>\n\t<meta property=\"og:image:height\" content=\"800\" \/>\n\t<meta property=\"og:image:type\" content=\"image\/jpeg\" \/>\n<meta name=\"twitter:card\" content=\"summary_large_image\" \/>\n<meta name=\"twitter:label1\" content=\"Est. reading time\" \/>\n\t<meta name=\"twitter:data1\" content=\"1 minute\" \/>\n<script type=\"application\/ld+json\" class=\"yoast-schema-graph\">{\"@context\":\"https:\\\/\\\/schema.org\",\"@graph\":[{\"@type\":\"WebPage\",\"@id\":\"https:\\\/\\\/bauplast.hu\\\/termek\\\/nagy-meretu-massziv-muanyag-kad\\\/\",\"url\":\"https:\\\/\\\/bauplast.hu\\\/termek\\\/nagy-meretu-massziv-muanyag-kad\\\/\",\"name\":\"NAGY M\u00c9RET\u0170 MASSZ\u00cdV M\u0170ANYAG K\u00c1D - Bauplast Kft.\",\"isPartOf\":{\"@id\":\"https:\\\/\\\/bauplast.hu\\\/#website\"},\"primaryImageOfPage\":{\"@id\":\"https:\\\/\\\/bauplast.hu\\\/termek\\\/nagy-meretu-massziv-muanyag-kad\\\/#primaryimage\"},\"image\":{\"@id\":\"https:\\\/\\\/bauplast.hu\\\/termek\\\/nagy-meretu-massziv-muanyag-kad\\\/#primaryimage\"},\"thumbnailUrl\":\"https:\\\/\\\/i0.wp.com\\\/bauplast.hu\\\/wp-content\\\/uploads\\\/2026\\\/03\\\/nagy-meretu-kad-275.jpg?fit=1200%2C800&ssl=1\",\"datePublished\":\"2026-03-03T12:30:48+00:00\",\"dateModified\":\"2026-03-17T10:28:17+00:00\",\"description\":\"Haszn\u00e1lhat\u00f3: ny\u00e1ri nagy melegben pancsol\u00e1shoz, f\u00fcrd\u00e9shez, gyerekek vagy kuty\u00e1k r\u00e9sz\u00e9re\",\"breadcrumb\":{\"@id\":\"https:\\\/\\\/bauplast.hu\\\/termek\\\/nagy-meretu-massziv-muanyag-kad\\\/#breadcrumb\"},\"inLanguage\":\"en-US\",\"potentialAction\":[{\"@type\":\"ReadAction\",\"target\":[\"https:\\\/\\\/bauplast.hu\\\/termek\\\/nagy-meretu-massziv-muanyag-kad\\\/\"]}]},{\"@type\":\"ImageObject\",\"inLanguage\":\"en-US\",\"@id\":\"https:\\\/\\\/bauplast.hu\\\/termek\\\/nagy-meretu-massziv-muanyag-kad\\\/#primaryimage\",\"url\":\"https:\\\/\\\/i0.wp.com\\\/bauplast.hu\\\/wp-content\\\/uploads\\\/2026\\\/03\\\/nagy-meretu-kad-275.jpg?fit=1200%2C800&ssl=1\",\"contentUrl\":\"https:\\\/\\\/i0.wp.com\\\/bauplast.hu\\\/wp-content\\\/uploads\\\/2026\\\/03\\\/nagy-meretu-kad-275.jpg?fit=1200%2C800&ssl=1\",\"width\":1200,\"height\":800},{\"@type\":\"BreadcrumbList\",\"@id\":\"https:\\\/\\\/bauplast.hu\\\/termek\\\/nagy-meretu-massziv-muanyag-kad\\\/#breadcrumb\",\"itemListElement\":[{\"@type\":\"ListItem\",\"position\":1,\"name\":\"Kezd\u0151lap\",\"item\":\"https:\\\/\\\/bauplast.hu\\\/\"},{\"@type\":\"ListItem\",\"position\":2,\"name\":\"Web\u00e1ruh\u00e1z\",\"item\":\"https:\\\/\\\/bauplast.hu\\\/uzlet\\\/\"},{\"@type\":\"ListItem\",\"position\":3,\"name\":\"H\u00e1ztart\u00e1si ed\u00e9nyek\",\"item\":\"https:\\\/\\\/bauplast.hu\\\/termekkategoria\\\/haztartasi\\\/\"},{\"@type\":\"ListItem\",\"position\":4,\"name\":\"NAGY M\u00c9RET\u0170 MASSZ\u00cdV M\u0170ANYAG K\u00c1D\"}]},{\"@type\":\"WebSite\",\"@id\":\"https:\\\/\\\/bauplast.hu\\\/#website\",\"url\":\"https:\\\/\\\/bauplast.hu\\\/\",\"name\":\"Bauplast Kft.\",\"description\":\"m\u00fbanyag \u00e1gy\u00e1sszeg\u00e9ly, t\u00e9rk\u00f5szeg\u00e9ly, aljzatr\u00e1cs, gyepszeg\u00e9ly\",\"publisher\":{\"@id\":\"https:\\\/\\\/bauplast.hu\\\/#organization\"},\"potentialAction\":[{\"@type\":\"SearchAction\",\"target\":{\"@type\":\"EntryPoint\",\"urlTemplate\":\"https:\\\/\\\/bauplast.hu\\\/?s={search_term_string}\"},\"query-input\":{\"@type\":\"PropertyValueSpecification\",\"valueRequired\":true,\"valueName\":\"search_term_string\"}}],\"inLanguage\":\"en-US\"},{\"@type\":\"Organization\",\"@id\":\"https:\\\/\\\/bauplast.hu\\\/#organization\",\"name\":\"Bauplast Kft.\",\"url\":\"https:\\\/\\\/bauplast.hu\\\/\",\"logo\":{\"@type\":\"ImageObject\",\"inLanguage\":\"en-US\",\"@id\":\"https:\\\/\\\/bauplast.hu\\\/#\\\/schema\\\/logo\\\/image\\\/\",\"url\":\"https:\\\/\\\/i0.wp.com\\\/bauplast.hu\\\/wp-content\\\/uploads\\\/2026\\\/02\\\/Bau-logo_sarkok-atlatszo-scaled.png?fit=2450%2C2560&ssl=1\",\"contentUrl\":\"https:\\\/\\\/i0.wp.com\\\/bauplast.hu\\\/wp-content\\\/uploads\\\/2026\\\/02\\\/Bau-logo_sarkok-atlatszo-scaled.png?fit=2450%2C2560&ssl=1\",\"width\":2450,\"height\":2560,\"caption\":\"Bauplast Kft.\"},\"image\":{\"@id\":\"https:\\\/\\\/bauplast.hu\\\/#\\\/schema\\\/logo\\\/image\\\/\"}}]}<\/script>\n<!-- \/ Yoast SEO plugin. -->","yoast_head_json":{"title":"NAGY M\u00c9RET\u0170 MASSZ\u00cdV M\u0170ANYAG K\u00c1D - Bauplast Kft.","description":"Haszn\u00e1lhat\u00f3: ny\u00e1ri nagy melegben pancsol\u00e1shoz, f\u00fcrd\u00e9shez, gyerekek vagy kuty\u00e1k r\u00e9sz\u00e9re","robots":{"index":"index","follow":"follow","max-snippet":"max-snippet:-1","max-image-preview":"max-image-preview:large","max-video-preview":"max-video-preview:-1"},"canonical":"https:\/\/bauplast.hu\/en\/product\/nagy-meretu-massziv-muanyag-kad\/","og_locale":"en_US","og_type":"article","og_title":"NAGY M\u00c9RET\u0170 MASSZ\u00cdV M\u0170ANYAG K\u00c1D - Bauplast Kft.","og_description":"Haszn\u00e1lhat\u00f3: ny\u00e1ri nagy melegben pancsol\u00e1shoz, f\u00fcrd\u00e9shez, gyerekek vagy kuty\u00e1k r\u00e9sz\u00e9re","og_url":"https:\/\/bauplast.hu\/en\/product\/nagy-meretu-massziv-muanyag-kad\/","og_site_name":"Bauplast Kft.","article_modified_time":"2026-03-17T10:28:17+00:00","og_image":[{"width":1200,"height":800,"url":"https:\/\/bauplast.hu\/wp-content\/uploads\/2026\/03\/nagy-meretu-kad-275.jpg","type":"image\/jpeg"}],"twitter_card":"summary_large_image","twitter_misc":{"Est. reading time":"1 minute"},"schema":{"@context":"https:\/\/schema.org","@graph":[{"@type":"WebPage","@id":"https:\/\/bauplast.hu\/termek\/nagy-meretu-massziv-muanyag-kad\/","url":"https:\/\/bauplast.hu\/termek\/nagy-meretu-massziv-muanyag-kad\/","name":"NAGY M\u00c9RET\u0170 MASSZ\u00cdV M\u0170ANYAG K\u00c1D - Bauplast Kft.","isPartOf":{"@id":"https:\/\/bauplast.hu\/#website"},"primaryImageOfPage":{"@id":"https:\/\/bauplast.hu\/termek\/nagy-meretu-massziv-muanyag-kad\/#primaryimage"},"image":{"@id":"https:\/\/bauplast.hu\/termek\/nagy-meretu-massziv-muanyag-kad\/#primaryimage"},"thumbnailUrl":"https:\/\/i0.wp.com\/bauplast.hu\/wp-content\/uploads\/2026\/03\/nagy-meretu-kad-275.jpg?fit=1200%2C800&ssl=1","datePublished":"2026-03-03T12:30:48+00:00","dateModified":"2026-03-17T10:28:17+00:00","description":"Haszn\u00e1lhat\u00f3: ny\u00e1ri nagy melegben pancsol\u00e1shoz, f\u00fcrd\u00e9shez, gyerekek vagy kuty\u00e1k r\u00e9sz\u00e9re","breadcrumb":{"@id":"https:\/\/bauplast.hu\/termek\/nagy-meretu-massziv-muanyag-kad\/#breadcrumb"},"inLanguage":"en-US","potentialAction":[{"@type":"ReadAction","target":["https:\/\/bauplast.hu\/termek\/nagy-meretu-massziv-muanyag-kad\/"]}]},{"@type":"ImageObject","inLanguage":"en-US","@id":"https:\/\/bauplast.hu\/termek\/nagy-meretu-massziv-muanyag-kad\/#primaryimage","url":"https:\/\/i0.wp.com\/bauplast.hu\/wp-content\/uploads\/2026\/03\/nagy-meretu-kad-275.jpg?fit=1200%2C800&ssl=1","contentUrl":"https:\/\/i0.wp.com\/bauplast.hu\/wp-content\/uploads\/2026\/03\/nagy-meretu-kad-275.jpg?fit=1200%2C800&ssl=1","width":1200,"height":800},{"@type":"BreadcrumbList","@id":"https:\/\/bauplast.hu\/termek\/nagy-meretu-massziv-muanyag-kad\/#breadcrumb","itemListElement":[{"@type":"ListItem","position":1,"name":"Kezd\u0151lap","item":"https:\/\/bauplast.hu\/"},{"@type":"ListItem","position":2,"name":"Web\u00e1ruh\u00e1z","item":"https:\/\/bauplast.hu\/uzlet\/"},{"@type":"ListItem","position":3,"name":"H\u00e1ztart\u00e1si ed\u00e9nyek","item":"https:\/\/bauplast.hu\/termekkategoria\/haztartasi\/"},{"@type":"ListItem","position":4,"name":"NAGY M\u00c9RET\u0170 MASSZ\u00cdV M\u0170ANYAG K\u00c1D"}]},{"@type":"WebSite","@id":"https:\/\/bauplast.hu\/#website","url":"https:\/\/bauplast.hu\/","name":"Bauplast Kft.","description":"m\u00fbanyag \u00e1gy\u00e1sszeg\u00e9ly, t\u00e9rk\u00f5szeg\u00e9ly, aljzatr\u00e1cs, gyepszeg\u00e9ly","publisher":{"@id":"https:\/\/bauplast.hu\/#organization"},"potentialAction":[{"@type":"SearchAction","target":{"@type":"EntryPoint","urlTemplate":"https:\/\/bauplast.hu\/?s={search_term_string}"},"query-input":{"@type":"PropertyValueSpecification","valueRequired":true,"valueName":"search_term_string"}}],"inLanguage":"en-US"},{"@type":"Organization","@id":"https:\/\/bauplast.hu\/#organization","name":"Bauplast Kft.","url":"https:\/\/bauplast.hu\/","logo":{"@type":"ImageObject","inLanguage":"en-US","@id":"https:\/\/bauplast.hu\/#\/schema\/logo\/image\/","url":"https:\/\/i0.wp.com\/bauplast.hu\/wp-content\/uploads\/2026\/02\/Bau-logo_sarkok-atlatszo-scaled.png?fit=2450%2C2560&ssl=1","contentUrl":"https:\/\/i0.wp.com\/bauplast.hu\/wp-content\/uploads\/2026\/02\/Bau-logo_sarkok-atlatszo-scaled.png?fit=2450%2C2560&ssl=1","width":2450,"height":2560,"caption":"Bauplast Kft."},"image":{"@id":"https:\/\/bauplast.hu\/#\/schema\/logo\/image\/"}}]}},"jetpack_sharing_enabled":true,"_links":{"self":[{"href":"https:\/\/bauplast.hu\/en\/wp-json\/wp\/v2\/product\/1968","targetHints":{"allow":["GET"]}}],"collection":[{"href":"https:\/\/bauplast.hu\/en\/wp-json\/wp\/v2\/product"}],"about":[{"href":"https:\/\/bauplast.hu\/en\/wp-json\/wp\/v2\/types\/product"}],"version-history":[{"count":0,"href":"https:\/\/bauplast.hu\/en\/wp-json\/wp\/v2\/product\/1968\/revisions"}],"wp:featuredmedia":[{"embeddable":true,"href":"https:\/\/bauplast.hu\/en\/wp-json\/wp\/v2\/media\/2105"}],"wp:attachment":[{"href":"https:\/\/bauplast.hu\/en\/wp-json\/wp\/v2\/media?parent=1968"}],"wp:term":[{"taxonomy":"product_brand","embeddable":true,"href":"https:\/\/bauplast.hu\/en\/wp-json\/wp\/v2\/product_brand?post=1968"},{"taxonomy":"product_cat","embeddable":true,"href":"https:\/\/bauplast.hu\/en\/wp-json\/wp\/v2\/product_cat?post=1968"},{"taxonomy":"product_tag","embeddable":true,"href":"https:\/\/bauplast.hu\/en\/wp-json\/wp\/v2\/product_tag?post=1968"}],"curies":[{"name":"wp","href":"https:\/\/api.w.org\/{rel}","templated":true}]}}