{"id":1960,"date":"2026-03-03T13:28:37","date_gmt":"2026-03-03T12:28:37","guid":{"rendered":"https:\/\/bauplast.hu\/?post_type=product&#038;p=1960"},"modified":"2026-03-30T13:22:21","modified_gmt":"2026-03-30T11:22:21","slug":"nagy-meretu-viragdezsa","status":"publish","type":"product","link":"https:\/\/bauplast.hu\/en\/product\/nagy-meretu-viragdezsa\/","title":{"rendered":"Nagym\u00e9ret\u0171 vir\u00e1gd\u00e9zsa"},"content":{"rendered":"<p><strong>Anyaga:<\/strong> PE polietil\u00e9n <strong>UV-stabil, napf\u00e9ny- \u00e9s fagy\u00e1ll\u00f3<\/strong><\/p>\n<p><strong>Haszn\u00e1lhat\u00f3:<\/strong><br \/>\nNagy m\u00e9ret\u0171 k\u00fclt\u00e9ri n\u00f6v\u00e9nyek, kisebb d\u00edszf\u00e1k \u00e9s feny\u0151f\u00e9l\u00e9k, bokrok \u00fcltet\u00e9s\u00e9hez valamint teleltet\u00e9s\u00e9hez<br \/>\nk\u00edn\u00e1ljuk a n\u00f6v\u00e9nytart\u00f3 f\u00fcles d\u00e9zs\u00e1kat fekete sz\u00ednben, al\u00e1t\u00e9t n\u00e9lk\u00fcl. A d\u00e9zs\u00e1k alja lyukas.<br \/>\nHaszn\u00e1lhat\u00f3: kertben, teraszon, erk\u00e9lyen.<\/p>","protected":false},"excerpt":{"rendered":"<p><strong>Anyaga:<\/strong> PE polietil\u00e9n <strong>UV-stabil, napf\u00e9ny- \u00e9s fagy\u00e1ll\u00f3<\/strong><\/p>\n<p><strong>Haszn\u00e1lhat\u00f3:<\/strong><br \/>\nNagy m\u00e9ret\u0171 k\u00fclt\u00e9ri n\u00f6v\u00e9nyek, kisebb d\u00edszf\u00e1k \u00e9s feny\u0151f\u00e9l\u00e9k, bokrok \u00fcltet\u00e9s\u00e9hez valamint teleltet\u00e9s\u00e9hez<br \/>\nk\u00edn\u00e1ljuk a n\u00f6v\u00e9nytart\u00f3 f\u00fcles d\u00e9zs\u00e1kat fekete sz\u00ednben, al\u00e1t\u00e9t n\u00e9lk\u00fcl. A d\u00e9zs\u00e1k alja lyukas.<br \/>\nHaszn\u00e1lhat\u00f3: kertben, teraszon, erk\u00e9lyen.<\/p>","protected":false},"featured_media":2084,"template":"","meta":[],"product_brand":[],"product_cat":[33],"product_tag":[],"class_list":{"0":"post-1960","1":"product","2":"type-product","3":"status-publish","4":"has-post-thumbnail","6":"product_cat-kerteszeti","7":"product_shipping_class-normal","9":"first","10":"instock","11":"featured","12":"taxable","13":"shipping-taxable","14":"purchasable","15":"product-type-variable"},"yoast_head":"<!-- This site is optimized with the Yoast SEO plugin v27.4 - https:\/\/yoast.com\/product\/yoast-seo-wordpress\/ -->\n<title>Nagym\u00e9ret\u0171 vir\u00e1gd\u00e9zsa - Bauplast Kft.<\/title>\n<meta name=\"description\" content=\"Nagy m\u00e9ret\u0171 k\u00fclt\u00e9ri n\u00f6v\u00e9nyek, kisebb d\u00edszf\u00e1k \u00e9s feny\u0151f\u00e9l\u00e9k, bokrok \u00fcltet\u00e9s\u00e9hez valamint teleltet\u00e9s\u00e9hez k\u00edn\u00e1ljuk a n\u00f6v\u00e9nytart\u00f3 f\u00fcles d\u00e9zs\u00e1kat fekete sz\u00ednben, al\u00e1t\u00e9t n\u00e9lk\u00fcl. A d\u00e9zs\u00e1k alja lyukas.\" \/>\n<meta name=\"robots\" content=\"index, follow, max-snippet:-1, max-image-preview:large, max-video-preview:-1\" \/>\n<link rel=\"canonical\" href=\"https:\/\/bauplast.hu\/en\/product\/nagy-meretu-viragdezsa\/\" \/>\n<meta property=\"og:locale\" content=\"en_US\" \/>\n<meta property=\"og:type\" content=\"article\" \/>\n<meta property=\"og:title\" content=\"Nagym\u00e9ret\u0171 vir\u00e1gd\u00e9zsa - Bauplast Kft.\" \/>\n<meta property=\"og:description\" content=\"Nagy m\u00e9ret\u0171 k\u00fclt\u00e9ri n\u00f6v\u00e9nyek, kisebb d\u00edszf\u00e1k \u00e9s feny\u0151f\u00e9l\u00e9k, bokrok \u00fcltet\u00e9s\u00e9hez valamint teleltet\u00e9s\u00e9hez k\u00edn\u00e1ljuk a n\u00f6v\u00e9nytart\u00f3 f\u00fcles d\u00e9zs\u00e1kat fekete sz\u00ednben, al\u00e1t\u00e9t n\u00e9lk\u00fcl. A d\u00e9zs\u00e1k alja lyukas.\" \/>\n<meta property=\"og:url\" content=\"https:\/\/bauplast.hu\/en\/product\/nagy-meretu-viragdezsa\/\" \/>\n<meta property=\"og:site_name\" content=\"Bauplast Kft.\" \/>\n<meta property=\"article:modified_time\" content=\"2026-03-30T11:22:21+00:00\" \/>\n<meta property=\"og:image\" content=\"https:\/\/bauplast.hu\/wp-content\/uploads\/2026\/03\/F70-novenydezsa.jpg\" \/>\n\t<meta property=\"og:image:width\" content=\"1200\" \/>\n\t<meta property=\"og:image:height\" content=\"1200\" \/>\n\t<meta property=\"og:image:type\" content=\"image\/jpeg\" \/>\n<meta name=\"twitter:card\" content=\"summary_large_image\" \/>\n<meta name=\"twitter:label1\" content=\"Est. reading time\" \/>\n\t<meta name=\"twitter:data1\" content=\"1 minute\" \/>\n<script type=\"application\/ld+json\" class=\"yoast-schema-graph\">{\"@context\":\"https:\\\/\\\/schema.org\",\"@graph\":[{\"@type\":\"WebPage\",\"@id\":\"https:\\\/\\\/bauplast.hu\\\/termek\\\/nagy-meretu-viragdezsa\\\/\",\"url\":\"https:\\\/\\\/bauplast.hu\\\/termek\\\/nagy-meretu-viragdezsa\\\/\",\"name\":\"Nagym\u00e9ret\u0171 vir\u00e1gd\u00e9zsa - Bauplast Kft.\",\"isPartOf\":{\"@id\":\"https:\\\/\\\/bauplast.hu\\\/#website\"},\"primaryImageOfPage\":{\"@id\":\"https:\\\/\\\/bauplast.hu\\\/termek\\\/nagy-meretu-viragdezsa\\\/#primaryimage\"},\"image\":{\"@id\":\"https:\\\/\\\/bauplast.hu\\\/termek\\\/nagy-meretu-viragdezsa\\\/#primaryimage\"},\"thumbnailUrl\":\"https:\\\/\\\/i0.wp.com\\\/bauplast.hu\\\/wp-content\\\/uploads\\\/2026\\\/03\\\/F70-novenydezsa.jpg?fit=1200%2C1200&ssl=1\",\"datePublished\":\"2026-03-03T12:28:37+00:00\",\"dateModified\":\"2026-03-30T11:22:21+00:00\",\"description\":\"Nagy m\u00e9ret\u0171 k\u00fclt\u00e9ri n\u00f6v\u00e9nyek, kisebb d\u00edszf\u00e1k \u00e9s feny\u0151f\u00e9l\u00e9k, bokrok \u00fcltet\u00e9s\u00e9hez valamint teleltet\u00e9s\u00e9hez k\u00edn\u00e1ljuk a n\u00f6v\u00e9nytart\u00f3 f\u00fcles d\u00e9zs\u00e1kat fekete sz\u00ednben, al\u00e1t\u00e9t n\u00e9lk\u00fcl. A d\u00e9zs\u00e1k alja lyukas.\",\"breadcrumb\":{\"@id\":\"https:\\\/\\\/bauplast.hu\\\/termek\\\/nagy-meretu-viragdezsa\\\/#breadcrumb\"},\"inLanguage\":\"en-US\",\"potentialAction\":[{\"@type\":\"ReadAction\",\"target\":[\"https:\\\/\\\/bauplast.hu\\\/termek\\\/nagy-meretu-viragdezsa\\\/\"]}]},{\"@type\":\"ImageObject\",\"inLanguage\":\"en-US\",\"@id\":\"https:\\\/\\\/bauplast.hu\\\/termek\\\/nagy-meretu-viragdezsa\\\/#primaryimage\",\"url\":\"https:\\\/\\\/i0.wp.com\\\/bauplast.hu\\\/wp-content\\\/uploads\\\/2026\\\/03\\\/F70-novenydezsa.jpg?fit=1200%2C1200&ssl=1\",\"contentUrl\":\"https:\\\/\\\/i0.wp.com\\\/bauplast.hu\\\/wp-content\\\/uploads\\\/2026\\\/03\\\/F70-novenydezsa.jpg?fit=1200%2C1200&ssl=1\",\"width\":1200,\"height\":1200},{\"@type\":\"BreadcrumbList\",\"@id\":\"https:\\\/\\\/bauplast.hu\\\/termek\\\/nagy-meretu-viragdezsa\\\/#breadcrumb\",\"itemListElement\":[{\"@type\":\"ListItem\",\"position\":1,\"name\":\"Kezd\u0151lap\",\"item\":\"https:\\\/\\\/bauplast.hu\\\/\"},{\"@type\":\"ListItem\",\"position\":2,\"name\":\"Web\u00e1ruh\u00e1z\",\"item\":\"https:\\\/\\\/bauplast.hu\\\/uzlet\\\/\"},{\"@type\":\"ListItem\",\"position\":3,\"name\":\"Kert\u00e9szeti term\u00e9kek\",\"item\":\"https:\\\/\\\/bauplast.hu\\\/termekkategoria\\\/kerteszeti\\\/\"},{\"@type\":\"ListItem\",\"position\":4,\"name\":\"Nagym\u00e9ret\u0171 vir\u00e1gd\u00e9zsa\"}]},{\"@type\":\"WebSite\",\"@id\":\"https:\\\/\\\/bauplast.hu\\\/#website\",\"url\":\"https:\\\/\\\/bauplast.hu\\\/\",\"name\":\"Bauplast Kft.\",\"description\":\"m\u00fbanyag \u00e1gy\u00e1sszeg\u00e9ly, t\u00e9rk\u00f5szeg\u00e9ly, aljzatr\u00e1cs, gyepszeg\u00e9ly\",\"publisher\":{\"@id\":\"https:\\\/\\\/bauplast.hu\\\/#organization\"},\"potentialAction\":[{\"@type\":\"SearchAction\",\"target\":{\"@type\":\"EntryPoint\",\"urlTemplate\":\"https:\\\/\\\/bauplast.hu\\\/?s={search_term_string}\"},\"query-input\":{\"@type\":\"PropertyValueSpecification\",\"valueRequired\":true,\"valueName\":\"search_term_string\"}}],\"inLanguage\":\"en-US\"},{\"@type\":\"Organization\",\"@id\":\"https:\\\/\\\/bauplast.hu\\\/#organization\",\"name\":\"Bauplast Kft.\",\"url\":\"https:\\\/\\\/bauplast.hu\\\/\",\"logo\":{\"@type\":\"ImageObject\",\"inLanguage\":\"en-US\",\"@id\":\"https:\\\/\\\/bauplast.hu\\\/#\\\/schema\\\/logo\\\/image\\\/\",\"url\":\"https:\\\/\\\/i0.wp.com\\\/bauplast.hu\\\/wp-content\\\/uploads\\\/2026\\\/02\\\/Bau-logo_sarkok-atlatszo-scaled.png?fit=2450%2C2560&ssl=1\",\"contentUrl\":\"https:\\\/\\\/i0.wp.com\\\/bauplast.hu\\\/wp-content\\\/uploads\\\/2026\\\/02\\\/Bau-logo_sarkok-atlatszo-scaled.png?fit=2450%2C2560&ssl=1\",\"width\":2450,\"height\":2560,\"caption\":\"Bauplast Kft.\"},\"image\":{\"@id\":\"https:\\\/\\\/bauplast.hu\\\/#\\\/schema\\\/logo\\\/image\\\/\"}}]}<\/script>\n<!-- \/ Yoast SEO plugin. -->","yoast_head_json":{"title":"Nagym\u00e9ret\u0171 vir\u00e1gd\u00e9zsa - Bauplast Kft.","description":"Nagy m\u00e9ret\u0171 k\u00fclt\u00e9ri n\u00f6v\u00e9nyek, kisebb d\u00edszf\u00e1k \u00e9s feny\u0151f\u00e9l\u00e9k, bokrok \u00fcltet\u00e9s\u00e9hez valamint teleltet\u00e9s\u00e9hez k\u00edn\u00e1ljuk a n\u00f6v\u00e9nytart\u00f3 f\u00fcles d\u00e9zs\u00e1kat fekete sz\u00ednben, al\u00e1t\u00e9t n\u00e9lk\u00fcl. A d\u00e9zs\u00e1k alja lyukas.","robots":{"index":"index","follow":"follow","max-snippet":"max-snippet:-1","max-image-preview":"max-image-preview:large","max-video-preview":"max-video-preview:-1"},"canonical":"https:\/\/bauplast.hu\/en\/product\/nagy-meretu-viragdezsa\/","og_locale":"en_US","og_type":"article","og_title":"Nagym\u00e9ret\u0171 vir\u00e1gd\u00e9zsa - Bauplast Kft.","og_description":"Nagy m\u00e9ret\u0171 k\u00fclt\u00e9ri n\u00f6v\u00e9nyek, kisebb d\u00edszf\u00e1k \u00e9s feny\u0151f\u00e9l\u00e9k, bokrok \u00fcltet\u00e9s\u00e9hez valamint teleltet\u00e9s\u00e9hez k\u00edn\u00e1ljuk a n\u00f6v\u00e9nytart\u00f3 f\u00fcles d\u00e9zs\u00e1kat fekete sz\u00ednben, al\u00e1t\u00e9t n\u00e9lk\u00fcl. A d\u00e9zs\u00e1k alja lyukas.","og_url":"https:\/\/bauplast.hu\/en\/product\/nagy-meretu-viragdezsa\/","og_site_name":"Bauplast Kft.","article_modified_time":"2026-03-30T11:22:21+00:00","og_image":[{"width":1200,"height":1200,"url":"https:\/\/bauplast.hu\/wp-content\/uploads\/2026\/03\/F70-novenydezsa.jpg","type":"image\/jpeg"}],"twitter_card":"summary_large_image","twitter_misc":{"Est. reading time":"1 minute"},"schema":{"@context":"https:\/\/schema.org","@graph":[{"@type":"WebPage","@id":"https:\/\/bauplast.hu\/termek\/nagy-meretu-viragdezsa\/","url":"https:\/\/bauplast.hu\/termek\/nagy-meretu-viragdezsa\/","name":"Nagym\u00e9ret\u0171 vir\u00e1gd\u00e9zsa - Bauplast Kft.","isPartOf":{"@id":"https:\/\/bauplast.hu\/#website"},"primaryImageOfPage":{"@id":"https:\/\/bauplast.hu\/termek\/nagy-meretu-viragdezsa\/#primaryimage"},"image":{"@id":"https:\/\/bauplast.hu\/termek\/nagy-meretu-viragdezsa\/#primaryimage"},"thumbnailUrl":"https:\/\/i0.wp.com\/bauplast.hu\/wp-content\/uploads\/2026\/03\/F70-novenydezsa.jpg?fit=1200%2C1200&ssl=1","datePublished":"2026-03-03T12:28:37+00:00","dateModified":"2026-03-30T11:22:21+00:00","description":"Nagy m\u00e9ret\u0171 k\u00fclt\u00e9ri n\u00f6v\u00e9nyek, kisebb d\u00edszf\u00e1k \u00e9s feny\u0151f\u00e9l\u00e9k, bokrok \u00fcltet\u00e9s\u00e9hez valamint teleltet\u00e9s\u00e9hez k\u00edn\u00e1ljuk a n\u00f6v\u00e9nytart\u00f3 f\u00fcles d\u00e9zs\u00e1kat fekete sz\u00ednben, al\u00e1t\u00e9t n\u00e9lk\u00fcl. A d\u00e9zs\u00e1k alja lyukas.","breadcrumb":{"@id":"https:\/\/bauplast.hu\/termek\/nagy-meretu-viragdezsa\/#breadcrumb"},"inLanguage":"en-US","potentialAction":[{"@type":"ReadAction","target":["https:\/\/bauplast.hu\/termek\/nagy-meretu-viragdezsa\/"]}]},{"@type":"ImageObject","inLanguage":"en-US","@id":"https:\/\/bauplast.hu\/termek\/nagy-meretu-viragdezsa\/#primaryimage","url":"https:\/\/i0.wp.com\/bauplast.hu\/wp-content\/uploads\/2026\/03\/F70-novenydezsa.jpg?fit=1200%2C1200&ssl=1","contentUrl":"https:\/\/i0.wp.com\/bauplast.hu\/wp-content\/uploads\/2026\/03\/F70-novenydezsa.jpg?fit=1200%2C1200&ssl=1","width":1200,"height":1200},{"@type":"BreadcrumbList","@id":"https:\/\/bauplast.hu\/termek\/nagy-meretu-viragdezsa\/#breadcrumb","itemListElement":[{"@type":"ListItem","position":1,"name":"Kezd\u0151lap","item":"https:\/\/bauplast.hu\/"},{"@type":"ListItem","position":2,"name":"Web\u00e1ruh\u00e1z","item":"https:\/\/bauplast.hu\/uzlet\/"},{"@type":"ListItem","position":3,"name":"Kert\u00e9szeti term\u00e9kek","item":"https:\/\/bauplast.hu\/termekkategoria\/kerteszeti\/"},{"@type":"ListItem","position":4,"name":"Nagym\u00e9ret\u0171 vir\u00e1gd\u00e9zsa"}]},{"@type":"WebSite","@id":"https:\/\/bauplast.hu\/#website","url":"https:\/\/bauplast.hu\/","name":"Bauplast Kft.","description":"m\u00fbanyag \u00e1gy\u00e1sszeg\u00e9ly, t\u00e9rk\u00f5szeg\u00e9ly, aljzatr\u00e1cs, gyepszeg\u00e9ly","publisher":{"@id":"https:\/\/bauplast.hu\/#organization"},"potentialAction":[{"@type":"SearchAction","target":{"@type":"EntryPoint","urlTemplate":"https:\/\/bauplast.hu\/?s={search_term_string}"},"query-input":{"@type":"PropertyValueSpecification","valueRequired":true,"valueName":"search_term_string"}}],"inLanguage":"en-US"},{"@type":"Organization","@id":"https:\/\/bauplast.hu\/#organization","name":"Bauplast Kft.","url":"https:\/\/bauplast.hu\/","logo":{"@type":"ImageObject","inLanguage":"en-US","@id":"https:\/\/bauplast.hu\/#\/schema\/logo\/image\/","url":"https:\/\/i0.wp.com\/bauplast.hu\/wp-content\/uploads\/2026\/02\/Bau-logo_sarkok-atlatszo-scaled.png?fit=2450%2C2560&ssl=1","contentUrl":"https:\/\/i0.wp.com\/bauplast.hu\/wp-content\/uploads\/2026\/02\/Bau-logo_sarkok-atlatszo-scaled.png?fit=2450%2C2560&ssl=1","width":2450,"height":2560,"caption":"Bauplast Kft."},"image":{"@id":"https:\/\/bauplast.hu\/#\/schema\/logo\/image\/"}}]}},"jetpack_sharing_enabled":true,"_links":{"self":[{"href":"https:\/\/bauplast.hu\/en\/wp-json\/wp\/v2\/product\/1960","targetHints":{"allow":["GET"]}}],"collection":[{"href":"https:\/\/bauplast.hu\/en\/wp-json\/wp\/v2\/product"}],"about":[{"href":"https:\/\/bauplast.hu\/en\/wp-json\/wp\/v2\/types\/product"}],"version-history":[{"count":0,"href":"https:\/\/bauplast.hu\/en\/wp-json\/wp\/v2\/product\/1960\/revisions"}],"wp:featuredmedia":[{"embeddable":true,"href":"https:\/\/bauplast.hu\/en\/wp-json\/wp\/v2\/media\/2084"}],"wp:attachment":[{"href":"https:\/\/bauplast.hu\/en\/wp-json\/wp\/v2\/media?parent=1960"}],"wp:term":[{"taxonomy":"product_brand","embeddable":true,"href":"https:\/\/bauplast.hu\/en\/wp-json\/wp\/v2\/product_brand?post=1960"},{"taxonomy":"product_cat","embeddable":true,"href":"https:\/\/bauplast.hu\/en\/wp-json\/wp\/v2\/product_cat?post=1960"},{"taxonomy":"product_tag","embeddable":true,"href":"https:\/\/bauplast.hu\/en\/wp-json\/wp\/v2\/product_tag?post=1960"}],"curies":[{"name":"wp","href":"https:\/\/api.w.org\/{rel}","templated":true}]}}