{"id":1954,"date":"2026-03-03T13:20:54","date_gmt":"2026-03-03T12:20:54","guid":{"rendered":"https:\/\/bauplast.hu\/?post_type=product&#038;p=1954"},"modified":"2026-03-06T13:10:18","modified_gmt":"2026-03-06T12:10:18","slug":"sarok-femtoldo-csavarokkal-szurke-szinben","status":"publish","type":"product","link":"https:\/\/bauplast.hu\/en\/product\/sarok-femtoldo-csavarokkal-szurke-szinben\/","title":{"rendered":"SAROK F\u00c9MTOLD\u00d3 csavarokkal sz\u00fcrke sz\u00ednben"},"content":{"rendered":"<p><span style=\"font-family: Open Sans, sans-serif;\"><span style=\"font-size: large;\"><b>Anyaga: <\/b>f\u00e9m lemez festve<\/span><\/span><\/p>\n<p><span style=\"font-family: Open Sans, sans-serif;\"><span style=\"font-size: large;\"><b>Haszn\u00e1lhat\u00f3:<\/b> <\/span><\/span><\/p>\n<ul>\n<li><span style=\"font-family: Open Sans, sans-serif;\"><span style=\"font-size: large;\">t\u00e1mfal, kiemelt \u00e1gy\u00e1sszeg\u00e9ly er\u0151s\u00edtett \u00f6sszekapcsol\u00e1s\u00e1hoz <\/span><\/span><\/li>\n<\/ul>\n<p><span style=\"font-family: Open Sans, sans-serif;\"><span style=\"font-size: large;\"><b>El\u0151nye: <\/b> er\u0151sebb, stabilabb tart\u00e1st biztos\u00edt, mintha csak a m\u0171anyag lemezek vannak egym\u00e1shoz csavarozva.<\/span><\/span><\/p>\n<p><span style=\"font-family: Open Sans, sans-serif;\"><span style=\"font-size: large;\"><b>Szerel\u00e9se: <\/b>a f\u00e9m told\u00f3 ill. sarok told\u00f3 el\u0151f\u00fart, ami mellett a m\u0171anyag t\u00e1mfal elemek k\u00f6nnyen kif\u00farhat\u00f3k, majd a csavarokkal k\u00e9t oldalhoz szorosan egym\u00e1shoz er\u0151s\u00edthet\u0151k. <\/span><\/span><\/p>","protected":false},"excerpt":{"rendered":"<p><span style=\"font-family: Open Sans, sans-serif;\"><span style=\"font-size: large;\"><b>Anyaga: <\/b>f\u00e9m lemez festve<\/span><\/span><\/p>\n<p><span style=\"font-family: Open Sans, sans-serif;\"><span style=\"font-size: large;\"><b>Haszn\u00e1lhat\u00f3:<\/b> <\/span><\/span><\/p>\n<ul>\n<li><span style=\"font-family: Open Sans, sans-serif;\"><span style=\"font-size: large;\">t\u00e1mfal, kiemelt \u00e1gy\u00e1sszeg\u00e9ly er\u0151s\u00edtett \u00f6sszekapcsol\u00e1s\u00e1hoz <\/span><\/span><\/li>\n<\/ul>\n<p><span style=\"font-family: Open Sans, sans-serif;\"><span style=\"font-size: large;\"><b>El\u0151nye: <\/b> er\u0151sebb, stabilabb tart\u00e1st biztos\u00edt, mintha csak a m\u0171anyag lemezek vannak egym\u00e1shoz csavarozva.<\/span><\/span><\/p>\n<p><span style=\"font-family: Open Sans, sans-serif;\"><span style=\"font-size: large;\"><b>Szerel\u00e9se: <\/b>a f\u00e9m told\u00f3 ill. sarok told\u00f3 el\u0151f\u00fart, ami mellett a m\u0171anyag t\u00e1mfal elemek k\u00f6nnyen kif\u00farhat\u00f3k, majd a csavarokkal k\u00e9t oldalhoz szorosan egym\u00e1shoz er\u0151s\u00edthet\u0151k.<\/span><\/span><\/p>","protected":false},"featured_media":2120,"template":"","meta":[],"product_brand":[],"product_cat":[33],"product_tag":[],"class_list":{"0":"post-1954","1":"product","2":"type-product","3":"status-publish","4":"has-post-thumbnail","6":"product_cat-kerteszeti","7":"product_shipping_class-normal","9":"first","10":"instock","11":"taxable","12":"shipping-taxable","13":"purchasable","14":"product-type-variable"},"yoast_head":"<!-- This site is optimized with the Yoast SEO plugin v27.4 - https:\/\/yoast.com\/product\/yoast-seo-wordpress\/ -->\n<title>SAROK F\u00c9MTOLD\u00d3 csavarokkal sz\u00fcrke sz\u00ednben - Bauplast Kft.<\/title>\n<meta name=\"description\" content=\"SAROK F\u00c9MTOLD\u00d3 csavarokkalsz\u00fcrke sz\u00ednben, t\u00e1mfal, kiemelt \u00e1gy\u00e1sszeg\u00e9ly er\u0151s\u00edtett \u00f6sszekapcsol\u00e1s\u00e1hoz\" \/>\n<meta name=\"robots\" content=\"index, follow, max-snippet:-1, max-image-preview:large, max-video-preview:-1\" \/>\n<link rel=\"canonical\" href=\"https:\/\/bauplast.hu\/en\/product\/sarok-femtoldo-csavarokkal-szurke-szinben\/\" \/>\n<meta property=\"og:locale\" content=\"en_US\" \/>\n<meta property=\"og:type\" content=\"article\" \/>\n<meta property=\"og:title\" content=\"SAROK F\u00c9MTOLD\u00d3 csavarokkal sz\u00fcrke sz\u00ednben - Bauplast Kft.\" \/>\n<meta property=\"og:description\" content=\"SAROK F\u00c9MTOLD\u00d3 csavarokkalsz\u00fcrke sz\u00ednben, t\u00e1mfal, kiemelt \u00e1gy\u00e1sszeg\u00e9ly er\u0151s\u00edtett \u00f6sszekapcsol\u00e1s\u00e1hoz\" \/>\n<meta property=\"og:url\" content=\"https:\/\/bauplast.hu\/en\/product\/sarok-femtoldo-csavarokkal-szurke-szinben\/\" \/>\n<meta property=\"og:site_name\" content=\"Bauplast Kft.\" \/>\n<meta property=\"article:modified_time\" content=\"2026-03-06T12:10:18+00:00\" \/>\n<meta property=\"og:image\" content=\"https:\/\/bauplast.hu\/wp-content\/uploads\/2026\/03\/Tamfal-sarok.jpg\" \/>\n\t<meta property=\"og:image:width\" content=\"1200\" \/>\n\t<meta property=\"og:image:height\" content=\"1800\" \/>\n\t<meta property=\"og:image:type\" content=\"image\/jpeg\" \/>\n<meta name=\"twitter:card\" content=\"summary_large_image\" \/>\n<meta name=\"twitter:label1\" content=\"Est. reading time\" \/>\n\t<meta name=\"twitter:data1\" content=\"1 minute\" \/>\n<script type=\"application\/ld+json\" class=\"yoast-schema-graph\">{\"@context\":\"https:\\\/\\\/schema.org\",\"@graph\":[{\"@type\":\"WebPage\",\"@id\":\"https:\\\/\\\/bauplast.hu\\\/termek\\\/sarok-femtoldo-csavarokkal-szurke-szinben\\\/\",\"url\":\"https:\\\/\\\/bauplast.hu\\\/termek\\\/sarok-femtoldo-csavarokkal-szurke-szinben\\\/\",\"name\":\"SAROK F\u00c9MTOLD\u00d3 csavarokkal sz\u00fcrke sz\u00ednben - Bauplast Kft.\",\"isPartOf\":{\"@id\":\"https:\\\/\\\/bauplast.hu\\\/#website\"},\"primaryImageOfPage\":{\"@id\":\"https:\\\/\\\/bauplast.hu\\\/termek\\\/sarok-femtoldo-csavarokkal-szurke-szinben\\\/#primaryimage\"},\"image\":{\"@id\":\"https:\\\/\\\/bauplast.hu\\\/termek\\\/sarok-femtoldo-csavarokkal-szurke-szinben\\\/#primaryimage\"},\"thumbnailUrl\":\"https:\\\/\\\/i0.wp.com\\\/bauplast.hu\\\/wp-content\\\/uploads\\\/2026\\\/03\\\/Tamfal-sarok.jpg?fit=1200%2C1800&ssl=1\",\"datePublished\":\"2026-03-03T12:20:54+00:00\",\"dateModified\":\"2026-03-06T12:10:18+00:00\",\"description\":\"SAROK F\u00c9MTOLD\u00d3 csavarokkalsz\u00fcrke sz\u00ednben, t\u00e1mfal, kiemelt \u00e1gy\u00e1sszeg\u00e9ly er\u0151s\u00edtett \u00f6sszekapcsol\u00e1s\u00e1hoz\",\"breadcrumb\":{\"@id\":\"https:\\\/\\\/bauplast.hu\\\/termek\\\/sarok-femtoldo-csavarokkal-szurke-szinben\\\/#breadcrumb\"},\"inLanguage\":\"en-US\",\"potentialAction\":[{\"@type\":\"ReadAction\",\"target\":[\"https:\\\/\\\/bauplast.hu\\\/termek\\\/sarok-femtoldo-csavarokkal-szurke-szinben\\\/\"]}]},{\"@type\":\"ImageObject\",\"inLanguage\":\"en-US\",\"@id\":\"https:\\\/\\\/bauplast.hu\\\/termek\\\/sarok-femtoldo-csavarokkal-szurke-szinben\\\/#primaryimage\",\"url\":\"https:\\\/\\\/i0.wp.com\\\/bauplast.hu\\\/wp-content\\\/uploads\\\/2026\\\/03\\\/Tamfal-sarok.jpg?fit=1200%2C1800&ssl=1\",\"contentUrl\":\"https:\\\/\\\/i0.wp.com\\\/bauplast.hu\\\/wp-content\\\/uploads\\\/2026\\\/03\\\/Tamfal-sarok.jpg?fit=1200%2C1800&ssl=1\",\"width\":1200,\"height\":1800},{\"@type\":\"BreadcrumbList\",\"@id\":\"https:\\\/\\\/bauplast.hu\\\/termek\\\/sarok-femtoldo-csavarokkal-szurke-szinben\\\/#breadcrumb\",\"itemListElement\":[{\"@type\":\"ListItem\",\"position\":1,\"name\":\"Kezd\u0151lap\",\"item\":\"https:\\\/\\\/bauplast.hu\\\/\"},{\"@type\":\"ListItem\",\"position\":2,\"name\":\"Web\u00e1ruh\u00e1z\",\"item\":\"https:\\\/\\\/bauplast.hu\\\/uzlet\\\/\"},{\"@type\":\"ListItem\",\"position\":3,\"name\":\"Kert\u00e9szeti term\u00e9kek\",\"item\":\"https:\\\/\\\/bauplast.hu\\\/termekkategoria\\\/kerteszeti\\\/\"},{\"@type\":\"ListItem\",\"position\":4,\"name\":\"SAROK F\u00c9MTOLD\u00d3 csavarokkal sz\u00fcrke sz\u00ednben\"}]},{\"@type\":\"WebSite\",\"@id\":\"https:\\\/\\\/bauplast.hu\\\/#website\",\"url\":\"https:\\\/\\\/bauplast.hu\\\/\",\"name\":\"Bauplast Kft.\",\"description\":\"m\u00fbanyag \u00e1gy\u00e1sszeg\u00e9ly, t\u00e9rk\u00f5szeg\u00e9ly, aljzatr\u00e1cs, gyepszeg\u00e9ly\",\"publisher\":{\"@id\":\"https:\\\/\\\/bauplast.hu\\\/#organization\"},\"potentialAction\":[{\"@type\":\"SearchAction\",\"target\":{\"@type\":\"EntryPoint\",\"urlTemplate\":\"https:\\\/\\\/bauplast.hu\\\/?s={search_term_string}\"},\"query-input\":{\"@type\":\"PropertyValueSpecification\",\"valueRequired\":true,\"valueName\":\"search_term_string\"}}],\"inLanguage\":\"en-US\"},{\"@type\":\"Organization\",\"@id\":\"https:\\\/\\\/bauplast.hu\\\/#organization\",\"name\":\"Bauplast Kft.\",\"url\":\"https:\\\/\\\/bauplast.hu\\\/\",\"logo\":{\"@type\":\"ImageObject\",\"inLanguage\":\"en-US\",\"@id\":\"https:\\\/\\\/bauplast.hu\\\/#\\\/schema\\\/logo\\\/image\\\/\",\"url\":\"https:\\\/\\\/i0.wp.com\\\/bauplast.hu\\\/wp-content\\\/uploads\\\/2026\\\/02\\\/Bau-logo_sarkok-atlatszo-scaled.png?fit=2450%2C2560&ssl=1\",\"contentUrl\":\"https:\\\/\\\/i0.wp.com\\\/bauplast.hu\\\/wp-content\\\/uploads\\\/2026\\\/02\\\/Bau-logo_sarkok-atlatszo-scaled.png?fit=2450%2C2560&ssl=1\",\"width\":2450,\"height\":2560,\"caption\":\"Bauplast Kft.\"},\"image\":{\"@id\":\"https:\\\/\\\/bauplast.hu\\\/#\\\/schema\\\/logo\\\/image\\\/\"}}]}<\/script>\n<!-- \/ Yoast SEO plugin. -->","yoast_head_json":{"title":"SAROK F\u00c9MTOLD\u00d3 csavarokkal sz\u00fcrke sz\u00ednben - Bauplast Kft.","description":"SAROK F\u00c9MTOLD\u00d3 csavarokkalsz\u00fcrke sz\u00ednben, t\u00e1mfal, kiemelt \u00e1gy\u00e1sszeg\u00e9ly er\u0151s\u00edtett \u00f6sszekapcsol\u00e1s\u00e1hoz","robots":{"index":"index","follow":"follow","max-snippet":"max-snippet:-1","max-image-preview":"max-image-preview:large","max-video-preview":"max-video-preview:-1"},"canonical":"https:\/\/bauplast.hu\/en\/product\/sarok-femtoldo-csavarokkal-szurke-szinben\/","og_locale":"en_US","og_type":"article","og_title":"SAROK F\u00c9MTOLD\u00d3 csavarokkal sz\u00fcrke sz\u00ednben - Bauplast Kft.","og_description":"SAROK F\u00c9MTOLD\u00d3 csavarokkalsz\u00fcrke sz\u00ednben, t\u00e1mfal, kiemelt \u00e1gy\u00e1sszeg\u00e9ly er\u0151s\u00edtett \u00f6sszekapcsol\u00e1s\u00e1hoz","og_url":"https:\/\/bauplast.hu\/en\/product\/sarok-femtoldo-csavarokkal-szurke-szinben\/","og_site_name":"Bauplast Kft.","article_modified_time":"2026-03-06T12:10:18+00:00","og_image":[{"width":1200,"height":1800,"url":"https:\/\/bauplast.hu\/wp-content\/uploads\/2026\/03\/Tamfal-sarok.jpg","type":"image\/jpeg"}],"twitter_card":"summary_large_image","twitter_misc":{"Est. reading time":"1 minute"},"schema":{"@context":"https:\/\/schema.org","@graph":[{"@type":"WebPage","@id":"https:\/\/bauplast.hu\/termek\/sarok-femtoldo-csavarokkal-szurke-szinben\/","url":"https:\/\/bauplast.hu\/termek\/sarok-femtoldo-csavarokkal-szurke-szinben\/","name":"SAROK F\u00c9MTOLD\u00d3 csavarokkal sz\u00fcrke sz\u00ednben - Bauplast Kft.","isPartOf":{"@id":"https:\/\/bauplast.hu\/#website"},"primaryImageOfPage":{"@id":"https:\/\/bauplast.hu\/termek\/sarok-femtoldo-csavarokkal-szurke-szinben\/#primaryimage"},"image":{"@id":"https:\/\/bauplast.hu\/termek\/sarok-femtoldo-csavarokkal-szurke-szinben\/#primaryimage"},"thumbnailUrl":"https:\/\/i0.wp.com\/bauplast.hu\/wp-content\/uploads\/2026\/03\/Tamfal-sarok.jpg?fit=1200%2C1800&ssl=1","datePublished":"2026-03-03T12:20:54+00:00","dateModified":"2026-03-06T12:10:18+00:00","description":"SAROK F\u00c9MTOLD\u00d3 csavarokkalsz\u00fcrke sz\u00ednben, t\u00e1mfal, kiemelt \u00e1gy\u00e1sszeg\u00e9ly er\u0151s\u00edtett \u00f6sszekapcsol\u00e1s\u00e1hoz","breadcrumb":{"@id":"https:\/\/bauplast.hu\/termek\/sarok-femtoldo-csavarokkal-szurke-szinben\/#breadcrumb"},"inLanguage":"en-US","potentialAction":[{"@type":"ReadAction","target":["https:\/\/bauplast.hu\/termek\/sarok-femtoldo-csavarokkal-szurke-szinben\/"]}]},{"@type":"ImageObject","inLanguage":"en-US","@id":"https:\/\/bauplast.hu\/termek\/sarok-femtoldo-csavarokkal-szurke-szinben\/#primaryimage","url":"https:\/\/i0.wp.com\/bauplast.hu\/wp-content\/uploads\/2026\/03\/Tamfal-sarok.jpg?fit=1200%2C1800&ssl=1","contentUrl":"https:\/\/i0.wp.com\/bauplast.hu\/wp-content\/uploads\/2026\/03\/Tamfal-sarok.jpg?fit=1200%2C1800&ssl=1","width":1200,"height":1800},{"@type":"BreadcrumbList","@id":"https:\/\/bauplast.hu\/termek\/sarok-femtoldo-csavarokkal-szurke-szinben\/#breadcrumb","itemListElement":[{"@type":"ListItem","position":1,"name":"Kezd\u0151lap","item":"https:\/\/bauplast.hu\/"},{"@type":"ListItem","position":2,"name":"Web\u00e1ruh\u00e1z","item":"https:\/\/bauplast.hu\/uzlet\/"},{"@type":"ListItem","position":3,"name":"Kert\u00e9szeti term\u00e9kek","item":"https:\/\/bauplast.hu\/termekkategoria\/kerteszeti\/"},{"@type":"ListItem","position":4,"name":"SAROK F\u00c9MTOLD\u00d3 csavarokkal sz\u00fcrke sz\u00ednben"}]},{"@type":"WebSite","@id":"https:\/\/bauplast.hu\/#website","url":"https:\/\/bauplast.hu\/","name":"Bauplast Kft.","description":"m\u00fbanyag \u00e1gy\u00e1sszeg\u00e9ly, t\u00e9rk\u00f5szeg\u00e9ly, aljzatr\u00e1cs, gyepszeg\u00e9ly","publisher":{"@id":"https:\/\/bauplast.hu\/#organization"},"potentialAction":[{"@type":"SearchAction","target":{"@type":"EntryPoint","urlTemplate":"https:\/\/bauplast.hu\/?s={search_term_string}"},"query-input":{"@type":"PropertyValueSpecification","valueRequired":true,"valueName":"search_term_string"}}],"inLanguage":"en-US"},{"@type":"Organization","@id":"https:\/\/bauplast.hu\/#organization","name":"Bauplast Kft.","url":"https:\/\/bauplast.hu\/","logo":{"@type":"ImageObject","inLanguage":"en-US","@id":"https:\/\/bauplast.hu\/#\/schema\/logo\/image\/","url":"https:\/\/i0.wp.com\/bauplast.hu\/wp-content\/uploads\/2026\/02\/Bau-logo_sarkok-atlatszo-scaled.png?fit=2450%2C2560&ssl=1","contentUrl":"https:\/\/i0.wp.com\/bauplast.hu\/wp-content\/uploads\/2026\/02\/Bau-logo_sarkok-atlatszo-scaled.png?fit=2450%2C2560&ssl=1","width":2450,"height":2560,"caption":"Bauplast Kft."},"image":{"@id":"https:\/\/bauplast.hu\/#\/schema\/logo\/image\/"}}]}},"jetpack_sharing_enabled":true,"_links":{"self":[{"href":"https:\/\/bauplast.hu\/en\/wp-json\/wp\/v2\/product\/1954","targetHints":{"allow":["GET"]}}],"collection":[{"href":"https:\/\/bauplast.hu\/en\/wp-json\/wp\/v2\/product"}],"about":[{"href":"https:\/\/bauplast.hu\/en\/wp-json\/wp\/v2\/types\/product"}],"version-history":[{"count":0,"href":"https:\/\/bauplast.hu\/en\/wp-json\/wp\/v2\/product\/1954\/revisions"}],"wp:featuredmedia":[{"embeddable":true,"href":"https:\/\/bauplast.hu\/en\/wp-json\/wp\/v2\/media\/2120"}],"wp:attachment":[{"href":"https:\/\/bauplast.hu\/en\/wp-json\/wp\/v2\/media?parent=1954"}],"wp:term":[{"taxonomy":"product_brand","embeddable":true,"href":"https:\/\/bauplast.hu\/en\/wp-json\/wp\/v2\/product_brand?post=1954"},{"taxonomy":"product_cat","embeddable":true,"href":"https:\/\/bauplast.hu\/en\/wp-json\/wp\/v2\/product_cat?post=1954"},{"taxonomy":"product_tag","embeddable":true,"href":"https:\/\/bauplast.hu\/en\/wp-json\/wp\/v2\/product_tag?post=1954"}],"curies":[{"name":"wp","href":"https:\/\/api.w.org\/{rel}","templated":true}]}}