{"id":1941,"date":"2026-03-03T13:10:59","date_gmt":"2026-03-03T12:10:59","guid":{"rendered":"https:\/\/bauplast.hu\/?post_type=product&#038;p=1941"},"modified":"2026-03-17T14:37:07","modified_gmt":"2026-03-17T13:37:07","slug":"szegely-fa-kore-csinald-magad-agyasszegely","status":"publish","type":"product","link":"https:\/\/bauplast.hu\/en\/product\/szegely-fa-kore-csinald-magad-agyasszegely\/","title":{"rendered":"SZEG\u00c9LY FA K\u00d6R\u00c9 \u2013 CSIN\u00c1LD MAGAD \u00c1GY\u00c1SSZEG\u00c9LY"},"content":{"rendered":"<p>Z\u00f6ld, barna vagy fekete sz\u00ednben<br \/>\nK\u00e9t v\u00e1ltozatban: 2-es vagy 3-as<\/p>\n<p>Az egys\u00e9g\u00e1r egys\u00e9gesen 1 foly\u00f3m\u00e9terre \u00e9rtend\u0151.<\/p>\n<p><strong>Anyaga:<\/strong> PP polipropil\u00e9n <strong>UV-stabil, napf\u00e9ny- \u00e9s fagy\u00e1ll\u00f3<\/strong><\/p>\n<p><strong>Haszn\u00e1lhat\u00f3:<\/strong><\/p>\n<ul>\n<li>f\u00e1k \u00e9s bokrok k\u00f6r\u00e9<\/li>\n<li>vir\u00e1g\u00e1gy\u00e1sok \u00e9s n\u00f6v\u00e9ny-egy\u00fcttesek ill. f\u00fcves ter\u00fcletek elv\u00e1laszt\u00e1s\u00e1ra<\/li>\n<\/ul>\n<p>A term\u00e9k 12 cm m\u00e9lys\u00e9gben tudja elv\u00e1lasztani a ter\u00fcletet, 7 cm \u2013es k\u00f6r\u00edvek kapcsol\u00f3dnak egym\u00e1s mell\u00e9, 11 \/ 17 cm-es darabokban. Tetsz\u0151leges vonalvezet\u00e9s kialak\u00edthat\u00f3. A term\u00e9k UV-stabil, napf\u00e9ny- \u00e9s fagy\u00e1ll\u00f3. Lerak\u00e1sa nem ig\u00e9nyel szaktud\u00e1st.<br \/>\n<strong>El\u0151nye: a 7 cm sz\u00e9les nyoms\u00e1von a f\u0171ny\u00edr\u00f3 kereke eltolhat\u00f3.<\/strong><\/p>\n<p><strong>Lerak\u00e1sa:<\/strong><br \/>\nA szeg\u00e9lyt fej\u00e9re \u00e1ll\u00edtva \u00e9s kicsit belenyomva a f\u00f6ldbe, pontosan kialak\u00edthat\u00f3 a nyomvonal, majd annak a k\u00f6zep\u00e9n egy \u00e1s\u00f3 seg\u00edts\u00e9g\u00e9vel V-alak\u00fa r\u00e9st kell k\u00e9pezni, amibe az \u00e1gy\u00e1sszeg\u00e9lyt bele lehet illeszteni a k\u00edv\u00e1nt nyomvonalat k\u00f6vetve \u00e9s lenyomni vagy gumikalap\u00e1ccsal enyh\u00e9n \u00fct\u00f6getve le\u00fctni. Egy kb. 60 cm-es \u00e1tm\u00e9r\u0151 vagy 60*60 cm n\u00e9gyzethez 2 m\u00e9ter szeg\u00e9ly sz\u00fcks\u00e9ges. Egy kb. 80 cm-es \u00e1tm\u00e9r\u0151 vagy 80*80 cm n\u00e9gyzethez 3 m\u00e9ter szeg\u00e9ly sz\u00fcks\u00e9ges.<\/p>","protected":false},"excerpt":{"rendered":"<p>Z\u00f6ld, barna vagy fekete sz\u00ednben<br \/>\nK\u00e9t t\u00edpusban: 2-es vagy 3-as<\/p>\n<p>Az egys\u00e9g\u00e1r egys\u00e9gesen 1 foly\u00f3m\u00e9terre \u00e9rtend\u0151.<\/p>\n<p><strong>Anyaga:<\/strong> PP polipropil\u00e9n <strong>UV-stabil, napf\u00e9ny- \u00e9s fagy\u00e1ll\u00f3<\/strong><\/p>\n<p>S\u00falya: 0,7 kg \/ m\u00e9ter<\/p>\n<p><strong>Haszn\u00e1lhat\u00f3:<\/strong><\/p>\n<ul>\n<li>f\u00e1k \u00e9s bokrok k\u00f6r\u00e9<\/li>\n<li>vir\u00e1g\u00e1gy\u00e1sok \u00e9s n\u00f6v\u00e9ny-egy\u00fcttesek ill. f\u00fcves ter\u00fcletek elv\u00e1laszt\u00e1s\u00e1ra<\/li>\n<\/ul>\n<p>A term\u00e9k 12 cm m\u00e9lys\u00e9gben tudja elv\u00e1lasztani a ter\u00fcletet, 7 cm \u2013es k\u00f6r\u00edvek kapcsol\u00f3dnak egym\u00e1s mell\u00e9, 11 \/ 17 cm-es darabokban. Tetsz\u0151leges vonalvezet\u00e9s kialak\u00edthat\u00f3. A term\u00e9k UV-stabil, napf\u00e9ny- \u00e9s fagy\u00e1ll\u00f3. Lerak\u00e1sa nem ig\u00e9nyel szaktud\u00e1st.<br \/>\n<strong>El\u0151nye: a 7 cm sz\u00e9les nyoms\u00e1von a f\u0171ny\u00edr\u00f3 kereke eltolhat\u00f3.<\/strong><\/p>","protected":false},"featured_media":2112,"template":"","meta":[],"product_brand":[],"product_cat":[33],"product_tag":[],"class_list":{"0":"post-1941","1":"product","2":"type-product","3":"status-publish","4":"has-post-thumbnail","6":"product_cat-kerteszeti","7":"product_shipping_class-nagycspluszegy","9":"first","10":"instock","11":"taxable","12":"shipping-taxable","13":"purchasable","14":"product-type-variable"},"yoast_head":"<!-- This site is optimized with the Yoast SEO plugin v27.4 - https:\/\/yoast.com\/product\/yoast-seo-wordpress\/ -->\n<title>SZEG\u00c9LY FA K\u00d6R\u00c9 \u2013 CSIN\u00c1LD MAGAD \u00c1GY\u00c1SSZEG\u00c9LY - Bauplast Kft.<\/title>\n<meta name=\"description\" content=\"SZEG\u00c9LY FA K\u00d6R\u00c9 \u2013 CSIN\u00c1LD MAGAD \u00c1GY\u00c1SSZEG\u00c9LY. Tetsz\u0151leges vonalvezet\u00e9s kialak\u00edthat\u00f3. A term\u00e9k UV-stabil, napf\u00e9ny- \u00e9s fagy\u00e1ll\u00f3. Lerak\u00e1sa nem ig\u00e9nyel szaktud\u00e1st.\" \/>\n<meta name=\"robots\" content=\"index, follow, max-snippet:-1, max-image-preview:large, max-video-preview:-1\" \/>\n<link rel=\"canonical\" href=\"https:\/\/bauplast.hu\/en\/product\/szegely-fa-kore-csinald-magad-agyasszegely\/\" \/>\n<meta property=\"og:locale\" content=\"en_US\" \/>\n<meta property=\"og:type\" content=\"article\" \/>\n<meta property=\"og:title\" content=\"SZEG\u00c9LY FA K\u00d6R\u00c9 \u2013 CSIN\u00c1LD MAGAD \u00c1GY\u00c1SSZEG\u00c9LY - Bauplast Kft.\" \/>\n<meta property=\"og:description\" content=\"SZEG\u00c9LY FA K\u00d6R\u00c9 \u2013 CSIN\u00c1LD MAGAD \u00c1GY\u00c1SSZEG\u00c9LY. Tetsz\u0151leges vonalvezet\u00e9s kialak\u00edthat\u00f3. A term\u00e9k UV-stabil, napf\u00e9ny- \u00e9s fagy\u00e1ll\u00f3. Lerak\u00e1sa nem ig\u00e9nyel szaktud\u00e1st.\" \/>\n<meta property=\"og:url\" content=\"https:\/\/bauplast.hu\/en\/product\/szegely-fa-kore-csinald-magad-agyasszegely\/\" \/>\n<meta property=\"og:site_name\" content=\"Bauplast Kft.\" \/>\n<meta property=\"article:modified_time\" content=\"2026-03-17T13:37:07+00:00\" \/>\n<meta property=\"og:image\" content=\"https:\/\/bauplast.hu\/wp-content\/uploads\/2026\/03\/szegely-fa-kore-2.jpg\" \/>\n\t<meta property=\"og:image:width\" content=\"1200\" \/>\n\t<meta property=\"og:image:height\" content=\"800\" \/>\n\t<meta property=\"og:image:type\" content=\"image\/jpeg\" \/>\n<meta name=\"twitter:card\" content=\"summary_large_image\" \/>\n<meta name=\"twitter:label1\" content=\"Est. reading time\" \/>\n\t<meta name=\"twitter:data1\" content=\"2 minutes\" \/>\n<script type=\"application\/ld+json\" class=\"yoast-schema-graph\">{\"@context\":\"https:\\\/\\\/schema.org\",\"@graph\":[{\"@type\":\"WebPage\",\"@id\":\"https:\\\/\\\/bauplast.hu\\\/termek\\\/szegely-fa-kore-csinald-magad-agyasszegely\\\/\",\"url\":\"https:\\\/\\\/bauplast.hu\\\/termek\\\/szegely-fa-kore-csinald-magad-agyasszegely\\\/\",\"name\":\"SZEG\u00c9LY FA K\u00d6R\u00c9 \u2013 CSIN\u00c1LD MAGAD \u00c1GY\u00c1SSZEG\u00c9LY - Bauplast Kft.\",\"isPartOf\":{\"@id\":\"https:\\\/\\\/bauplast.hu\\\/#website\"},\"primaryImageOfPage\":{\"@id\":\"https:\\\/\\\/bauplast.hu\\\/termek\\\/szegely-fa-kore-csinald-magad-agyasszegely\\\/#primaryimage\"},\"image\":{\"@id\":\"https:\\\/\\\/bauplast.hu\\\/termek\\\/szegely-fa-kore-csinald-magad-agyasszegely\\\/#primaryimage\"},\"thumbnailUrl\":\"https:\\\/\\\/i0.wp.com\\\/bauplast.hu\\\/wp-content\\\/uploads\\\/2026\\\/03\\\/szegely-fa-kore-2.jpg?fit=1200%2C800&ssl=1\",\"datePublished\":\"2026-03-03T12:10:59+00:00\",\"dateModified\":\"2026-03-17T13:37:07+00:00\",\"description\":\"SZEG\u00c9LY FA K\u00d6R\u00c9 \u2013 CSIN\u00c1LD MAGAD \u00c1GY\u00c1SSZEG\u00c9LY. Tetsz\u0151leges vonalvezet\u00e9s kialak\u00edthat\u00f3. A term\u00e9k UV-stabil, napf\u00e9ny- \u00e9s fagy\u00e1ll\u00f3. Lerak\u00e1sa nem ig\u00e9nyel szaktud\u00e1st.\",\"breadcrumb\":{\"@id\":\"https:\\\/\\\/bauplast.hu\\\/termek\\\/szegely-fa-kore-csinald-magad-agyasszegely\\\/#breadcrumb\"},\"inLanguage\":\"en-US\",\"potentialAction\":[{\"@type\":\"ReadAction\",\"target\":[\"https:\\\/\\\/bauplast.hu\\\/termek\\\/szegely-fa-kore-csinald-magad-agyasszegely\\\/\"]}]},{\"@type\":\"ImageObject\",\"inLanguage\":\"en-US\",\"@id\":\"https:\\\/\\\/bauplast.hu\\\/termek\\\/szegely-fa-kore-csinald-magad-agyasszegely\\\/#primaryimage\",\"url\":\"https:\\\/\\\/i0.wp.com\\\/bauplast.hu\\\/wp-content\\\/uploads\\\/2026\\\/03\\\/szegely-fa-kore-2.jpg?fit=1200%2C800&ssl=1\",\"contentUrl\":\"https:\\\/\\\/i0.wp.com\\\/bauplast.hu\\\/wp-content\\\/uploads\\\/2026\\\/03\\\/szegely-fa-kore-2.jpg?fit=1200%2C800&ssl=1\",\"width\":1200,\"height\":800},{\"@type\":\"BreadcrumbList\",\"@id\":\"https:\\\/\\\/bauplast.hu\\\/termek\\\/szegely-fa-kore-csinald-magad-agyasszegely\\\/#breadcrumb\",\"itemListElement\":[{\"@type\":\"ListItem\",\"position\":1,\"name\":\"Kezd\u0151lap\",\"item\":\"https:\\\/\\\/bauplast.hu\\\/\"},{\"@type\":\"ListItem\",\"position\":2,\"name\":\"Web\u00e1ruh\u00e1z\",\"item\":\"https:\\\/\\\/bauplast.hu\\\/uzlet\\\/\"},{\"@type\":\"ListItem\",\"position\":3,\"name\":\"Kert\u00e9szeti term\u00e9kek\",\"item\":\"https:\\\/\\\/bauplast.hu\\\/termekkategoria\\\/kerteszeti\\\/\"},{\"@type\":\"ListItem\",\"position\":4,\"name\":\"SZEG\u00c9LY FA K\u00d6R\u00c9 \u2013 CSIN\u00c1LD MAGAD \u00c1GY\u00c1SSZEG\u00c9LY\"}]},{\"@type\":\"WebSite\",\"@id\":\"https:\\\/\\\/bauplast.hu\\\/#website\",\"url\":\"https:\\\/\\\/bauplast.hu\\\/\",\"name\":\"Bauplast Kft.\",\"description\":\"m\u00fbanyag \u00e1gy\u00e1sszeg\u00e9ly, t\u00e9rk\u00f5szeg\u00e9ly, aljzatr\u00e1cs, gyepszeg\u00e9ly\",\"publisher\":{\"@id\":\"https:\\\/\\\/bauplast.hu\\\/#organization\"},\"potentialAction\":[{\"@type\":\"SearchAction\",\"target\":{\"@type\":\"EntryPoint\",\"urlTemplate\":\"https:\\\/\\\/bauplast.hu\\\/?s={search_term_string}\"},\"query-input\":{\"@type\":\"PropertyValueSpecification\",\"valueRequired\":true,\"valueName\":\"search_term_string\"}}],\"inLanguage\":\"en-US\"},{\"@type\":\"Organization\",\"@id\":\"https:\\\/\\\/bauplast.hu\\\/#organization\",\"name\":\"Bauplast Kft.\",\"url\":\"https:\\\/\\\/bauplast.hu\\\/\",\"logo\":{\"@type\":\"ImageObject\",\"inLanguage\":\"en-US\",\"@id\":\"https:\\\/\\\/bauplast.hu\\\/#\\\/schema\\\/logo\\\/image\\\/\",\"url\":\"https:\\\/\\\/i0.wp.com\\\/bauplast.hu\\\/wp-content\\\/uploads\\\/2026\\\/02\\\/Bau-logo_sarkok-atlatszo-scaled.png?fit=2450%2C2560&ssl=1\",\"contentUrl\":\"https:\\\/\\\/i0.wp.com\\\/bauplast.hu\\\/wp-content\\\/uploads\\\/2026\\\/02\\\/Bau-logo_sarkok-atlatszo-scaled.png?fit=2450%2C2560&ssl=1\",\"width\":2450,\"height\":2560,\"caption\":\"Bauplast Kft.\"},\"image\":{\"@id\":\"https:\\\/\\\/bauplast.hu\\\/#\\\/schema\\\/logo\\\/image\\\/\"}}]}<\/script>\n<!-- \/ Yoast SEO plugin. -->","yoast_head_json":{"title":"SZEG\u00c9LY FA K\u00d6R\u00c9 \u2013 CSIN\u00c1LD MAGAD \u00c1GY\u00c1SSZEG\u00c9LY - Bauplast Kft.","description":"SZEG\u00c9LY FA K\u00d6R\u00c9 \u2013 CSIN\u00c1LD MAGAD \u00c1GY\u00c1SSZEG\u00c9LY. Tetsz\u0151leges vonalvezet\u00e9s kialak\u00edthat\u00f3. A term\u00e9k UV-stabil, napf\u00e9ny- \u00e9s fagy\u00e1ll\u00f3. Lerak\u00e1sa nem ig\u00e9nyel szaktud\u00e1st.","robots":{"index":"index","follow":"follow","max-snippet":"max-snippet:-1","max-image-preview":"max-image-preview:large","max-video-preview":"max-video-preview:-1"},"canonical":"https:\/\/bauplast.hu\/en\/product\/szegely-fa-kore-csinald-magad-agyasszegely\/","og_locale":"en_US","og_type":"article","og_title":"SZEG\u00c9LY FA K\u00d6R\u00c9 \u2013 CSIN\u00c1LD MAGAD \u00c1GY\u00c1SSZEG\u00c9LY - Bauplast Kft.","og_description":"SZEG\u00c9LY FA K\u00d6R\u00c9 \u2013 CSIN\u00c1LD MAGAD \u00c1GY\u00c1SSZEG\u00c9LY. Tetsz\u0151leges vonalvezet\u00e9s kialak\u00edthat\u00f3. A term\u00e9k UV-stabil, napf\u00e9ny- \u00e9s fagy\u00e1ll\u00f3. Lerak\u00e1sa nem ig\u00e9nyel szaktud\u00e1st.","og_url":"https:\/\/bauplast.hu\/en\/product\/szegely-fa-kore-csinald-magad-agyasszegely\/","og_site_name":"Bauplast Kft.","article_modified_time":"2026-03-17T13:37:07+00:00","og_image":[{"width":1200,"height":800,"url":"https:\/\/bauplast.hu\/wp-content\/uploads\/2026\/03\/szegely-fa-kore-2.jpg","type":"image\/jpeg"}],"twitter_card":"summary_large_image","twitter_misc":{"Est. reading time":"2 minutes"},"schema":{"@context":"https:\/\/schema.org","@graph":[{"@type":"WebPage","@id":"https:\/\/bauplast.hu\/termek\/szegely-fa-kore-csinald-magad-agyasszegely\/","url":"https:\/\/bauplast.hu\/termek\/szegely-fa-kore-csinald-magad-agyasszegely\/","name":"SZEG\u00c9LY FA K\u00d6R\u00c9 \u2013 CSIN\u00c1LD MAGAD \u00c1GY\u00c1SSZEG\u00c9LY - Bauplast Kft.","isPartOf":{"@id":"https:\/\/bauplast.hu\/#website"},"primaryImageOfPage":{"@id":"https:\/\/bauplast.hu\/termek\/szegely-fa-kore-csinald-magad-agyasszegely\/#primaryimage"},"image":{"@id":"https:\/\/bauplast.hu\/termek\/szegely-fa-kore-csinald-magad-agyasszegely\/#primaryimage"},"thumbnailUrl":"https:\/\/i0.wp.com\/bauplast.hu\/wp-content\/uploads\/2026\/03\/szegely-fa-kore-2.jpg?fit=1200%2C800&ssl=1","datePublished":"2026-03-03T12:10:59+00:00","dateModified":"2026-03-17T13:37:07+00:00","description":"SZEG\u00c9LY FA K\u00d6R\u00c9 \u2013 CSIN\u00c1LD MAGAD \u00c1GY\u00c1SSZEG\u00c9LY. Tetsz\u0151leges vonalvezet\u00e9s kialak\u00edthat\u00f3. A term\u00e9k UV-stabil, napf\u00e9ny- \u00e9s fagy\u00e1ll\u00f3. Lerak\u00e1sa nem ig\u00e9nyel szaktud\u00e1st.","breadcrumb":{"@id":"https:\/\/bauplast.hu\/termek\/szegely-fa-kore-csinald-magad-agyasszegely\/#breadcrumb"},"inLanguage":"en-US","potentialAction":[{"@type":"ReadAction","target":["https:\/\/bauplast.hu\/termek\/szegely-fa-kore-csinald-magad-agyasszegely\/"]}]},{"@type":"ImageObject","inLanguage":"en-US","@id":"https:\/\/bauplast.hu\/termek\/szegely-fa-kore-csinald-magad-agyasszegely\/#primaryimage","url":"https:\/\/i0.wp.com\/bauplast.hu\/wp-content\/uploads\/2026\/03\/szegely-fa-kore-2.jpg?fit=1200%2C800&ssl=1","contentUrl":"https:\/\/i0.wp.com\/bauplast.hu\/wp-content\/uploads\/2026\/03\/szegely-fa-kore-2.jpg?fit=1200%2C800&ssl=1","width":1200,"height":800},{"@type":"BreadcrumbList","@id":"https:\/\/bauplast.hu\/termek\/szegely-fa-kore-csinald-magad-agyasszegely\/#breadcrumb","itemListElement":[{"@type":"ListItem","position":1,"name":"Kezd\u0151lap","item":"https:\/\/bauplast.hu\/"},{"@type":"ListItem","position":2,"name":"Web\u00e1ruh\u00e1z","item":"https:\/\/bauplast.hu\/uzlet\/"},{"@type":"ListItem","position":3,"name":"Kert\u00e9szeti term\u00e9kek","item":"https:\/\/bauplast.hu\/termekkategoria\/kerteszeti\/"},{"@type":"ListItem","position":4,"name":"SZEG\u00c9LY FA K\u00d6R\u00c9 \u2013 CSIN\u00c1LD MAGAD \u00c1GY\u00c1SSZEG\u00c9LY"}]},{"@type":"WebSite","@id":"https:\/\/bauplast.hu\/#website","url":"https:\/\/bauplast.hu\/","name":"Bauplast Kft.","description":"m\u00fbanyag \u00e1gy\u00e1sszeg\u00e9ly, t\u00e9rk\u00f5szeg\u00e9ly, aljzatr\u00e1cs, gyepszeg\u00e9ly","publisher":{"@id":"https:\/\/bauplast.hu\/#organization"},"potentialAction":[{"@type":"SearchAction","target":{"@type":"EntryPoint","urlTemplate":"https:\/\/bauplast.hu\/?s={search_term_string}"},"query-input":{"@type":"PropertyValueSpecification","valueRequired":true,"valueName":"search_term_string"}}],"inLanguage":"en-US"},{"@type":"Organization","@id":"https:\/\/bauplast.hu\/#organization","name":"Bauplast Kft.","url":"https:\/\/bauplast.hu\/","logo":{"@type":"ImageObject","inLanguage":"en-US","@id":"https:\/\/bauplast.hu\/#\/schema\/logo\/image\/","url":"https:\/\/i0.wp.com\/bauplast.hu\/wp-content\/uploads\/2026\/02\/Bau-logo_sarkok-atlatszo-scaled.png?fit=2450%2C2560&ssl=1","contentUrl":"https:\/\/i0.wp.com\/bauplast.hu\/wp-content\/uploads\/2026\/02\/Bau-logo_sarkok-atlatszo-scaled.png?fit=2450%2C2560&ssl=1","width":2450,"height":2560,"caption":"Bauplast Kft."},"image":{"@id":"https:\/\/bauplast.hu\/#\/schema\/logo\/image\/"}}]}},"jetpack_sharing_enabled":true,"_links":{"self":[{"href":"https:\/\/bauplast.hu\/en\/wp-json\/wp\/v2\/product\/1941","targetHints":{"allow":["GET"]}}],"collection":[{"href":"https:\/\/bauplast.hu\/en\/wp-json\/wp\/v2\/product"}],"about":[{"href":"https:\/\/bauplast.hu\/en\/wp-json\/wp\/v2\/types\/product"}],"version-history":[{"count":0,"href":"https:\/\/bauplast.hu\/en\/wp-json\/wp\/v2\/product\/1941\/revisions"}],"wp:featuredmedia":[{"embeddable":true,"href":"https:\/\/bauplast.hu\/en\/wp-json\/wp\/v2\/media\/2112"}],"wp:attachment":[{"href":"https:\/\/bauplast.hu\/en\/wp-json\/wp\/v2\/media?parent=1941"}],"wp:term":[{"taxonomy":"product_brand","embeddable":true,"href":"https:\/\/bauplast.hu\/en\/wp-json\/wp\/v2\/product_brand?post=1941"},{"taxonomy":"product_cat","embeddable":true,"href":"https:\/\/bauplast.hu\/en\/wp-json\/wp\/v2\/product_cat?post=1941"},{"taxonomy":"product_tag","embeddable":true,"href":"https:\/\/bauplast.hu\/en\/wp-json\/wp\/v2\/product_tag?post=1941"}],"curies":[{"name":"wp","href":"https:\/\/api.w.org\/{rel}","templated":true}]}}