{"id":1934,"date":"2026-03-03T12:58:04","date_gmt":"2026-03-03T11:58:04","guid":{"rendered":"https:\/\/bauplast.hu\/?post_type=product&#038;p=1934"},"modified":"2026-03-17T14:38:08","modified_gmt":"2026-03-17T13:38:08","slug":"zoldteto-szegely-agyasszegely","status":"publish","type":"product","link":"https:\/\/bauplast.hu\/en\/product\/zoldteto-szegely-agyasszegely\/","title":{"rendered":"Z\u00d6LDTET\u0150-SZEG\u00c9LY, \u00c1GY\u00c1SSZEG\u00c9LY"},"content":{"rendered":"<p><span style=\"font-family: Open Sans, sans-serif;\"><span style=\"font-size: large;\"><b>M\u00e9rete:<\/b> 1 m * 10 cm * 12 cm <\/span><\/span><\/p>\n<p><span style=\"font-family: Open Sans, sans-serif;\"><span style=\"font-size: large;\"><b>Anyaga: <\/b>ABS <b>UV-stabil, napf\u00e9ny- \u00e9s fagy\u00e1ll\u00f3<\/b><\/span><\/span><\/p>\n<p><span style=\"font-family: Open Sans, sans-serif;\"><span style=\"font-size: large;\"><b>S\u00falya: <\/b>0,75 kg \/ db <\/span><\/span><\/p>\n<p><span style=\"font-family: Open Sans, sans-serif;\"><span style=\"font-size: large;\"><b>Haszn\u00e1lhat\u00f3:<\/b> <\/span><\/span><\/p>\n<ul>\n<li><span style=\"font-family: Open Sans, sans-serif;\"><span style=\"font-size: large;\">extenz\u00edv z\u00f6ldtet\u0151 \u00e9p\u00edt\u00e9sekor<\/span><\/span><\/li>\n<li><span style=\"font-family: Open Sans, sans-serif;\"><span style=\"font-size: large;\">t\u00f3f\u00f3lia r\u00f6gz\u00edt\u00e9s\u00e9re<\/span><\/span><\/li>\n<li><span style=\"font-family: Open Sans, sans-serif;\"><span style=\"font-size: large;\">\u00e1gy\u00e1sszeg\u00e9lyk\u00e9nt<\/span><\/span><\/li>\n<li><span style=\"font-family: Open Sans, sans-serif;\"><span style=\"font-size: large;\">terasz-szeg\u00e9lyk\u00e9nt<\/span><\/span><\/li>\n<\/ul>\n<p><span style=\"font-family: Open Sans, sans-serif;\"><span style=\"font-size: large;\"><b>El\u0151nye: <\/b>k\u00f6nnyen lerakhat\u00f3, egyszer\u0171en \u00edvelhet\u0151, az L-profil biztos\u00edtja a nyomvonal megtart\u00e1s\u00e1t. <\/span><\/span><\/p>\n<p><span style=\"font-family: Open Sans, sans-serif;\"><span style=\"font-size: large;\"><b>Lerak\u00e1sa: <\/b><\/span><\/span><\/p>\n<p><span style=\"font-family: Open Sans, sans-serif;\"><span style=\"font-size: large;\">A szeg\u00e9lyek \u00f6sszekapcsol\u00e1s\u00e1t a T alak\u00fa illeszt\u0151 r\u00e9szek biztos\u00edtj\u00e1k. Az esetleges r\u00f6gz\u00edt\u00e9s \u2013 a talpr\u00e9sz furatain \u00e1t huzalszeggel ( NEM tartoz\u00e9k, rendelhet\u0151 ) lehets\u00e9ges.<\/span><\/span><\/p>","protected":false},"excerpt":{"rendered":"<p><span style=\"font-family: Open Sans, sans-serif;\"><span style=\"font-size: large;\"><b>M\u00e9rete:<\/b> 1 m * 10 cm * 12 cm <\/span><\/span><\/p>\n<p><span style=\"font-family: Open Sans, sans-serif;\"><span style=\"font-size: large;\"><b>Anyaga: <\/b>ABS <b>UV-stabil, napf\u00e9ny- \u00e9s fagy\u00e1ll\u00f3<\/b><\/span><\/span><\/p>\n<p><span style=\"font-family: Open Sans, sans-serif;\"><span style=\"font-size: large;\"><b>S\u00falya: <\/b>0,75 kg \/ db <\/span><\/span><\/p>\n<p><span style=\"font-family: Open Sans, sans-serif;\"><span style=\"font-size: large;\"><b>Haszn\u00e1lhat\u00f3:<\/b> <\/span><\/span><\/p>\n<ul>\n<li><span style=\"font-family: Open Sans, sans-serif;\"><span style=\"font-size: large;\">extenz\u00edv z\u00f6ldtet\u0151 \u00e9p\u00edt\u00e9sekor<\/span><\/span><\/li>\n<li><span style=\"font-family: Open Sans, sans-serif;\"><span style=\"font-size: large;\">t\u00f3f\u00f3lia r\u00f6gz\u00edt\u00e9s\u00e9re<\/span><\/span><\/li>\n<li><span style=\"font-family: Open Sans, sans-serif;\"><span style=\"font-size: large;\">\u00e1gy\u00e1sszeg\u00e9lyk\u00e9nt<\/span><\/span><\/li>\n<li><span style=\"font-family: Open Sans, sans-serif;\"><span style=\"font-size: large;\">terasz-szeg\u00e9lyk\u00e9nt<\/span><\/span><\/li>\n<\/ul>\n<p><span style=\"font-family: Open Sans, sans-serif;\"><span style=\"font-size: large;\"><b>El\u0151nye: <\/b>k\u00f6nnyen lerakhat\u00f3, egyszer\u0171en \u00edvelhet\u0151, az L-profil biztos\u00edtja a nyomvonal megtart\u00e1s\u00e1t. <\/span><\/span><\/p>","protected":false},"featured_media":2147,"template":"","meta":[],"product_brand":[],"product_cat":[33],"product_tag":[],"class_list":{"0":"post-1934","1":"product","2":"type-product","3":"status-publish","4":"has-post-thumbnail","6":"product_cat-kerteszeti","7":"product_shipping_class-nagycspluszegy","9":"first","10":"instock","11":"taxable","12":"shipping-taxable","13":"purchasable","14":"product-type-simple"},"yoast_head":"<!-- This site is optimized with the Yoast SEO plugin v27.4 - https:\/\/yoast.com\/product\/yoast-seo-wordpress\/ -->\n<title>Z\u00d6LDTET\u0150-SZEG\u00c9LY, \u00c1GY\u00c1SSZEG\u00c9LY - Bauplast Kft.<\/title>\n<meta name=\"description\" content=\"Haszn\u00e1lhat\u00f3: extenz\u00edv z\u00f6ldtet\u0151 \u00e9p\u00edt\u00e9sekor, t\u00f3f\u00f3lia r\u00f6gz\u00edt\u00e9s\u00e9re, \u00e1gy\u00e1sszeg\u00e9lyk\u00e9nt, terasz-szeg\u00e9lyk\u00e9nt\" \/>\n<meta name=\"robots\" content=\"index, follow, max-snippet:-1, max-image-preview:large, max-video-preview:-1\" \/>\n<link rel=\"canonical\" href=\"https:\/\/bauplast.hu\/en\/product\/zoldteto-szegely-agyasszegely\/\" \/>\n<meta property=\"og:locale\" content=\"en_US\" \/>\n<meta property=\"og:type\" content=\"article\" \/>\n<meta property=\"og:title\" content=\"Z\u00d6LDTET\u0150-SZEG\u00c9LY, \u00c1GY\u00c1SSZEG\u00c9LY - Bauplast Kft.\" \/>\n<meta property=\"og:description\" content=\"Haszn\u00e1lhat\u00f3: extenz\u00edv z\u00f6ldtet\u0151 \u00e9p\u00edt\u00e9sekor, t\u00f3f\u00f3lia r\u00f6gz\u00edt\u00e9s\u00e9re, \u00e1gy\u00e1sszeg\u00e9lyk\u00e9nt, terasz-szeg\u00e9lyk\u00e9nt\" \/>\n<meta property=\"og:url\" content=\"https:\/\/bauplast.hu\/en\/product\/zoldteto-szegely-agyasszegely\/\" \/>\n<meta property=\"og:site_name\" content=\"Bauplast Kft.\" \/>\n<meta property=\"article:modified_time\" content=\"2026-03-17T13:38:08+00:00\" \/>\n<meta property=\"og:image\" content=\"https:\/\/bauplast.hu\/wp-content\/uploads\/2026\/03\/zoldtetoszegely.jpg\" \/>\n\t<meta property=\"og:image:width\" content=\"1200\" \/>\n\t<meta property=\"og:image:height\" content=\"800\" \/>\n\t<meta property=\"og:image:type\" content=\"image\/jpeg\" \/>\n<meta name=\"twitter:card\" content=\"summary_large_image\" \/>\n<meta name=\"twitter:label1\" content=\"Est. reading time\" \/>\n\t<meta name=\"twitter:data1\" content=\"1 minute\" \/>\n<script type=\"application\/ld+json\" class=\"yoast-schema-graph\">{\"@context\":\"https:\\\/\\\/schema.org\",\"@graph\":[{\"@type\":\"WebPage\",\"@id\":\"https:\\\/\\\/bauplast.hu\\\/termek\\\/zoldteto-szegely-agyasszegely\\\/\",\"url\":\"https:\\\/\\\/bauplast.hu\\\/termek\\\/zoldteto-szegely-agyasszegely\\\/\",\"name\":\"Z\u00d6LDTET\u0150-SZEG\u00c9LY, \u00c1GY\u00c1SSZEG\u00c9LY - Bauplast Kft.\",\"isPartOf\":{\"@id\":\"https:\\\/\\\/bauplast.hu\\\/#website\"},\"primaryImageOfPage\":{\"@id\":\"https:\\\/\\\/bauplast.hu\\\/termek\\\/zoldteto-szegely-agyasszegely\\\/#primaryimage\"},\"image\":{\"@id\":\"https:\\\/\\\/bauplast.hu\\\/termek\\\/zoldteto-szegely-agyasszegely\\\/#primaryimage\"},\"thumbnailUrl\":\"https:\\\/\\\/i0.wp.com\\\/bauplast.hu\\\/wp-content\\\/uploads\\\/2026\\\/03\\\/zoldtetoszegely.jpg?fit=1200%2C800&ssl=1\",\"datePublished\":\"2026-03-03T11:58:04+00:00\",\"dateModified\":\"2026-03-17T13:38:08+00:00\",\"description\":\"Haszn\u00e1lhat\u00f3: extenz\u00edv z\u00f6ldtet\u0151 \u00e9p\u00edt\u00e9sekor, t\u00f3f\u00f3lia r\u00f6gz\u00edt\u00e9s\u00e9re, \u00e1gy\u00e1sszeg\u00e9lyk\u00e9nt, terasz-szeg\u00e9lyk\u00e9nt\",\"breadcrumb\":{\"@id\":\"https:\\\/\\\/bauplast.hu\\\/termek\\\/zoldteto-szegely-agyasszegely\\\/#breadcrumb\"},\"inLanguage\":\"en-US\",\"potentialAction\":[{\"@type\":\"ReadAction\",\"target\":[\"https:\\\/\\\/bauplast.hu\\\/termek\\\/zoldteto-szegely-agyasszegely\\\/\"]}]},{\"@type\":\"ImageObject\",\"inLanguage\":\"en-US\",\"@id\":\"https:\\\/\\\/bauplast.hu\\\/termek\\\/zoldteto-szegely-agyasszegely\\\/#primaryimage\",\"url\":\"https:\\\/\\\/i0.wp.com\\\/bauplast.hu\\\/wp-content\\\/uploads\\\/2026\\\/03\\\/zoldtetoszegely.jpg?fit=1200%2C800&ssl=1\",\"contentUrl\":\"https:\\\/\\\/i0.wp.com\\\/bauplast.hu\\\/wp-content\\\/uploads\\\/2026\\\/03\\\/zoldtetoszegely.jpg?fit=1200%2C800&ssl=1\",\"width\":1200,\"height\":800},{\"@type\":\"BreadcrumbList\",\"@id\":\"https:\\\/\\\/bauplast.hu\\\/termek\\\/zoldteto-szegely-agyasszegely\\\/#breadcrumb\",\"itemListElement\":[{\"@type\":\"ListItem\",\"position\":1,\"name\":\"Kezd\u0151lap\",\"item\":\"https:\\\/\\\/bauplast.hu\\\/\"},{\"@type\":\"ListItem\",\"position\":2,\"name\":\"Web\u00e1ruh\u00e1z\",\"item\":\"https:\\\/\\\/bauplast.hu\\\/uzlet\\\/\"},{\"@type\":\"ListItem\",\"position\":3,\"name\":\"Kert\u00e9szeti term\u00e9kek\",\"item\":\"https:\\\/\\\/bauplast.hu\\\/termekkategoria\\\/kerteszeti\\\/\"},{\"@type\":\"ListItem\",\"position\":4,\"name\":\"Z\u00d6LDTET\u0150-SZEG\u00c9LY, \u00c1GY\u00c1SSZEG\u00c9LY\"}]},{\"@type\":\"WebSite\",\"@id\":\"https:\\\/\\\/bauplast.hu\\\/#website\",\"url\":\"https:\\\/\\\/bauplast.hu\\\/\",\"name\":\"Bauplast Kft.\",\"description\":\"m\u00fbanyag \u00e1gy\u00e1sszeg\u00e9ly, t\u00e9rk\u00f5szeg\u00e9ly, aljzatr\u00e1cs, gyepszeg\u00e9ly\",\"publisher\":{\"@id\":\"https:\\\/\\\/bauplast.hu\\\/#organization\"},\"potentialAction\":[{\"@type\":\"SearchAction\",\"target\":{\"@type\":\"EntryPoint\",\"urlTemplate\":\"https:\\\/\\\/bauplast.hu\\\/?s={search_term_string}\"},\"query-input\":{\"@type\":\"PropertyValueSpecification\",\"valueRequired\":true,\"valueName\":\"search_term_string\"}}],\"inLanguage\":\"en-US\"},{\"@type\":\"Organization\",\"@id\":\"https:\\\/\\\/bauplast.hu\\\/#organization\",\"name\":\"Bauplast Kft.\",\"url\":\"https:\\\/\\\/bauplast.hu\\\/\",\"logo\":{\"@type\":\"ImageObject\",\"inLanguage\":\"en-US\",\"@id\":\"https:\\\/\\\/bauplast.hu\\\/#\\\/schema\\\/logo\\\/image\\\/\",\"url\":\"https:\\\/\\\/i0.wp.com\\\/bauplast.hu\\\/wp-content\\\/uploads\\\/2026\\\/02\\\/Bau-logo_sarkok-atlatszo-scaled.png?fit=2450%2C2560&ssl=1\",\"contentUrl\":\"https:\\\/\\\/i0.wp.com\\\/bauplast.hu\\\/wp-content\\\/uploads\\\/2026\\\/02\\\/Bau-logo_sarkok-atlatszo-scaled.png?fit=2450%2C2560&ssl=1\",\"width\":2450,\"height\":2560,\"caption\":\"Bauplast Kft.\"},\"image\":{\"@id\":\"https:\\\/\\\/bauplast.hu\\\/#\\\/schema\\\/logo\\\/image\\\/\"}}]}<\/script>\n<!-- \/ Yoast SEO plugin. -->","yoast_head_json":{"title":"Z\u00d6LDTET\u0150-SZEG\u00c9LY, \u00c1GY\u00c1SSZEG\u00c9LY - Bauplast Kft.","description":"Haszn\u00e1lhat\u00f3: extenz\u00edv z\u00f6ldtet\u0151 \u00e9p\u00edt\u00e9sekor, t\u00f3f\u00f3lia r\u00f6gz\u00edt\u00e9s\u00e9re, \u00e1gy\u00e1sszeg\u00e9lyk\u00e9nt, terasz-szeg\u00e9lyk\u00e9nt","robots":{"index":"index","follow":"follow","max-snippet":"max-snippet:-1","max-image-preview":"max-image-preview:large","max-video-preview":"max-video-preview:-1"},"canonical":"https:\/\/bauplast.hu\/en\/product\/zoldteto-szegely-agyasszegely\/","og_locale":"en_US","og_type":"article","og_title":"Z\u00d6LDTET\u0150-SZEG\u00c9LY, \u00c1GY\u00c1SSZEG\u00c9LY - Bauplast Kft.","og_description":"Haszn\u00e1lhat\u00f3: extenz\u00edv z\u00f6ldtet\u0151 \u00e9p\u00edt\u00e9sekor, t\u00f3f\u00f3lia r\u00f6gz\u00edt\u00e9s\u00e9re, \u00e1gy\u00e1sszeg\u00e9lyk\u00e9nt, terasz-szeg\u00e9lyk\u00e9nt","og_url":"https:\/\/bauplast.hu\/en\/product\/zoldteto-szegely-agyasszegely\/","og_site_name":"Bauplast Kft.","article_modified_time":"2026-03-17T13:38:08+00:00","og_image":[{"width":1200,"height":800,"url":"https:\/\/bauplast.hu\/wp-content\/uploads\/2026\/03\/zoldtetoszegely.jpg","type":"image\/jpeg"}],"twitter_card":"summary_large_image","twitter_misc":{"Est. reading time":"1 minute"},"schema":{"@context":"https:\/\/schema.org","@graph":[{"@type":"WebPage","@id":"https:\/\/bauplast.hu\/termek\/zoldteto-szegely-agyasszegely\/","url":"https:\/\/bauplast.hu\/termek\/zoldteto-szegely-agyasszegely\/","name":"Z\u00d6LDTET\u0150-SZEG\u00c9LY, \u00c1GY\u00c1SSZEG\u00c9LY - Bauplast Kft.","isPartOf":{"@id":"https:\/\/bauplast.hu\/#website"},"primaryImageOfPage":{"@id":"https:\/\/bauplast.hu\/termek\/zoldteto-szegely-agyasszegely\/#primaryimage"},"image":{"@id":"https:\/\/bauplast.hu\/termek\/zoldteto-szegely-agyasszegely\/#primaryimage"},"thumbnailUrl":"https:\/\/i0.wp.com\/bauplast.hu\/wp-content\/uploads\/2026\/03\/zoldtetoszegely.jpg?fit=1200%2C800&ssl=1","datePublished":"2026-03-03T11:58:04+00:00","dateModified":"2026-03-17T13:38:08+00:00","description":"Haszn\u00e1lhat\u00f3: extenz\u00edv z\u00f6ldtet\u0151 \u00e9p\u00edt\u00e9sekor, t\u00f3f\u00f3lia r\u00f6gz\u00edt\u00e9s\u00e9re, \u00e1gy\u00e1sszeg\u00e9lyk\u00e9nt, terasz-szeg\u00e9lyk\u00e9nt","breadcrumb":{"@id":"https:\/\/bauplast.hu\/termek\/zoldteto-szegely-agyasszegely\/#breadcrumb"},"inLanguage":"en-US","potentialAction":[{"@type":"ReadAction","target":["https:\/\/bauplast.hu\/termek\/zoldteto-szegely-agyasszegely\/"]}]},{"@type":"ImageObject","inLanguage":"en-US","@id":"https:\/\/bauplast.hu\/termek\/zoldteto-szegely-agyasszegely\/#primaryimage","url":"https:\/\/i0.wp.com\/bauplast.hu\/wp-content\/uploads\/2026\/03\/zoldtetoszegely.jpg?fit=1200%2C800&ssl=1","contentUrl":"https:\/\/i0.wp.com\/bauplast.hu\/wp-content\/uploads\/2026\/03\/zoldtetoszegely.jpg?fit=1200%2C800&ssl=1","width":1200,"height":800},{"@type":"BreadcrumbList","@id":"https:\/\/bauplast.hu\/termek\/zoldteto-szegely-agyasszegely\/#breadcrumb","itemListElement":[{"@type":"ListItem","position":1,"name":"Kezd\u0151lap","item":"https:\/\/bauplast.hu\/"},{"@type":"ListItem","position":2,"name":"Web\u00e1ruh\u00e1z","item":"https:\/\/bauplast.hu\/uzlet\/"},{"@type":"ListItem","position":3,"name":"Kert\u00e9szeti term\u00e9kek","item":"https:\/\/bauplast.hu\/termekkategoria\/kerteszeti\/"},{"@type":"ListItem","position":4,"name":"Z\u00d6LDTET\u0150-SZEG\u00c9LY, \u00c1GY\u00c1SSZEG\u00c9LY"}]},{"@type":"WebSite","@id":"https:\/\/bauplast.hu\/#website","url":"https:\/\/bauplast.hu\/","name":"Bauplast Kft.","description":"m\u00fbanyag \u00e1gy\u00e1sszeg\u00e9ly, t\u00e9rk\u00f5szeg\u00e9ly, aljzatr\u00e1cs, gyepszeg\u00e9ly","publisher":{"@id":"https:\/\/bauplast.hu\/#organization"},"potentialAction":[{"@type":"SearchAction","target":{"@type":"EntryPoint","urlTemplate":"https:\/\/bauplast.hu\/?s={search_term_string}"},"query-input":{"@type":"PropertyValueSpecification","valueRequired":true,"valueName":"search_term_string"}}],"inLanguage":"en-US"},{"@type":"Organization","@id":"https:\/\/bauplast.hu\/#organization","name":"Bauplast Kft.","url":"https:\/\/bauplast.hu\/","logo":{"@type":"ImageObject","inLanguage":"en-US","@id":"https:\/\/bauplast.hu\/#\/schema\/logo\/image\/","url":"https:\/\/i0.wp.com\/bauplast.hu\/wp-content\/uploads\/2026\/02\/Bau-logo_sarkok-atlatszo-scaled.png?fit=2450%2C2560&ssl=1","contentUrl":"https:\/\/i0.wp.com\/bauplast.hu\/wp-content\/uploads\/2026\/02\/Bau-logo_sarkok-atlatszo-scaled.png?fit=2450%2C2560&ssl=1","width":2450,"height":2560,"caption":"Bauplast Kft."},"image":{"@id":"https:\/\/bauplast.hu\/#\/schema\/logo\/image\/"}}]}},"jetpack_sharing_enabled":true,"_links":{"self":[{"href":"https:\/\/bauplast.hu\/en\/wp-json\/wp\/v2\/product\/1934","targetHints":{"allow":["GET"]}}],"collection":[{"href":"https:\/\/bauplast.hu\/en\/wp-json\/wp\/v2\/product"}],"about":[{"href":"https:\/\/bauplast.hu\/en\/wp-json\/wp\/v2\/types\/product"}],"version-history":[{"count":0,"href":"https:\/\/bauplast.hu\/en\/wp-json\/wp\/v2\/product\/1934\/revisions"}],"wp:featuredmedia":[{"embeddable":true,"href":"https:\/\/bauplast.hu\/en\/wp-json\/wp\/v2\/media\/2147"}],"wp:attachment":[{"href":"https:\/\/bauplast.hu\/en\/wp-json\/wp\/v2\/media?parent=1934"}],"wp:term":[{"taxonomy":"product_brand","embeddable":true,"href":"https:\/\/bauplast.hu\/en\/wp-json\/wp\/v2\/product_brand?post=1934"},{"taxonomy":"product_cat","embeddable":true,"href":"https:\/\/bauplast.hu\/en\/wp-json\/wp\/v2\/product_cat?post=1934"},{"taxonomy":"product_tag","embeddable":true,"href":"https:\/\/bauplast.hu\/en\/wp-json\/wp\/v2\/product_tag?post=1934"}],"curies":[{"name":"wp","href":"https:\/\/api.w.org\/{rel}","templated":true}]}}