{"id":1932,"date":"2026-03-03T12:56:21","date_gmt":"2026-03-03T11:56:21","guid":{"rendered":"https:\/\/bauplast.hu\/?post_type=product&#038;p=1932"},"modified":"2026-03-17T14:38:34","modified_gmt":"2026-03-17T13:38:34","slug":"melioracios-racs","status":"publish","type":"product","link":"https:\/\/bauplast.hu\/en\/product\/melioracios-racs\/","title":{"rendered":"MELIOR\u00c1CI\u00d3S R\u00c1CS"},"content":{"rendered":"<p><span style=\"font-family: Open Sans, sans-serif;\"><span style=\"font-size: large;\"><b>M\u00e9rete:<\/b> 60 * 40 * 4 cm \/ db<b> <\/b><\/span><\/span><\/p>\n<p><span style=\"font-family: Open Sans, sans-serif;\"><span style=\"font-size: large;\">4 db \/ m<sup>2<\/sup><\/span><\/span><\/p>\n<p><span style=\"font-family: Open Sans, sans-serif;\"><span style=\"font-size: large;\">Gyeph\u00e9zag m\u00e9rete: 6,5*6,5 cm<b> <\/b><\/span><\/span><\/p>\n<p><span style=\"font-family: Open Sans, sans-serif;\"><span style=\"font-size: large;\">Elv\u00e1laszt\u00f3 bord\u00e1k vastags\u00e1ga: 3 mm<\/span><\/span><\/p>\n<p><span style=\"font-family: Open Sans, sans-serif;\"><span style=\"font-size: large;\"><b>Anyaga: <\/b>PE\/PP <b> UV-stabil, napf\u00e9ny- \u00e9s fagy\u00e1ll\u00f3<\/b><\/span><\/span><\/p>\n<p><span style=\"font-family: Open Sans, sans-serif;\"><span style=\"font-size: large;\"><b>S\u00falya:<\/b> 3,2 kg \/ m<sup>2 <\/sup><\/span><\/span><\/p>\n<p><span style=\"font-family: Open Sans, sans-serif;\"><span style=\"font-size: large;\"><b>Megoszl\u00f3 terhelhet\u0151s\u00e9g:<\/b> 100 tonna \/ m<sup>2<\/sup><\/span><\/span><\/p>\n<p>A megadott egys\u00e9g\u00e1r 1 db-ra \u00e9rtend\u0151.<\/p>\n<p><span style=\"font-family: Open Sans, sans-serif;\"><span style=\"font-size: large;\"><b>Haszn\u00e1lhat\u00f3:<\/b> <\/span><\/span><\/p>\n<p><span style=\"font-family: Open Sans, sans-serif;\"><span style=\"font-size: large;\"><span style=\"color: #000000;\">Instabil ter\u00fcletek meger\u0151s\u00edt\u00e9s\u00e9re<\/span>,<b> <\/b>lejt\u0151s ter\u00fcleteken, r\u00e9zs\u00fck\u00f6n a t\u00f6lt\u00e9sek meger\u0151s\u00edt\u00e9s\u00e9re, \u00e1rokban a f\u00f6ld megtart\u00e1s\u00e1ra, talajer\u00f3zi\u00f3 v\u00e9delm\u00e9ben, tavak fenek\u00e9n \u00e9s partj\u00e1n, \u00e9p\u00fcletek mellett a lejt\u0151s ter\u00fcletek v\u00edzelvezet\u00e9s\u00e9nek megold\u00e1s\u00e1ra \u00e9s az \u00e9p\u00fcletek v\u00e9delm\u00e9re. <\/span><\/span><\/p>\n<p><span style=\"font-family: Open Sans, sans-serif;\"><span style=\"font-size: large;\"><b>El\u0151nye:<\/b> Megfelel\u0151 lerak\u00e1s eset\u00e9n megtartja a f\u00f6ldet, megakad\u00e1lyozza, hogy a talaj lemos\u00f3djon<b>, <\/b>k\u00f6nnyen lerakhat\u00f3<\/span><\/span><\/p>\n<p><span style=\"font-family: Open Sans, sans-serif;\"><span style=\"font-size: large;\"><b>Lerak\u00e1si javaslat: <\/b> A fektet\u00e9s el\u0151tt a talajt megfelel\u0151en el\u0151 kell k\u00e9sz\u00edteni, egyenletess\u00e9 tenni, majd a gyepr\u00e1csokat \u00f6sszeillesztve lefektetni. Sz\u00fcks\u00e9g eset\u00e9n a lerak\u00e1s sor\u00e1n a talajhoz lesz\u00farhat\u00f3. <\/span><\/span><\/p>\n<p><span style=\"font-family: Open Sans, sans-serif;\"><span style=\"font-size: large;\">A gyepr\u00e1cs fektet\u00e9se ut\u00e1n az felt\u00f6lthet\u0151 f\u00f6lddel, vagy a f\u00f6ld \u00e9s f\u0171mag kever\u00e9k\u00e9vel. <\/span><\/span><\/p>\n<p><span style=\"font-family: Open Sans, sans-serif;\"><span style=\"font-size: large;\"><b>Mindig k\u00e9rje ki szakember v\u00e9lem\u00e9ny\u00e9t<\/b>, aki az adott ter\u00fclet a felhaszn\u00e1l\u00e1si c\u00e9l \u00e9s a szakma szab\u00e1lyainak ismeret\u00e9ben szakszer\u0171en telep\u00edti a gyepr\u00e1csot. A nem megfelel\u0151 lerak\u00e1sb\u00f3l ad\u00f3d\u00f3 k\u00e1rok\u00e9rt nem v\u00e1llalunk felel\u0151ss\u00e9get.<\/span><\/span><\/p>","protected":false},"excerpt":{"rendered":"<p><span style=\"font-family: Open Sans, sans-serif;\"><span style=\"font-size: large;\"><b>M\u00e9rete:<\/b> 60 * 40 * 4 cm \/ db<b> <\/b><\/span><\/span><\/p>\n<p><span style=\"font-family: Open Sans, sans-serif;\"><span style=\"font-size: large;\">4 db \/ m<sup>2<\/sup><\/span><\/span><\/p>\n<p><span style=\"font-family: Open Sans, sans-serif;\"><span style=\"font-size: large;\">Gyeph\u00e9zag m\u00e9rete: 6,5*6,5 cm<b> <\/b><\/span><\/span><\/p>\n<p><span style=\"font-family: Open Sans, sans-serif;\"><span style=\"font-size: large;\">Elv\u00e1laszt\u00f3 bord\u00e1k vastags\u00e1ga: 3 mm<\/span><\/span><\/p>\n<p><span style=\"font-family: Open Sans, sans-serif;\"><span style=\"font-size: large;\"><b>Anyaga: <\/b>PE\/PP <b> UV-stabil, napf\u00e9ny- \u00e9s fagy\u00e1ll\u00f3<\/b><\/span><\/span><\/p>\n<p><span style=\"font-family: Open Sans, sans-serif;\"><span style=\"font-size: large;\"><b>S\u00falya:<\/b> 3,2 kg \/ m<sup>2 <\/sup><\/span><\/span><\/p>\n<p><span style=\"font-family: Open Sans, sans-serif;\"><span style=\"font-size: large;\"><b>Megoszl\u00f3 terhelhet\u0151s\u00e9g:<\/b> 100 tonna \/ m<sup>2<\/sup><\/span><\/span><\/p>\n<p>A megadott egys\u00e9g\u00e1r 1 db-ra \u00e9rtend\u0151.<\/p>\n<p><span style=\"font-family: Open Sans, sans-serif;\"><span style=\"font-size: large;\"><b>Haszn\u00e1lhat\u00f3:<\/b> <\/span><\/span><\/p>\n<p><span style=\"font-family: Open Sans, sans-serif;\"><span style=\"font-size: large;\"><span style=\"color: #000000;\">Instabil ter\u00fcletek meger\u0151s\u00edt\u00e9s\u00e9re<\/span>,<b> <\/b>lejt\u0151s ter\u00fcleteken, r\u00e9zs\u00fck\u00f6n a t\u00f6lt\u00e9sek meger\u0151s\u00edt\u00e9s\u00e9re, \u00e1rokban a f\u00f6ld megtart\u00e1s\u00e1ra, talajer\u00f3zi\u00f3 v\u00e9delm\u00e9ben, tavak fenek\u00e9n \u00e9s partj\u00e1n, \u00e9p\u00fcletek mellett a lejt\u0151s ter\u00fcletek v\u00edzelvezet\u00e9s\u00e9nek megold\u00e1s\u00e1ra \u00e9s az \u00e9p\u00fcletek v\u00e9delm\u00e9re. <\/span><\/span><\/p>\n<p><span style=\"font-family: Open Sans, sans-serif;\"><span style=\"font-size: large;\"><b>El\u0151nye:<\/b> Megfelel\u0151 lerak\u00e1s eset\u00e9n megtartja a f\u00f6ldet, megakad\u00e1lyozza, hogy a talaj lemos\u00f3djon<b>, <\/b>k\u00f6nnyen lerakhat\u00f3<\/span><\/span><\/p>","protected":false},"featured_media":2101,"template":"","meta":[],"product_brand":[],"product_cat":[33],"product_tag":[],"class_list":{"0":"post-1932","1":"product","2":"type-product","3":"status-publish","4":"has-post-thumbnail","6":"product_cat-kerteszeti","7":"product_shipping_class-normal","9":"first","10":"instock","11":"taxable","12":"shipping-taxable","13":"purchasable","14":"product-type-simple"},"yoast_head":"<!-- This site is optimized with the Yoast SEO plugin v27.4 - https:\/\/yoast.com\/product\/yoast-seo-wordpress\/ -->\n<title>MELIOR\u00c1CI\u00d3S R\u00c1CS - Bauplast Kft.<\/title>\n<meta name=\"description\" content=\"MELIOR\u00c1CI\u00d3S R\u00c1CS aljzat er\u0151s\u00edt\u00e9sre, Megfelel\u0151 lerak\u00e1s eset\u00e9n megtartja a f\u00f6ldet, megakad\u00e1lyozza, hogy a talaj lemos\u00f3djon, k\u00f6nnyen lerakhat\u00f3\" \/>\n<meta name=\"robots\" content=\"index, follow, max-snippet:-1, max-image-preview:large, max-video-preview:-1\" \/>\n<link rel=\"canonical\" href=\"https:\/\/bauplast.hu\/en\/product\/melioracios-racs\/\" \/>\n<meta property=\"og:locale\" content=\"en_US\" \/>\n<meta property=\"og:type\" content=\"article\" \/>\n<meta property=\"og:title\" content=\"MELIOR\u00c1CI\u00d3S R\u00c1CS - Bauplast Kft.\" \/>\n<meta property=\"og:description\" content=\"MELIOR\u00c1CI\u00d3S R\u00c1CS aljzat er\u0151s\u00edt\u00e9sre, Megfelel\u0151 lerak\u00e1s eset\u00e9n megtartja a f\u00f6ldet, megakad\u00e1lyozza, hogy a talaj lemos\u00f3djon, k\u00f6nnyen lerakhat\u00f3\" \/>\n<meta property=\"og:url\" content=\"https:\/\/bauplast.hu\/en\/product\/melioracios-racs\/\" \/>\n<meta property=\"og:site_name\" content=\"Bauplast Kft.\" \/>\n<meta property=\"article:modified_time\" content=\"2026-03-17T13:38:34+00:00\" \/>\n<meta property=\"og:image\" content=\"https:\/\/bauplast.hu\/wp-content\/uploads\/2026\/03\/melioracios-racs-felulrol.jpg\" \/>\n\t<meta property=\"og:image:width\" content=\"1200\" \/>\n\t<meta property=\"og:image:height\" content=\"800\" \/>\n\t<meta property=\"og:image:type\" content=\"image\/jpeg\" \/>\n<meta name=\"twitter:card\" content=\"summary_large_image\" \/>\n<meta name=\"twitter:label1\" content=\"Est. reading time\" \/>\n\t<meta name=\"twitter:data1\" content=\"2 minutes\" \/>\n<script type=\"application\/ld+json\" class=\"yoast-schema-graph\">{\"@context\":\"https:\\\/\\\/schema.org\",\"@graph\":[{\"@type\":\"WebPage\",\"@id\":\"https:\\\/\\\/bauplast.hu\\\/termek\\\/melioracios-racs\\\/\",\"url\":\"https:\\\/\\\/bauplast.hu\\\/termek\\\/melioracios-racs\\\/\",\"name\":\"MELIOR\u00c1CI\u00d3S R\u00c1CS - Bauplast Kft.\",\"isPartOf\":{\"@id\":\"https:\\\/\\\/bauplast.hu\\\/#website\"},\"primaryImageOfPage\":{\"@id\":\"https:\\\/\\\/bauplast.hu\\\/termek\\\/melioracios-racs\\\/#primaryimage\"},\"image\":{\"@id\":\"https:\\\/\\\/bauplast.hu\\\/termek\\\/melioracios-racs\\\/#primaryimage\"},\"thumbnailUrl\":\"https:\\\/\\\/i0.wp.com\\\/bauplast.hu\\\/wp-content\\\/uploads\\\/2026\\\/03\\\/melioracios-racs-felulrol.jpg?fit=1200%2C800&ssl=1\",\"datePublished\":\"2026-03-03T11:56:21+00:00\",\"dateModified\":\"2026-03-17T13:38:34+00:00\",\"description\":\"MELIOR\u00c1CI\u00d3S R\u00c1CS aljzat er\u0151s\u00edt\u00e9sre, Megfelel\u0151 lerak\u00e1s eset\u00e9n megtartja a f\u00f6ldet, megakad\u00e1lyozza, hogy a talaj lemos\u00f3djon, k\u00f6nnyen lerakhat\u00f3\",\"breadcrumb\":{\"@id\":\"https:\\\/\\\/bauplast.hu\\\/termek\\\/melioracios-racs\\\/#breadcrumb\"},\"inLanguage\":\"en-US\",\"potentialAction\":[{\"@type\":\"ReadAction\",\"target\":[\"https:\\\/\\\/bauplast.hu\\\/termek\\\/melioracios-racs\\\/\"]}]},{\"@type\":\"ImageObject\",\"inLanguage\":\"en-US\",\"@id\":\"https:\\\/\\\/bauplast.hu\\\/termek\\\/melioracios-racs\\\/#primaryimage\",\"url\":\"https:\\\/\\\/i0.wp.com\\\/bauplast.hu\\\/wp-content\\\/uploads\\\/2026\\\/03\\\/melioracios-racs-felulrol.jpg?fit=1200%2C800&ssl=1\",\"contentUrl\":\"https:\\\/\\\/i0.wp.com\\\/bauplast.hu\\\/wp-content\\\/uploads\\\/2026\\\/03\\\/melioracios-racs-felulrol.jpg?fit=1200%2C800&ssl=1\",\"width\":1200,\"height\":800},{\"@type\":\"BreadcrumbList\",\"@id\":\"https:\\\/\\\/bauplast.hu\\\/termek\\\/melioracios-racs\\\/#breadcrumb\",\"itemListElement\":[{\"@type\":\"ListItem\",\"position\":1,\"name\":\"Kezd\u0151lap\",\"item\":\"https:\\\/\\\/bauplast.hu\\\/\"},{\"@type\":\"ListItem\",\"position\":2,\"name\":\"Web\u00e1ruh\u00e1z\",\"item\":\"https:\\\/\\\/bauplast.hu\\\/uzlet\\\/\"},{\"@type\":\"ListItem\",\"position\":3,\"name\":\"Kert\u00e9szeti term\u00e9kek\",\"item\":\"https:\\\/\\\/bauplast.hu\\\/termekkategoria\\\/kerteszeti\\\/\"},{\"@type\":\"ListItem\",\"position\":4,\"name\":\"MELIOR\u00c1CI\u00d3S R\u00c1CS\"}]},{\"@type\":\"WebSite\",\"@id\":\"https:\\\/\\\/bauplast.hu\\\/#website\",\"url\":\"https:\\\/\\\/bauplast.hu\\\/\",\"name\":\"Bauplast Kft.\",\"description\":\"m\u00fbanyag \u00e1gy\u00e1sszeg\u00e9ly, t\u00e9rk\u00f5szeg\u00e9ly, aljzatr\u00e1cs, gyepszeg\u00e9ly\",\"publisher\":{\"@id\":\"https:\\\/\\\/bauplast.hu\\\/#organization\"},\"potentialAction\":[{\"@type\":\"SearchAction\",\"target\":{\"@type\":\"EntryPoint\",\"urlTemplate\":\"https:\\\/\\\/bauplast.hu\\\/?s={search_term_string}\"},\"query-input\":{\"@type\":\"PropertyValueSpecification\",\"valueRequired\":true,\"valueName\":\"search_term_string\"}}],\"inLanguage\":\"en-US\"},{\"@type\":\"Organization\",\"@id\":\"https:\\\/\\\/bauplast.hu\\\/#organization\",\"name\":\"Bauplast Kft.\",\"url\":\"https:\\\/\\\/bauplast.hu\\\/\",\"logo\":{\"@type\":\"ImageObject\",\"inLanguage\":\"en-US\",\"@id\":\"https:\\\/\\\/bauplast.hu\\\/#\\\/schema\\\/logo\\\/image\\\/\",\"url\":\"https:\\\/\\\/i0.wp.com\\\/bauplast.hu\\\/wp-content\\\/uploads\\\/2026\\\/02\\\/Bau-logo_sarkok-atlatszo-scaled.png?fit=2450%2C2560&ssl=1\",\"contentUrl\":\"https:\\\/\\\/i0.wp.com\\\/bauplast.hu\\\/wp-content\\\/uploads\\\/2026\\\/02\\\/Bau-logo_sarkok-atlatszo-scaled.png?fit=2450%2C2560&ssl=1\",\"width\":2450,\"height\":2560,\"caption\":\"Bauplast Kft.\"},\"image\":{\"@id\":\"https:\\\/\\\/bauplast.hu\\\/#\\\/schema\\\/logo\\\/image\\\/\"}}]}<\/script>\n<!-- \/ Yoast SEO plugin. -->","yoast_head_json":{"title":"MELIOR\u00c1CI\u00d3S R\u00c1CS - Bauplast Kft.","description":"MELIOR\u00c1CI\u00d3S R\u00c1CS aljzat er\u0151s\u00edt\u00e9sre, Megfelel\u0151 lerak\u00e1s eset\u00e9n megtartja a f\u00f6ldet, megakad\u00e1lyozza, hogy a talaj lemos\u00f3djon, k\u00f6nnyen lerakhat\u00f3","robots":{"index":"index","follow":"follow","max-snippet":"max-snippet:-1","max-image-preview":"max-image-preview:large","max-video-preview":"max-video-preview:-1"},"canonical":"https:\/\/bauplast.hu\/en\/product\/melioracios-racs\/","og_locale":"en_US","og_type":"article","og_title":"MELIOR\u00c1CI\u00d3S R\u00c1CS - Bauplast Kft.","og_description":"MELIOR\u00c1CI\u00d3S R\u00c1CS aljzat er\u0151s\u00edt\u00e9sre, Megfelel\u0151 lerak\u00e1s eset\u00e9n megtartja a f\u00f6ldet, megakad\u00e1lyozza, hogy a talaj lemos\u00f3djon, k\u00f6nnyen lerakhat\u00f3","og_url":"https:\/\/bauplast.hu\/en\/product\/melioracios-racs\/","og_site_name":"Bauplast Kft.","article_modified_time":"2026-03-17T13:38:34+00:00","og_image":[{"width":1200,"height":800,"url":"https:\/\/bauplast.hu\/wp-content\/uploads\/2026\/03\/melioracios-racs-felulrol.jpg","type":"image\/jpeg"}],"twitter_card":"summary_large_image","twitter_misc":{"Est. reading time":"2 minutes"},"schema":{"@context":"https:\/\/schema.org","@graph":[{"@type":"WebPage","@id":"https:\/\/bauplast.hu\/termek\/melioracios-racs\/","url":"https:\/\/bauplast.hu\/termek\/melioracios-racs\/","name":"MELIOR\u00c1CI\u00d3S R\u00c1CS - Bauplast Kft.","isPartOf":{"@id":"https:\/\/bauplast.hu\/#website"},"primaryImageOfPage":{"@id":"https:\/\/bauplast.hu\/termek\/melioracios-racs\/#primaryimage"},"image":{"@id":"https:\/\/bauplast.hu\/termek\/melioracios-racs\/#primaryimage"},"thumbnailUrl":"https:\/\/i0.wp.com\/bauplast.hu\/wp-content\/uploads\/2026\/03\/melioracios-racs-felulrol.jpg?fit=1200%2C800&ssl=1","datePublished":"2026-03-03T11:56:21+00:00","dateModified":"2026-03-17T13:38:34+00:00","description":"MELIOR\u00c1CI\u00d3S R\u00c1CS aljzat er\u0151s\u00edt\u00e9sre, Megfelel\u0151 lerak\u00e1s eset\u00e9n megtartja a f\u00f6ldet, megakad\u00e1lyozza, hogy a talaj lemos\u00f3djon, k\u00f6nnyen lerakhat\u00f3","breadcrumb":{"@id":"https:\/\/bauplast.hu\/termek\/melioracios-racs\/#breadcrumb"},"inLanguage":"en-US","potentialAction":[{"@type":"ReadAction","target":["https:\/\/bauplast.hu\/termek\/melioracios-racs\/"]}]},{"@type":"ImageObject","inLanguage":"en-US","@id":"https:\/\/bauplast.hu\/termek\/melioracios-racs\/#primaryimage","url":"https:\/\/i0.wp.com\/bauplast.hu\/wp-content\/uploads\/2026\/03\/melioracios-racs-felulrol.jpg?fit=1200%2C800&ssl=1","contentUrl":"https:\/\/i0.wp.com\/bauplast.hu\/wp-content\/uploads\/2026\/03\/melioracios-racs-felulrol.jpg?fit=1200%2C800&ssl=1","width":1200,"height":800},{"@type":"BreadcrumbList","@id":"https:\/\/bauplast.hu\/termek\/melioracios-racs\/#breadcrumb","itemListElement":[{"@type":"ListItem","position":1,"name":"Kezd\u0151lap","item":"https:\/\/bauplast.hu\/"},{"@type":"ListItem","position":2,"name":"Web\u00e1ruh\u00e1z","item":"https:\/\/bauplast.hu\/uzlet\/"},{"@type":"ListItem","position":3,"name":"Kert\u00e9szeti term\u00e9kek","item":"https:\/\/bauplast.hu\/termekkategoria\/kerteszeti\/"},{"@type":"ListItem","position":4,"name":"MELIOR\u00c1CI\u00d3S R\u00c1CS"}]},{"@type":"WebSite","@id":"https:\/\/bauplast.hu\/#website","url":"https:\/\/bauplast.hu\/","name":"Bauplast Kft.","description":"m\u00fbanyag \u00e1gy\u00e1sszeg\u00e9ly, t\u00e9rk\u00f5szeg\u00e9ly, aljzatr\u00e1cs, gyepszeg\u00e9ly","publisher":{"@id":"https:\/\/bauplast.hu\/#organization"},"potentialAction":[{"@type":"SearchAction","target":{"@type":"EntryPoint","urlTemplate":"https:\/\/bauplast.hu\/?s={search_term_string}"},"query-input":{"@type":"PropertyValueSpecification","valueRequired":true,"valueName":"search_term_string"}}],"inLanguage":"en-US"},{"@type":"Organization","@id":"https:\/\/bauplast.hu\/#organization","name":"Bauplast Kft.","url":"https:\/\/bauplast.hu\/","logo":{"@type":"ImageObject","inLanguage":"en-US","@id":"https:\/\/bauplast.hu\/#\/schema\/logo\/image\/","url":"https:\/\/i0.wp.com\/bauplast.hu\/wp-content\/uploads\/2026\/02\/Bau-logo_sarkok-atlatszo-scaled.png?fit=2450%2C2560&ssl=1","contentUrl":"https:\/\/i0.wp.com\/bauplast.hu\/wp-content\/uploads\/2026\/02\/Bau-logo_sarkok-atlatszo-scaled.png?fit=2450%2C2560&ssl=1","width":2450,"height":2560,"caption":"Bauplast Kft."},"image":{"@id":"https:\/\/bauplast.hu\/#\/schema\/logo\/image\/"}}]}},"jetpack_sharing_enabled":true,"_links":{"self":[{"href":"https:\/\/bauplast.hu\/en\/wp-json\/wp\/v2\/product\/1932","targetHints":{"allow":["GET"]}}],"collection":[{"href":"https:\/\/bauplast.hu\/en\/wp-json\/wp\/v2\/product"}],"about":[{"href":"https:\/\/bauplast.hu\/en\/wp-json\/wp\/v2\/types\/product"}],"version-history":[{"count":0,"href":"https:\/\/bauplast.hu\/en\/wp-json\/wp\/v2\/product\/1932\/revisions"}],"wp:featuredmedia":[{"embeddable":true,"href":"https:\/\/bauplast.hu\/en\/wp-json\/wp\/v2\/media\/2101"}],"wp:attachment":[{"href":"https:\/\/bauplast.hu\/en\/wp-json\/wp\/v2\/media?parent=1932"}],"wp:term":[{"taxonomy":"product_brand","embeddable":true,"href":"https:\/\/bauplast.hu\/en\/wp-json\/wp\/v2\/product_brand?post=1932"},{"taxonomy":"product_cat","embeddable":true,"href":"https:\/\/bauplast.hu\/en\/wp-json\/wp\/v2\/product_cat?post=1932"},{"taxonomy":"product_tag","embeddable":true,"href":"https:\/\/bauplast.hu\/en\/wp-json\/wp\/v2\/product_tag?post=1932"}],"curies":[{"name":"wp","href":"https:\/\/api.w.org\/{rel}","templated":true}]}}