{"id":1919,"date":"2026-03-03T12:46:34","date_gmt":"2026-03-03T11:46:34","guid":{"rendered":"https:\/\/bauplast.hu\/?post_type=product&#038;p=1919"},"modified":"2026-03-06T13:10:18","modified_gmt":"2026-03-06T12:10:18","slug":"gyepracs-4","status":"publish","type":"product","link":"https:\/\/bauplast.hu\/en\/product\/gyepracs-4\/","title":{"rendered":"GYEPR\u00c1CS 4"},"content":{"rendered":"<p><span style=\"font-family: Open Sans, sans-serif;\"><span style=\"font-size: large;\"><b>M\u00e9rete:<\/b> 50 * 50 * 4 cm \/ db<b> <\/b><\/span><\/span><\/p>\n<p><span style=\"font-family: Open Sans, sans-serif;\"><span style=\"font-size: large;\">4 db \/ m<sup>2<\/sup><\/span><\/span><\/p>\n<p><span style=\"font-family: Open Sans, sans-serif;\"><span style=\"font-size: large;\">Gyeph\u00e9zag m\u00e9rete: 6,5*6,5 cm<\/span><\/span><\/p>\n<p><span style=\"font-family: Open Sans, sans-serif;\"><span style=\"font-size: large;\"><b> <\/b>Elv\u00e1laszt\u00f3 bord\u00e1k vastags\u00e1ga: 3 mm<\/span><\/span><\/p>\n<p><span style=\"font-family: Open Sans, sans-serif;\"><span style=\"font-size: large;\"><b>Anyaga: <\/b>PE\/PP <b> UV-stabil, napf\u00e9ny- \u00e9s fagy\u00e1ll\u00f3<\/b><\/span><\/span><\/p>\n<p><span style=\"font-family: Open Sans, sans-serif;\"><span style=\"font-size: large;\"><b>S\u00falya:<\/b> 5,6 kg \/ m<sup>2 <\/sup><\/span><\/span><\/p>\n<p><span style=\"font-family: Open Sans, sans-serif;\"><span style=\"font-size: large;\"><b>Megoszl\u00f3 terhelhet\u0151s\u00e9g:<\/b> 250 tonna \/ m<sup>2<\/sup><\/span><\/span><\/p>\n<p>A megadott egys\u00e9g\u00e1r 1 db-ra \u00e9rtend\u0151.<\/p>\n<p><span style=\"font-family: Open Sans, sans-serif;\"><span style=\"font-size: large;\"><b>Haszn\u00e1lhat\u00f3:<\/b> <\/span><\/span><\/p>\n<p><span style=\"font-family: Open Sans, sans-serif;\"><span style=\"font-size: large;\"><span style=\"color: #000000;\">parkol\u00f3k, <\/span>kapubej\u00e1r\u00f3k, gar\u00e1zsbej\u00e1r\u00f3k, bels\u0151 utak, <span style=\"color: #000000;\">parkok, erdei utak, <\/span><span style=\"color: #000000;\"> s\u00e9ta- \u00e9s ker\u00e9kp\u00e1r-utak, <\/span><\/span><\/span><span style=\"font-family: Open Sans, sans-serif;\"><span style=\"font-size: large;\"><span style=\"color: #000000;\">fut\u00f3p\u00e1ly\u00e1k<\/span><span style=\"color: #000000;\">, <\/span><span style=\"color: #000000;\">kemping ter\u00fclet<\/span><span style=\"color: #000000;\">, szabadid\u0151s ter\u00fclet, j\u00e1tsz\u00f3terek, <\/span><span style=\"color: #000000;\">kutyah\u00e1zak k\u00f6r\u00e9, sz\u00fcks\u00e9g-utak, <\/span><span style=\"color: #000000;\">be\u00e9p\u00edt\u00e9s\u00e9hez.<\/span><\/span><\/span><\/p>\n<p><span style=\"font-family: Open Sans, sans-serif;\"><span style=\"font-size: large;\"><b>El\u0151nye:<\/b> Megfelel\u0151 lerak\u00e1s eset\u00e9n a f\u0171 nem sz\u00e1rad ki benne, k\u00f6nnyen lerakhat\u00f3, az \u00f6nt\u00f6z\u0151rendszer al\u00e1\u00e9p\u00edthet\u0151. <\/span><\/span><\/p>\n<p><span style=\"font-family: Open Sans, sans-serif;\"><span style=\"font-size: large;\">A be\u00e9p\u00edtett gyepr\u00e1cs elvezeti a vizet, elker\u00fclhet\u0151 a nyoms\u00e1v bes\u00fcllyed\u00e9se, stabil, egybef\u00fcgg\u0151 ter\u00fcletet k\u00e9pez. <\/span><\/span><\/p>\n<p><span style=\"font-family: Open Sans, sans-serif;\"><span style=\"font-size: large;\"><b>Lerak\u00e1si javaslat: <\/b> A fektet\u00e9s el\u0151tt a talajt megfelel\u0151 m\u00e9lys\u00e9gben ( \u00e1tlagosan 10-15 cm ) v\u00edzszintezve ki kell szedni \u00e9s apr\u00f3 kaviccsal vagy murv\u00e1val fel kell t\u00f6lteni \u00e9s bet\u00f6m\u00f6r\u00edteni. Javasolt a geotext\u00edlia haszn\u00e1lata. A gyepr\u00e1csot sorba f\u0171zve lehet lefektetni \u00e9s az \u00f6sszefog\u00f3 t\u00fcsk\u00e9kkel ( ami a r\u00e1cs tartoz\u00e9ka ) r\u00f6gz\u00edteni. A k\u00e9sz ter\u00fclet felt\u00f6lthet\u0151 f\u00f6lddel, majd a f\u00f6ld \u00e9s f\u0171mag kever\u00e9k\u00e9vel \u00fagy, hogy a felt\u00f6lt\u00e9s a gyepr\u00e1cs fels\u0151 sz\u00e9l\u00e9vel szintben legyen, \u00edgy az \u00f6nt\u00f6z\u00e9s ut\u00e1n a f\u0171 a gyepr\u00e1cs sz\u00e9le alatt fog kin\u0151ni \u00e9s elker\u00fclhet\u0151 a f\u0171 csom\u00f3sod\u00e1sa. <\/span><\/span><\/p>\n<p><span style=\"font-family: Open Sans, sans-serif;\"><span style=\"font-size: large;\"><b>Mindig k\u00e9rje ki szakember v\u00e9lem\u00e9ny\u00e9t<\/b>, aki az adott ter\u00fclet a felhaszn\u00e1l\u00e1si c\u00e9l \u00e9s a szakma szab\u00e1lyainak ismeret\u00e9ben szakszer\u0171en telep\u00edti a gyepr\u00e1csot. A nem megfelel\u0151 lerak\u00e1sb\u00f3l ad\u00f3d\u00f3 k\u00e1rok\u00e9rt nem v\u00e1llalunk felel\u0151ss\u00e9get.<\/span><\/span><\/p>","protected":false},"excerpt":{"rendered":"<p><span style=\"font-family: Open Sans, sans-serif;\"><span style=\"font-size: large;\"><b>M\u00e9rete:<\/b> 50 * 50 * 4 cm \/ db<b> <\/b><\/span><\/span><\/p>\n<p><span style=\"font-family: Open Sans, sans-serif;\"><span style=\"font-size: large;\">4 db \/ m<sup>2<\/sup><\/span><\/span><\/p>\n<p><span style=\"font-family: Open Sans, sans-serif;\"><span style=\"font-size: large;\">Gyeph\u00e9zag m\u00e9rete: 6,5*6,5 cm<b> <\/b><\/span><\/span><\/p>\n<p><span style=\"font-family: Open Sans, sans-serif;\"><span style=\"font-size: large;\">Elv\u00e1laszt\u00f3 bord\u00e1k vastags\u00e1ga: 3 mm<\/span><\/span><\/p>\n<p><span style=\"font-family: Open Sans, sans-serif;\"><span style=\"font-size: large;\"><b>Anyaga: <\/b>PE\/PP <b> UV-stabil, napf\u00e9ny- \u00e9s fagy\u00e1ll\u00f3<\/b><\/span><\/span><\/p>\n<p>A megadott \u00e1r 1 db-ra \u00e9rtend\u0151.<\/p>\n<p><span style=\"font-family: Open Sans, sans-serif;\"><span style=\"font-size: large;\"><b>S\u00falya:<\/b> 5,6 kg \/ m<sup>2 <\/sup><\/span><\/span><\/p>\n<p><span style=\"font-family: Open Sans, sans-serif;\"><span style=\"font-size: large;\"><b>Megoszl\u00f3 terhelhet\u0151s\u00e9g:<\/b> 250 tonna \/ m<sup>2 <\/sup><\/span><\/span><\/p>\n<p><span style=\"font-family: Open Sans, sans-serif;\"><span style=\"font-size: large;\"><b>Haszn\u00e1lhat\u00f3:<\/b> <\/span><\/span><\/p>\n<p><span style=\"font-family: Open Sans, sans-serif;\"><span style=\"font-size: large;\"><span style=\"color: #000000;\">parkol\u00f3k, <\/span>kapubej\u00e1r\u00f3k, gar\u00e1zsbej\u00e1r\u00f3k, bels\u0151 utak, <span style=\"color: #000000;\">parkok, erdei utak, <\/span><span style=\"color: #000000;\"> s\u00e9ta- \u00e9s ker\u00e9kp\u00e1r-utak, <\/span><\/span><\/span><span style=\"font-family: Open Sans, sans-serif;\"><span style=\"font-size: large;\"><span style=\"color: #000000;\">fut\u00f3p\u00e1ly\u00e1k<\/span><span style=\"color: #000000;\">, <\/span><span style=\"color: #000000;\">kemping ter\u00fclet<\/span><span style=\"color: #000000;\">, szabadid\u0151s ter\u00fclet, j\u00e1tsz\u00f3terek, <\/span><span style=\"color: #000000;\">kutyah\u00e1zak k\u00f6r\u00e9, sz\u00fcks\u00e9g-utak, <\/span><span style=\"color: #000000;\">be\u00e9p\u00edt\u00e9s\u00e9hez.<\/span><\/span><\/span><\/p>\n<p><span style=\"font-family: Open Sans, sans-serif;\"><span style=\"font-size: large;\"><b>El\u0151nye:<\/b> Megfelel\u0151 lerak\u00e1s eset\u00e9n a f\u0171 nem sz\u00e1rad ki benne, k\u00f6nnyen lerakhat\u00f3, az \u00f6nt\u00f6z\u0151rendszer al\u00e1\u00e9p\u00edthet\u0151. <\/span><\/span><\/p>\n<p><span style=\"font-family: Open Sans, sans-serif;\"><span style=\"font-size: large;\">A be\u00e9p\u00edtett gyepr\u00e1cs elvezeti a vizet, elker\u00fclhet\u0151 a nyoms\u00e1v bes\u00fcllyed\u00e9se, stabil, egybef\u00fcgg\u0151 ter\u00fcletet k\u00e9pez.<\/span><\/span><\/p>","protected":false},"featured_media":2092,"template":"","meta":[],"product_brand":[],"product_cat":[33],"product_tag":[],"class_list":{"0":"post-1919","1":"product","2":"type-product","3":"status-publish","4":"has-post-thumbnail","6":"product_cat-kerteszeti","7":"product_shipping_class-normal","9":"first","10":"instock","11":"taxable","12":"shipping-taxable","13":"purchasable","14":"product-type-simple"},"yoast_head":"<!-- This site is optimized with the Yoast SEO plugin v27.4 - https:\/\/yoast.com\/product\/yoast-seo-wordpress\/ -->\n<title>GYEPR\u00c1CS 4 - Bauplast Kft.<\/title>\n<meta name=\"description\" content=\"parkol\u00f3k, kapubej\u00e1r\u00f3k, gar\u00e1zsbej\u00e1r\u00f3k, bels\u0151 utak, parkok, erdei utak, s\u00e9ta- \u00e9s ker\u00e9kp\u00e1r-utak,fut\u00f3p\u00e1ly\u00e1k, kemping ter\u00fclet, szabadid\u0151s ter\u00fclet, j\u00e1tsz\u00f3terek, kutyah\u00e1zak k\u00f6r\u00e9, sz\u00fcks\u00e9g-utak, be\u00e9p\u00edt\u00e9s\u00e9hez.\" \/>\n<meta name=\"robots\" content=\"index, follow, max-snippet:-1, max-image-preview:large, max-video-preview:-1\" \/>\n<link rel=\"canonical\" href=\"https:\/\/bauplast.hu\/en\/product\/gyepracs-4\/\" \/>\n<meta property=\"og:locale\" content=\"en_US\" \/>\n<meta property=\"og:type\" content=\"article\" \/>\n<meta property=\"og:title\" content=\"GYEPR\u00c1CS 4 - Bauplast Kft.\" \/>\n<meta property=\"og:description\" content=\"parkol\u00f3k, kapubej\u00e1r\u00f3k, gar\u00e1zsbej\u00e1r\u00f3k, bels\u0151 utak, parkok, erdei utak, s\u00e9ta- \u00e9s ker\u00e9kp\u00e1r-utak,fut\u00f3p\u00e1ly\u00e1k, kemping ter\u00fclet, szabadid\u0151s ter\u00fclet, j\u00e1tsz\u00f3terek, kutyah\u00e1zak k\u00f6r\u00e9, sz\u00fcks\u00e9g-utak, be\u00e9p\u00edt\u00e9s\u00e9hez.\" \/>\n<meta property=\"og:url\" content=\"https:\/\/bauplast.hu\/en\/product\/gyepracs-4\/\" \/>\n<meta property=\"og:site_name\" content=\"Bauplast Kft.\" \/>\n<meta property=\"article:modified_time\" content=\"2026-03-06T12:10:18+00:00\" \/>\n<meta property=\"og:image\" content=\"https:\/\/bauplast.hu\/wp-content\/uploads\/2026\/03\/gyepracs-4-felulrol.jpg\" \/>\n\t<meta property=\"og:image:width\" content=\"1200\" \/>\n\t<meta property=\"og:image:height\" content=\"1200\" \/>\n\t<meta property=\"og:image:type\" content=\"image\/jpeg\" \/>\n<meta name=\"twitter:card\" content=\"summary_large_image\" \/>\n<meta name=\"twitter:label1\" content=\"Est. reading time\" \/>\n\t<meta name=\"twitter:data1\" content=\"2 minutes\" \/>\n<script type=\"application\/ld+json\" class=\"yoast-schema-graph\">{\"@context\":\"https:\\\/\\\/schema.org\",\"@graph\":[{\"@type\":\"WebPage\",\"@id\":\"https:\\\/\\\/bauplast.hu\\\/termek\\\/gyepracs-4\\\/\",\"url\":\"https:\\\/\\\/bauplast.hu\\\/termek\\\/gyepracs-4\\\/\",\"name\":\"GYEPR\u00c1CS 4 - Bauplast Kft.\",\"isPartOf\":{\"@id\":\"https:\\\/\\\/bauplast.hu\\\/#website\"},\"primaryImageOfPage\":{\"@id\":\"https:\\\/\\\/bauplast.hu\\\/termek\\\/gyepracs-4\\\/#primaryimage\"},\"image\":{\"@id\":\"https:\\\/\\\/bauplast.hu\\\/termek\\\/gyepracs-4\\\/#primaryimage\"},\"thumbnailUrl\":\"https:\\\/\\\/i0.wp.com\\\/bauplast.hu\\\/wp-content\\\/uploads\\\/2026\\\/03\\\/gyepracs-4-felulrol.jpg?fit=1200%2C1200&ssl=1\",\"datePublished\":\"2026-03-03T11:46:34+00:00\",\"dateModified\":\"2026-03-06T12:10:18+00:00\",\"description\":\"parkol\u00f3k, kapubej\u00e1r\u00f3k, gar\u00e1zsbej\u00e1r\u00f3k, bels\u0151 utak, parkok, erdei utak, s\u00e9ta- \u00e9s ker\u00e9kp\u00e1r-utak,fut\u00f3p\u00e1ly\u00e1k, kemping ter\u00fclet, szabadid\u0151s ter\u00fclet, j\u00e1tsz\u00f3terek, kutyah\u00e1zak k\u00f6r\u00e9, sz\u00fcks\u00e9g-utak, be\u00e9p\u00edt\u00e9s\u00e9hez.\",\"breadcrumb\":{\"@id\":\"https:\\\/\\\/bauplast.hu\\\/termek\\\/gyepracs-4\\\/#breadcrumb\"},\"inLanguage\":\"en-US\",\"potentialAction\":[{\"@type\":\"ReadAction\",\"target\":[\"https:\\\/\\\/bauplast.hu\\\/termek\\\/gyepracs-4\\\/\"]}]},{\"@type\":\"ImageObject\",\"inLanguage\":\"en-US\",\"@id\":\"https:\\\/\\\/bauplast.hu\\\/termek\\\/gyepracs-4\\\/#primaryimage\",\"url\":\"https:\\\/\\\/i0.wp.com\\\/bauplast.hu\\\/wp-content\\\/uploads\\\/2026\\\/03\\\/gyepracs-4-felulrol.jpg?fit=1200%2C1200&ssl=1\",\"contentUrl\":\"https:\\\/\\\/i0.wp.com\\\/bauplast.hu\\\/wp-content\\\/uploads\\\/2026\\\/03\\\/gyepracs-4-felulrol.jpg?fit=1200%2C1200&ssl=1\",\"width\":1200,\"height\":1200},{\"@type\":\"BreadcrumbList\",\"@id\":\"https:\\\/\\\/bauplast.hu\\\/termek\\\/gyepracs-4\\\/#breadcrumb\",\"itemListElement\":[{\"@type\":\"ListItem\",\"position\":1,\"name\":\"Kezd\u0151lap\",\"item\":\"https:\\\/\\\/bauplast.hu\\\/\"},{\"@type\":\"ListItem\",\"position\":2,\"name\":\"Web\u00e1ruh\u00e1z\",\"item\":\"https:\\\/\\\/bauplast.hu\\\/uzlet\\\/\"},{\"@type\":\"ListItem\",\"position\":3,\"name\":\"Kert\u00e9szeti term\u00e9kek\",\"item\":\"https:\\\/\\\/bauplast.hu\\\/termekkategoria\\\/kerteszeti\\\/\"},{\"@type\":\"ListItem\",\"position\":4,\"name\":\"GYEPR\u00c1CS 4\"}]},{\"@type\":\"WebSite\",\"@id\":\"https:\\\/\\\/bauplast.hu\\\/#website\",\"url\":\"https:\\\/\\\/bauplast.hu\\\/\",\"name\":\"Bauplast Kft.\",\"description\":\"m\u00fbanyag \u00e1gy\u00e1sszeg\u00e9ly, t\u00e9rk\u00f5szeg\u00e9ly, aljzatr\u00e1cs, gyepszeg\u00e9ly\",\"publisher\":{\"@id\":\"https:\\\/\\\/bauplast.hu\\\/#organization\"},\"potentialAction\":[{\"@type\":\"SearchAction\",\"target\":{\"@type\":\"EntryPoint\",\"urlTemplate\":\"https:\\\/\\\/bauplast.hu\\\/?s={search_term_string}\"},\"query-input\":{\"@type\":\"PropertyValueSpecification\",\"valueRequired\":true,\"valueName\":\"search_term_string\"}}],\"inLanguage\":\"en-US\"},{\"@type\":\"Organization\",\"@id\":\"https:\\\/\\\/bauplast.hu\\\/#organization\",\"name\":\"Bauplast Kft.\",\"url\":\"https:\\\/\\\/bauplast.hu\\\/\",\"logo\":{\"@type\":\"ImageObject\",\"inLanguage\":\"en-US\",\"@id\":\"https:\\\/\\\/bauplast.hu\\\/#\\\/schema\\\/logo\\\/image\\\/\",\"url\":\"https:\\\/\\\/i0.wp.com\\\/bauplast.hu\\\/wp-content\\\/uploads\\\/2026\\\/02\\\/Bau-logo_sarkok-atlatszo-scaled.png?fit=2450%2C2560&ssl=1\",\"contentUrl\":\"https:\\\/\\\/i0.wp.com\\\/bauplast.hu\\\/wp-content\\\/uploads\\\/2026\\\/02\\\/Bau-logo_sarkok-atlatszo-scaled.png?fit=2450%2C2560&ssl=1\",\"width\":2450,\"height\":2560,\"caption\":\"Bauplast Kft.\"},\"image\":{\"@id\":\"https:\\\/\\\/bauplast.hu\\\/#\\\/schema\\\/logo\\\/image\\\/\"}}]}<\/script>\n<!-- \/ Yoast SEO plugin. -->","yoast_head_json":{"title":"GYEPR\u00c1CS 4 - Bauplast Kft.","description":"parkol\u00f3k, kapubej\u00e1r\u00f3k, gar\u00e1zsbej\u00e1r\u00f3k, bels\u0151 utak, parkok, erdei utak, s\u00e9ta- \u00e9s ker\u00e9kp\u00e1r-utak,fut\u00f3p\u00e1ly\u00e1k, kemping ter\u00fclet, szabadid\u0151s ter\u00fclet, j\u00e1tsz\u00f3terek, kutyah\u00e1zak k\u00f6r\u00e9, sz\u00fcks\u00e9g-utak, be\u00e9p\u00edt\u00e9s\u00e9hez.","robots":{"index":"index","follow":"follow","max-snippet":"max-snippet:-1","max-image-preview":"max-image-preview:large","max-video-preview":"max-video-preview:-1"},"canonical":"https:\/\/bauplast.hu\/en\/product\/gyepracs-4\/","og_locale":"en_US","og_type":"article","og_title":"GYEPR\u00c1CS 4 - Bauplast Kft.","og_description":"parkol\u00f3k, kapubej\u00e1r\u00f3k, gar\u00e1zsbej\u00e1r\u00f3k, bels\u0151 utak, parkok, erdei utak, s\u00e9ta- \u00e9s ker\u00e9kp\u00e1r-utak,fut\u00f3p\u00e1ly\u00e1k, kemping ter\u00fclet, szabadid\u0151s ter\u00fclet, j\u00e1tsz\u00f3terek, kutyah\u00e1zak k\u00f6r\u00e9, sz\u00fcks\u00e9g-utak, be\u00e9p\u00edt\u00e9s\u00e9hez.","og_url":"https:\/\/bauplast.hu\/en\/product\/gyepracs-4\/","og_site_name":"Bauplast Kft.","article_modified_time":"2026-03-06T12:10:18+00:00","og_image":[{"width":1200,"height":1200,"url":"https:\/\/bauplast.hu\/wp-content\/uploads\/2026\/03\/gyepracs-4-felulrol.jpg","type":"image\/jpeg"}],"twitter_card":"summary_large_image","twitter_misc":{"Est. reading time":"2 minutes"},"schema":{"@context":"https:\/\/schema.org","@graph":[{"@type":"WebPage","@id":"https:\/\/bauplast.hu\/termek\/gyepracs-4\/","url":"https:\/\/bauplast.hu\/termek\/gyepracs-4\/","name":"GYEPR\u00c1CS 4 - Bauplast Kft.","isPartOf":{"@id":"https:\/\/bauplast.hu\/#website"},"primaryImageOfPage":{"@id":"https:\/\/bauplast.hu\/termek\/gyepracs-4\/#primaryimage"},"image":{"@id":"https:\/\/bauplast.hu\/termek\/gyepracs-4\/#primaryimage"},"thumbnailUrl":"https:\/\/i0.wp.com\/bauplast.hu\/wp-content\/uploads\/2026\/03\/gyepracs-4-felulrol.jpg?fit=1200%2C1200&ssl=1","datePublished":"2026-03-03T11:46:34+00:00","dateModified":"2026-03-06T12:10:18+00:00","description":"parkol\u00f3k, kapubej\u00e1r\u00f3k, gar\u00e1zsbej\u00e1r\u00f3k, bels\u0151 utak, parkok, erdei utak, s\u00e9ta- \u00e9s ker\u00e9kp\u00e1r-utak,fut\u00f3p\u00e1ly\u00e1k, kemping ter\u00fclet, szabadid\u0151s ter\u00fclet, j\u00e1tsz\u00f3terek, kutyah\u00e1zak k\u00f6r\u00e9, sz\u00fcks\u00e9g-utak, be\u00e9p\u00edt\u00e9s\u00e9hez.","breadcrumb":{"@id":"https:\/\/bauplast.hu\/termek\/gyepracs-4\/#breadcrumb"},"inLanguage":"en-US","potentialAction":[{"@type":"ReadAction","target":["https:\/\/bauplast.hu\/termek\/gyepracs-4\/"]}]},{"@type":"ImageObject","inLanguage":"en-US","@id":"https:\/\/bauplast.hu\/termek\/gyepracs-4\/#primaryimage","url":"https:\/\/i0.wp.com\/bauplast.hu\/wp-content\/uploads\/2026\/03\/gyepracs-4-felulrol.jpg?fit=1200%2C1200&ssl=1","contentUrl":"https:\/\/i0.wp.com\/bauplast.hu\/wp-content\/uploads\/2026\/03\/gyepracs-4-felulrol.jpg?fit=1200%2C1200&ssl=1","width":1200,"height":1200},{"@type":"BreadcrumbList","@id":"https:\/\/bauplast.hu\/termek\/gyepracs-4\/#breadcrumb","itemListElement":[{"@type":"ListItem","position":1,"name":"Kezd\u0151lap","item":"https:\/\/bauplast.hu\/"},{"@type":"ListItem","position":2,"name":"Web\u00e1ruh\u00e1z","item":"https:\/\/bauplast.hu\/uzlet\/"},{"@type":"ListItem","position":3,"name":"Kert\u00e9szeti term\u00e9kek","item":"https:\/\/bauplast.hu\/termekkategoria\/kerteszeti\/"},{"@type":"ListItem","position":4,"name":"GYEPR\u00c1CS 4"}]},{"@type":"WebSite","@id":"https:\/\/bauplast.hu\/#website","url":"https:\/\/bauplast.hu\/","name":"Bauplast Kft.","description":"m\u00fbanyag \u00e1gy\u00e1sszeg\u00e9ly, t\u00e9rk\u00f5szeg\u00e9ly, aljzatr\u00e1cs, gyepszeg\u00e9ly","publisher":{"@id":"https:\/\/bauplast.hu\/#organization"},"potentialAction":[{"@type":"SearchAction","target":{"@type":"EntryPoint","urlTemplate":"https:\/\/bauplast.hu\/?s={search_term_string}"},"query-input":{"@type":"PropertyValueSpecification","valueRequired":true,"valueName":"search_term_string"}}],"inLanguage":"en-US"},{"@type":"Organization","@id":"https:\/\/bauplast.hu\/#organization","name":"Bauplast Kft.","url":"https:\/\/bauplast.hu\/","logo":{"@type":"ImageObject","inLanguage":"en-US","@id":"https:\/\/bauplast.hu\/#\/schema\/logo\/image\/","url":"https:\/\/i0.wp.com\/bauplast.hu\/wp-content\/uploads\/2026\/02\/Bau-logo_sarkok-atlatszo-scaled.png?fit=2450%2C2560&ssl=1","contentUrl":"https:\/\/i0.wp.com\/bauplast.hu\/wp-content\/uploads\/2026\/02\/Bau-logo_sarkok-atlatszo-scaled.png?fit=2450%2C2560&ssl=1","width":2450,"height":2560,"caption":"Bauplast Kft."},"image":{"@id":"https:\/\/bauplast.hu\/#\/schema\/logo\/image\/"}}]}},"jetpack_sharing_enabled":true,"_links":{"self":[{"href":"https:\/\/bauplast.hu\/en\/wp-json\/wp\/v2\/product\/1919","targetHints":{"allow":["GET"]}}],"collection":[{"href":"https:\/\/bauplast.hu\/en\/wp-json\/wp\/v2\/product"}],"about":[{"href":"https:\/\/bauplast.hu\/en\/wp-json\/wp\/v2\/types\/product"}],"version-history":[{"count":0,"href":"https:\/\/bauplast.hu\/en\/wp-json\/wp\/v2\/product\/1919\/revisions"}],"wp:featuredmedia":[{"embeddable":true,"href":"https:\/\/bauplast.hu\/en\/wp-json\/wp\/v2\/media\/2092"}],"wp:attachment":[{"href":"https:\/\/bauplast.hu\/en\/wp-json\/wp\/v2\/media?parent=1919"}],"wp:term":[{"taxonomy":"product_brand","embeddable":true,"href":"https:\/\/bauplast.hu\/en\/wp-json\/wp\/v2\/product_brand?post=1919"},{"taxonomy":"product_cat","embeddable":true,"href":"https:\/\/bauplast.hu\/en\/wp-json\/wp\/v2\/product_cat?post=1919"},{"taxonomy":"product_tag","embeddable":true,"href":"https:\/\/bauplast.hu\/en\/wp-json\/wp\/v2\/product_tag?post=1919"}],"curies":[{"name":"wp","href":"https:\/\/api.w.org\/{rel}","templated":true}]}}