{"id":1900,"date":"2026-03-03T12:28:39","date_gmt":"2026-03-03T11:28:39","guid":{"rendered":"https:\/\/bauplast.hu\/?post_type=product&#038;p=1900"},"modified":"2026-03-05T09:48:28","modified_gmt":"2026-03-05T08:48:28","slug":"fem-toldo-bambuszszegelyhez-parban","status":"publish","type":"product","link":"https:\/\/bauplast.hu\/en\/product\/fem-toldo-bambuszszegelyhez-parban\/","title":{"rendered":"F\u00c9M TOLD\u00d3 bambuszszeg\u00e9lyhez (p\u00e1rban)"},"content":{"rendered":"<p><span style=\"font-family: Open Sans, sans-serif;\"><span style=\"font-size: large;\"><b>Anyaga: <\/b>horganyzott f\u00e9mlemez<b> <\/b><\/span><\/span><\/p>\n<p>Az egys\u00e9g\u00e1r 1 p\u00e1rra \u00e9rtend\u0151.<\/p>\n<p><strong>Bambuszszeg\u00e9lyhez, ez\u00e9rt a told\u00f3 t\u00edpust a bambuszszeg\u00e9ly m\u00e9rete alapj\u00e1n k\u00e9rj\u00fck kiv\u00e1lasztani.<\/strong><\/p>","protected":false},"excerpt":{"rendered":"<p><span style=\"font-family: Open Sans, sans-serif;\"><span style=\"font-size: large;\"><b>Anyaga: <\/b>horganyzott f\u00e9mlemez<b> <\/b><\/span><\/span><\/p>\n<p>Az egys\u00e9g\u00e1r 1 p\u00e1rra \u00e9rtend\u0151.<\/p>\n<p><strong>Bambuszszeg\u00e9lyhez, ez\u00e9rt a told\u00f3 t\u00edpust a bambuszszeg\u00e9ly m\u00e9rete alapj\u00e1n k\u00e9rj\u00fck kiv\u00e1lasztani.<\/strong><\/p>","protected":false},"featured_media":2074,"template":"","meta":[],"product_brand":[],"product_cat":[33],"product_tag":[],"class_list":{"0":"post-1900","1":"product","2":"type-product","3":"status-publish","4":"has-post-thumbnail","6":"product_cat-kerteszeti","8":"first","9":"instock","10":"taxable","11":"shipping-taxable","12":"purchasable","13":"product-type-variable"},"yoast_head":"<!-- This site is optimized with the Yoast SEO plugin v27.4 - https:\/\/yoast.com\/product\/yoast-seo-wordpress\/ -->\n<title>F\u00c9M TOLD\u00d3 bambuszszeg\u00e9lyhez (p\u00e1rban) - Bauplast Kft.<\/title>\n<meta name=\"description\" content=\"F\u00c9M TOLD\u00d3 bambuszszeg\u00e9lyhez (p\u00e1rban)\" \/>\n<meta name=\"robots\" content=\"index, follow, max-snippet:-1, max-image-preview:large, max-video-preview:-1\" \/>\n<link rel=\"canonical\" href=\"https:\/\/bauplast.hu\/en\/product\/fem-toldo-bambuszszegelyhez-parban\/\" \/>\n<meta property=\"og:locale\" content=\"en_US\" \/>\n<meta property=\"og:type\" content=\"article\" \/>\n<meta property=\"og:title\" content=\"F\u00c9M TOLD\u00d3 bambuszszeg\u00e9lyhez (p\u00e1rban) - Bauplast Kft.\" \/>\n<meta property=\"og:description\" content=\"F\u00c9M TOLD\u00d3 bambuszszeg\u00e9lyhez (p\u00e1rban)\" \/>\n<meta property=\"og:url\" content=\"https:\/\/bauplast.hu\/en\/product\/fem-toldo-bambuszszegelyhez-parban\/\" \/>\n<meta property=\"og:site_name\" content=\"Bauplast Kft.\" \/>\n<meta property=\"article:modified_time\" content=\"2026-03-05T08:48:28+00:00\" \/>\n<meta property=\"og:image\" content=\"https:\/\/bauplast.hu\/wp-content\/uploads\/2026\/03\/bambusz-palcak.jpg\" \/>\n\t<meta property=\"og:image:width\" content=\"1200\" \/>\n\t<meta property=\"og:image:height\" content=\"800\" \/>\n\t<meta property=\"og:image:type\" content=\"image\/jpeg\" \/>\n<meta name=\"twitter:card\" content=\"summary_large_image\" \/>\n<meta name=\"twitter:label1\" content=\"Est. reading time\" \/>\n\t<meta name=\"twitter:data1\" content=\"1 minute\" \/>\n<script type=\"application\/ld+json\" class=\"yoast-schema-graph\">{\"@context\":\"https:\\\/\\\/schema.org\",\"@graph\":[{\"@type\":\"WebPage\",\"@id\":\"https:\\\/\\\/bauplast.hu\\\/termek\\\/fem-toldo-bambuszszegelyhez-parban\\\/\",\"url\":\"https:\\\/\\\/bauplast.hu\\\/termek\\\/fem-toldo-bambuszszegelyhez-parban\\\/\",\"name\":\"F\u00c9M TOLD\u00d3 bambuszszeg\u00e9lyhez (p\u00e1rban) - Bauplast Kft.\",\"isPartOf\":{\"@id\":\"https:\\\/\\\/bauplast.hu\\\/#website\"},\"primaryImageOfPage\":{\"@id\":\"https:\\\/\\\/bauplast.hu\\\/termek\\\/fem-toldo-bambuszszegelyhez-parban\\\/#primaryimage\"},\"image\":{\"@id\":\"https:\\\/\\\/bauplast.hu\\\/termek\\\/fem-toldo-bambuszszegelyhez-parban\\\/#primaryimage\"},\"thumbnailUrl\":\"https:\\\/\\\/i0.wp.com\\\/bauplast.hu\\\/wp-content\\\/uploads\\\/2026\\\/03\\\/bambusz-palcak.jpg?fit=1200%2C800&ssl=1\",\"datePublished\":\"2026-03-03T11:28:39+00:00\",\"dateModified\":\"2026-03-05T08:48:28+00:00\",\"description\":\"F\u00c9M TOLD\u00d3 bambuszszeg\u00e9lyhez (p\u00e1rban)\",\"breadcrumb\":{\"@id\":\"https:\\\/\\\/bauplast.hu\\\/termek\\\/fem-toldo-bambuszszegelyhez-parban\\\/#breadcrumb\"},\"inLanguage\":\"en-US\",\"potentialAction\":[{\"@type\":\"ReadAction\",\"target\":[\"https:\\\/\\\/bauplast.hu\\\/termek\\\/fem-toldo-bambuszszegelyhez-parban\\\/\"]}]},{\"@type\":\"ImageObject\",\"inLanguage\":\"en-US\",\"@id\":\"https:\\\/\\\/bauplast.hu\\\/termek\\\/fem-toldo-bambuszszegelyhez-parban\\\/#primaryimage\",\"url\":\"https:\\\/\\\/i0.wp.com\\\/bauplast.hu\\\/wp-content\\\/uploads\\\/2026\\\/03\\\/bambusz-palcak.jpg?fit=1200%2C800&ssl=1\",\"contentUrl\":\"https:\\\/\\\/i0.wp.com\\\/bauplast.hu\\\/wp-content\\\/uploads\\\/2026\\\/03\\\/bambusz-palcak.jpg?fit=1200%2C800&ssl=1\",\"width\":1200,\"height\":800},{\"@type\":\"BreadcrumbList\",\"@id\":\"https:\\\/\\\/bauplast.hu\\\/termek\\\/fem-toldo-bambuszszegelyhez-parban\\\/#breadcrumb\",\"itemListElement\":[{\"@type\":\"ListItem\",\"position\":1,\"name\":\"Kezd\u0151lap\",\"item\":\"https:\\\/\\\/bauplast.hu\\\/\"},{\"@type\":\"ListItem\",\"position\":2,\"name\":\"Web\u00e1ruh\u00e1z\",\"item\":\"https:\\\/\\\/bauplast.hu\\\/uzlet\\\/\"},{\"@type\":\"ListItem\",\"position\":3,\"name\":\"Kert\u00e9szeti term\u00e9kek\",\"item\":\"https:\\\/\\\/bauplast.hu\\\/termekkategoria\\\/kerteszeti\\\/\"},{\"@type\":\"ListItem\",\"position\":4,\"name\":\"F\u00c9M TOLD\u00d3 bambuszszeg\u00e9lyhez (p\u00e1rban)\"}]},{\"@type\":\"WebSite\",\"@id\":\"https:\\\/\\\/bauplast.hu\\\/#website\",\"url\":\"https:\\\/\\\/bauplast.hu\\\/\",\"name\":\"Bauplast Kft.\",\"description\":\"m\u00fbanyag \u00e1gy\u00e1sszeg\u00e9ly, t\u00e9rk\u00f5szeg\u00e9ly, aljzatr\u00e1cs, gyepszeg\u00e9ly\",\"publisher\":{\"@id\":\"https:\\\/\\\/bauplast.hu\\\/#organization\"},\"potentialAction\":[{\"@type\":\"SearchAction\",\"target\":{\"@type\":\"EntryPoint\",\"urlTemplate\":\"https:\\\/\\\/bauplast.hu\\\/?s={search_term_string}\"},\"query-input\":{\"@type\":\"PropertyValueSpecification\",\"valueRequired\":true,\"valueName\":\"search_term_string\"}}],\"inLanguage\":\"en-US\"},{\"@type\":\"Organization\",\"@id\":\"https:\\\/\\\/bauplast.hu\\\/#organization\",\"name\":\"Bauplast Kft.\",\"url\":\"https:\\\/\\\/bauplast.hu\\\/\",\"logo\":{\"@type\":\"ImageObject\",\"inLanguage\":\"en-US\",\"@id\":\"https:\\\/\\\/bauplast.hu\\\/#\\\/schema\\\/logo\\\/image\\\/\",\"url\":\"https:\\\/\\\/i0.wp.com\\\/bauplast.hu\\\/wp-content\\\/uploads\\\/2026\\\/02\\\/Bau-logo_sarkok-atlatszo-scaled.png?fit=2450%2C2560&ssl=1\",\"contentUrl\":\"https:\\\/\\\/i0.wp.com\\\/bauplast.hu\\\/wp-content\\\/uploads\\\/2026\\\/02\\\/Bau-logo_sarkok-atlatszo-scaled.png?fit=2450%2C2560&ssl=1\",\"width\":2450,\"height\":2560,\"caption\":\"Bauplast Kft.\"},\"image\":{\"@id\":\"https:\\\/\\\/bauplast.hu\\\/#\\\/schema\\\/logo\\\/image\\\/\"}}]}<\/script>\n<!-- \/ Yoast SEO plugin. -->","yoast_head_json":{"title":"F\u00c9M TOLD\u00d3 bambuszszeg\u00e9lyhez (p\u00e1rban) - Bauplast Kft.","description":"F\u00c9M TOLD\u00d3 bambuszszeg\u00e9lyhez (p\u00e1rban)","robots":{"index":"index","follow":"follow","max-snippet":"max-snippet:-1","max-image-preview":"max-image-preview:large","max-video-preview":"max-video-preview:-1"},"canonical":"https:\/\/bauplast.hu\/en\/product\/fem-toldo-bambuszszegelyhez-parban\/","og_locale":"en_US","og_type":"article","og_title":"F\u00c9M TOLD\u00d3 bambuszszeg\u00e9lyhez (p\u00e1rban) - Bauplast Kft.","og_description":"F\u00c9M TOLD\u00d3 bambuszszeg\u00e9lyhez (p\u00e1rban)","og_url":"https:\/\/bauplast.hu\/en\/product\/fem-toldo-bambuszszegelyhez-parban\/","og_site_name":"Bauplast Kft.","article_modified_time":"2026-03-05T08:48:28+00:00","og_image":[{"width":1200,"height":800,"url":"https:\/\/bauplast.hu\/wp-content\/uploads\/2026\/03\/bambusz-palcak.jpg","type":"image\/jpeg"}],"twitter_card":"summary_large_image","twitter_misc":{"Est. reading time":"1 minute"},"schema":{"@context":"https:\/\/schema.org","@graph":[{"@type":"WebPage","@id":"https:\/\/bauplast.hu\/termek\/fem-toldo-bambuszszegelyhez-parban\/","url":"https:\/\/bauplast.hu\/termek\/fem-toldo-bambuszszegelyhez-parban\/","name":"F\u00c9M TOLD\u00d3 bambuszszeg\u00e9lyhez (p\u00e1rban) - Bauplast Kft.","isPartOf":{"@id":"https:\/\/bauplast.hu\/#website"},"primaryImageOfPage":{"@id":"https:\/\/bauplast.hu\/termek\/fem-toldo-bambuszszegelyhez-parban\/#primaryimage"},"image":{"@id":"https:\/\/bauplast.hu\/termek\/fem-toldo-bambuszszegelyhez-parban\/#primaryimage"},"thumbnailUrl":"https:\/\/i0.wp.com\/bauplast.hu\/wp-content\/uploads\/2026\/03\/bambusz-palcak.jpg?fit=1200%2C800&ssl=1","datePublished":"2026-03-03T11:28:39+00:00","dateModified":"2026-03-05T08:48:28+00:00","description":"F\u00c9M TOLD\u00d3 bambuszszeg\u00e9lyhez (p\u00e1rban)","breadcrumb":{"@id":"https:\/\/bauplast.hu\/termek\/fem-toldo-bambuszszegelyhez-parban\/#breadcrumb"},"inLanguage":"en-US","potentialAction":[{"@type":"ReadAction","target":["https:\/\/bauplast.hu\/termek\/fem-toldo-bambuszszegelyhez-parban\/"]}]},{"@type":"ImageObject","inLanguage":"en-US","@id":"https:\/\/bauplast.hu\/termek\/fem-toldo-bambuszszegelyhez-parban\/#primaryimage","url":"https:\/\/i0.wp.com\/bauplast.hu\/wp-content\/uploads\/2026\/03\/bambusz-palcak.jpg?fit=1200%2C800&ssl=1","contentUrl":"https:\/\/i0.wp.com\/bauplast.hu\/wp-content\/uploads\/2026\/03\/bambusz-palcak.jpg?fit=1200%2C800&ssl=1","width":1200,"height":800},{"@type":"BreadcrumbList","@id":"https:\/\/bauplast.hu\/termek\/fem-toldo-bambuszszegelyhez-parban\/#breadcrumb","itemListElement":[{"@type":"ListItem","position":1,"name":"Kezd\u0151lap","item":"https:\/\/bauplast.hu\/"},{"@type":"ListItem","position":2,"name":"Web\u00e1ruh\u00e1z","item":"https:\/\/bauplast.hu\/uzlet\/"},{"@type":"ListItem","position":3,"name":"Kert\u00e9szeti term\u00e9kek","item":"https:\/\/bauplast.hu\/termekkategoria\/kerteszeti\/"},{"@type":"ListItem","position":4,"name":"F\u00c9M TOLD\u00d3 bambuszszeg\u00e9lyhez (p\u00e1rban)"}]},{"@type":"WebSite","@id":"https:\/\/bauplast.hu\/#website","url":"https:\/\/bauplast.hu\/","name":"Bauplast Kft.","description":"m\u00fbanyag \u00e1gy\u00e1sszeg\u00e9ly, t\u00e9rk\u00f5szeg\u00e9ly, aljzatr\u00e1cs, gyepszeg\u00e9ly","publisher":{"@id":"https:\/\/bauplast.hu\/#organization"},"potentialAction":[{"@type":"SearchAction","target":{"@type":"EntryPoint","urlTemplate":"https:\/\/bauplast.hu\/?s={search_term_string}"},"query-input":{"@type":"PropertyValueSpecification","valueRequired":true,"valueName":"search_term_string"}}],"inLanguage":"en-US"},{"@type":"Organization","@id":"https:\/\/bauplast.hu\/#organization","name":"Bauplast Kft.","url":"https:\/\/bauplast.hu\/","logo":{"@type":"ImageObject","inLanguage":"en-US","@id":"https:\/\/bauplast.hu\/#\/schema\/logo\/image\/","url":"https:\/\/i0.wp.com\/bauplast.hu\/wp-content\/uploads\/2026\/02\/Bau-logo_sarkok-atlatszo-scaled.png?fit=2450%2C2560&ssl=1","contentUrl":"https:\/\/i0.wp.com\/bauplast.hu\/wp-content\/uploads\/2026\/02\/Bau-logo_sarkok-atlatszo-scaled.png?fit=2450%2C2560&ssl=1","width":2450,"height":2560,"caption":"Bauplast Kft."},"image":{"@id":"https:\/\/bauplast.hu\/#\/schema\/logo\/image\/"}}]}},"jetpack_sharing_enabled":true,"_links":{"self":[{"href":"https:\/\/bauplast.hu\/en\/wp-json\/wp\/v2\/product\/1900","targetHints":{"allow":["GET"]}}],"collection":[{"href":"https:\/\/bauplast.hu\/en\/wp-json\/wp\/v2\/product"}],"about":[{"href":"https:\/\/bauplast.hu\/en\/wp-json\/wp\/v2\/types\/product"}],"version-history":[{"count":0,"href":"https:\/\/bauplast.hu\/en\/wp-json\/wp\/v2\/product\/1900\/revisions"}],"wp:featuredmedia":[{"embeddable":true,"href":"https:\/\/bauplast.hu\/en\/wp-json\/wp\/v2\/media\/2074"}],"wp:attachment":[{"href":"https:\/\/bauplast.hu\/en\/wp-json\/wp\/v2\/media?parent=1900"}],"wp:term":[{"taxonomy":"product_brand","embeddable":true,"href":"https:\/\/bauplast.hu\/en\/wp-json\/wp\/v2\/product_brand?post=1900"},{"taxonomy":"product_cat","embeddable":true,"href":"https:\/\/bauplast.hu\/en\/wp-json\/wp\/v2\/product_cat?post=1900"},{"taxonomy":"product_tag","embeddable":true,"href":"https:\/\/bauplast.hu\/en\/wp-json\/wp\/v2\/product_tag?post=1900"}],"curies":[{"name":"wp","href":"https:\/\/api.w.org\/{rel}","templated":true}]}}