{"id":1871,"date":"2026-03-03T11:27:59","date_gmt":"2026-03-03T10:27:59","guid":{"rendered":"https:\/\/bauplast.hu\/?post_type=product&#038;p=1871"},"modified":"2026-03-30T13:22:02","modified_gmt":"2026-03-30T11:22:02","slug":"bambuszszegely-gyokerterelo-lemez-tekercsben-fem-toldoval","status":"publish","type":"product","link":"https:\/\/bauplast.hu\/en\/product\/bambuszszegely-gyokerterelo-lemez-tekercsben-fem-toldoval\/","title":{"rendered":"BAMBUSZSZEG\u00c9LY, gy\u00f6k\u00e9rterel\u0151 lemez tekercsben f\u00e9m told\u00f3val 60-105 cm"},"content":{"rendered":"<p><span style=\"font-family: Open Sans, sans-serif;\"><span style=\"font-size: large;\"><b>Haszn\u00e1lhat\u00f3:<\/b> <\/span><\/span><\/p>\n<ul>\n<li><span style=\"font-family: Open Sans, sans-serif;\"><span style=\"font-size: large;\">bambusz-s\u00f6v\u00e9ny, szoliter <\/span><\/span><\/li>\n<li><span style=\"font-family: Open Sans, sans-serif;\"><span style=\"font-size: large;\">\u00faj vagy r\u00e9gi telep\u00edt\u00e9s\u0171 bambusz gy\u00f6k\u00e9rzet, riz\u00f3ma <b>t\u00fal<\/b><b>burj\u00e1nz\u00e1s\u00e1nak megakad\u00e1lyoz\u00e1s\u00e1ra<\/b><\/span><\/span><\/li>\n<li><span style=\"font-family: Open Sans, sans-serif;\"><span style=\"font-size: large;\">egy\u00e9b terjed\u0151 gy\u00f6k\u00e9rzet\u0171 n\u00f6v\u00e9ny<b> <\/b>f\u00e9ken tart\u00e1s\u00e1ra<b> <\/b><\/span><\/span><\/li>\n<li><span style=\"font-family: Open Sans, sans-serif;\"><span style=\"font-size: large;\"><b>k\u00f6zm\u0171v\u00e9d\u0151 gy\u0171r\u0171<\/b>k\u00e9nt <\/span><\/span><\/li>\n<\/ul>\n<p><span style=\"font-family: Open Sans, sans-serif;\"><span style=\"font-size: large;\"><b>El\u0151nye: <\/b>A gy\u00f6k\u00e9rzet nem tud \u00e1tt\u00f6rni a k\u00f6rbe z\u00e1rt lemezen. <\/span><\/span><\/p>\n<p><span style=\"font-family: Open Sans, sans-serif;\"><span style=\"font-size: large;\">A f\u00e1k, n\u00f6v\u00e9nyek \u00e9s a k\u00f6zm\u0171vek k\u00f6z\u00f6tt lerakva megakad\u00e1lyozza, hogy a gy\u00f6k\u00e9rzet el\u00e9rje a k\u00f6zm\u0171 vezet\u00e9keket. <\/span><\/span><\/p>\n<p><span style=\"font-family: Open Sans, sans-serif;\"><span style=\"font-size: large;\"><b>Lerak\u00e1sa<\/b><b>:<\/b><\/span><\/span><\/p>\n<p><span style=\"font-family: Open Sans, sans-serif;\"><span style=\"font-size: large;\">A szeg\u00e9lyt a bambuszt k\u00f6rbe\u00e1sva lehet be\u00e9p\u00edteni. Miel\u0151tt a kialak\u00edtott \u00e1rokba ker\u00fclne a lemez, a f\u00f6ld\u00f6n a lemez k\u00e9t v\u00e9g\u00e9nek \u00e1tlapol\u00e1s\u00e1val az el\u0151ref\u00fart ac\u00e9llapok seg\u00edts\u00e9g\u00e9vel ki lehet f\u00farni, majd beletenni a ki\u00e1sott \u00e1rokba. a f\u00e9m \u00f6sszek\u00f6t\u0151 lapok seg\u00edts\u00e9g\u00e9vel k\u00e9t oldalr\u00f3l lehet r\u00f6gz\u00edteni, \u00f6sszecsavarozni, majd a f\u00f6ldet visszat\u00f6m\u00f6r\u00edteni mell\u00e9. 1 tekercshez 1 p\u00e1r f\u00e9m told\u00f3 tartoz\u00e9k. Ha t\u00f6bb told\u00f3ra van sz\u00fcks\u00e9g, rendelhet\u0151. <\/span><\/span><\/p>\n<p><span style=\"font-family: Open Sans, sans-serif;\"><span style=\"font-size: large;\">Optim\u00e1lis be\u00e9p\u00edt\u00e9s eset\u00e9n n\u00e9h\u00e1ny cm lemez marad szabadon a f\u00f6ld felsz\u00edne f\u00f6l\u00f6tt, \u00edgy az el\u0151t\u00f6r\u0151 sarjakat \u00e9vente egyszer k\u00f6nnyen ki lehet v\u00e1gni.<\/span><\/span><\/p>\n<p>&nbsp;<\/p>\n<p><strong>Vastags\u00e1g:<\/strong> 2mm<\/p>\n<p><span style=\"font-family: Open Sans, sans-serif;\"><span style=\"font-size: large;\"><b>Anyaga: <\/b>HDPE polietil\u00e9n<b> UV-stabil, napf\u00e9ny- \u00e9s fagy\u00e1ll\u00f3<\/b><\/span><\/span><\/p>","protected":false},"excerpt":{"rendered":"<p><strong>Vastags\u00e1g:<\/strong> 2 mm<\/p>\n<p><span style=\"font-family: Open Sans, sans-serif;\"><span style=\"font-size: large;\"><b>Anyaga: <\/b>HDPE polietil\u00e9n<b> UV-stabil, napf\u00e9ny- \u00e9s fagy\u00e1ll\u00f3<\/b><\/span><\/span><\/p>\n<p><span style=\"font-family: Open Sans, sans-serif;\"><span style=\"font-size: large;\"><b>Haszn\u00e1lhat\u00f3:<\/b> <\/span><\/span><\/p>\n<ul>\n<li><span style=\"font-family: Open Sans, sans-serif;\"><span style=\"font-size: large;\">bambusz-s\u00f6v\u00e9ny, szoliter <\/span><\/span><\/li>\n<li><span style=\"font-family: Open Sans, sans-serif;\"><span style=\"font-size: large;\">\u00faj vagy r\u00e9gi telep\u00edt\u00e9s\u0171 bambusz gy\u00f6k\u00e9rzet, riz\u00f3ma <b>t\u00fal<\/b><b>burj\u00e1nz\u00e1s\u00e1nak megakad\u00e1lyoz\u00e1s\u00e1ra<\/b><\/span><\/span><\/li>\n<li><span style=\"font-family: Open Sans, sans-serif;\"><span style=\"font-size: large;\">egy\u00e9b terjed\u0151 gy\u00f6k\u00e9rzet\u0171 n\u00f6v\u00e9ny<b> <\/b>f\u00e9ken tart\u00e1s\u00e1ra<b> <\/b><\/span><\/span><\/li>\n<li><span style=\"font-family: Open Sans, sans-serif;\"><span style=\"font-size: large;\"><b>k\u00f6zm\u0171v\u00e9d\u0151 gy\u0171r\u0171<\/b>k\u00e9nt <\/span><\/span><\/li>\n<\/ul>\n<p><span style=\"font-family: Open Sans, sans-serif;\"><span style=\"font-size: large;\"><b>El\u0151nye: <\/b>A gy\u00f6k\u00e9rzet nem tud \u00e1tt\u00f6rni a k\u00f6rbe z\u00e1rt lemezen. <\/span><\/span><\/p>\n<p><span style=\"font-family: Open Sans, sans-serif;\"><span style=\"font-size: large;\">A f\u00e1k, n\u00f6v\u00e9nyek \u00e9s a k\u00f6zm\u0171vek k\u00f6z\u00f6tt lerakva megakad\u00e1lyozza, hogy a gy\u00f6k\u00e9rzet el\u00e9rje a k\u00f6zm\u0171 vezet\u00e9keket. <\/span><\/span><\/p>","protected":false},"featured_media":2073,"template":"","meta":[],"product_brand":[],"product_cat":[33],"product_tag":[],"class_list":{"0":"post-1871","1":"product","2":"type-product","3":"status-publish","4":"has-post-thumbnail","6":"product_cat-kerteszeti","7":"product_shipping_class-normal","9":"first","10":"instock","11":"featured","12":"taxable","13":"shipping-taxable","14":"purchasable","15":"product-type-variable"},"yoast_head":"<!-- This site is optimized with the Yoast SEO plugin v27.4 - https:\/\/yoast.com\/product\/yoast-seo-wordpress\/ -->\n<title>BAMBUSZSZEG\u00c9LY, gy\u00f6k\u00e9rterel\u0151 lemez tekercsben f\u00e9m told\u00f3val 60-105 cm - Bauplast Kft.<\/title>\n<meta name=\"description\" content=\"A gy\u00f6k\u00e9rzet nem tud \u00e1tt\u00f6rni a k\u00f6rbe z\u00e1rt bambusz gy\u00f6k\u00e9rcsapd\u00e1n. A f\u00e1k, n\u00f6v\u00e9nyek \u00e9s a k\u00f6zm\u0171vek k\u00f6z\u00f6tt lerakva megakad\u00e1lyozza, hogy a gy\u00f6k\u00e9rzet el\u00e9rje a k\u00f6zm\u0171 vezet\u00e9keket.\" \/>\n<meta name=\"robots\" content=\"index, follow, max-snippet:-1, max-image-preview:large, max-video-preview:-1\" \/>\n<link rel=\"canonical\" href=\"https:\/\/bauplast.hu\/en\/product\/bambuszszegely-gyokerterelo-lemez-tekercsben-fem-toldoval\/\" \/>\n<meta property=\"og:locale\" content=\"en_US\" \/>\n<meta property=\"og:type\" content=\"article\" \/>\n<meta property=\"og:title\" content=\"BAMBUSZSZEG\u00c9LY, gy\u00f6k\u00e9rterel\u0151 lemez tekercsben f\u00e9m told\u00f3val 60-105 cm - Bauplast Kft.\" \/>\n<meta property=\"og:description\" content=\"A gy\u00f6k\u00e9rzet nem tud \u00e1tt\u00f6rni a k\u00f6rbe z\u00e1rt bambusz gy\u00f6k\u00e9rcsapd\u00e1n. A f\u00e1k, n\u00f6v\u00e9nyek \u00e9s a k\u00f6zm\u0171vek k\u00f6z\u00f6tt lerakva megakad\u00e1lyozza, hogy a gy\u00f6k\u00e9rzet el\u00e9rje a k\u00f6zm\u0171 vezet\u00e9keket.\" \/>\n<meta property=\"og:url\" content=\"https:\/\/bauplast.hu\/en\/product\/bambuszszegely-gyokerterelo-lemez-tekercsben-fem-toldoval\/\" \/>\n<meta property=\"og:site_name\" content=\"Bauplast Kft.\" \/>\n<meta property=\"article:modified_time\" content=\"2026-03-30T11:22:02+00:00\" \/>\n<meta property=\"og:image\" content=\"https:\/\/bauplast.hu\/wp-content\/uploads\/2026\/03\/bambusz-osszes.jpg\" \/>\n\t<meta property=\"og:image:width\" content=\"1200\" \/>\n\t<meta property=\"og:image:height\" content=\"1800\" \/>\n\t<meta property=\"og:image:type\" content=\"image\/jpeg\" \/>\n<meta name=\"twitter:card\" content=\"summary_large_image\" \/>\n<meta name=\"twitter:label1\" content=\"Est. reading time\" \/>\n\t<meta name=\"twitter:data1\" content=\"1 minute\" \/>\n<script type=\"application\/ld+json\" class=\"yoast-schema-graph\">{\"@context\":\"https:\\\/\\\/schema.org\",\"@graph\":[{\"@type\":\"WebPage\",\"@id\":\"https:\\\/\\\/bauplast.hu\\\/termek\\\/bambuszszegely-gyokerterelo-lemez-tekercsben-fem-toldoval\\\/\",\"url\":\"https:\\\/\\\/bauplast.hu\\\/termek\\\/bambuszszegely-gyokerterelo-lemez-tekercsben-fem-toldoval\\\/\",\"name\":\"BAMBUSZSZEG\u00c9LY, gy\u00f6k\u00e9rterel\u0151 lemez tekercsben f\u00e9m told\u00f3val 60-105 cm - Bauplast Kft.\",\"isPartOf\":{\"@id\":\"https:\\\/\\\/bauplast.hu\\\/#website\"},\"primaryImageOfPage\":{\"@id\":\"https:\\\/\\\/bauplast.hu\\\/termek\\\/bambuszszegely-gyokerterelo-lemez-tekercsben-fem-toldoval\\\/#primaryimage\"},\"image\":{\"@id\":\"https:\\\/\\\/bauplast.hu\\\/termek\\\/bambuszszegely-gyokerterelo-lemez-tekercsben-fem-toldoval\\\/#primaryimage\"},\"thumbnailUrl\":\"https:\\\/\\\/i0.wp.com\\\/bauplast.hu\\\/wp-content\\\/uploads\\\/2026\\\/03\\\/bambusz-osszes.jpg?fit=1200%2C1800&ssl=1\",\"datePublished\":\"2026-03-03T10:27:59+00:00\",\"dateModified\":\"2026-03-30T11:22:02+00:00\",\"description\":\"A gy\u00f6k\u00e9rzet nem tud \u00e1tt\u00f6rni a k\u00f6rbe z\u00e1rt bambusz gy\u00f6k\u00e9rcsapd\u00e1n. A f\u00e1k, n\u00f6v\u00e9nyek \u00e9s a k\u00f6zm\u0171vek k\u00f6z\u00f6tt lerakva megakad\u00e1lyozza, hogy a gy\u00f6k\u00e9rzet el\u00e9rje a k\u00f6zm\u0171 vezet\u00e9keket.\",\"breadcrumb\":{\"@id\":\"https:\\\/\\\/bauplast.hu\\\/termek\\\/bambuszszegely-gyokerterelo-lemez-tekercsben-fem-toldoval\\\/#breadcrumb\"},\"inLanguage\":\"en-US\",\"potentialAction\":[{\"@type\":\"ReadAction\",\"target\":[\"https:\\\/\\\/bauplast.hu\\\/termek\\\/bambuszszegely-gyokerterelo-lemez-tekercsben-fem-toldoval\\\/\"]}]},{\"@type\":\"ImageObject\",\"inLanguage\":\"en-US\",\"@id\":\"https:\\\/\\\/bauplast.hu\\\/termek\\\/bambuszszegely-gyokerterelo-lemez-tekercsben-fem-toldoval\\\/#primaryimage\",\"url\":\"https:\\\/\\\/i0.wp.com\\\/bauplast.hu\\\/wp-content\\\/uploads\\\/2026\\\/03\\\/bambusz-osszes.jpg?fit=1200%2C1800&ssl=1\",\"contentUrl\":\"https:\\\/\\\/i0.wp.com\\\/bauplast.hu\\\/wp-content\\\/uploads\\\/2026\\\/03\\\/bambusz-osszes.jpg?fit=1200%2C1800&ssl=1\",\"width\":1200,\"height\":1800},{\"@type\":\"BreadcrumbList\",\"@id\":\"https:\\\/\\\/bauplast.hu\\\/termek\\\/bambuszszegely-gyokerterelo-lemez-tekercsben-fem-toldoval\\\/#breadcrumb\",\"itemListElement\":[{\"@type\":\"ListItem\",\"position\":1,\"name\":\"Kezd\u0151lap\",\"item\":\"https:\\\/\\\/bauplast.hu\\\/\"},{\"@type\":\"ListItem\",\"position\":2,\"name\":\"Web\u00e1ruh\u00e1z\",\"item\":\"https:\\\/\\\/bauplast.hu\\\/uzlet\\\/\"},{\"@type\":\"ListItem\",\"position\":3,\"name\":\"Kert\u00e9szeti term\u00e9kek\",\"item\":\"https:\\\/\\\/bauplast.hu\\\/termekkategoria\\\/kerteszeti\\\/\"},{\"@type\":\"ListItem\",\"position\":4,\"name\":\"BAMBUSZSZEG\u00c9LY, gy\u00f6k\u00e9rterel\u0151 lemez tekercsben f\u00e9m told\u00f3val 60-105 cm\"}]},{\"@type\":\"WebSite\",\"@id\":\"https:\\\/\\\/bauplast.hu\\\/#website\",\"url\":\"https:\\\/\\\/bauplast.hu\\\/\",\"name\":\"Bauplast Kft.\",\"description\":\"m\u00fbanyag \u00e1gy\u00e1sszeg\u00e9ly, t\u00e9rk\u00f5szeg\u00e9ly, aljzatr\u00e1cs, gyepszeg\u00e9ly\",\"publisher\":{\"@id\":\"https:\\\/\\\/bauplast.hu\\\/#organization\"},\"potentialAction\":[{\"@type\":\"SearchAction\",\"target\":{\"@type\":\"EntryPoint\",\"urlTemplate\":\"https:\\\/\\\/bauplast.hu\\\/?s={search_term_string}\"},\"query-input\":{\"@type\":\"PropertyValueSpecification\",\"valueRequired\":true,\"valueName\":\"search_term_string\"}}],\"inLanguage\":\"en-US\"},{\"@type\":\"Organization\",\"@id\":\"https:\\\/\\\/bauplast.hu\\\/#organization\",\"name\":\"Bauplast Kft.\",\"url\":\"https:\\\/\\\/bauplast.hu\\\/\",\"logo\":{\"@type\":\"ImageObject\",\"inLanguage\":\"en-US\",\"@id\":\"https:\\\/\\\/bauplast.hu\\\/#\\\/schema\\\/logo\\\/image\\\/\",\"url\":\"https:\\\/\\\/i0.wp.com\\\/bauplast.hu\\\/wp-content\\\/uploads\\\/2026\\\/02\\\/Bau-logo_sarkok-atlatszo-scaled.png?fit=2450%2C2560&ssl=1\",\"contentUrl\":\"https:\\\/\\\/i0.wp.com\\\/bauplast.hu\\\/wp-content\\\/uploads\\\/2026\\\/02\\\/Bau-logo_sarkok-atlatszo-scaled.png?fit=2450%2C2560&ssl=1\",\"width\":2450,\"height\":2560,\"caption\":\"Bauplast Kft.\"},\"image\":{\"@id\":\"https:\\\/\\\/bauplast.hu\\\/#\\\/schema\\\/logo\\\/image\\\/\"}}]}<\/script>\n<!-- \/ Yoast SEO plugin. -->","yoast_head_json":{"title":"BAMBUSZSZEG\u00c9LY, gy\u00f6k\u00e9rterel\u0151 lemez tekercsben f\u00e9m told\u00f3val 60-105 cm - Bauplast Kft.","description":"A gy\u00f6k\u00e9rzet nem tud \u00e1tt\u00f6rni a k\u00f6rbe z\u00e1rt bambusz gy\u00f6k\u00e9rcsapd\u00e1n. A f\u00e1k, n\u00f6v\u00e9nyek \u00e9s a k\u00f6zm\u0171vek k\u00f6z\u00f6tt lerakva megakad\u00e1lyozza, hogy a gy\u00f6k\u00e9rzet el\u00e9rje a k\u00f6zm\u0171 vezet\u00e9keket.","robots":{"index":"index","follow":"follow","max-snippet":"max-snippet:-1","max-image-preview":"max-image-preview:large","max-video-preview":"max-video-preview:-1"},"canonical":"https:\/\/bauplast.hu\/en\/product\/bambuszszegely-gyokerterelo-lemez-tekercsben-fem-toldoval\/","og_locale":"en_US","og_type":"article","og_title":"BAMBUSZSZEG\u00c9LY, gy\u00f6k\u00e9rterel\u0151 lemez tekercsben f\u00e9m told\u00f3val 60-105 cm - Bauplast Kft.","og_description":"A gy\u00f6k\u00e9rzet nem tud \u00e1tt\u00f6rni a k\u00f6rbe z\u00e1rt bambusz gy\u00f6k\u00e9rcsapd\u00e1n. A f\u00e1k, n\u00f6v\u00e9nyek \u00e9s a k\u00f6zm\u0171vek k\u00f6z\u00f6tt lerakva megakad\u00e1lyozza, hogy a gy\u00f6k\u00e9rzet el\u00e9rje a k\u00f6zm\u0171 vezet\u00e9keket.","og_url":"https:\/\/bauplast.hu\/en\/product\/bambuszszegely-gyokerterelo-lemez-tekercsben-fem-toldoval\/","og_site_name":"Bauplast Kft.","article_modified_time":"2026-03-30T11:22:02+00:00","og_image":[{"width":1200,"height":1800,"url":"https:\/\/bauplast.hu\/wp-content\/uploads\/2026\/03\/bambusz-osszes.jpg","type":"image\/jpeg"}],"twitter_card":"summary_large_image","twitter_misc":{"Est. reading time":"1 minute"},"schema":{"@context":"https:\/\/schema.org","@graph":[{"@type":"WebPage","@id":"https:\/\/bauplast.hu\/termek\/bambuszszegely-gyokerterelo-lemez-tekercsben-fem-toldoval\/","url":"https:\/\/bauplast.hu\/termek\/bambuszszegely-gyokerterelo-lemez-tekercsben-fem-toldoval\/","name":"BAMBUSZSZEG\u00c9LY, gy\u00f6k\u00e9rterel\u0151 lemez tekercsben f\u00e9m told\u00f3val 60-105 cm - Bauplast Kft.","isPartOf":{"@id":"https:\/\/bauplast.hu\/#website"},"primaryImageOfPage":{"@id":"https:\/\/bauplast.hu\/termek\/bambuszszegely-gyokerterelo-lemez-tekercsben-fem-toldoval\/#primaryimage"},"image":{"@id":"https:\/\/bauplast.hu\/termek\/bambuszszegely-gyokerterelo-lemez-tekercsben-fem-toldoval\/#primaryimage"},"thumbnailUrl":"https:\/\/i0.wp.com\/bauplast.hu\/wp-content\/uploads\/2026\/03\/bambusz-osszes.jpg?fit=1200%2C1800&ssl=1","datePublished":"2026-03-03T10:27:59+00:00","dateModified":"2026-03-30T11:22:02+00:00","description":"A gy\u00f6k\u00e9rzet nem tud \u00e1tt\u00f6rni a k\u00f6rbe z\u00e1rt bambusz gy\u00f6k\u00e9rcsapd\u00e1n. A f\u00e1k, n\u00f6v\u00e9nyek \u00e9s a k\u00f6zm\u0171vek k\u00f6z\u00f6tt lerakva megakad\u00e1lyozza, hogy a gy\u00f6k\u00e9rzet el\u00e9rje a k\u00f6zm\u0171 vezet\u00e9keket.","breadcrumb":{"@id":"https:\/\/bauplast.hu\/termek\/bambuszszegely-gyokerterelo-lemez-tekercsben-fem-toldoval\/#breadcrumb"},"inLanguage":"en-US","potentialAction":[{"@type":"ReadAction","target":["https:\/\/bauplast.hu\/termek\/bambuszszegely-gyokerterelo-lemez-tekercsben-fem-toldoval\/"]}]},{"@type":"ImageObject","inLanguage":"en-US","@id":"https:\/\/bauplast.hu\/termek\/bambuszszegely-gyokerterelo-lemez-tekercsben-fem-toldoval\/#primaryimage","url":"https:\/\/i0.wp.com\/bauplast.hu\/wp-content\/uploads\/2026\/03\/bambusz-osszes.jpg?fit=1200%2C1800&ssl=1","contentUrl":"https:\/\/i0.wp.com\/bauplast.hu\/wp-content\/uploads\/2026\/03\/bambusz-osszes.jpg?fit=1200%2C1800&ssl=1","width":1200,"height":1800},{"@type":"BreadcrumbList","@id":"https:\/\/bauplast.hu\/termek\/bambuszszegely-gyokerterelo-lemez-tekercsben-fem-toldoval\/#breadcrumb","itemListElement":[{"@type":"ListItem","position":1,"name":"Kezd\u0151lap","item":"https:\/\/bauplast.hu\/"},{"@type":"ListItem","position":2,"name":"Web\u00e1ruh\u00e1z","item":"https:\/\/bauplast.hu\/uzlet\/"},{"@type":"ListItem","position":3,"name":"Kert\u00e9szeti term\u00e9kek","item":"https:\/\/bauplast.hu\/termekkategoria\/kerteszeti\/"},{"@type":"ListItem","position":4,"name":"BAMBUSZSZEG\u00c9LY, gy\u00f6k\u00e9rterel\u0151 lemez tekercsben f\u00e9m told\u00f3val 60-105 cm"}]},{"@type":"WebSite","@id":"https:\/\/bauplast.hu\/#website","url":"https:\/\/bauplast.hu\/","name":"Bauplast Kft.","description":"m\u00fbanyag \u00e1gy\u00e1sszeg\u00e9ly, t\u00e9rk\u00f5szeg\u00e9ly, aljzatr\u00e1cs, gyepszeg\u00e9ly","publisher":{"@id":"https:\/\/bauplast.hu\/#organization"},"potentialAction":[{"@type":"SearchAction","target":{"@type":"EntryPoint","urlTemplate":"https:\/\/bauplast.hu\/?s={search_term_string}"},"query-input":{"@type":"PropertyValueSpecification","valueRequired":true,"valueName":"search_term_string"}}],"inLanguage":"en-US"},{"@type":"Organization","@id":"https:\/\/bauplast.hu\/#organization","name":"Bauplast Kft.","url":"https:\/\/bauplast.hu\/","logo":{"@type":"ImageObject","inLanguage":"en-US","@id":"https:\/\/bauplast.hu\/#\/schema\/logo\/image\/","url":"https:\/\/i0.wp.com\/bauplast.hu\/wp-content\/uploads\/2026\/02\/Bau-logo_sarkok-atlatszo-scaled.png?fit=2450%2C2560&ssl=1","contentUrl":"https:\/\/i0.wp.com\/bauplast.hu\/wp-content\/uploads\/2026\/02\/Bau-logo_sarkok-atlatszo-scaled.png?fit=2450%2C2560&ssl=1","width":2450,"height":2560,"caption":"Bauplast Kft."},"image":{"@id":"https:\/\/bauplast.hu\/#\/schema\/logo\/image\/"}}]}},"jetpack_sharing_enabled":true,"_links":{"self":[{"href":"https:\/\/bauplast.hu\/en\/wp-json\/wp\/v2\/product\/1871","targetHints":{"allow":["GET"]}}],"collection":[{"href":"https:\/\/bauplast.hu\/en\/wp-json\/wp\/v2\/product"}],"about":[{"href":"https:\/\/bauplast.hu\/en\/wp-json\/wp\/v2\/types\/product"}],"version-history":[{"count":0,"href":"https:\/\/bauplast.hu\/en\/wp-json\/wp\/v2\/product\/1871\/revisions"}],"wp:featuredmedia":[{"embeddable":true,"href":"https:\/\/bauplast.hu\/en\/wp-json\/wp\/v2\/media\/2073"}],"wp:attachment":[{"href":"https:\/\/bauplast.hu\/en\/wp-json\/wp\/v2\/media?parent=1871"}],"wp:term":[{"taxonomy":"product_brand","embeddable":true,"href":"https:\/\/bauplast.hu\/en\/wp-json\/wp\/v2\/product_brand?post=1871"},{"taxonomy":"product_cat","embeddable":true,"href":"https:\/\/bauplast.hu\/en\/wp-json\/wp\/v2\/product_cat?post=1871"},{"taxonomy":"product_tag","embeddable":true,"href":"https:\/\/bauplast.hu\/en\/wp-json\/wp\/v2\/product_tag?post=1871"}],"curies":[{"name":"wp","href":"https:\/\/api.w.org\/{rel}","templated":true}]}}