{"id":1861,"date":"2026-03-03T11:03:31","date_gmt":"2026-03-03T10:03:31","guid":{"rendered":"https:\/\/bauplast.hu\/?post_type=product&#038;p=1861"},"modified":"2026-03-17T14:51:28","modified_gmt":"2026-03-17T13:51:28","slug":"terkoszegely","status":"publish","type":"product","link":"https:\/\/bauplast.hu\/en\/product\/terkoszegely\/","title":{"rendered":"T\u00e9rk\u0151szeg\u00e9ly"},"content":{"rendered":"<p><span style=\"font-family: Open Sans, sans-serif;\"><span style=\"font-size: large;\"><b>Anyaga: <\/b>HDPE polietil\u00e9n <b>UV-stabil, napf\u00e9ny- \u00e9s fagy\u00e1ll\u00f3<\/b><\/span><\/span><\/p>\n<p><span style=\"font-family: Open Sans, sans-serif;\"><span style=\"font-size: large;\"><b>Haszn\u00e1lhat\u00f3:<\/b><\/span><\/span><\/p>\n<ul>\n<li><span style=\"font-family: Open Sans, sans-serif;\"><span style=\"font-size: large;\">t\u00e9rk\u0151<\/span><\/span><\/li>\n<li><span style=\"font-family: Open Sans, sans-serif;\"><span style=\"font-size: large;\">gumit\u00e9gla<\/span><\/span><\/li>\n<li><span style=\"font-family: Open Sans, sans-serif;\"><span style=\"font-size: large;\">gyepr\u00e1cs<\/span><\/span><\/li>\n<li><span style=\"font-family: Open Sans, sans-serif;\"><span style=\"font-size: large;\">fa-burkolat\u00fa kerti utak, topog\u00f3k <\/span><\/span><\/li>\n<li><span style=\"font-family: Open Sans, sans-serif;\"><span style=\"font-size: large;\">gar\u00e1zs-bej\u00e1r\u00f3k, \u00edves utak, d\u00edszf\u00e1k<\/span><\/span><\/li>\n<li><span style=\"font-family: Open Sans, sans-serif;\"><span style=\"font-size: large;\">j\u00e1tsz\u00f3terek szeg\u00e9lyez\u00e9s\u00e9re.<\/span><\/span><\/li>\n<\/ul>\n<p><span style=\"font-family: Open Sans, sans-serif;\"><span style=\"font-size: large;\">B\u00e1rmilyen <b> burkolat szeg\u00e9lyez\u00e9s\u00e9re<\/b> alkalmas, ugyanakkor <b>\u00e1gy\u00e1sszeg\u00e9lyk\u00e9nt is<\/b> meg\u00e1llja a hely\u00e9t. <\/span><\/span><\/p>\n<p><span style=\"font-family: Open Sans, sans-serif;\"><span style=\"font-size: large;\"><b>El\u0151nyei:<\/b> <b>10 cm-enk\u00e9nt er\u0151s\u00edt\u0151 bord\u00e1k biztos\u00edtj\u00e1k a stabil tart\u00e1s\u00e1t<\/b>, k\u00f6nnyen lerakhat\u00f3, egyszer\u0171en toldhat\u00f3 \u00e9s \u00edvelhet\u0151, nem sz\u00e1rad ki mellette a f\u0171. <\/span><\/span><\/p>\n<p><span style=\"font-family: Open Sans, sans-serif;\"><span style=\"font-size: large;\"><b>Lerak\u00e1sa:<\/b><\/span><\/span><\/p>\n<p><span style=\"font-family: Open Sans, sans-serif;\"><span style=\"font-size: large;\">A burkolatszeg\u00e9ly kialak\u00edt\u00e1sa a v\u00edzszintes \u00f6sszek\u00f6t\u0151k \u00e1t- ill. kiv\u00e1g\u00e1s\u00e1val lehet\u0151s\u00e9get ad \u00edves be\u00e9p\u00edt\u00e9sre is. A megfelel\u0151en el\u0151k\u00e9sz\u00edtett alapra (t\u00fck\u00f6rre) elhelyezve 7*230-as huzalszeggel r\u00f6gz\u00edthet\u0151. (NEM tartoz\u00e9k, rendelhet\u0151). Egyenes lerak\u00e1shoz 3-4 db, \u00edves lerak\u00e1shoz 5-6 db huzalszeg sz\u00fcks\u00e9ges.<\/span><\/span><\/p>\n<p><span style=\"font-family: Open Sans, sans-serif;\"><span style=\"font-size: large;\">A munka befejezt\u00e9vel a szeg\u00e9lyt f\u00f6lddel fedik, \u00edgy abb\u00f3l semmi nem l\u00e1tszik, a f\u0171ny\u00edr\u00f3 elmegy f\u00f6l\u00f6tte, sz\u00fcks\u00e9gtelen a f\u0171 szeg\u00e9lyv\u00e1g\u00f3 haszn\u00e1lata. <\/span><\/span><\/p>\n<p><span style=\"font-family: Open Sans, sans-serif;\"><span style=\"font-size: large;\"><b>Keresztir\u00e1ny\u00fa g\u00e9pj\u00e1rm\u0171-forgalom nem javasolt !<\/b><\/span><\/span><\/p>","protected":false},"excerpt":{"rendered":"<p><span style=\"font-family: Open Sans, sans-serif;\"><span style=\"font-size: large;\"><b>M\u00e9rete: <\/b>hossz 1 m * k\u00e9tf\u00e9le m\u00e9retvari\u00e1ci\u00f3<\/span><\/span><\/p>\n<p><span style=\"font-family: Open Sans, sans-serif;\"><span style=\"font-size: large;\"><b>Anyaga: <\/b>HDPE polietil\u00e9n <b>UV-stabil, napf\u00e9ny- \u00e9s fagy\u00e1ll\u00f3<\/b><\/span><\/span><\/p>\n<p><span style=\"font-family: Open Sans, sans-serif;\"><span style=\"font-size: large;\"><b>Haszn\u00e1lhat\u00f3:<\/b><\/span><\/span><\/p>\n<ul>\n<li><span style=\"font-family: Open Sans, sans-serif;\"><span style=\"font-size: large;\">t\u00e9rk\u0151<\/span><\/span><\/li>\n<li><span style=\"font-family: Open Sans, sans-serif;\"><span style=\"font-size: large;\">gumit\u00e9gla<\/span><\/span><\/li>\n<li><span style=\"font-family: Open Sans, sans-serif;\"><span style=\"font-size: large;\">gyepr\u00e1cs<\/span><\/span><\/li>\n<li><span style=\"font-family: Open Sans, sans-serif;\"><span style=\"font-size: large;\">fa-burkolat\u00fa kerti utak, topog\u00f3k <\/span><\/span><\/li>\n<li><span style=\"font-family: Open Sans, sans-serif;\"><span style=\"font-size: large;\">gar\u00e1zs-bej\u00e1r\u00f3k, \u00edves utak, d\u00edszf\u00e1k<\/span><\/span><\/li>\n<li><span style=\"font-family: Open Sans, sans-serif;\"><span style=\"font-size: large;\">j\u00e1tsz\u00f3terek szeg\u00e9lyez\u00e9s\u00e9re.<\/span><\/span><\/li>\n<\/ul>\n<p><span style=\"font-family: Open Sans, sans-serif;\"><span style=\"font-size: large;\">B\u00e1rmilyen <b> burkolat szeg\u00e9lyez\u00e9s\u00e9re<\/b> alkalmas, ugyanakkor <b>\u00e1gy\u00e1sszeg\u00e9lyk\u00e9nt is<\/b> meg\u00e1llja a hely\u00e9t. <\/span><\/span><\/p>\n<p><span style=\"font-family: Open Sans, sans-serif;\"><span style=\"font-size: large;\"><b>El\u0151nyei:<\/b> <b>10 cm-enk\u00e9nt er\u0151s\u00edt\u0151 bord\u00e1k biztos\u00edtj\u00e1k a stabil tart\u00e1s\u00e1t<\/b>, k\u00f6nnyen lerakhat\u00f3, egyszer\u0171en toldhat\u00f3 \u00e9s \u00edvelhet\u0151, nem sz\u00e1rad ki mellette a f\u0171. <\/span><\/span><\/p>","protected":false},"featured_media":2127,"template":"","meta":[],"product_brand":[],"product_cat":[33],"product_tag":[],"class_list":{"0":"post-1861","1":"product","2":"type-product","3":"status-publish","4":"has-post-thumbnail","6":"product_cat-kerteszeti","7":"product_shipping_class-normal","9":"first","10":"instock","11":"taxable","12":"shipping-taxable","13":"purchasable","14":"product-type-variable"},"yoast_head":"<!-- This site is optimized with the Yoast SEO plugin v27.4 - https:\/\/yoast.com\/product\/yoast-seo-wordpress\/ -->\n<title>T\u00e9rk\u0151szeg\u00e9ly - Bauplast Kft.<\/title>\n<meta name=\"description\" content=\"B\u00e1rmilyen burkolat szeg\u00e9lyez\u00e9s\u00e9re alkalmas, ugyanakkor \u00e1gy\u00e1sszeg\u00e9lyk\u00e9nt is meg\u00e1llja a hely\u00e9t. El\u0151nyei: az 5 mm-es falvastags\u00e1ga \u00e9s a 15 cm-enk\u00e9nti er\u0151s\u00edt\u0151 bord\u00e1k biztos\u00edtj\u00e1k a stabil tart\u00e1s\u00e1t, k\u00f6nnyen lerakhat\u00f3, egyszer\u0171en toldhat\u00f3 \u00e9s \u00edvelhet\u0151, nem sz\u00e1rad ki mellette a f\u0171.\" \/>\n<meta name=\"robots\" content=\"index, follow, max-snippet:-1, max-image-preview:large, max-video-preview:-1\" \/>\n<link rel=\"canonical\" href=\"https:\/\/bauplast.hu\/en\/product\/terkoszegely\/\" \/>\n<meta property=\"og:locale\" content=\"en_US\" \/>\n<meta property=\"og:type\" content=\"article\" \/>\n<meta property=\"og:title\" content=\"T\u00e9rk\u0151szeg\u00e9ly - Bauplast Kft.\" \/>\n<meta property=\"og:description\" content=\"B\u00e1rmilyen burkolat szeg\u00e9lyez\u00e9s\u00e9re alkalmas, ugyanakkor \u00e1gy\u00e1sszeg\u00e9lyk\u00e9nt is meg\u00e1llja a hely\u00e9t. El\u0151nyei: az 5 mm-es falvastags\u00e1ga \u00e9s a 15 cm-enk\u00e9nti er\u0151s\u00edt\u0151 bord\u00e1k biztos\u00edtj\u00e1k a stabil tart\u00e1s\u00e1t, k\u00f6nnyen lerakhat\u00f3, egyszer\u0171en toldhat\u00f3 \u00e9s \u00edvelhet\u0151, nem sz\u00e1rad ki mellette a f\u0171.\" \/>\n<meta property=\"og:url\" content=\"https:\/\/bauplast.hu\/en\/product\/terkoszegely\/\" \/>\n<meta property=\"og:site_name\" content=\"Bauplast Kft.\" \/>\n<meta property=\"article:modified_time\" content=\"2026-03-17T13:51:28+00:00\" \/>\n<meta property=\"og:image\" content=\"https:\/\/bauplast.hu\/wp-content\/uploads\/2026\/03\/terkoszegely-45.jpg\" \/>\n\t<meta property=\"og:image:width\" content=\"1200\" \/>\n\t<meta property=\"og:image:height\" content=\"800\" \/>\n\t<meta property=\"og:image:type\" content=\"image\/jpeg\" \/>\n<meta name=\"twitter:card\" content=\"summary_large_image\" \/>\n<meta name=\"twitter:label1\" content=\"Est. reading time\" \/>\n\t<meta name=\"twitter:data1\" content=\"1 minute\" \/>\n<script type=\"application\/ld+json\" class=\"yoast-schema-graph\">{\"@context\":\"https:\\\/\\\/schema.org\",\"@graph\":[{\"@type\":\"WebPage\",\"@id\":\"https:\\\/\\\/bauplast.hu\\\/termek\\\/terkoszegely\\\/\",\"url\":\"https:\\\/\\\/bauplast.hu\\\/termek\\\/terkoszegely\\\/\",\"name\":\"T\u00e9rk\u0151szeg\u00e9ly - Bauplast Kft.\",\"isPartOf\":{\"@id\":\"https:\\\/\\\/bauplast.hu\\\/#website\"},\"primaryImageOfPage\":{\"@id\":\"https:\\\/\\\/bauplast.hu\\\/termek\\\/terkoszegely\\\/#primaryimage\"},\"image\":{\"@id\":\"https:\\\/\\\/bauplast.hu\\\/termek\\\/terkoszegely\\\/#primaryimage\"},\"thumbnailUrl\":\"https:\\\/\\\/i0.wp.com\\\/bauplast.hu\\\/wp-content\\\/uploads\\\/2026\\\/03\\\/terkoszegely-45.jpg?fit=1200%2C800&ssl=1\",\"datePublished\":\"2026-03-03T10:03:31+00:00\",\"dateModified\":\"2026-03-17T13:51:28+00:00\",\"description\":\"B\u00e1rmilyen burkolat szeg\u00e9lyez\u00e9s\u00e9re alkalmas, ugyanakkor \u00e1gy\u00e1sszeg\u00e9lyk\u00e9nt is meg\u00e1llja a hely\u00e9t. El\u0151nyei: az 5 mm-es falvastags\u00e1ga \u00e9s a 15 cm-enk\u00e9nti er\u0151s\u00edt\u0151 bord\u00e1k biztos\u00edtj\u00e1k a stabil tart\u00e1s\u00e1t, k\u00f6nnyen lerakhat\u00f3, egyszer\u0171en toldhat\u00f3 \u00e9s \u00edvelhet\u0151, nem sz\u00e1rad ki mellette a f\u0171.\",\"breadcrumb\":{\"@id\":\"https:\\\/\\\/bauplast.hu\\\/termek\\\/terkoszegely\\\/#breadcrumb\"},\"inLanguage\":\"en-US\",\"potentialAction\":[{\"@type\":\"ReadAction\",\"target\":[\"https:\\\/\\\/bauplast.hu\\\/termek\\\/terkoszegely\\\/\"]}]},{\"@type\":\"ImageObject\",\"inLanguage\":\"en-US\",\"@id\":\"https:\\\/\\\/bauplast.hu\\\/termek\\\/terkoszegely\\\/#primaryimage\",\"url\":\"https:\\\/\\\/i0.wp.com\\\/bauplast.hu\\\/wp-content\\\/uploads\\\/2026\\\/03\\\/terkoszegely-45.jpg?fit=1200%2C800&ssl=1\",\"contentUrl\":\"https:\\\/\\\/i0.wp.com\\\/bauplast.hu\\\/wp-content\\\/uploads\\\/2026\\\/03\\\/terkoszegely-45.jpg?fit=1200%2C800&ssl=1\",\"width\":1200,\"height\":800},{\"@type\":\"BreadcrumbList\",\"@id\":\"https:\\\/\\\/bauplast.hu\\\/termek\\\/terkoszegely\\\/#breadcrumb\",\"itemListElement\":[{\"@type\":\"ListItem\",\"position\":1,\"name\":\"Kezd\u0151lap\",\"item\":\"https:\\\/\\\/bauplast.hu\\\/\"},{\"@type\":\"ListItem\",\"position\":2,\"name\":\"Web\u00e1ruh\u00e1z\",\"item\":\"https:\\\/\\\/bauplast.hu\\\/uzlet\\\/\"},{\"@type\":\"ListItem\",\"position\":3,\"name\":\"Kert\u00e9szeti term\u00e9kek\",\"item\":\"https:\\\/\\\/bauplast.hu\\\/termekkategoria\\\/kerteszeti\\\/\"},{\"@type\":\"ListItem\",\"position\":4,\"name\":\"T\u00e9rk\u0151szeg\u00e9ly\"}]},{\"@type\":\"WebSite\",\"@id\":\"https:\\\/\\\/bauplast.hu\\\/#website\",\"url\":\"https:\\\/\\\/bauplast.hu\\\/\",\"name\":\"Bauplast Kft.\",\"description\":\"m\u00fbanyag \u00e1gy\u00e1sszeg\u00e9ly, t\u00e9rk\u00f5szeg\u00e9ly, aljzatr\u00e1cs, gyepszeg\u00e9ly\",\"publisher\":{\"@id\":\"https:\\\/\\\/bauplast.hu\\\/#organization\"},\"potentialAction\":[{\"@type\":\"SearchAction\",\"target\":{\"@type\":\"EntryPoint\",\"urlTemplate\":\"https:\\\/\\\/bauplast.hu\\\/?s={search_term_string}\"},\"query-input\":{\"@type\":\"PropertyValueSpecification\",\"valueRequired\":true,\"valueName\":\"search_term_string\"}}],\"inLanguage\":\"en-US\"},{\"@type\":\"Organization\",\"@id\":\"https:\\\/\\\/bauplast.hu\\\/#organization\",\"name\":\"Bauplast Kft.\",\"url\":\"https:\\\/\\\/bauplast.hu\\\/\",\"logo\":{\"@type\":\"ImageObject\",\"inLanguage\":\"en-US\",\"@id\":\"https:\\\/\\\/bauplast.hu\\\/#\\\/schema\\\/logo\\\/image\\\/\",\"url\":\"https:\\\/\\\/i0.wp.com\\\/bauplast.hu\\\/wp-content\\\/uploads\\\/2026\\\/02\\\/Bau-logo_sarkok-atlatszo-scaled.png?fit=2450%2C2560&ssl=1\",\"contentUrl\":\"https:\\\/\\\/i0.wp.com\\\/bauplast.hu\\\/wp-content\\\/uploads\\\/2026\\\/02\\\/Bau-logo_sarkok-atlatszo-scaled.png?fit=2450%2C2560&ssl=1\",\"width\":2450,\"height\":2560,\"caption\":\"Bauplast Kft.\"},\"image\":{\"@id\":\"https:\\\/\\\/bauplast.hu\\\/#\\\/schema\\\/logo\\\/image\\\/\"}}]}<\/script>\n<!-- \/ Yoast SEO plugin. -->","yoast_head_json":{"title":"T\u00e9rk\u0151szeg\u00e9ly - Bauplast Kft.","description":"B\u00e1rmilyen burkolat szeg\u00e9lyez\u00e9s\u00e9re alkalmas, ugyanakkor \u00e1gy\u00e1sszeg\u00e9lyk\u00e9nt is meg\u00e1llja a hely\u00e9t. El\u0151nyei: az 5 mm-es falvastags\u00e1ga \u00e9s a 15 cm-enk\u00e9nti er\u0151s\u00edt\u0151 bord\u00e1k biztos\u00edtj\u00e1k a stabil tart\u00e1s\u00e1t, k\u00f6nnyen lerakhat\u00f3, egyszer\u0171en toldhat\u00f3 \u00e9s \u00edvelhet\u0151, nem sz\u00e1rad ki mellette a f\u0171.","robots":{"index":"index","follow":"follow","max-snippet":"max-snippet:-1","max-image-preview":"max-image-preview:large","max-video-preview":"max-video-preview:-1"},"canonical":"https:\/\/bauplast.hu\/en\/product\/terkoszegely\/","og_locale":"en_US","og_type":"article","og_title":"T\u00e9rk\u0151szeg\u00e9ly - Bauplast Kft.","og_description":"B\u00e1rmilyen burkolat szeg\u00e9lyez\u00e9s\u00e9re alkalmas, ugyanakkor \u00e1gy\u00e1sszeg\u00e9lyk\u00e9nt is meg\u00e1llja a hely\u00e9t. El\u0151nyei: az 5 mm-es falvastags\u00e1ga \u00e9s a 15 cm-enk\u00e9nti er\u0151s\u00edt\u0151 bord\u00e1k biztos\u00edtj\u00e1k a stabil tart\u00e1s\u00e1t, k\u00f6nnyen lerakhat\u00f3, egyszer\u0171en toldhat\u00f3 \u00e9s \u00edvelhet\u0151, nem sz\u00e1rad ki mellette a f\u0171.","og_url":"https:\/\/bauplast.hu\/en\/product\/terkoszegely\/","og_site_name":"Bauplast Kft.","article_modified_time":"2026-03-17T13:51:28+00:00","og_image":[{"width":1200,"height":800,"url":"https:\/\/bauplast.hu\/wp-content\/uploads\/2026\/03\/terkoszegely-45.jpg","type":"image\/jpeg"}],"twitter_card":"summary_large_image","twitter_misc":{"Est. reading time":"1 minute"},"schema":{"@context":"https:\/\/schema.org","@graph":[{"@type":"WebPage","@id":"https:\/\/bauplast.hu\/termek\/terkoszegely\/","url":"https:\/\/bauplast.hu\/termek\/terkoszegely\/","name":"T\u00e9rk\u0151szeg\u00e9ly - Bauplast Kft.","isPartOf":{"@id":"https:\/\/bauplast.hu\/#website"},"primaryImageOfPage":{"@id":"https:\/\/bauplast.hu\/termek\/terkoszegely\/#primaryimage"},"image":{"@id":"https:\/\/bauplast.hu\/termek\/terkoszegely\/#primaryimage"},"thumbnailUrl":"https:\/\/i0.wp.com\/bauplast.hu\/wp-content\/uploads\/2026\/03\/terkoszegely-45.jpg?fit=1200%2C800&ssl=1","datePublished":"2026-03-03T10:03:31+00:00","dateModified":"2026-03-17T13:51:28+00:00","description":"B\u00e1rmilyen burkolat szeg\u00e9lyez\u00e9s\u00e9re alkalmas, ugyanakkor \u00e1gy\u00e1sszeg\u00e9lyk\u00e9nt is meg\u00e1llja a hely\u00e9t. El\u0151nyei: az 5 mm-es falvastags\u00e1ga \u00e9s a 15 cm-enk\u00e9nti er\u0151s\u00edt\u0151 bord\u00e1k biztos\u00edtj\u00e1k a stabil tart\u00e1s\u00e1t, k\u00f6nnyen lerakhat\u00f3, egyszer\u0171en toldhat\u00f3 \u00e9s \u00edvelhet\u0151, nem sz\u00e1rad ki mellette a f\u0171.","breadcrumb":{"@id":"https:\/\/bauplast.hu\/termek\/terkoszegely\/#breadcrumb"},"inLanguage":"en-US","potentialAction":[{"@type":"ReadAction","target":["https:\/\/bauplast.hu\/termek\/terkoszegely\/"]}]},{"@type":"ImageObject","inLanguage":"en-US","@id":"https:\/\/bauplast.hu\/termek\/terkoszegely\/#primaryimage","url":"https:\/\/i0.wp.com\/bauplast.hu\/wp-content\/uploads\/2026\/03\/terkoszegely-45.jpg?fit=1200%2C800&ssl=1","contentUrl":"https:\/\/i0.wp.com\/bauplast.hu\/wp-content\/uploads\/2026\/03\/terkoszegely-45.jpg?fit=1200%2C800&ssl=1","width":1200,"height":800},{"@type":"BreadcrumbList","@id":"https:\/\/bauplast.hu\/termek\/terkoszegely\/#breadcrumb","itemListElement":[{"@type":"ListItem","position":1,"name":"Kezd\u0151lap","item":"https:\/\/bauplast.hu\/"},{"@type":"ListItem","position":2,"name":"Web\u00e1ruh\u00e1z","item":"https:\/\/bauplast.hu\/uzlet\/"},{"@type":"ListItem","position":3,"name":"Kert\u00e9szeti term\u00e9kek","item":"https:\/\/bauplast.hu\/termekkategoria\/kerteszeti\/"},{"@type":"ListItem","position":4,"name":"T\u00e9rk\u0151szeg\u00e9ly"}]},{"@type":"WebSite","@id":"https:\/\/bauplast.hu\/#website","url":"https:\/\/bauplast.hu\/","name":"Bauplast Kft.","description":"m\u00fbanyag \u00e1gy\u00e1sszeg\u00e9ly, t\u00e9rk\u00f5szeg\u00e9ly, aljzatr\u00e1cs, gyepszeg\u00e9ly","publisher":{"@id":"https:\/\/bauplast.hu\/#organization"},"potentialAction":[{"@type":"SearchAction","target":{"@type":"EntryPoint","urlTemplate":"https:\/\/bauplast.hu\/?s={search_term_string}"},"query-input":{"@type":"PropertyValueSpecification","valueRequired":true,"valueName":"search_term_string"}}],"inLanguage":"en-US"},{"@type":"Organization","@id":"https:\/\/bauplast.hu\/#organization","name":"Bauplast Kft.","url":"https:\/\/bauplast.hu\/","logo":{"@type":"ImageObject","inLanguage":"en-US","@id":"https:\/\/bauplast.hu\/#\/schema\/logo\/image\/","url":"https:\/\/i0.wp.com\/bauplast.hu\/wp-content\/uploads\/2026\/02\/Bau-logo_sarkok-atlatszo-scaled.png?fit=2450%2C2560&ssl=1","contentUrl":"https:\/\/i0.wp.com\/bauplast.hu\/wp-content\/uploads\/2026\/02\/Bau-logo_sarkok-atlatszo-scaled.png?fit=2450%2C2560&ssl=1","width":2450,"height":2560,"caption":"Bauplast Kft."},"image":{"@id":"https:\/\/bauplast.hu\/#\/schema\/logo\/image\/"}}]}},"jetpack_sharing_enabled":true,"_links":{"self":[{"href":"https:\/\/bauplast.hu\/en\/wp-json\/wp\/v2\/product\/1861","targetHints":{"allow":["GET"]}}],"collection":[{"href":"https:\/\/bauplast.hu\/en\/wp-json\/wp\/v2\/product"}],"about":[{"href":"https:\/\/bauplast.hu\/en\/wp-json\/wp\/v2\/types\/product"}],"version-history":[{"count":0,"href":"https:\/\/bauplast.hu\/en\/wp-json\/wp\/v2\/product\/1861\/revisions"}],"wp:featuredmedia":[{"embeddable":true,"href":"https:\/\/bauplast.hu\/en\/wp-json\/wp\/v2\/media\/2127"}],"wp:attachment":[{"href":"https:\/\/bauplast.hu\/en\/wp-json\/wp\/v2\/media?parent=1861"}],"wp:term":[{"taxonomy":"product_brand","embeddable":true,"href":"https:\/\/bauplast.hu\/en\/wp-json\/wp\/v2\/product_brand?post=1861"},{"taxonomy":"product_cat","embeddable":true,"href":"https:\/\/bauplast.hu\/en\/wp-json\/wp\/v2\/product_cat?post=1861"},{"taxonomy":"product_tag","embeddable":true,"href":"https:\/\/bauplast.hu\/en\/wp-json\/wp\/v2\/product_tag?post=1861"}],"curies":[{"name":"wp","href":"https:\/\/api.w.org\/{rel}","templated":true}]}}