{"id":1856,"date":"2026-03-03T10:54:46","date_gmt":"2026-03-03T09:54:46","guid":{"rendered":"https:\/\/bauplast.hu\/?post_type=product&#038;p=1856"},"modified":"2026-03-17T14:44:06","modified_gmt":"2026-03-17T13:44:06","slug":"vastag-agyasszegely","status":"publish","type":"product","link":"https:\/\/bauplast.hu\/en\/product\/vastag-agyasszegely\/","title":{"rendered":"VASTAG \u00e1gy\u00e1sszeg\u00e9ly"},"content":{"rendered":"<p><span style=\"font-family: Open Sans, sans-serif;\"><span style=\"font-size: large;\"><b>Anyaga: <\/b>PE polietil\u00e9n <b>UV-stabil, napf\u00e9ny- \u00e9s fagy\u00e1ll\u00f3<\/b><\/span><\/span><\/p>\n<p><span style=\"font-family: Open Sans, sans-serif;\"><span style=\"font-size: large;\"><b>Haszn\u00e1lhat\u00f3:<\/b> <\/span><\/span><\/p>\n<ul>\n<li><span style=\"font-family: Open Sans, sans-serif;\"><span style=\"font-size: large;\"><b>kavics, mulcs, z\u00fazott k\u0151 \u00e9s f\u0171 k\u00f6z\u00e9<\/b><\/span><\/span><\/li>\n<li><span style=\"font-family: Open Sans, sans-serif;\"><span style=\"font-size: large;\">vir\u00e1g\u00e1gy\u00e1sok \u00e9s n\u00f6v\u00e9ny-egy\u00fcttesek ill. f\u00fcves ter\u00fcletek elv\u00e1laszt\u00e1s\u00e1ra<\/span><\/span><\/li>\n<li><span style=\"font-family: Open Sans, sans-serif;\"><span style=\"font-size: large;\">p\u00e1zsit, talajtakar\u00f3 szeg\u00e9lyez\u00e9s\u00e9re <b>egyenes vagy nagyobb \u00edves<\/b> vonalban. <\/span><\/span><\/li>\n<\/ul>\n<p><span style=\"font-family: Open Sans, sans-serif;\"><span style=\"font-size: large;\"><b>El\u0151nye: <\/b>Megtartja az \u00e9p\u00edtett vonalvezet\u00e9st, gy\u00f6k\u00e9rsavaknak ellen\u00e1ll, damilos f\u0171- szeg\u00e9lyv\u00e1g\u00f3 nem darabolja. I<b>de\u00e1lis az egyenes vonalvezet\u00e9s kialak\u00edt\u00e1s\u00e1ra, <\/b>az \u00e9p\u00fcletek melletti v\u00edzelvezet\u0151 s\u00e1v kialak\u00edt\u00e1s\u00e1hoz, valamint mulcsos, kavicsos, z\u00fazott k\u00f6ves ter\u00fcletek mell\u00e9. <\/span><\/span><\/p>\n<p><span style=\"font-family: Open Sans, sans-serif;\"><span style=\"font-size: large;\"><b>Lerak\u00e1sa: <\/b><b> <\/b><\/span><\/span><\/p>\n<p><span style=\"font-family: Open Sans, sans-serif;\"><span style=\"font-size: large;\">A szeg\u00e9lyez\u00e9s sor\u00e1n a kijel\u00f6lt nyomvonalon egy \u00e1s\u00f3 seg\u00edts\u00e9g\u00e9vel egy V-alak\u00fa r\u00e9st kell k\u00e9pezni, amibe majd az el\u0151zetesen \u00f6sszeszerelt \u00e1gy\u00e1sszeg\u00e9lyt belecs\u00fasztatva &#8211; a magass\u00e1g be\u00e1ll\u00edt\u00e1sa ut\u00e1n &#8211; a f\u00f6ldet k\u00e9t oldalr\u00f3l mell\u00e9h\u00fazva \u00e9s t\u00f6m\u00f6r\u00edtve egyszer\u0171en megt\u00e1maszthat\u00f3 a szeg\u00e9ly. A lerak\u00e1s sor\u00e1n 6- 7 cm-t a f\u00f6ldfelsz\u00edn f\u00f6l\u00f6tt hagyva, mellette kb. 5 cm mulcsos, kavicsos, z\u00fazott k\u00f6ves takar\u00e1st lehet k\u00e9sz\u00edteni, \u00edgy a szeg\u00e9lyez\u00e9s befejez\u00e9se ut\u00e1n 1-2 cm marad szabadon. <\/span><\/span><\/p>","protected":false},"excerpt":{"rendered":"<p><span style=\"font-family: Open Sans, sans-serif;\"><span style=\"font-size: large;\"><b>M\u00e9rete: <\/b>hossz 1 m * vastags\u00e1g 7 mm<\/span><\/span><\/p>\n<p>K\u00e9tf\u00e9le magass\u00e1g v\u00e1ltozat: 15 cm \u00e9s 20 cm<\/p>\n<p><span style=\"font-family: Open Sans, sans-serif;\"><span style=\"font-size: large;\"><b>Anyaga: <\/b>PE polietil\u00e9n <b>UV-stabil, napf\u00e9ny- \u00e9s fagy\u00e1ll\u00f3<\/b><\/span><\/span><\/p>\n<p><span style=\"font-family: Open Sans, sans-serif;\"><span style=\"font-size: large;\"><b>Haszn\u00e1lhat\u00f3:<\/b> <\/span><\/span><\/p>\n<ul>\n<li><span style=\"font-family: Open Sans, sans-serif;\"><span style=\"font-size: large;\"><b>kavics, mulcs, z\u00fazott k\u0151 \u00e9s f\u0171 k\u00f6z\u00e9<\/b><\/span><\/span><\/li>\n<li><span style=\"font-family: Open Sans, sans-serif;\"><span style=\"font-size: large;\">vir\u00e1g\u00e1gy\u00e1sok \u00e9s n\u00f6v\u00e9ny-egy\u00fcttesek ill. f\u00fcves ter\u00fcletek elv\u00e1laszt\u00e1s\u00e1ra<\/span><\/span><\/li>\n<li><span style=\"font-family: Open Sans, sans-serif;\"><span style=\"font-size: large;\">p\u00e1zsit, talajtakar\u00f3 szeg\u00e9lyez\u00e9s\u00e9re <b>egyenes vagy nagyobb \u00edves<\/b> vonalban. <\/span><\/span><\/li>\n<\/ul>\n<p><span style=\"font-family: Open Sans, sans-serif;\"><span style=\"font-size: large;\"><b>El\u0151nye: <\/b>Megtartja az \u00e9p\u00edtett vonalvezet\u00e9st, gy\u00f6k\u00e9rsavaknak ellen\u00e1ll, damilos f\u0171- szeg\u00e9lyv\u00e1g\u00f3 nem darabolja. I<b>de\u00e1lis az egyenes vonalvezet\u00e9s kialak\u00edt\u00e1s\u00e1ra, <\/b>az \u00e9p\u00fcletek melletti v\u00edzelvezet\u0151 s\u00e1v kialak\u00edt\u00e1s\u00e1hoz, valamint mulcsos, kavicsos, z\u00fazott k\u00f6ves ter\u00fcletek mell\u00e9. <\/span><\/span><\/p>\n<p>&nbsp;<\/p>","protected":false},"featured_media":2138,"template":"","meta":[],"product_brand":[],"product_cat":[33],"product_tag":[],"class_list":{"0":"post-1856","1":"product","2":"type-product","3":"status-publish","4":"has-post-thumbnail","6":"product_cat-kerteszeti","7":"product_shipping_class-normal","9":"first","10":"instock","11":"taxable","12":"shipping-taxable","13":"purchasable","14":"product-type-variable"},"yoast_head":"<!-- This site is optimized with the Yoast SEO plugin v27.4 - https:\/\/yoast.com\/product\/yoast-seo-wordpress\/ -->\n<title>VASTAG \u00e1gy\u00e1sszeg\u00e9ly - Bauplast Kft.<\/title>\n<meta name=\"description\" content=\"Megtartja az \u00e9p\u00edtett vonalvezet\u00e9st, gy\u00f6k\u00e9rsavaknak ellen\u00e1ll, damilos f\u0171- szeg\u00e9lyv\u00e1g\u00f3 nem darabolja. Ide\u00e1lis az egyenes vonalvezet\u00e9s kialak\u00edt\u00e1s\u00e1ra, az \u00e9p\u00fcletek melletti v\u00edzelvezet\u0151 s\u00e1v kialak\u00edt\u00e1s\u00e1hoz, valamint mulcsos, kavicsos, z\u00fazott k\u00f6ves ter\u00fcletek mell\u00e9.\" \/>\n<meta name=\"robots\" content=\"index, follow, max-snippet:-1, max-image-preview:large, max-video-preview:-1\" \/>\n<link rel=\"canonical\" href=\"https:\/\/bauplast.hu\/en\/product\/vastag-agyasszegely\/\" \/>\n<meta property=\"og:locale\" content=\"en_US\" \/>\n<meta property=\"og:type\" content=\"article\" \/>\n<meta property=\"og:title\" content=\"VASTAG \u00e1gy\u00e1sszeg\u00e9ly - Bauplast Kft.\" \/>\n<meta property=\"og:description\" content=\"Megtartja az \u00e9p\u00edtett vonalvezet\u00e9st, gy\u00f6k\u00e9rsavaknak ellen\u00e1ll, damilos f\u0171- szeg\u00e9lyv\u00e1g\u00f3 nem darabolja. Ide\u00e1lis az egyenes vonalvezet\u00e9s kialak\u00edt\u00e1s\u00e1ra, az \u00e9p\u00fcletek melletti v\u00edzelvezet\u0151 s\u00e1v kialak\u00edt\u00e1s\u00e1hoz, valamint mulcsos, kavicsos, z\u00fazott k\u00f6ves ter\u00fcletek mell\u00e9.\" \/>\n<meta property=\"og:url\" content=\"https:\/\/bauplast.hu\/en\/product\/vastag-agyasszegely\/\" \/>\n<meta property=\"og:site_name\" content=\"Bauplast Kft.\" \/>\n<meta property=\"article:modified_time\" content=\"2026-03-17T13:44:06+00:00\" \/>\n<meta property=\"og:image\" content=\"https:\/\/bauplast.hu\/wp-content\/uploads\/2026\/03\/vastag-agyasszegely-20-es-15.jpg\" \/>\n\t<meta property=\"og:image:width\" content=\"1200\" \/>\n\t<meta property=\"og:image:height\" content=\"800\" \/>\n\t<meta property=\"og:image:type\" content=\"image\/jpeg\" \/>\n<meta name=\"twitter:card\" content=\"summary_large_image\" \/>\n<meta name=\"twitter:label1\" content=\"Est. reading time\" \/>\n\t<meta name=\"twitter:data1\" content=\"1 minute\" \/>\n<script type=\"application\/ld+json\" class=\"yoast-schema-graph\">{\"@context\":\"https:\\\/\\\/schema.org\",\"@graph\":[{\"@type\":\"WebPage\",\"@id\":\"https:\\\/\\\/bauplast.hu\\\/termek\\\/vastag-agyasszegely\\\/\",\"url\":\"https:\\\/\\\/bauplast.hu\\\/termek\\\/vastag-agyasszegely\\\/\",\"name\":\"VASTAG \u00e1gy\u00e1sszeg\u00e9ly - Bauplast Kft.\",\"isPartOf\":{\"@id\":\"https:\\\/\\\/bauplast.hu\\\/#website\"},\"primaryImageOfPage\":{\"@id\":\"https:\\\/\\\/bauplast.hu\\\/termek\\\/vastag-agyasszegely\\\/#primaryimage\"},\"image\":{\"@id\":\"https:\\\/\\\/bauplast.hu\\\/termek\\\/vastag-agyasszegely\\\/#primaryimage\"},\"thumbnailUrl\":\"https:\\\/\\\/i0.wp.com\\\/bauplast.hu\\\/wp-content\\\/uploads\\\/2026\\\/03\\\/vastag-agyasszegely-20-es-15.jpg?fit=1200%2C800&ssl=1\",\"datePublished\":\"2026-03-03T09:54:46+00:00\",\"dateModified\":\"2026-03-17T13:44:06+00:00\",\"description\":\"Megtartja az \u00e9p\u00edtett vonalvezet\u00e9st, gy\u00f6k\u00e9rsavaknak ellen\u00e1ll, damilos f\u0171- szeg\u00e9lyv\u00e1g\u00f3 nem darabolja. Ide\u00e1lis az egyenes vonalvezet\u00e9s kialak\u00edt\u00e1s\u00e1ra, az \u00e9p\u00fcletek melletti v\u00edzelvezet\u0151 s\u00e1v kialak\u00edt\u00e1s\u00e1hoz, valamint mulcsos, kavicsos, z\u00fazott k\u00f6ves ter\u00fcletek mell\u00e9.\",\"breadcrumb\":{\"@id\":\"https:\\\/\\\/bauplast.hu\\\/termek\\\/vastag-agyasszegely\\\/#breadcrumb\"},\"inLanguage\":\"en-US\",\"potentialAction\":[{\"@type\":\"ReadAction\",\"target\":[\"https:\\\/\\\/bauplast.hu\\\/termek\\\/vastag-agyasszegely\\\/\"]}]},{\"@type\":\"ImageObject\",\"inLanguage\":\"en-US\",\"@id\":\"https:\\\/\\\/bauplast.hu\\\/termek\\\/vastag-agyasszegely\\\/#primaryimage\",\"url\":\"https:\\\/\\\/i0.wp.com\\\/bauplast.hu\\\/wp-content\\\/uploads\\\/2026\\\/03\\\/vastag-agyasszegely-20-es-15.jpg?fit=1200%2C800&ssl=1\",\"contentUrl\":\"https:\\\/\\\/i0.wp.com\\\/bauplast.hu\\\/wp-content\\\/uploads\\\/2026\\\/03\\\/vastag-agyasszegely-20-es-15.jpg?fit=1200%2C800&ssl=1\",\"width\":1200,\"height\":800},{\"@type\":\"BreadcrumbList\",\"@id\":\"https:\\\/\\\/bauplast.hu\\\/termek\\\/vastag-agyasszegely\\\/#breadcrumb\",\"itemListElement\":[{\"@type\":\"ListItem\",\"position\":1,\"name\":\"Kezd\u0151lap\",\"item\":\"https:\\\/\\\/bauplast.hu\\\/\"},{\"@type\":\"ListItem\",\"position\":2,\"name\":\"Web\u00e1ruh\u00e1z\",\"item\":\"https:\\\/\\\/bauplast.hu\\\/uzlet\\\/\"},{\"@type\":\"ListItem\",\"position\":3,\"name\":\"Kert\u00e9szeti term\u00e9kek\",\"item\":\"https:\\\/\\\/bauplast.hu\\\/termekkategoria\\\/kerteszeti\\\/\"},{\"@type\":\"ListItem\",\"position\":4,\"name\":\"VASTAG \u00e1gy\u00e1sszeg\u00e9ly\"}]},{\"@type\":\"WebSite\",\"@id\":\"https:\\\/\\\/bauplast.hu\\\/#website\",\"url\":\"https:\\\/\\\/bauplast.hu\\\/\",\"name\":\"Bauplast Kft.\",\"description\":\"m\u00fbanyag \u00e1gy\u00e1sszeg\u00e9ly, t\u00e9rk\u00f5szeg\u00e9ly, aljzatr\u00e1cs, gyepszeg\u00e9ly\",\"publisher\":{\"@id\":\"https:\\\/\\\/bauplast.hu\\\/#organization\"},\"potentialAction\":[{\"@type\":\"SearchAction\",\"target\":{\"@type\":\"EntryPoint\",\"urlTemplate\":\"https:\\\/\\\/bauplast.hu\\\/?s={search_term_string}\"},\"query-input\":{\"@type\":\"PropertyValueSpecification\",\"valueRequired\":true,\"valueName\":\"search_term_string\"}}],\"inLanguage\":\"en-US\"},{\"@type\":\"Organization\",\"@id\":\"https:\\\/\\\/bauplast.hu\\\/#organization\",\"name\":\"Bauplast Kft.\",\"url\":\"https:\\\/\\\/bauplast.hu\\\/\",\"logo\":{\"@type\":\"ImageObject\",\"inLanguage\":\"en-US\",\"@id\":\"https:\\\/\\\/bauplast.hu\\\/#\\\/schema\\\/logo\\\/image\\\/\",\"url\":\"https:\\\/\\\/i0.wp.com\\\/bauplast.hu\\\/wp-content\\\/uploads\\\/2026\\\/02\\\/Bau-logo_sarkok-atlatszo-scaled.png?fit=2450%2C2560&ssl=1\",\"contentUrl\":\"https:\\\/\\\/i0.wp.com\\\/bauplast.hu\\\/wp-content\\\/uploads\\\/2026\\\/02\\\/Bau-logo_sarkok-atlatszo-scaled.png?fit=2450%2C2560&ssl=1\",\"width\":2450,\"height\":2560,\"caption\":\"Bauplast Kft.\"},\"image\":{\"@id\":\"https:\\\/\\\/bauplast.hu\\\/#\\\/schema\\\/logo\\\/image\\\/\"}}]}<\/script>\n<!-- \/ Yoast SEO plugin. -->","yoast_head_json":{"title":"VASTAG \u00e1gy\u00e1sszeg\u00e9ly - Bauplast Kft.","description":"Megtartja az \u00e9p\u00edtett vonalvezet\u00e9st, gy\u00f6k\u00e9rsavaknak ellen\u00e1ll, damilos f\u0171- szeg\u00e9lyv\u00e1g\u00f3 nem darabolja. Ide\u00e1lis az egyenes vonalvezet\u00e9s kialak\u00edt\u00e1s\u00e1ra, az \u00e9p\u00fcletek melletti v\u00edzelvezet\u0151 s\u00e1v kialak\u00edt\u00e1s\u00e1hoz, valamint mulcsos, kavicsos, z\u00fazott k\u00f6ves ter\u00fcletek mell\u00e9.","robots":{"index":"index","follow":"follow","max-snippet":"max-snippet:-1","max-image-preview":"max-image-preview:large","max-video-preview":"max-video-preview:-1"},"canonical":"https:\/\/bauplast.hu\/en\/product\/vastag-agyasszegely\/","og_locale":"en_US","og_type":"article","og_title":"VASTAG \u00e1gy\u00e1sszeg\u00e9ly - Bauplast Kft.","og_description":"Megtartja az \u00e9p\u00edtett vonalvezet\u00e9st, gy\u00f6k\u00e9rsavaknak ellen\u00e1ll, damilos f\u0171- szeg\u00e9lyv\u00e1g\u00f3 nem darabolja. Ide\u00e1lis az egyenes vonalvezet\u00e9s kialak\u00edt\u00e1s\u00e1ra, az \u00e9p\u00fcletek melletti v\u00edzelvezet\u0151 s\u00e1v kialak\u00edt\u00e1s\u00e1hoz, valamint mulcsos, kavicsos, z\u00fazott k\u00f6ves ter\u00fcletek mell\u00e9.","og_url":"https:\/\/bauplast.hu\/en\/product\/vastag-agyasszegely\/","og_site_name":"Bauplast Kft.","article_modified_time":"2026-03-17T13:44:06+00:00","og_image":[{"width":1200,"height":800,"url":"https:\/\/bauplast.hu\/wp-content\/uploads\/2026\/03\/vastag-agyasszegely-20-es-15.jpg","type":"image\/jpeg"}],"twitter_card":"summary_large_image","twitter_misc":{"Est. reading time":"1 minute"},"schema":{"@context":"https:\/\/schema.org","@graph":[{"@type":"WebPage","@id":"https:\/\/bauplast.hu\/termek\/vastag-agyasszegely\/","url":"https:\/\/bauplast.hu\/termek\/vastag-agyasszegely\/","name":"VASTAG \u00e1gy\u00e1sszeg\u00e9ly - Bauplast Kft.","isPartOf":{"@id":"https:\/\/bauplast.hu\/#website"},"primaryImageOfPage":{"@id":"https:\/\/bauplast.hu\/termek\/vastag-agyasszegely\/#primaryimage"},"image":{"@id":"https:\/\/bauplast.hu\/termek\/vastag-agyasszegely\/#primaryimage"},"thumbnailUrl":"https:\/\/i0.wp.com\/bauplast.hu\/wp-content\/uploads\/2026\/03\/vastag-agyasszegely-20-es-15.jpg?fit=1200%2C800&ssl=1","datePublished":"2026-03-03T09:54:46+00:00","dateModified":"2026-03-17T13:44:06+00:00","description":"Megtartja az \u00e9p\u00edtett vonalvezet\u00e9st, gy\u00f6k\u00e9rsavaknak ellen\u00e1ll, damilos f\u0171- szeg\u00e9lyv\u00e1g\u00f3 nem darabolja. Ide\u00e1lis az egyenes vonalvezet\u00e9s kialak\u00edt\u00e1s\u00e1ra, az \u00e9p\u00fcletek melletti v\u00edzelvezet\u0151 s\u00e1v kialak\u00edt\u00e1s\u00e1hoz, valamint mulcsos, kavicsos, z\u00fazott k\u00f6ves ter\u00fcletek mell\u00e9.","breadcrumb":{"@id":"https:\/\/bauplast.hu\/termek\/vastag-agyasszegely\/#breadcrumb"},"inLanguage":"en-US","potentialAction":[{"@type":"ReadAction","target":["https:\/\/bauplast.hu\/termek\/vastag-agyasszegely\/"]}]},{"@type":"ImageObject","inLanguage":"en-US","@id":"https:\/\/bauplast.hu\/termek\/vastag-agyasszegely\/#primaryimage","url":"https:\/\/i0.wp.com\/bauplast.hu\/wp-content\/uploads\/2026\/03\/vastag-agyasszegely-20-es-15.jpg?fit=1200%2C800&ssl=1","contentUrl":"https:\/\/i0.wp.com\/bauplast.hu\/wp-content\/uploads\/2026\/03\/vastag-agyasszegely-20-es-15.jpg?fit=1200%2C800&ssl=1","width":1200,"height":800},{"@type":"BreadcrumbList","@id":"https:\/\/bauplast.hu\/termek\/vastag-agyasszegely\/#breadcrumb","itemListElement":[{"@type":"ListItem","position":1,"name":"Kezd\u0151lap","item":"https:\/\/bauplast.hu\/"},{"@type":"ListItem","position":2,"name":"Web\u00e1ruh\u00e1z","item":"https:\/\/bauplast.hu\/uzlet\/"},{"@type":"ListItem","position":3,"name":"Kert\u00e9szeti term\u00e9kek","item":"https:\/\/bauplast.hu\/termekkategoria\/kerteszeti\/"},{"@type":"ListItem","position":4,"name":"VASTAG \u00e1gy\u00e1sszeg\u00e9ly"}]},{"@type":"WebSite","@id":"https:\/\/bauplast.hu\/#website","url":"https:\/\/bauplast.hu\/","name":"Bauplast Kft.","description":"m\u00fbanyag \u00e1gy\u00e1sszeg\u00e9ly, t\u00e9rk\u00f5szeg\u00e9ly, aljzatr\u00e1cs, gyepszeg\u00e9ly","publisher":{"@id":"https:\/\/bauplast.hu\/#organization"},"potentialAction":[{"@type":"SearchAction","target":{"@type":"EntryPoint","urlTemplate":"https:\/\/bauplast.hu\/?s={search_term_string}"},"query-input":{"@type":"PropertyValueSpecification","valueRequired":true,"valueName":"search_term_string"}}],"inLanguage":"en-US"},{"@type":"Organization","@id":"https:\/\/bauplast.hu\/#organization","name":"Bauplast Kft.","url":"https:\/\/bauplast.hu\/","logo":{"@type":"ImageObject","inLanguage":"en-US","@id":"https:\/\/bauplast.hu\/#\/schema\/logo\/image\/","url":"https:\/\/i0.wp.com\/bauplast.hu\/wp-content\/uploads\/2026\/02\/Bau-logo_sarkok-atlatszo-scaled.png?fit=2450%2C2560&ssl=1","contentUrl":"https:\/\/i0.wp.com\/bauplast.hu\/wp-content\/uploads\/2026\/02\/Bau-logo_sarkok-atlatszo-scaled.png?fit=2450%2C2560&ssl=1","width":2450,"height":2560,"caption":"Bauplast Kft."},"image":{"@id":"https:\/\/bauplast.hu\/#\/schema\/logo\/image\/"}}]}},"jetpack_sharing_enabled":true,"_links":{"self":[{"href":"https:\/\/bauplast.hu\/en\/wp-json\/wp\/v2\/product\/1856","targetHints":{"allow":["GET"]}}],"collection":[{"href":"https:\/\/bauplast.hu\/en\/wp-json\/wp\/v2\/product"}],"about":[{"href":"https:\/\/bauplast.hu\/en\/wp-json\/wp\/v2\/types\/product"}],"version-history":[{"count":0,"href":"https:\/\/bauplast.hu\/en\/wp-json\/wp\/v2\/product\/1856\/revisions"}],"wp:featuredmedia":[{"embeddable":true,"href":"https:\/\/bauplast.hu\/en\/wp-json\/wp\/v2\/media\/2138"}],"wp:attachment":[{"href":"https:\/\/bauplast.hu\/en\/wp-json\/wp\/v2\/media?parent=1856"}],"wp:term":[{"taxonomy":"product_brand","embeddable":true,"href":"https:\/\/bauplast.hu\/en\/wp-json\/wp\/v2\/product_brand?post=1856"},{"taxonomy":"product_cat","embeddable":true,"href":"https:\/\/bauplast.hu\/en\/wp-json\/wp\/v2\/product_cat?post=1856"},{"taxonomy":"product_tag","embeddable":true,"href":"https:\/\/bauplast.hu\/en\/wp-json\/wp\/v2\/product_tag?post=1856"}],"curies":[{"name":"wp","href":"https:\/\/api.w.org\/{rel}","templated":true}]}}