{"id":1702,"date":"2026-02-27T14:00:44","date_gmt":"2026-02-27T13:00:44","guid":{"rendered":"https:\/\/bauplast.hu\/?post_type=product&#038;p=1702"},"modified":"2026-03-17T11:44:58","modified_gmt":"2026-03-17T10:44:58","slug":"tuske","status":"publish","type":"product","link":"https:\/\/bauplast.hu\/en\/product\/tuske\/","title":{"rendered":"T\u00dcSKE"},"content":{"rendered":"<p><strong>M\u00e9rete:<\/strong> 3 cm *2,5 cm *30 cm<br \/>\n<strong>Anyaga:<\/strong> ABS <strong>UV-stabil, napf\u00e9ny- \u00e9s fagy\u00e1ll\u00f3<\/strong><br \/>\n<strong>S\u00falya:<\/strong> <strong>0,12<\/strong> kg \/ db<\/p>\n<p><strong>Haszn\u00e1lhat\u00f3:<\/strong><\/p>\n<ul>\n<li>PROFI \u00e1gy\u00e1sszeg\u00e9ly \u00e9s t\u00f3szeg\u00e9lyhez<\/li>\n<li>VASTAG \u00e1gy\u00e1sszeg\u00e9lyhez<\/li>\n<\/ul>\n<p>1 \u2013 2 db m\u00e9terenk\u00e9nt a r\u00f6gz\u00edt\u00e9shez.<\/p>\n<p>A t\u00fcske \u00e9s az \u00e1gy\u00e1sszeg\u00e9ly \u00f6sszecsavaroz\u00e1s\u00e1hoz sz\u00fcks\u00e9ges csavarok tartoz\u00e9kok.<\/p>","protected":false},"excerpt":{"rendered":"<p><strong>M\u00e9rete:<\/strong> 3 cm *2,5 cm *30 cm<br \/>\n<strong>Anyaga:<\/strong> ABS <strong>UV-stabil, napf\u00e9ny- \u00e9s fagy\u00e1ll\u00f3<\/strong><br \/>\n<strong>S\u00falya:<\/strong> <strong>0,12<\/strong> kg \/ db<\/p>\n<p><strong>Haszn\u00e1lhat\u00f3:<\/strong><\/p>\n<ul>\n<li>PROFI \u00e1gy\u00e1sszeg\u00e9ly \u00e9s t\u00f3szeg\u00e9lyhez<\/li>\n<li>VASTAG \u00e1gy\u00e1sszeg\u00e9lyhez<\/li>\n<\/ul>\n<p>1 \u2013 2 db m\u00e9terenk\u00e9nt a r\u00f6gz\u00edt\u00e9shez.<\/p>\n<p>A t\u00fcske \u00e9s az \u00e1gy\u00e1sszeg\u00e9ly \u00f6sszecsavaroz\u00e1s\u00e1hoz sz\u00fcks\u00e9ges csavarok tartoz\u00e9kok.<\/p>","protected":false},"featured_media":2352,"template":"","meta":[],"product_brand":[],"product_cat":[33],"product_tag":[],"class_list":{"0":"post-1702","1":"product","2":"type-product","3":"status-publish","4":"has-post-thumbnail","6":"product_cat-kerteszeti","7":"product_shipping_class-normal","9":"first","10":"instock","11":"taxable","12":"shipping-taxable","13":"purchasable","14":"product-type-simple"},"yoast_head":"<!-- This site is optimized with the Yoast SEO plugin v27.4 - https:\/\/yoast.com\/product\/yoast-seo-wordpress\/ -->\n<title>T\u00dcSKE - Bauplast Kft.<\/title>\n<meta name=\"description\" content=\"T\u00fcske PROFI \u00e1gy\u00e1sszeg\u00e9ly \u00e9s t\u00f3szeg\u00e9lyhez, VASTAG \u00e1gy\u00e1sszeg\u00e9lyhez, 1 \u2013 2 db m\u00e9terenk\u00e9nt a r\u00f6gz\u00edt\u00e9shez.\" \/>\n<meta name=\"robots\" content=\"index, follow, max-snippet:-1, max-image-preview:large, max-video-preview:-1\" \/>\n<link rel=\"canonical\" href=\"https:\/\/bauplast.hu\/en\/product\/tuske\/\" \/>\n<meta property=\"og:locale\" content=\"en_US\" \/>\n<meta property=\"og:type\" content=\"article\" \/>\n<meta property=\"og:title\" content=\"T\u00dcSKE - Bauplast Kft.\" \/>\n<meta property=\"og:description\" content=\"T\u00fcske PROFI \u00e1gy\u00e1sszeg\u00e9ly \u00e9s t\u00f3szeg\u00e9lyhez, VASTAG \u00e1gy\u00e1sszeg\u00e9lyhez, 1 \u2013 2 db m\u00e9terenk\u00e9nt a r\u00f6gz\u00edt\u00e9shez.\" \/>\n<meta property=\"og:url\" content=\"https:\/\/bauplast.hu\/en\/product\/tuske\/\" \/>\n<meta property=\"og:site_name\" content=\"Bauplast Kft.\" \/>\n<meta property=\"article:modified_time\" content=\"2026-03-17T10:44:58+00:00\" \/>\n<meta property=\"og:image\" content=\"https:\/\/bauplast.hu\/wp-content\/uploads\/2026\/03\/foto-tuske.jpg\" \/>\n\t<meta property=\"og:image:width\" content=\"1200\" \/>\n\t<meta property=\"og:image:height\" content=\"1573\" \/>\n\t<meta property=\"og:image:type\" content=\"image\/jpeg\" \/>\n<meta name=\"twitter:card\" content=\"summary_large_image\" \/>\n<meta name=\"twitter:label1\" content=\"Est. reading time\" \/>\n\t<meta name=\"twitter:data1\" content=\"1 minute\" \/>\n<script type=\"application\/ld+json\" class=\"yoast-schema-graph\">{\"@context\":\"https:\\\/\\\/schema.org\",\"@graph\":[{\"@type\":\"WebPage\",\"@id\":\"https:\\\/\\\/bauplast.hu\\\/termek\\\/tuske\\\/\",\"url\":\"https:\\\/\\\/bauplast.hu\\\/termek\\\/tuske\\\/\",\"name\":\"T\u00dcSKE - Bauplast Kft.\",\"isPartOf\":{\"@id\":\"https:\\\/\\\/bauplast.hu\\\/#website\"},\"primaryImageOfPage\":{\"@id\":\"https:\\\/\\\/bauplast.hu\\\/termek\\\/tuske\\\/#primaryimage\"},\"image\":{\"@id\":\"https:\\\/\\\/bauplast.hu\\\/termek\\\/tuske\\\/#primaryimage\"},\"thumbnailUrl\":\"https:\\\/\\\/i0.wp.com\\\/bauplast.hu\\\/wp-content\\\/uploads\\\/2026\\\/03\\\/foto-tuske.jpg?fit=1200%2C1573&ssl=1\",\"datePublished\":\"2026-02-27T13:00:44+00:00\",\"dateModified\":\"2026-03-17T10:44:58+00:00\",\"description\":\"T\u00fcske PROFI \u00e1gy\u00e1sszeg\u00e9ly \u00e9s t\u00f3szeg\u00e9lyhez, VASTAG \u00e1gy\u00e1sszeg\u00e9lyhez, 1 \u2013 2 db m\u00e9terenk\u00e9nt a r\u00f6gz\u00edt\u00e9shez.\",\"breadcrumb\":{\"@id\":\"https:\\\/\\\/bauplast.hu\\\/termek\\\/tuske\\\/#breadcrumb\"},\"inLanguage\":\"en-US\",\"potentialAction\":[{\"@type\":\"ReadAction\",\"target\":[\"https:\\\/\\\/bauplast.hu\\\/termek\\\/tuske\\\/\"]}]},{\"@type\":\"ImageObject\",\"inLanguage\":\"en-US\",\"@id\":\"https:\\\/\\\/bauplast.hu\\\/termek\\\/tuske\\\/#primaryimage\",\"url\":\"https:\\\/\\\/i0.wp.com\\\/bauplast.hu\\\/wp-content\\\/uploads\\\/2026\\\/03\\\/foto-tuske.jpg?fit=1200%2C1573&ssl=1\",\"contentUrl\":\"https:\\\/\\\/i0.wp.com\\\/bauplast.hu\\\/wp-content\\\/uploads\\\/2026\\\/03\\\/foto-tuske.jpg?fit=1200%2C1573&ssl=1\",\"width\":1200,\"height\":1573},{\"@type\":\"BreadcrumbList\",\"@id\":\"https:\\\/\\\/bauplast.hu\\\/termek\\\/tuske\\\/#breadcrumb\",\"itemListElement\":[{\"@type\":\"ListItem\",\"position\":1,\"name\":\"Kezd\u0151lap\",\"item\":\"https:\\\/\\\/bauplast.hu\\\/\"},{\"@type\":\"ListItem\",\"position\":2,\"name\":\"Web\u00e1ruh\u00e1z\",\"item\":\"https:\\\/\\\/bauplast.hu\\\/uzlet\\\/\"},{\"@type\":\"ListItem\",\"position\":3,\"name\":\"Kert\u00e9szeti term\u00e9kek\",\"item\":\"https:\\\/\\\/bauplast.hu\\\/termekkategoria\\\/kerteszeti\\\/\"},{\"@type\":\"ListItem\",\"position\":4,\"name\":\"T\u00dcSKE\"}]},{\"@type\":\"WebSite\",\"@id\":\"https:\\\/\\\/bauplast.hu\\\/#website\",\"url\":\"https:\\\/\\\/bauplast.hu\\\/\",\"name\":\"Bauplast Kft.\",\"description\":\"m\u00fbanyag \u00e1gy\u00e1sszeg\u00e9ly, t\u00e9rk\u00f5szeg\u00e9ly, aljzatr\u00e1cs, gyepszeg\u00e9ly\",\"publisher\":{\"@id\":\"https:\\\/\\\/bauplast.hu\\\/#organization\"},\"potentialAction\":[{\"@type\":\"SearchAction\",\"target\":{\"@type\":\"EntryPoint\",\"urlTemplate\":\"https:\\\/\\\/bauplast.hu\\\/?s={search_term_string}\"},\"query-input\":{\"@type\":\"PropertyValueSpecification\",\"valueRequired\":true,\"valueName\":\"search_term_string\"}}],\"inLanguage\":\"en-US\"},{\"@type\":\"Organization\",\"@id\":\"https:\\\/\\\/bauplast.hu\\\/#organization\",\"name\":\"Bauplast Kft.\",\"url\":\"https:\\\/\\\/bauplast.hu\\\/\",\"logo\":{\"@type\":\"ImageObject\",\"inLanguage\":\"en-US\",\"@id\":\"https:\\\/\\\/bauplast.hu\\\/#\\\/schema\\\/logo\\\/image\\\/\",\"url\":\"https:\\\/\\\/i0.wp.com\\\/bauplast.hu\\\/wp-content\\\/uploads\\\/2026\\\/02\\\/Bau-logo_sarkok-atlatszo-scaled.png?fit=2450%2C2560&ssl=1\",\"contentUrl\":\"https:\\\/\\\/i0.wp.com\\\/bauplast.hu\\\/wp-content\\\/uploads\\\/2026\\\/02\\\/Bau-logo_sarkok-atlatszo-scaled.png?fit=2450%2C2560&ssl=1\",\"width\":2450,\"height\":2560,\"caption\":\"Bauplast Kft.\"},\"image\":{\"@id\":\"https:\\\/\\\/bauplast.hu\\\/#\\\/schema\\\/logo\\\/image\\\/\"}}]}<\/script>\n<!-- \/ Yoast SEO plugin. -->","yoast_head_json":{"title":"T\u00dcSKE - Bauplast Kft.","description":"T\u00fcske PROFI \u00e1gy\u00e1sszeg\u00e9ly \u00e9s t\u00f3szeg\u00e9lyhez, VASTAG \u00e1gy\u00e1sszeg\u00e9lyhez, 1 \u2013 2 db m\u00e9terenk\u00e9nt a r\u00f6gz\u00edt\u00e9shez.","robots":{"index":"index","follow":"follow","max-snippet":"max-snippet:-1","max-image-preview":"max-image-preview:large","max-video-preview":"max-video-preview:-1"},"canonical":"https:\/\/bauplast.hu\/en\/product\/tuske\/","og_locale":"en_US","og_type":"article","og_title":"T\u00dcSKE - Bauplast Kft.","og_description":"T\u00fcske PROFI \u00e1gy\u00e1sszeg\u00e9ly \u00e9s t\u00f3szeg\u00e9lyhez, VASTAG \u00e1gy\u00e1sszeg\u00e9lyhez, 1 \u2013 2 db m\u00e9terenk\u00e9nt a r\u00f6gz\u00edt\u00e9shez.","og_url":"https:\/\/bauplast.hu\/en\/product\/tuske\/","og_site_name":"Bauplast Kft.","article_modified_time":"2026-03-17T10:44:58+00:00","og_image":[{"width":1200,"height":1573,"url":"https:\/\/bauplast.hu\/wp-content\/uploads\/2026\/03\/foto-tuske.jpg","type":"image\/jpeg"}],"twitter_card":"summary_large_image","twitter_misc":{"Est. reading time":"1 minute"},"schema":{"@context":"https:\/\/schema.org","@graph":[{"@type":"WebPage","@id":"https:\/\/bauplast.hu\/termek\/tuske\/","url":"https:\/\/bauplast.hu\/termek\/tuske\/","name":"T\u00dcSKE - Bauplast Kft.","isPartOf":{"@id":"https:\/\/bauplast.hu\/#website"},"primaryImageOfPage":{"@id":"https:\/\/bauplast.hu\/termek\/tuske\/#primaryimage"},"image":{"@id":"https:\/\/bauplast.hu\/termek\/tuske\/#primaryimage"},"thumbnailUrl":"https:\/\/i0.wp.com\/bauplast.hu\/wp-content\/uploads\/2026\/03\/foto-tuske.jpg?fit=1200%2C1573&ssl=1","datePublished":"2026-02-27T13:00:44+00:00","dateModified":"2026-03-17T10:44:58+00:00","description":"T\u00fcske PROFI \u00e1gy\u00e1sszeg\u00e9ly \u00e9s t\u00f3szeg\u00e9lyhez, VASTAG \u00e1gy\u00e1sszeg\u00e9lyhez, 1 \u2013 2 db m\u00e9terenk\u00e9nt a r\u00f6gz\u00edt\u00e9shez.","breadcrumb":{"@id":"https:\/\/bauplast.hu\/termek\/tuske\/#breadcrumb"},"inLanguage":"en-US","potentialAction":[{"@type":"ReadAction","target":["https:\/\/bauplast.hu\/termek\/tuske\/"]}]},{"@type":"ImageObject","inLanguage":"en-US","@id":"https:\/\/bauplast.hu\/termek\/tuske\/#primaryimage","url":"https:\/\/i0.wp.com\/bauplast.hu\/wp-content\/uploads\/2026\/03\/foto-tuske.jpg?fit=1200%2C1573&ssl=1","contentUrl":"https:\/\/i0.wp.com\/bauplast.hu\/wp-content\/uploads\/2026\/03\/foto-tuske.jpg?fit=1200%2C1573&ssl=1","width":1200,"height":1573},{"@type":"BreadcrumbList","@id":"https:\/\/bauplast.hu\/termek\/tuske\/#breadcrumb","itemListElement":[{"@type":"ListItem","position":1,"name":"Kezd\u0151lap","item":"https:\/\/bauplast.hu\/"},{"@type":"ListItem","position":2,"name":"Web\u00e1ruh\u00e1z","item":"https:\/\/bauplast.hu\/uzlet\/"},{"@type":"ListItem","position":3,"name":"Kert\u00e9szeti term\u00e9kek","item":"https:\/\/bauplast.hu\/termekkategoria\/kerteszeti\/"},{"@type":"ListItem","position":4,"name":"T\u00dcSKE"}]},{"@type":"WebSite","@id":"https:\/\/bauplast.hu\/#website","url":"https:\/\/bauplast.hu\/","name":"Bauplast Kft.","description":"m\u00fbanyag \u00e1gy\u00e1sszeg\u00e9ly, t\u00e9rk\u00f5szeg\u00e9ly, aljzatr\u00e1cs, gyepszeg\u00e9ly","publisher":{"@id":"https:\/\/bauplast.hu\/#organization"},"potentialAction":[{"@type":"SearchAction","target":{"@type":"EntryPoint","urlTemplate":"https:\/\/bauplast.hu\/?s={search_term_string}"},"query-input":{"@type":"PropertyValueSpecification","valueRequired":true,"valueName":"search_term_string"}}],"inLanguage":"en-US"},{"@type":"Organization","@id":"https:\/\/bauplast.hu\/#organization","name":"Bauplast Kft.","url":"https:\/\/bauplast.hu\/","logo":{"@type":"ImageObject","inLanguage":"en-US","@id":"https:\/\/bauplast.hu\/#\/schema\/logo\/image\/","url":"https:\/\/i0.wp.com\/bauplast.hu\/wp-content\/uploads\/2026\/02\/Bau-logo_sarkok-atlatszo-scaled.png?fit=2450%2C2560&ssl=1","contentUrl":"https:\/\/i0.wp.com\/bauplast.hu\/wp-content\/uploads\/2026\/02\/Bau-logo_sarkok-atlatszo-scaled.png?fit=2450%2C2560&ssl=1","width":2450,"height":2560,"caption":"Bauplast Kft."},"image":{"@id":"https:\/\/bauplast.hu\/#\/schema\/logo\/image\/"}}]}},"jetpack_sharing_enabled":true,"_links":{"self":[{"href":"https:\/\/bauplast.hu\/en\/wp-json\/wp\/v2\/product\/1702","targetHints":{"allow":["GET"]}}],"collection":[{"href":"https:\/\/bauplast.hu\/en\/wp-json\/wp\/v2\/product"}],"about":[{"href":"https:\/\/bauplast.hu\/en\/wp-json\/wp\/v2\/types\/product"}],"version-history":[{"count":0,"href":"https:\/\/bauplast.hu\/en\/wp-json\/wp\/v2\/product\/1702\/revisions"}],"wp:featuredmedia":[{"embeddable":true,"href":"https:\/\/bauplast.hu\/en\/wp-json\/wp\/v2\/media\/2352"}],"wp:attachment":[{"href":"https:\/\/bauplast.hu\/en\/wp-json\/wp\/v2\/media?parent=1702"}],"wp:term":[{"taxonomy":"product_brand","embeddable":true,"href":"https:\/\/bauplast.hu\/en\/wp-json\/wp\/v2\/product_brand?post=1702"},{"taxonomy":"product_cat","embeddable":true,"href":"https:\/\/bauplast.hu\/en\/wp-json\/wp\/v2\/product_cat?post=1702"},{"taxonomy":"product_tag","embeddable":true,"href":"https:\/\/bauplast.hu\/en\/wp-json\/wp\/v2\/product_tag?post=1702"}],"curies":[{"name":"wp","href":"https:\/\/api.w.org\/{rel}","templated":true}]}}