{"id":1695,"date":"2026-02-27T13:53:10","date_gmt":"2026-02-27T12:53:10","guid":{"rendered":"https:\/\/bauplast.hu\/?post_type=product&#038;p=1695"},"modified":"2026-03-18T11:21:20","modified_gmt":"2026-03-18T10:21:20","slug":"profi-agyasszegely-es-toszegely-tekercsben","status":"publish","type":"product","link":"https:\/\/bauplast.hu\/en\/product\/profi-agyasszegely-es-toszegely-tekercsben\/","title":{"rendered":"PROFI \u00e1gy\u00e1sszeg\u00e9ly \u00e9s t\u00f3szeg\u00e9ly tekercsben"},"content":{"rendered":"<p><strong>M\u00e9rete:<\/strong> 15cm magas * 7mm vastag<\/p>\n<p>K\u00e9t hosszban rendelhet\u0151, <strong>10m<\/strong>-es<strong> \u00e9s 25m<\/strong>-es tekercsekben<\/p>\n<p><strong>Anyaga:<\/strong> HDPE polietil\u00e9n <strong>UV-stabil, napf\u00e9ny- \u00e9s fagy\u00e1ll\u00f3<\/strong><\/p>\n<p><strong>Haszn\u00e1lhat\u00f3:<\/strong><\/p>\n<ul>\n<li>kavics, mulcs, z\u00fazott k\u0151 \u00e9s f\u0171 k\u00f6z\u00e9<\/li>\n<li>vir\u00e1g\u00e1gy\u00e1sok \u00e9s n\u00f6v\u00e9ny-egy\u00fcttesek ill. f\u00fcves ter\u00fcletek elv\u00e1laszt\u00e1s\u00e1ra<\/li>\n<li>p\u00e1zsit, talajtakar\u00f3 szeg\u00e9lyez\u00e9s\u00e9re els\u0151sorban \u00edves vagy egyenes vonalban.<\/li>\n<li>kerti tavak \u00e9p\u00edt\u00e9sekor<\/li>\n<\/ul>\n<p>A 15 cm magas 7 mm vastag <strong>fekete<\/strong> m\u0171anyag szeg\u00e9ly b\u00e1rmilyen vonalvezet\u00e9sben ig\u00e9nyesen elhat\u00e1rolja a kert ill. a park f\u00fcves ter\u00fcleteit az \u00e1gy\u00e1sokt\u00f3l, z\u00fazott k\u0151vel, kaviccsal, mulccsal fedett fel\u00fcletekt\u0151l.<\/p>\n<p><strong>Ide\u00e1lis az ipari parkok z\u00f6ldter\u00fcleteinek \u00e9s parkok be\u00e9p\u00edt\u00e9s\u00e9re ill. kerti tavak kialak\u00edt\u00e1s\u00e1ra<\/strong>, ugyanakkor kiskerti felhaszn\u00e1l\u00e1sra is javasoljuk.<br \/>\nSz\u00fcks\u00e9g eset\u00e9n 30 cm-es t\u00fcsk\u00e9kkel lesz\u00farhat\u00f3, ami biztos\u00edtja a stabil tart\u00e1st.<\/p>\n<p><strong>Lerak\u00e1sa:<\/strong><\/p>\n<p>A szeg\u00e9lyez\u00e9s sor\u00e1n a kijel\u00f6lt nyomvonalon egy \u00e1s\u00f3 seg\u00edts\u00e9g\u00e9vel egy V-alak\u00fa r\u00e9st kell k\u00e9pezni, amibe majd az el\u0151zetesen \u00f6sszeszerelt \u00e1gy\u00e1sszeg\u00e9lyt belecs\u00fasztatva &#8211; a magass\u00e1g be\u00e1ll\u00edt\u00e1sa ut\u00e1n &#8211; a f\u00f6ldet k\u00e9t oldalr\u00f3l mell\u00e9h\u00fazva \u00e9s t\u00f6m\u00f6r\u00edtve egyszer\u0171en megt\u00e1maszthat\u00f3 a szeg\u00e9ly. A lerak\u00e1s sor\u00e1n 6- 7 cm-t a f\u00f6ldfelsz\u00edn f\u00f6l\u00f6tt hagyva, mellette kb. 5 cm mulcsos, kavicsos, z\u00fazott k\u00f6ves takar\u00e1st lehet k\u00e9sz\u00edteni, \u00edgy a szeg\u00e9lyez\u00e9s befejez\u00e9se ut\u00e1n 1-2 cm marad szabadon.<\/p>","protected":false},"excerpt":{"rendered":"<p><strong>M\u00e9rete:<\/strong> 15cm magas * 7mm vastag<\/p>\n<p>K\u00e9t hosszban rendelhet\u0151, <strong>10m \u00e9s 25m<\/strong><\/p>\n<p><strong>Anyaga:<\/strong> HDPE polietil\u00e9n <strong>UV-stabil, napf\u00e9ny- \u00e9s fagy\u00e1ll\u00f3<\/strong><\/p>\n<p><strong>Haszn\u00e1lhat\u00f3:<\/strong><\/p>\n<ul>\n<li>kavics, mulcs, z\u00fazott k\u0151 \u00e9s f\u0171 k\u00f6z\u00e9<\/li>\n<li>vir\u00e1g\u00e1gy\u00e1sok \u00e9s n\u00f6v\u00e9ny-egy\u00fcttesek ill. f\u00fcves ter\u00fcletek elv\u00e1laszt\u00e1s\u00e1ra<\/li>\n<li>p\u00e1zsit, talajtakar\u00f3 szeg\u00e9lyez\u00e9s\u00e9re els\u0151sorban \u00edves vagy egyenes vonalban.<\/li>\n<li>kerti tavak \u00e9p\u00edt\u00e9sekor<\/li>\n<\/ul>\n<p>A 15 cm magas 7 mm vastag <strong>fekete<\/strong> m\u0171anyag szeg\u00e9ly b\u00e1rmilyen vonalvezet\u00e9sben ig\u00e9nyesen elhat\u00e1rolja a kert ill. a park f\u00fcves ter\u00fcleteit az \u00e1gy\u00e1sokt\u00f3l, z\u00fazott k\u0151vel, kaviccsal, mulccsal fedett fel\u00fcletekt\u0151l.<\/p>\n<p><strong>Ide\u00e1lis az ipari parkok z\u00f6ldter\u00fcleteinek \u00e9s parkok be\u00e9p\u00edt\u00e9s\u00e9re ill. kerti tavak kialak\u00edt\u00e1s\u00e1ra<\/strong>, ugyanakkor kiskerti felhaszn\u00e1l\u00e1sra is javasoljuk.<br \/>\nSz\u00fcks\u00e9g eset\u00e9n 30 cm-es t\u00fcsk\u00e9kkel lesz\u00farhat\u00f3, ami biztos\u00edtja a stabil tart\u00e1st.<\/p>\n<p>&nbsp;<\/p>","protected":false},"featured_media":2106,"template":"","meta":[],"product_brand":[],"product_cat":[33],"product_tag":[],"class_list":{"0":"post-1695","1":"product","2":"type-product","3":"status-publish","4":"has-post-thumbnail","6":"product_cat-kerteszeti","7":"product_shipping_class-normal","9":"first","10":"instock","11":"taxable","12":"shipping-taxable","13":"purchasable","14":"product-type-variable"},"yoast_head":"<!-- This site is optimized with the Yoast SEO plugin v27.4 - https:\/\/yoast.com\/product\/yoast-seo-wordpress\/ -->\n<title>PROFI \u00e1gy\u00e1sszeg\u00e9ly \u00e9s t\u00f3szeg\u00e9ly tekercsben - Bauplast Kft.<\/title>\n<meta name=\"description\" content=\"A fekete m\u0171anyag szeg\u00e9ly b\u00e1rmilyen vonalvezet\u00e9sben ig\u00e9nyesen elhat\u00e1rolja a kert ill. a park f\u00fcves ter\u00fcleteit az \u00e1gy\u00e1sokt\u00f3l, z\u00fazott k\u0151vel, kaviccsal, mulccsal fedett fel\u00fcletekt\u0151l. Ide\u00e1lis az ipari parkok z\u00f6ldter\u00fcleteinek \u00e9s parkok be\u00e9p\u00edt\u00e9s\u00e9re ill. kerti tavak kialak\u00edt\u00e1s\u00e1ra, ugyanakkor kiskerti felhaszn\u00e1l\u00e1sra is javasoljuk.\" \/>\n<meta name=\"robots\" content=\"index, follow, max-snippet:-1, max-image-preview:large, max-video-preview:-1\" \/>\n<link rel=\"canonical\" href=\"https:\/\/bauplast.hu\/en\/product\/profi-agyasszegely-es-toszegely-tekercsben\/\" \/>\n<meta property=\"og:locale\" content=\"en_US\" \/>\n<meta property=\"og:type\" content=\"article\" \/>\n<meta property=\"og:title\" content=\"PROFI \u00e1gy\u00e1sszeg\u00e9ly \u00e9s t\u00f3szeg\u00e9ly tekercsben - Bauplast Kft.\" \/>\n<meta property=\"og:description\" content=\"A fekete m\u0171anyag szeg\u00e9ly b\u00e1rmilyen vonalvezet\u00e9sben ig\u00e9nyesen elhat\u00e1rolja a kert ill. a park f\u00fcves ter\u00fcleteit az \u00e1gy\u00e1sokt\u00f3l, z\u00fazott k\u0151vel, kaviccsal, mulccsal fedett fel\u00fcletekt\u0151l. Ide\u00e1lis az ipari parkok z\u00f6ldter\u00fcleteinek \u00e9s parkok be\u00e9p\u00edt\u00e9s\u00e9re ill. kerti tavak kialak\u00edt\u00e1s\u00e1ra, ugyanakkor kiskerti felhaszn\u00e1l\u00e1sra is javasoljuk.\" \/>\n<meta property=\"og:url\" content=\"https:\/\/bauplast.hu\/en\/product\/profi-agyasszegely-es-toszegely-tekercsben\/\" \/>\n<meta property=\"og:site_name\" content=\"Bauplast Kft.\" \/>\n<meta property=\"article:modified_time\" content=\"2026-03-18T10:21:20+00:00\" \/>\n<meta property=\"og:image\" content=\"https:\/\/bauplast.hu\/wp-content\/uploads\/2026\/03\/profi-agyasszegely-25.jpg\" \/>\n\t<meta property=\"og:image:width\" content=\"1200\" \/>\n\t<meta property=\"og:image:height\" content=\"1192\" \/>\n\t<meta property=\"og:image:type\" content=\"image\/jpeg\" \/>\n<meta name=\"twitter:card\" content=\"summary_large_image\" \/>\n<meta name=\"twitter:label1\" content=\"Est. reading time\" \/>\n\t<meta name=\"twitter:data1\" content=\"2 minutes\" \/>\n<script type=\"application\/ld+json\" class=\"yoast-schema-graph\">{\"@context\":\"https:\\\/\\\/schema.org\",\"@graph\":[{\"@type\":\"WebPage\",\"@id\":\"https:\\\/\\\/bauplast.hu\\\/termek\\\/profi-agyasszegely-es-toszegely-tekercsben\\\/\",\"url\":\"https:\\\/\\\/bauplast.hu\\\/termek\\\/profi-agyasszegely-es-toszegely-tekercsben\\\/\",\"name\":\"PROFI \u00e1gy\u00e1sszeg\u00e9ly \u00e9s t\u00f3szeg\u00e9ly tekercsben - Bauplast Kft.\",\"isPartOf\":{\"@id\":\"https:\\\/\\\/bauplast.hu\\\/#website\"},\"primaryImageOfPage\":{\"@id\":\"https:\\\/\\\/bauplast.hu\\\/termek\\\/profi-agyasszegely-es-toszegely-tekercsben\\\/#primaryimage\"},\"image\":{\"@id\":\"https:\\\/\\\/bauplast.hu\\\/termek\\\/profi-agyasszegely-es-toszegely-tekercsben\\\/#primaryimage\"},\"thumbnailUrl\":\"https:\\\/\\\/i0.wp.com\\\/bauplast.hu\\\/wp-content\\\/uploads\\\/2026\\\/03\\\/profi-agyasszegely-25.jpg?fit=1200%2C1192&ssl=1\",\"datePublished\":\"2026-02-27T12:53:10+00:00\",\"dateModified\":\"2026-03-18T10:21:20+00:00\",\"description\":\"A fekete m\u0171anyag szeg\u00e9ly b\u00e1rmilyen vonalvezet\u00e9sben ig\u00e9nyesen elhat\u00e1rolja a kert ill. a park f\u00fcves ter\u00fcleteit az \u00e1gy\u00e1sokt\u00f3l, z\u00fazott k\u0151vel, kaviccsal, mulccsal fedett fel\u00fcletekt\u0151l. Ide\u00e1lis az ipari parkok z\u00f6ldter\u00fcleteinek \u00e9s parkok be\u00e9p\u00edt\u00e9s\u00e9re ill. kerti tavak kialak\u00edt\u00e1s\u00e1ra, ugyanakkor kiskerti felhaszn\u00e1l\u00e1sra is javasoljuk.\",\"breadcrumb\":{\"@id\":\"https:\\\/\\\/bauplast.hu\\\/termek\\\/profi-agyasszegely-es-toszegely-tekercsben\\\/#breadcrumb\"},\"inLanguage\":\"en-US\",\"potentialAction\":[{\"@type\":\"ReadAction\",\"target\":[\"https:\\\/\\\/bauplast.hu\\\/termek\\\/profi-agyasszegely-es-toszegely-tekercsben\\\/\"]}]},{\"@type\":\"ImageObject\",\"inLanguage\":\"en-US\",\"@id\":\"https:\\\/\\\/bauplast.hu\\\/termek\\\/profi-agyasszegely-es-toszegely-tekercsben\\\/#primaryimage\",\"url\":\"https:\\\/\\\/i0.wp.com\\\/bauplast.hu\\\/wp-content\\\/uploads\\\/2026\\\/03\\\/profi-agyasszegely-25.jpg?fit=1200%2C1192&ssl=1\",\"contentUrl\":\"https:\\\/\\\/i0.wp.com\\\/bauplast.hu\\\/wp-content\\\/uploads\\\/2026\\\/03\\\/profi-agyasszegely-25.jpg?fit=1200%2C1192&ssl=1\",\"width\":1200,\"height\":1192},{\"@type\":\"BreadcrumbList\",\"@id\":\"https:\\\/\\\/bauplast.hu\\\/termek\\\/profi-agyasszegely-es-toszegely-tekercsben\\\/#breadcrumb\",\"itemListElement\":[{\"@type\":\"ListItem\",\"position\":1,\"name\":\"Kezd\u0151lap\",\"item\":\"https:\\\/\\\/bauplast.hu\\\/\"},{\"@type\":\"ListItem\",\"position\":2,\"name\":\"Web\u00e1ruh\u00e1z\",\"item\":\"https:\\\/\\\/bauplast.hu\\\/uzlet\\\/\"},{\"@type\":\"ListItem\",\"position\":3,\"name\":\"Kert\u00e9szeti term\u00e9kek\",\"item\":\"https:\\\/\\\/bauplast.hu\\\/termekkategoria\\\/kerteszeti\\\/\"},{\"@type\":\"ListItem\",\"position\":4,\"name\":\"PROFI \u00e1gy\u00e1sszeg\u00e9ly \u00e9s t\u00f3szeg\u00e9ly tekercsben\"}]},{\"@type\":\"WebSite\",\"@id\":\"https:\\\/\\\/bauplast.hu\\\/#website\",\"url\":\"https:\\\/\\\/bauplast.hu\\\/\",\"name\":\"Bauplast Kft.\",\"description\":\"m\u00fbanyag \u00e1gy\u00e1sszeg\u00e9ly, t\u00e9rk\u00f5szeg\u00e9ly, aljzatr\u00e1cs, gyepszeg\u00e9ly\",\"publisher\":{\"@id\":\"https:\\\/\\\/bauplast.hu\\\/#organization\"},\"potentialAction\":[{\"@type\":\"SearchAction\",\"target\":{\"@type\":\"EntryPoint\",\"urlTemplate\":\"https:\\\/\\\/bauplast.hu\\\/?s={search_term_string}\"},\"query-input\":{\"@type\":\"PropertyValueSpecification\",\"valueRequired\":true,\"valueName\":\"search_term_string\"}}],\"inLanguage\":\"en-US\"},{\"@type\":\"Organization\",\"@id\":\"https:\\\/\\\/bauplast.hu\\\/#organization\",\"name\":\"Bauplast Kft.\",\"url\":\"https:\\\/\\\/bauplast.hu\\\/\",\"logo\":{\"@type\":\"ImageObject\",\"inLanguage\":\"en-US\",\"@id\":\"https:\\\/\\\/bauplast.hu\\\/#\\\/schema\\\/logo\\\/image\\\/\",\"url\":\"https:\\\/\\\/i0.wp.com\\\/bauplast.hu\\\/wp-content\\\/uploads\\\/2026\\\/02\\\/Bau-logo_sarkok-atlatszo-scaled.png?fit=2450%2C2560&ssl=1\",\"contentUrl\":\"https:\\\/\\\/i0.wp.com\\\/bauplast.hu\\\/wp-content\\\/uploads\\\/2026\\\/02\\\/Bau-logo_sarkok-atlatszo-scaled.png?fit=2450%2C2560&ssl=1\",\"width\":2450,\"height\":2560,\"caption\":\"Bauplast Kft.\"},\"image\":{\"@id\":\"https:\\\/\\\/bauplast.hu\\\/#\\\/schema\\\/logo\\\/image\\\/\"}}]}<\/script>\n<!-- \/ Yoast SEO plugin. -->","yoast_head_json":{"title":"PROFI \u00e1gy\u00e1sszeg\u00e9ly \u00e9s t\u00f3szeg\u00e9ly tekercsben - Bauplast Kft.","description":"A fekete m\u0171anyag szeg\u00e9ly b\u00e1rmilyen vonalvezet\u00e9sben ig\u00e9nyesen elhat\u00e1rolja a kert ill. a park f\u00fcves ter\u00fcleteit az \u00e1gy\u00e1sokt\u00f3l, z\u00fazott k\u0151vel, kaviccsal, mulccsal fedett fel\u00fcletekt\u0151l. Ide\u00e1lis az ipari parkok z\u00f6ldter\u00fcleteinek \u00e9s parkok be\u00e9p\u00edt\u00e9s\u00e9re ill. kerti tavak kialak\u00edt\u00e1s\u00e1ra, ugyanakkor kiskerti felhaszn\u00e1l\u00e1sra is javasoljuk.","robots":{"index":"index","follow":"follow","max-snippet":"max-snippet:-1","max-image-preview":"max-image-preview:large","max-video-preview":"max-video-preview:-1"},"canonical":"https:\/\/bauplast.hu\/en\/product\/profi-agyasszegely-es-toszegely-tekercsben\/","og_locale":"en_US","og_type":"article","og_title":"PROFI \u00e1gy\u00e1sszeg\u00e9ly \u00e9s t\u00f3szeg\u00e9ly tekercsben - Bauplast Kft.","og_description":"A fekete m\u0171anyag szeg\u00e9ly b\u00e1rmilyen vonalvezet\u00e9sben ig\u00e9nyesen elhat\u00e1rolja a kert ill. a park f\u00fcves ter\u00fcleteit az \u00e1gy\u00e1sokt\u00f3l, z\u00fazott k\u0151vel, kaviccsal, mulccsal fedett fel\u00fcletekt\u0151l. Ide\u00e1lis az ipari parkok z\u00f6ldter\u00fcleteinek \u00e9s parkok be\u00e9p\u00edt\u00e9s\u00e9re ill. kerti tavak kialak\u00edt\u00e1s\u00e1ra, ugyanakkor kiskerti felhaszn\u00e1l\u00e1sra is javasoljuk.","og_url":"https:\/\/bauplast.hu\/en\/product\/profi-agyasszegely-es-toszegely-tekercsben\/","og_site_name":"Bauplast Kft.","article_modified_time":"2026-03-18T10:21:20+00:00","og_image":[{"width":1200,"height":1192,"url":"https:\/\/bauplast.hu\/wp-content\/uploads\/2026\/03\/profi-agyasszegely-25.jpg","type":"image\/jpeg"}],"twitter_card":"summary_large_image","twitter_misc":{"Est. reading time":"2 minutes"},"schema":{"@context":"https:\/\/schema.org","@graph":[{"@type":"WebPage","@id":"https:\/\/bauplast.hu\/termek\/profi-agyasszegely-es-toszegely-tekercsben\/","url":"https:\/\/bauplast.hu\/termek\/profi-agyasszegely-es-toszegely-tekercsben\/","name":"PROFI \u00e1gy\u00e1sszeg\u00e9ly \u00e9s t\u00f3szeg\u00e9ly tekercsben - Bauplast Kft.","isPartOf":{"@id":"https:\/\/bauplast.hu\/#website"},"primaryImageOfPage":{"@id":"https:\/\/bauplast.hu\/termek\/profi-agyasszegely-es-toszegely-tekercsben\/#primaryimage"},"image":{"@id":"https:\/\/bauplast.hu\/termek\/profi-agyasszegely-es-toszegely-tekercsben\/#primaryimage"},"thumbnailUrl":"https:\/\/i0.wp.com\/bauplast.hu\/wp-content\/uploads\/2026\/03\/profi-agyasszegely-25.jpg?fit=1200%2C1192&ssl=1","datePublished":"2026-02-27T12:53:10+00:00","dateModified":"2026-03-18T10:21:20+00:00","description":"A fekete m\u0171anyag szeg\u00e9ly b\u00e1rmilyen vonalvezet\u00e9sben ig\u00e9nyesen elhat\u00e1rolja a kert ill. a park f\u00fcves ter\u00fcleteit az \u00e1gy\u00e1sokt\u00f3l, z\u00fazott k\u0151vel, kaviccsal, mulccsal fedett fel\u00fcletekt\u0151l. Ide\u00e1lis az ipari parkok z\u00f6ldter\u00fcleteinek \u00e9s parkok be\u00e9p\u00edt\u00e9s\u00e9re ill. kerti tavak kialak\u00edt\u00e1s\u00e1ra, ugyanakkor kiskerti felhaszn\u00e1l\u00e1sra is javasoljuk.","breadcrumb":{"@id":"https:\/\/bauplast.hu\/termek\/profi-agyasszegely-es-toszegely-tekercsben\/#breadcrumb"},"inLanguage":"en-US","potentialAction":[{"@type":"ReadAction","target":["https:\/\/bauplast.hu\/termek\/profi-agyasszegely-es-toszegely-tekercsben\/"]}]},{"@type":"ImageObject","inLanguage":"en-US","@id":"https:\/\/bauplast.hu\/termek\/profi-agyasszegely-es-toszegely-tekercsben\/#primaryimage","url":"https:\/\/i0.wp.com\/bauplast.hu\/wp-content\/uploads\/2026\/03\/profi-agyasszegely-25.jpg?fit=1200%2C1192&ssl=1","contentUrl":"https:\/\/i0.wp.com\/bauplast.hu\/wp-content\/uploads\/2026\/03\/profi-agyasszegely-25.jpg?fit=1200%2C1192&ssl=1","width":1200,"height":1192},{"@type":"BreadcrumbList","@id":"https:\/\/bauplast.hu\/termek\/profi-agyasszegely-es-toszegely-tekercsben\/#breadcrumb","itemListElement":[{"@type":"ListItem","position":1,"name":"Kezd\u0151lap","item":"https:\/\/bauplast.hu\/"},{"@type":"ListItem","position":2,"name":"Web\u00e1ruh\u00e1z","item":"https:\/\/bauplast.hu\/uzlet\/"},{"@type":"ListItem","position":3,"name":"Kert\u00e9szeti term\u00e9kek","item":"https:\/\/bauplast.hu\/termekkategoria\/kerteszeti\/"},{"@type":"ListItem","position":4,"name":"PROFI \u00e1gy\u00e1sszeg\u00e9ly \u00e9s t\u00f3szeg\u00e9ly tekercsben"}]},{"@type":"WebSite","@id":"https:\/\/bauplast.hu\/#website","url":"https:\/\/bauplast.hu\/","name":"Bauplast Kft.","description":"m\u00fbanyag \u00e1gy\u00e1sszeg\u00e9ly, t\u00e9rk\u00f5szeg\u00e9ly, aljzatr\u00e1cs, gyepszeg\u00e9ly","publisher":{"@id":"https:\/\/bauplast.hu\/#organization"},"potentialAction":[{"@type":"SearchAction","target":{"@type":"EntryPoint","urlTemplate":"https:\/\/bauplast.hu\/?s={search_term_string}"},"query-input":{"@type":"PropertyValueSpecification","valueRequired":true,"valueName":"search_term_string"}}],"inLanguage":"en-US"},{"@type":"Organization","@id":"https:\/\/bauplast.hu\/#organization","name":"Bauplast Kft.","url":"https:\/\/bauplast.hu\/","logo":{"@type":"ImageObject","inLanguage":"en-US","@id":"https:\/\/bauplast.hu\/#\/schema\/logo\/image\/","url":"https:\/\/i0.wp.com\/bauplast.hu\/wp-content\/uploads\/2026\/02\/Bau-logo_sarkok-atlatszo-scaled.png?fit=2450%2C2560&ssl=1","contentUrl":"https:\/\/i0.wp.com\/bauplast.hu\/wp-content\/uploads\/2026\/02\/Bau-logo_sarkok-atlatszo-scaled.png?fit=2450%2C2560&ssl=1","width":2450,"height":2560,"caption":"Bauplast Kft."},"image":{"@id":"https:\/\/bauplast.hu\/#\/schema\/logo\/image\/"}}]}},"jetpack_sharing_enabled":true,"_links":{"self":[{"href":"https:\/\/bauplast.hu\/en\/wp-json\/wp\/v2\/product\/1695","targetHints":{"allow":["GET"]}}],"collection":[{"href":"https:\/\/bauplast.hu\/en\/wp-json\/wp\/v2\/product"}],"about":[{"href":"https:\/\/bauplast.hu\/en\/wp-json\/wp\/v2\/types\/product"}],"version-history":[{"count":0,"href":"https:\/\/bauplast.hu\/en\/wp-json\/wp\/v2\/product\/1695\/revisions"}],"wp:featuredmedia":[{"embeddable":true,"href":"https:\/\/bauplast.hu\/en\/wp-json\/wp\/v2\/media\/2106"}],"wp:attachment":[{"href":"https:\/\/bauplast.hu\/en\/wp-json\/wp\/v2\/media?parent=1695"}],"wp:term":[{"taxonomy":"product_brand","embeddable":true,"href":"https:\/\/bauplast.hu\/en\/wp-json\/wp\/v2\/product_brand?post=1695"},{"taxonomy":"product_cat","embeddable":true,"href":"https:\/\/bauplast.hu\/en\/wp-json\/wp\/v2\/product_cat?post=1695"},{"taxonomy":"product_tag","embeddable":true,"href":"https:\/\/bauplast.hu\/en\/wp-json\/wp\/v2\/product_tag?post=1695"}],"curies":[{"name":"wp","href":"https:\/\/api.w.org\/{rel}","templated":true}]}}