{"id":1389,"date":"2026-02-26T10:40:54","date_gmt":"2026-02-26T09:40:54","guid":{"rendered":"https:\/\/bauplast.hu\/?post_type=product&#038;p=1389"},"modified":"2026-03-30T13:22:42","modified_gmt":"2026-03-30T11:22:42","slug":"gyokerzaro-agyasszegely-pe-tekercsben","status":"publish","type":"product","link":"https:\/\/bauplast.hu\/en\/product\/gyokerzaro-agyasszegely-pe-tekercsben\/","title":{"rendered":"GY\u00d6K\u00c9RZ\u00c1R\u00d3 \u00e1gy\u00e1sszeg\u00e9ly (PE) tekercsben"},"content":{"rendered":"<p><strong>M\u00e9rete<\/strong>: 10 m * 15 cm * 2 mm<br \/>\n<strong>Anyaga:<\/strong> HDPE polietil\u00e9n <strong>UV-stabil, napf\u00e9ny- \u00e9s fagy\u00e1ll\u00f3<\/strong><br \/>\n<strong>S\u00falya:<\/strong> 3 kg \/ tekercs<\/p>\n<p><strong>Haszn\u00e1lhat\u00f3:<\/strong><\/p>\n<ul>\n<li>f\u00f6ld \u00e9s f\u00f6ld, f\u00f6ld \u00e9s f\u0171 k\u00f6z\u00e9<\/li>\n<li>vir\u00e1g\u00e1gy\u00e1sok \u00e9s n\u00f6v\u00e9ny-egy\u00fcttesek elv\u00e1laszt\u00e1s\u00e1ra<\/li>\n<li>p\u00e1zsit, talajtakar\u00f3 szeg\u00e9lyez\u00e9s\u00e9re els\u0151sorban \u00edves vagy egyenes vonalban.<\/li>\n<\/ul>\n<p><strong>El\u0151nye: Megakad\u00e1lyozza a gy\u00f6k\u00e9rz\u00f3na \u00e1tterjed\u00e9s\u00e9t,<\/strong> tart\u00f3s megold\u00e1st biztos\u00edt, <strong>damilos f\u0171-szeg\u00e9lyv\u00e1g\u00f3 nem darabolja<\/strong>. K\u00f6nnyen be\u00e9p\u00edthet\u0151.<\/p>\n<p><strong>Lerak\u00e1sa:<\/strong><br \/>\nA nyomvonal kijel\u00f6l\u00e9se ut\u00e1n \u00e1s\u00f3val billegtetve kialak\u00edthat\u00f3 a r\u00e9s (nem kell \u00e1rkot \u00e1sni), amelybe a szeg\u00e9lyt behelyezve, a f\u00f6ldet k\u00e9t oldalr\u00f3l mell\u00e9h\u00fazva \u00e9s t\u00f6m\u00f6r\u00edtve egyszer\u0171en megt\u00e1maszthat\u00f3 a szeg\u00e9ly. <strong>Legoptim\u00e1lisabb a lerak\u00e1s, ha csak 1- 2 cm-t hagyunk a f\u00f6ldfelsz\u00edn f\u00f6l\u00f6tt,<\/strong> mert a tart\u00f3s, er\u0151s napsug\u00e1rz\u00e1s hat\u00e1s\u00e1ra a felsz\u00edn f\u00f6l\u00f6tti r\u00e9sze meghull\u00e1mosodhat.<\/p>","protected":false},"excerpt":{"rendered":"<p><strong>M\u00e9rete<\/strong>: 10 m * 15 cm * 2 mm<br \/>\n<strong>Anyaga:<\/strong> HDPE polietil\u00e9n <strong>UV-stabil, napf\u00e9ny- \u00e9s fagy\u00e1ll\u00f3<\/strong><br \/>\n<strong>S\u00falya:<\/strong> 3 kg \/ tekercs<\/p>\n<p><strong>Haszn\u00e1lhat\u00f3:<\/strong><\/p>\n<ul>\n<li>f\u00f6ld \u00e9s f\u00f6ld, f\u00f6ld \u00e9s f\u0171 k\u00f6z\u00e9<\/li>\n<li>vir\u00e1g\u00e1gy\u00e1sok \u00e9s n\u00f6v\u00e9ny-egy\u00fcttesek elv\u00e1laszt\u00e1s\u00e1ra<\/li>\n<li>p\u00e1zsit, talajtakar\u00f3 szeg\u00e9lyez\u00e9s\u00e9re els\u0151sorban \u00edves vagy egyenes vonalban.<\/li>\n<\/ul>\n<p><strong>El\u0151nye: Megakad\u00e1lyozza a gy\u00f6k\u00e9rz\u00f3na \u00e1tterjed\u00e9s\u00e9t,<\/strong> tart\u00f3s megold\u00e1st biztos\u00edt, <strong>damilos f\u0171-szeg\u00e9lyv\u00e1g\u00f3 nem darabolja<\/strong>. K\u00f6nnyen be\u00e9p\u00edthet\u0151.<\/p>","protected":false},"featured_media":2070,"template":"","meta":[],"product_brand":[],"product_cat":[33],"product_tag":[],"class_list":{"0":"post-1389","1":"product","2":"type-product","3":"status-publish","4":"has-post-thumbnail","6":"product_cat-kerteszeti","7":"product_shipping_class-nagycspluszegy","9":"first","10":"instock","11":"taxable","12":"shipping-taxable","13":"purchasable","14":"product-type-simple"},"yoast_head":"<!-- This site is optimized with the Yoast SEO plugin v27.4 - https:\/\/yoast.com\/product\/yoast-seo-wordpress\/ -->\n<title>GY\u00d6K\u00c9RZ\u00c1R\u00d3 \u00e1gy\u00e1sszeg\u00e9ly (PE) tekercsben - Bauplast Kft.<\/title>\n<meta name=\"description\" content=\"El\u0151nye: Megakad\u00e1lyozza a gy\u00f6k\u00e9rz\u00f3na \u00e1tterjed\u00e9s\u00e9t, tart\u00f3s megold\u00e1st biztos\u00edt, damilos f\u0171-szeg\u00e9lyv\u00e1g\u00f3 nem darabolja. K\u00f6nnyen be\u00e9p\u00edthet\u0151.\" \/>\n<meta name=\"robots\" content=\"index, follow, max-snippet:-1, max-image-preview:large, max-video-preview:-1\" \/>\n<link rel=\"canonical\" href=\"https:\/\/bauplast.hu\/en\/product\/gyokerzaro-agyasszegely-pe-tekercsben\/\" \/>\n<meta property=\"og:locale\" content=\"en_US\" \/>\n<meta property=\"og:type\" content=\"article\" \/>\n<meta property=\"og:title\" content=\"GY\u00d6K\u00c9RZ\u00c1R\u00d3 \u00e1gy\u00e1sszeg\u00e9ly (PE) tekercsben - Bauplast Kft.\" \/>\n<meta property=\"og:description\" content=\"El\u0151nye: Megakad\u00e1lyozza a gy\u00f6k\u00e9rz\u00f3na \u00e1tterjed\u00e9s\u00e9t, tart\u00f3s megold\u00e1st biztos\u00edt, damilos f\u0171-szeg\u00e9lyv\u00e1g\u00f3 nem darabolja. K\u00f6nnyen be\u00e9p\u00edthet\u0151.\" \/>\n<meta property=\"og:url\" content=\"https:\/\/bauplast.hu\/en\/product\/gyokerzaro-agyasszegely-pe-tekercsben\/\" \/>\n<meta property=\"og:site_name\" content=\"Bauplast Kft.\" \/>\n<meta property=\"article:modified_time\" content=\"2026-03-30T11:22:42+00:00\" \/>\n<meta property=\"og:image\" content=\"https:\/\/bauplast.hu\/wp-content\/uploads\/2026\/03\/agyasszegely-gyokerzaro-2.jpg\" \/>\n\t<meta property=\"og:image:width\" content=\"1200\" \/>\n\t<meta property=\"og:image:height\" content=\"1200\" \/>\n\t<meta property=\"og:image:type\" content=\"image\/jpeg\" \/>\n<meta name=\"twitter:card\" content=\"summary_large_image\" \/>\n<meta name=\"twitter:label1\" content=\"Est. reading time\" \/>\n\t<meta name=\"twitter:data1\" content=\"1 minute\" \/>\n<script type=\"application\/ld+json\" class=\"yoast-schema-graph\">{\"@context\":\"https:\\\/\\\/schema.org\",\"@graph\":[{\"@type\":\"WebPage\",\"@id\":\"https:\\\/\\\/bauplast.hu\\\/termek\\\/gyokerzaro-agyasszegely-pe-tekercsben\\\/\",\"url\":\"https:\\\/\\\/bauplast.hu\\\/termek\\\/gyokerzaro-agyasszegely-pe-tekercsben\\\/\",\"name\":\"GY\u00d6K\u00c9RZ\u00c1R\u00d3 \u00e1gy\u00e1sszeg\u00e9ly (PE) tekercsben - Bauplast Kft.\",\"isPartOf\":{\"@id\":\"https:\\\/\\\/bauplast.hu\\\/#website\"},\"primaryImageOfPage\":{\"@id\":\"https:\\\/\\\/bauplast.hu\\\/termek\\\/gyokerzaro-agyasszegely-pe-tekercsben\\\/#primaryimage\"},\"image\":{\"@id\":\"https:\\\/\\\/bauplast.hu\\\/termek\\\/gyokerzaro-agyasszegely-pe-tekercsben\\\/#primaryimage\"},\"thumbnailUrl\":\"https:\\\/\\\/i0.wp.com\\\/bauplast.hu\\\/wp-content\\\/uploads\\\/2026\\\/03\\\/agyasszegely-gyokerzaro-2.jpg?fit=1200%2C1200&ssl=1\",\"datePublished\":\"2026-02-26T09:40:54+00:00\",\"dateModified\":\"2026-03-30T11:22:42+00:00\",\"description\":\"El\u0151nye: Megakad\u00e1lyozza a gy\u00f6k\u00e9rz\u00f3na \u00e1tterjed\u00e9s\u00e9t, tart\u00f3s megold\u00e1st biztos\u00edt, damilos f\u0171-szeg\u00e9lyv\u00e1g\u00f3 nem darabolja. K\u00f6nnyen be\u00e9p\u00edthet\u0151.\",\"breadcrumb\":{\"@id\":\"https:\\\/\\\/bauplast.hu\\\/termek\\\/gyokerzaro-agyasszegely-pe-tekercsben\\\/#breadcrumb\"},\"inLanguage\":\"en-US\",\"potentialAction\":[{\"@type\":\"ReadAction\",\"target\":[\"https:\\\/\\\/bauplast.hu\\\/termek\\\/gyokerzaro-agyasszegely-pe-tekercsben\\\/\"]}]},{\"@type\":\"ImageObject\",\"inLanguage\":\"en-US\",\"@id\":\"https:\\\/\\\/bauplast.hu\\\/termek\\\/gyokerzaro-agyasszegely-pe-tekercsben\\\/#primaryimage\",\"url\":\"https:\\\/\\\/i0.wp.com\\\/bauplast.hu\\\/wp-content\\\/uploads\\\/2026\\\/03\\\/agyasszegely-gyokerzaro-2.jpg?fit=1200%2C1200&ssl=1\",\"contentUrl\":\"https:\\\/\\\/i0.wp.com\\\/bauplast.hu\\\/wp-content\\\/uploads\\\/2026\\\/03\\\/agyasszegely-gyokerzaro-2.jpg?fit=1200%2C1200&ssl=1\",\"width\":1200,\"height\":1200},{\"@type\":\"BreadcrumbList\",\"@id\":\"https:\\\/\\\/bauplast.hu\\\/termek\\\/gyokerzaro-agyasszegely-pe-tekercsben\\\/#breadcrumb\",\"itemListElement\":[{\"@type\":\"ListItem\",\"position\":1,\"name\":\"Kezd\u0151lap\",\"item\":\"https:\\\/\\\/bauplast.hu\\\/\"},{\"@type\":\"ListItem\",\"position\":2,\"name\":\"Web\u00e1ruh\u00e1z\",\"item\":\"https:\\\/\\\/bauplast.hu\\\/uzlet\\\/\"},{\"@type\":\"ListItem\",\"position\":3,\"name\":\"Kert\u00e9szeti term\u00e9kek\",\"item\":\"https:\\\/\\\/bauplast.hu\\\/termekkategoria\\\/kerteszeti\\\/\"},{\"@type\":\"ListItem\",\"position\":4,\"name\":\"GY\u00d6K\u00c9RZ\u00c1R\u00d3 \u00e1gy\u00e1sszeg\u00e9ly (PE) tekercsben\"}]},{\"@type\":\"WebSite\",\"@id\":\"https:\\\/\\\/bauplast.hu\\\/#website\",\"url\":\"https:\\\/\\\/bauplast.hu\\\/\",\"name\":\"Bauplast Kft.\",\"description\":\"m\u00fbanyag \u00e1gy\u00e1sszeg\u00e9ly, t\u00e9rk\u00f5szeg\u00e9ly, aljzatr\u00e1cs, gyepszeg\u00e9ly\",\"publisher\":{\"@id\":\"https:\\\/\\\/bauplast.hu\\\/#organization\"},\"potentialAction\":[{\"@type\":\"SearchAction\",\"target\":{\"@type\":\"EntryPoint\",\"urlTemplate\":\"https:\\\/\\\/bauplast.hu\\\/?s={search_term_string}\"},\"query-input\":{\"@type\":\"PropertyValueSpecification\",\"valueRequired\":true,\"valueName\":\"search_term_string\"}}],\"inLanguage\":\"en-US\"},{\"@type\":\"Organization\",\"@id\":\"https:\\\/\\\/bauplast.hu\\\/#organization\",\"name\":\"Bauplast Kft.\",\"url\":\"https:\\\/\\\/bauplast.hu\\\/\",\"logo\":{\"@type\":\"ImageObject\",\"inLanguage\":\"en-US\",\"@id\":\"https:\\\/\\\/bauplast.hu\\\/#\\\/schema\\\/logo\\\/image\\\/\",\"url\":\"https:\\\/\\\/i0.wp.com\\\/bauplast.hu\\\/wp-content\\\/uploads\\\/2026\\\/02\\\/Bau-logo_sarkok-atlatszo-scaled.png?fit=2450%2C2560&ssl=1\",\"contentUrl\":\"https:\\\/\\\/i0.wp.com\\\/bauplast.hu\\\/wp-content\\\/uploads\\\/2026\\\/02\\\/Bau-logo_sarkok-atlatszo-scaled.png?fit=2450%2C2560&ssl=1\",\"width\":2450,\"height\":2560,\"caption\":\"Bauplast Kft.\"},\"image\":{\"@id\":\"https:\\\/\\\/bauplast.hu\\\/#\\\/schema\\\/logo\\\/image\\\/\"}}]}<\/script>\n<!-- \/ Yoast SEO plugin. -->","yoast_head_json":{"title":"GY\u00d6K\u00c9RZ\u00c1R\u00d3 \u00e1gy\u00e1sszeg\u00e9ly (PE) tekercsben - Bauplast Kft.","description":"El\u0151nye: Megakad\u00e1lyozza a gy\u00f6k\u00e9rz\u00f3na \u00e1tterjed\u00e9s\u00e9t, tart\u00f3s megold\u00e1st biztos\u00edt, damilos f\u0171-szeg\u00e9lyv\u00e1g\u00f3 nem darabolja. K\u00f6nnyen be\u00e9p\u00edthet\u0151.","robots":{"index":"index","follow":"follow","max-snippet":"max-snippet:-1","max-image-preview":"max-image-preview:large","max-video-preview":"max-video-preview:-1"},"canonical":"https:\/\/bauplast.hu\/en\/product\/gyokerzaro-agyasszegely-pe-tekercsben\/","og_locale":"en_US","og_type":"article","og_title":"GY\u00d6K\u00c9RZ\u00c1R\u00d3 \u00e1gy\u00e1sszeg\u00e9ly (PE) tekercsben - Bauplast Kft.","og_description":"El\u0151nye: Megakad\u00e1lyozza a gy\u00f6k\u00e9rz\u00f3na \u00e1tterjed\u00e9s\u00e9t, tart\u00f3s megold\u00e1st biztos\u00edt, damilos f\u0171-szeg\u00e9lyv\u00e1g\u00f3 nem darabolja. K\u00f6nnyen be\u00e9p\u00edthet\u0151.","og_url":"https:\/\/bauplast.hu\/en\/product\/gyokerzaro-agyasszegely-pe-tekercsben\/","og_site_name":"Bauplast Kft.","article_modified_time":"2026-03-30T11:22:42+00:00","og_image":[{"width":1200,"height":1200,"url":"https:\/\/bauplast.hu\/wp-content\/uploads\/2026\/03\/agyasszegely-gyokerzaro-2.jpg","type":"image\/jpeg"}],"twitter_card":"summary_large_image","twitter_misc":{"Est. reading time":"1 minute"},"schema":{"@context":"https:\/\/schema.org","@graph":[{"@type":"WebPage","@id":"https:\/\/bauplast.hu\/termek\/gyokerzaro-agyasszegely-pe-tekercsben\/","url":"https:\/\/bauplast.hu\/termek\/gyokerzaro-agyasszegely-pe-tekercsben\/","name":"GY\u00d6K\u00c9RZ\u00c1R\u00d3 \u00e1gy\u00e1sszeg\u00e9ly (PE) tekercsben - Bauplast Kft.","isPartOf":{"@id":"https:\/\/bauplast.hu\/#website"},"primaryImageOfPage":{"@id":"https:\/\/bauplast.hu\/termek\/gyokerzaro-agyasszegely-pe-tekercsben\/#primaryimage"},"image":{"@id":"https:\/\/bauplast.hu\/termek\/gyokerzaro-agyasszegely-pe-tekercsben\/#primaryimage"},"thumbnailUrl":"https:\/\/i0.wp.com\/bauplast.hu\/wp-content\/uploads\/2026\/03\/agyasszegely-gyokerzaro-2.jpg?fit=1200%2C1200&ssl=1","datePublished":"2026-02-26T09:40:54+00:00","dateModified":"2026-03-30T11:22:42+00:00","description":"El\u0151nye: Megakad\u00e1lyozza a gy\u00f6k\u00e9rz\u00f3na \u00e1tterjed\u00e9s\u00e9t, tart\u00f3s megold\u00e1st biztos\u00edt, damilos f\u0171-szeg\u00e9lyv\u00e1g\u00f3 nem darabolja. K\u00f6nnyen be\u00e9p\u00edthet\u0151.","breadcrumb":{"@id":"https:\/\/bauplast.hu\/termek\/gyokerzaro-agyasszegely-pe-tekercsben\/#breadcrumb"},"inLanguage":"en-US","potentialAction":[{"@type":"ReadAction","target":["https:\/\/bauplast.hu\/termek\/gyokerzaro-agyasszegely-pe-tekercsben\/"]}]},{"@type":"ImageObject","inLanguage":"en-US","@id":"https:\/\/bauplast.hu\/termek\/gyokerzaro-agyasszegely-pe-tekercsben\/#primaryimage","url":"https:\/\/i0.wp.com\/bauplast.hu\/wp-content\/uploads\/2026\/03\/agyasszegely-gyokerzaro-2.jpg?fit=1200%2C1200&ssl=1","contentUrl":"https:\/\/i0.wp.com\/bauplast.hu\/wp-content\/uploads\/2026\/03\/agyasszegely-gyokerzaro-2.jpg?fit=1200%2C1200&ssl=1","width":1200,"height":1200},{"@type":"BreadcrumbList","@id":"https:\/\/bauplast.hu\/termek\/gyokerzaro-agyasszegely-pe-tekercsben\/#breadcrumb","itemListElement":[{"@type":"ListItem","position":1,"name":"Kezd\u0151lap","item":"https:\/\/bauplast.hu\/"},{"@type":"ListItem","position":2,"name":"Web\u00e1ruh\u00e1z","item":"https:\/\/bauplast.hu\/uzlet\/"},{"@type":"ListItem","position":3,"name":"Kert\u00e9szeti term\u00e9kek","item":"https:\/\/bauplast.hu\/termekkategoria\/kerteszeti\/"},{"@type":"ListItem","position":4,"name":"GY\u00d6K\u00c9RZ\u00c1R\u00d3 \u00e1gy\u00e1sszeg\u00e9ly (PE) tekercsben"}]},{"@type":"WebSite","@id":"https:\/\/bauplast.hu\/#website","url":"https:\/\/bauplast.hu\/","name":"Bauplast Kft.","description":"m\u00fbanyag \u00e1gy\u00e1sszeg\u00e9ly, t\u00e9rk\u00f5szeg\u00e9ly, aljzatr\u00e1cs, gyepszeg\u00e9ly","publisher":{"@id":"https:\/\/bauplast.hu\/#organization"},"potentialAction":[{"@type":"SearchAction","target":{"@type":"EntryPoint","urlTemplate":"https:\/\/bauplast.hu\/?s={search_term_string}"},"query-input":{"@type":"PropertyValueSpecification","valueRequired":true,"valueName":"search_term_string"}}],"inLanguage":"en-US"},{"@type":"Organization","@id":"https:\/\/bauplast.hu\/#organization","name":"Bauplast Kft.","url":"https:\/\/bauplast.hu\/","logo":{"@type":"ImageObject","inLanguage":"en-US","@id":"https:\/\/bauplast.hu\/#\/schema\/logo\/image\/","url":"https:\/\/i0.wp.com\/bauplast.hu\/wp-content\/uploads\/2026\/02\/Bau-logo_sarkok-atlatszo-scaled.png?fit=2450%2C2560&ssl=1","contentUrl":"https:\/\/i0.wp.com\/bauplast.hu\/wp-content\/uploads\/2026\/02\/Bau-logo_sarkok-atlatszo-scaled.png?fit=2450%2C2560&ssl=1","width":2450,"height":2560,"caption":"Bauplast Kft."},"image":{"@id":"https:\/\/bauplast.hu\/#\/schema\/logo\/image\/"}}]}},"jetpack_sharing_enabled":true,"_links":{"self":[{"href":"https:\/\/bauplast.hu\/en\/wp-json\/wp\/v2\/product\/1389","targetHints":{"allow":["GET"]}}],"collection":[{"href":"https:\/\/bauplast.hu\/en\/wp-json\/wp\/v2\/product"}],"about":[{"href":"https:\/\/bauplast.hu\/en\/wp-json\/wp\/v2\/types\/product"}],"version-history":[{"count":0,"href":"https:\/\/bauplast.hu\/en\/wp-json\/wp\/v2\/product\/1389\/revisions"}],"wp:featuredmedia":[{"embeddable":true,"href":"https:\/\/bauplast.hu\/en\/wp-json\/wp\/v2\/media\/2070"}],"wp:attachment":[{"href":"https:\/\/bauplast.hu\/en\/wp-json\/wp\/v2\/media?parent=1389"}],"wp:term":[{"taxonomy":"product_brand","embeddable":true,"href":"https:\/\/bauplast.hu\/en\/wp-json\/wp\/v2\/product_brand?post=1389"},{"taxonomy":"product_cat","embeddable":true,"href":"https:\/\/bauplast.hu\/en\/wp-json\/wp\/v2\/product_cat?post=1389"},{"taxonomy":"product_tag","embeddable":true,"href":"https:\/\/bauplast.hu\/en\/wp-json\/wp\/v2\/product_tag?post=1389"}],"curies":[{"name":"wp","href":"https:\/\/api.w.org\/{rel}","templated":true}]}}