{"id":1356,"date":"2026-02-26T09:49:13","date_gmt":"2026-02-26T08:49:13","guid":{"rendered":"https:\/\/bauplast.hu\/?post_type=product&#038;p=1356"},"modified":"2026-03-30T13:22:35","modified_gmt":"2026-03-30T11:22:35","slug":"habarcsvodor","status":"publish","type":"product","link":"https:\/\/bauplast.hu\/en\/product\/habarcsvodor\/","title":{"rendered":"Habarcsv\u00f6d\u00f6r, er\u0151s 12l \/ 20l"},"content":{"rendered":"<p>Anyaga: PE polietil\u00e9n UV-stabil, napf\u00e9ny- \u00e9s fagy\u00e1ll\u00f3<\/p>\n<p>Haszn\u00e1lhat\u00f3:<\/p>\n<ul>\n<li>vakolat-anyagok, fest\u00e9kek kever\u00e9s\u00e9re<\/li>\n<li>habarcs felhord\u00e1si, vakol\u00e1si munk\u00e1khoz<\/li>\n<li>lak\u00e1s\u00e9p\u00edt\u00e9si, fel\u00faj\u00edt\u00e1si, burkol\u00e1si munk\u00e1khoz<\/li>\n<li>kerti munk\u00e1k sor\u00e1n<\/li>\n<\/ul>\n<p>Anyaga rugalmas, a habarcs besz\u00e1radva sem k\u00f6t az ed\u00e9ny fal\u00e1hoz, abb\u00f3l szinte marad\u00e9ktalanul elt\u00e1vol\u00edthat\u00f3. Egym\u00e1sba cs\u00fasztatva k\u00f6nnyen sz\u00e1ll\u00edthat\u00f3.<\/p>","protected":false},"excerpt":{"rendered":"<p>Anyaga: PE polietil\u00e9n UV-stabil, napf\u00e9ny- \u00e9s fagy\u00e1ll\u00f3<\/p>\n<p>Haszn\u00e1lhat\u00f3:<\/p>\n<ul>\n<li>vakolat-anyagok, fest\u00e9kek kever\u00e9s\u00e9re<\/li>\n<li>habarcs felhord\u00e1si, vakol\u00e1si munk\u00e1khoz<\/li>\n<li>lak\u00e1s\u00e9p\u00edt\u00e9si, fel\u00faj\u00edt\u00e1si, burkol\u00e1si munk\u00e1khoz<\/li>\n<li>kerti munk\u00e1k sor\u00e1n<\/li>\n<\/ul>\n<p>Anyaga rugalmas, a habarcs besz\u00e1radva sem k\u00f6t az ed\u00e9ny fal\u00e1hoz, abb\u00f3l szinte marad\u00e9ktalanul elt\u00e1vol\u00edthat\u00f3. Egym\u00e1sba cs\u00fasztatva k\u00f6nnyen sz\u00e1ll\u00edthat\u00f3.<\/p>","protected":false},"featured_media":2051,"template":"","meta":[],"product_brand":[],"product_cat":[34],"product_tag":[],"class_list":{"0":"post-1356","1":"product","2":"type-product","3":"status-publish","4":"has-post-thumbnail","6":"product_cat-habarcsedenyek","7":"product_shipping_class-normal","9":"first","10":"instock","11":"taxable","12":"shipping-taxable","13":"purchasable","14":"product-type-variable"},"yoast_head":"<!-- This site is optimized with the Yoast SEO plugin v27.4 - https:\/\/yoast.com\/product\/yoast-seo-wordpress\/ -->\n<title>Habarcsv\u00f6d\u00f6r, er\u0151s 12l \/ 20l - Bauplast Kft.<\/title>\n<meta name=\"description\" content=\"Vakolat-anyagok, fest\u00e9kek kever\u00e9s\u00e9re, habarcs felhord\u00e1si, vakol\u00e1si munk\u00e1khozlak\u00e1s\u00e9p\u00edt\u00e9si, fel\u00faj\u00edt\u00e1si, burkol\u00e1si munk\u00e1khoz; kerti munk\u00e1k sor\u00e1n. Anyaga rugalmas, a habarcs besz\u00e1radva sem k\u00f6t az ed\u00e9ny fal\u00e1hoz, abb\u00f3l szinte marad\u00e9ktalanul elt\u00e1vol\u00edthat\u00f3. Egym\u00e1sba cs\u00fasztatva k\u00f6nnyen sz\u00e1ll\u00edthat\u00f3.\" \/>\n<meta name=\"robots\" content=\"index, follow, max-snippet:-1, max-image-preview:large, max-video-preview:-1\" \/>\n<link rel=\"canonical\" href=\"https:\/\/bauplast.hu\/en\/product\/habarcsvodor\/\" \/>\n<meta property=\"og:locale\" content=\"en_US\" \/>\n<meta property=\"og:type\" content=\"article\" \/>\n<meta property=\"og:title\" content=\"Habarcsv\u00f6d\u00f6r, er\u0151s 12l \/ 20l - Bauplast Kft.\" \/>\n<meta property=\"og:description\" content=\"Vakolat-anyagok, fest\u00e9kek kever\u00e9s\u00e9re, habarcs felhord\u00e1si, vakol\u00e1si munk\u00e1khozlak\u00e1s\u00e9p\u00edt\u00e9si, fel\u00faj\u00edt\u00e1si, burkol\u00e1si munk\u00e1khoz; kerti munk\u00e1k sor\u00e1n. Anyaga rugalmas, a habarcs besz\u00e1radva sem k\u00f6t az ed\u00e9ny fal\u00e1hoz, abb\u00f3l szinte marad\u00e9ktalanul elt\u00e1vol\u00edthat\u00f3. Egym\u00e1sba cs\u00fasztatva k\u00f6nnyen sz\u00e1ll\u00edthat\u00f3.\" \/>\n<meta property=\"og:url\" content=\"https:\/\/bauplast.hu\/en\/product\/habarcsvodor\/\" \/>\n<meta property=\"og:site_name\" content=\"Bauplast Kft.\" \/>\n<meta property=\"article:modified_time\" content=\"2026-03-30T11:22:35+00:00\" \/>\n<meta property=\"og:image\" content=\"https:\/\/bauplast.hu\/wp-content\/uploads\/2026\/03\/20L-habarcs-vodor.jpg\" \/>\n\t<meta property=\"og:image:width\" content=\"1200\" \/>\n\t<meta property=\"og:image:height\" content=\"1200\" \/>\n\t<meta property=\"og:image:type\" content=\"image\/jpeg\" \/>\n<meta name=\"twitter:card\" content=\"summary_large_image\" \/>\n<meta name=\"twitter:label1\" content=\"Est. reading time\" \/>\n\t<meta name=\"twitter:data1\" content=\"1 minute\" \/>\n<script type=\"application\/ld+json\" class=\"yoast-schema-graph\">{\"@context\":\"https:\\\/\\\/schema.org\",\"@graph\":[{\"@type\":\"WebPage\",\"@id\":\"https:\\\/\\\/bauplast.hu\\\/termek\\\/habarcsvodor\\\/\",\"url\":\"https:\\\/\\\/bauplast.hu\\\/termek\\\/habarcsvodor\\\/\",\"name\":\"Habarcsv\u00f6d\u00f6r, er\u0151s 12l \\\/ 20l - Bauplast Kft.\",\"isPartOf\":{\"@id\":\"https:\\\/\\\/bauplast.hu\\\/#website\"},\"primaryImageOfPage\":{\"@id\":\"https:\\\/\\\/bauplast.hu\\\/termek\\\/habarcsvodor\\\/#primaryimage\"},\"image\":{\"@id\":\"https:\\\/\\\/bauplast.hu\\\/termek\\\/habarcsvodor\\\/#primaryimage\"},\"thumbnailUrl\":\"https:\\\/\\\/i0.wp.com\\\/bauplast.hu\\\/wp-content\\\/uploads\\\/2026\\\/03\\\/20L-habarcs-vodor.jpg?fit=1200%2C1200&ssl=1\",\"datePublished\":\"2026-02-26T08:49:13+00:00\",\"dateModified\":\"2026-03-30T11:22:35+00:00\",\"description\":\"Vakolat-anyagok, fest\u00e9kek kever\u00e9s\u00e9re, habarcs felhord\u00e1si, vakol\u00e1si munk\u00e1khozlak\u00e1s\u00e9p\u00edt\u00e9si, fel\u00faj\u00edt\u00e1si, burkol\u00e1si munk\u00e1khoz; kerti munk\u00e1k sor\u00e1n. Anyaga rugalmas, a habarcs besz\u00e1radva sem k\u00f6t az ed\u00e9ny fal\u00e1hoz, abb\u00f3l szinte marad\u00e9ktalanul elt\u00e1vol\u00edthat\u00f3. Egym\u00e1sba cs\u00fasztatva k\u00f6nnyen sz\u00e1ll\u00edthat\u00f3.\",\"breadcrumb\":{\"@id\":\"https:\\\/\\\/bauplast.hu\\\/termek\\\/habarcsvodor\\\/#breadcrumb\"},\"inLanguage\":\"en-US\",\"potentialAction\":[{\"@type\":\"ReadAction\",\"target\":[\"https:\\\/\\\/bauplast.hu\\\/termek\\\/habarcsvodor\\\/\"]}]},{\"@type\":\"ImageObject\",\"inLanguage\":\"en-US\",\"@id\":\"https:\\\/\\\/bauplast.hu\\\/termek\\\/habarcsvodor\\\/#primaryimage\",\"url\":\"https:\\\/\\\/i0.wp.com\\\/bauplast.hu\\\/wp-content\\\/uploads\\\/2026\\\/03\\\/20L-habarcs-vodor.jpg?fit=1200%2C1200&ssl=1\",\"contentUrl\":\"https:\\\/\\\/i0.wp.com\\\/bauplast.hu\\\/wp-content\\\/uploads\\\/2026\\\/03\\\/20L-habarcs-vodor.jpg?fit=1200%2C1200&ssl=1\",\"width\":1200,\"height\":1200},{\"@type\":\"BreadcrumbList\",\"@id\":\"https:\\\/\\\/bauplast.hu\\\/termek\\\/habarcsvodor\\\/#breadcrumb\",\"itemListElement\":[{\"@type\":\"ListItem\",\"position\":1,\"name\":\"Kezd\u0151lap\",\"item\":\"https:\\\/\\\/bauplast.hu\\\/\"},{\"@type\":\"ListItem\",\"position\":2,\"name\":\"Web\u00e1ruh\u00e1z\",\"item\":\"https:\\\/\\\/bauplast.hu\\\/uzlet\\\/\"},{\"@type\":\"ListItem\",\"position\":3,\"name\":\"Habarcsed\u00e9nyek\",\"item\":\"https:\\\/\\\/bauplast.hu\\\/termekkategoria\\\/habarcsedenyek\\\/\"},{\"@type\":\"ListItem\",\"position\":4,\"name\":\"Habarcsv\u00f6d\u00f6r, er\u0151s 12l \\\/ 20l\"}]},{\"@type\":\"WebSite\",\"@id\":\"https:\\\/\\\/bauplast.hu\\\/#website\",\"url\":\"https:\\\/\\\/bauplast.hu\\\/\",\"name\":\"Bauplast Kft.\",\"description\":\"m\u00fbanyag \u00e1gy\u00e1sszeg\u00e9ly, t\u00e9rk\u00f5szeg\u00e9ly, aljzatr\u00e1cs, gyepszeg\u00e9ly\",\"publisher\":{\"@id\":\"https:\\\/\\\/bauplast.hu\\\/#organization\"},\"potentialAction\":[{\"@type\":\"SearchAction\",\"target\":{\"@type\":\"EntryPoint\",\"urlTemplate\":\"https:\\\/\\\/bauplast.hu\\\/?s={search_term_string}\"},\"query-input\":{\"@type\":\"PropertyValueSpecification\",\"valueRequired\":true,\"valueName\":\"search_term_string\"}}],\"inLanguage\":\"en-US\"},{\"@type\":\"Organization\",\"@id\":\"https:\\\/\\\/bauplast.hu\\\/#organization\",\"name\":\"Bauplast Kft.\",\"url\":\"https:\\\/\\\/bauplast.hu\\\/\",\"logo\":{\"@type\":\"ImageObject\",\"inLanguage\":\"en-US\",\"@id\":\"https:\\\/\\\/bauplast.hu\\\/#\\\/schema\\\/logo\\\/image\\\/\",\"url\":\"https:\\\/\\\/i0.wp.com\\\/bauplast.hu\\\/wp-content\\\/uploads\\\/2026\\\/02\\\/Bau-logo_sarkok-atlatszo-scaled.png?fit=2450%2C2560&ssl=1\",\"contentUrl\":\"https:\\\/\\\/i0.wp.com\\\/bauplast.hu\\\/wp-content\\\/uploads\\\/2026\\\/02\\\/Bau-logo_sarkok-atlatszo-scaled.png?fit=2450%2C2560&ssl=1\",\"width\":2450,\"height\":2560,\"caption\":\"Bauplast Kft.\"},\"image\":{\"@id\":\"https:\\\/\\\/bauplast.hu\\\/#\\\/schema\\\/logo\\\/image\\\/\"}}]}<\/script>\n<!-- \/ Yoast SEO plugin. -->","yoast_head_json":{"title":"Habarcsv\u00f6d\u00f6r, er\u0151s 12l \/ 20l - Bauplast Kft.","description":"Vakolat-anyagok, fest\u00e9kek kever\u00e9s\u00e9re, habarcs felhord\u00e1si, vakol\u00e1si munk\u00e1khozlak\u00e1s\u00e9p\u00edt\u00e9si, fel\u00faj\u00edt\u00e1si, burkol\u00e1si munk\u00e1khoz; kerti munk\u00e1k sor\u00e1n. Anyaga rugalmas, a habarcs besz\u00e1radva sem k\u00f6t az ed\u00e9ny fal\u00e1hoz, abb\u00f3l szinte marad\u00e9ktalanul elt\u00e1vol\u00edthat\u00f3. Egym\u00e1sba cs\u00fasztatva k\u00f6nnyen sz\u00e1ll\u00edthat\u00f3.","robots":{"index":"index","follow":"follow","max-snippet":"max-snippet:-1","max-image-preview":"max-image-preview:large","max-video-preview":"max-video-preview:-1"},"canonical":"https:\/\/bauplast.hu\/en\/product\/habarcsvodor\/","og_locale":"en_US","og_type":"article","og_title":"Habarcsv\u00f6d\u00f6r, er\u0151s 12l \/ 20l - Bauplast Kft.","og_description":"Vakolat-anyagok, fest\u00e9kek kever\u00e9s\u00e9re, habarcs felhord\u00e1si, vakol\u00e1si munk\u00e1khozlak\u00e1s\u00e9p\u00edt\u00e9si, fel\u00faj\u00edt\u00e1si, burkol\u00e1si munk\u00e1khoz; kerti munk\u00e1k sor\u00e1n. Anyaga rugalmas, a habarcs besz\u00e1radva sem k\u00f6t az ed\u00e9ny fal\u00e1hoz, abb\u00f3l szinte marad\u00e9ktalanul elt\u00e1vol\u00edthat\u00f3. Egym\u00e1sba cs\u00fasztatva k\u00f6nnyen sz\u00e1ll\u00edthat\u00f3.","og_url":"https:\/\/bauplast.hu\/en\/product\/habarcsvodor\/","og_site_name":"Bauplast Kft.","article_modified_time":"2026-03-30T11:22:35+00:00","og_image":[{"width":1200,"height":1200,"url":"https:\/\/bauplast.hu\/wp-content\/uploads\/2026\/03\/20L-habarcs-vodor.jpg","type":"image\/jpeg"}],"twitter_card":"summary_large_image","twitter_misc":{"Est. reading time":"1 minute"},"schema":{"@context":"https:\/\/schema.org","@graph":[{"@type":"WebPage","@id":"https:\/\/bauplast.hu\/termek\/habarcsvodor\/","url":"https:\/\/bauplast.hu\/termek\/habarcsvodor\/","name":"Habarcsv\u00f6d\u00f6r, er\u0151s 12l \/ 20l - Bauplast Kft.","isPartOf":{"@id":"https:\/\/bauplast.hu\/#website"},"primaryImageOfPage":{"@id":"https:\/\/bauplast.hu\/termek\/habarcsvodor\/#primaryimage"},"image":{"@id":"https:\/\/bauplast.hu\/termek\/habarcsvodor\/#primaryimage"},"thumbnailUrl":"https:\/\/i0.wp.com\/bauplast.hu\/wp-content\/uploads\/2026\/03\/20L-habarcs-vodor.jpg?fit=1200%2C1200&ssl=1","datePublished":"2026-02-26T08:49:13+00:00","dateModified":"2026-03-30T11:22:35+00:00","description":"Vakolat-anyagok, fest\u00e9kek kever\u00e9s\u00e9re, habarcs felhord\u00e1si, vakol\u00e1si munk\u00e1khozlak\u00e1s\u00e9p\u00edt\u00e9si, fel\u00faj\u00edt\u00e1si, burkol\u00e1si munk\u00e1khoz; kerti munk\u00e1k sor\u00e1n. Anyaga rugalmas, a habarcs besz\u00e1radva sem k\u00f6t az ed\u00e9ny fal\u00e1hoz, abb\u00f3l szinte marad\u00e9ktalanul elt\u00e1vol\u00edthat\u00f3. Egym\u00e1sba cs\u00fasztatva k\u00f6nnyen sz\u00e1ll\u00edthat\u00f3.","breadcrumb":{"@id":"https:\/\/bauplast.hu\/termek\/habarcsvodor\/#breadcrumb"},"inLanguage":"en-US","potentialAction":[{"@type":"ReadAction","target":["https:\/\/bauplast.hu\/termek\/habarcsvodor\/"]}]},{"@type":"ImageObject","inLanguage":"en-US","@id":"https:\/\/bauplast.hu\/termek\/habarcsvodor\/#primaryimage","url":"https:\/\/i0.wp.com\/bauplast.hu\/wp-content\/uploads\/2026\/03\/20L-habarcs-vodor.jpg?fit=1200%2C1200&ssl=1","contentUrl":"https:\/\/i0.wp.com\/bauplast.hu\/wp-content\/uploads\/2026\/03\/20L-habarcs-vodor.jpg?fit=1200%2C1200&ssl=1","width":1200,"height":1200},{"@type":"BreadcrumbList","@id":"https:\/\/bauplast.hu\/termek\/habarcsvodor\/#breadcrumb","itemListElement":[{"@type":"ListItem","position":1,"name":"Kezd\u0151lap","item":"https:\/\/bauplast.hu\/"},{"@type":"ListItem","position":2,"name":"Web\u00e1ruh\u00e1z","item":"https:\/\/bauplast.hu\/uzlet\/"},{"@type":"ListItem","position":3,"name":"Habarcsed\u00e9nyek","item":"https:\/\/bauplast.hu\/termekkategoria\/habarcsedenyek\/"},{"@type":"ListItem","position":4,"name":"Habarcsv\u00f6d\u00f6r, er\u0151s 12l \/ 20l"}]},{"@type":"WebSite","@id":"https:\/\/bauplast.hu\/#website","url":"https:\/\/bauplast.hu\/","name":"Bauplast Kft.","description":"m\u00fbanyag \u00e1gy\u00e1sszeg\u00e9ly, t\u00e9rk\u00f5szeg\u00e9ly, aljzatr\u00e1cs, gyepszeg\u00e9ly","publisher":{"@id":"https:\/\/bauplast.hu\/#organization"},"potentialAction":[{"@type":"SearchAction","target":{"@type":"EntryPoint","urlTemplate":"https:\/\/bauplast.hu\/?s={search_term_string}"},"query-input":{"@type":"PropertyValueSpecification","valueRequired":true,"valueName":"search_term_string"}}],"inLanguage":"en-US"},{"@type":"Organization","@id":"https:\/\/bauplast.hu\/#organization","name":"Bauplast Kft.","url":"https:\/\/bauplast.hu\/","logo":{"@type":"ImageObject","inLanguage":"en-US","@id":"https:\/\/bauplast.hu\/#\/schema\/logo\/image\/","url":"https:\/\/i0.wp.com\/bauplast.hu\/wp-content\/uploads\/2026\/02\/Bau-logo_sarkok-atlatszo-scaled.png?fit=2450%2C2560&ssl=1","contentUrl":"https:\/\/i0.wp.com\/bauplast.hu\/wp-content\/uploads\/2026\/02\/Bau-logo_sarkok-atlatszo-scaled.png?fit=2450%2C2560&ssl=1","width":2450,"height":2560,"caption":"Bauplast Kft."},"image":{"@id":"https:\/\/bauplast.hu\/#\/schema\/logo\/image\/"}}]}},"jetpack_sharing_enabled":true,"_links":{"self":[{"href":"https:\/\/bauplast.hu\/en\/wp-json\/wp\/v2\/product\/1356","targetHints":{"allow":["GET"]}}],"collection":[{"href":"https:\/\/bauplast.hu\/en\/wp-json\/wp\/v2\/product"}],"about":[{"href":"https:\/\/bauplast.hu\/en\/wp-json\/wp\/v2\/types\/product"}],"version-history":[{"count":0,"href":"https:\/\/bauplast.hu\/en\/wp-json\/wp\/v2\/product\/1356\/revisions"}],"wp:featuredmedia":[{"embeddable":true,"href":"https:\/\/bauplast.hu\/en\/wp-json\/wp\/v2\/media\/2051"}],"wp:attachment":[{"href":"https:\/\/bauplast.hu\/en\/wp-json\/wp\/v2\/media?parent=1356"}],"wp:term":[{"taxonomy":"product_brand","embeddable":true,"href":"https:\/\/bauplast.hu\/en\/wp-json\/wp\/v2\/product_brand?post=1356"},{"taxonomy":"product_cat","embeddable":true,"href":"https:\/\/bauplast.hu\/en\/wp-json\/wp\/v2\/product_cat?post=1356"},{"taxonomy":"product_tag","embeddable":true,"href":"https:\/\/bauplast.hu\/en\/wp-json\/wp\/v2\/product_tag?post=1356"}],"curies":[{"name":"wp","href":"https:\/\/api.w.org\/{rel}","templated":true}]}}