{"id":681,"date":"2022-07-02T05:28:59","date_gmt":"2022-07-02T05:28:59","guid":{"rendered":"https:\/\/startersites.io\/elementor\/floreo\/?page_id=681"},"modified":"2026-03-12T16:12:16","modified_gmt":"2026-03-12T15:12:16","slug":"cegunkrol","status":"publish","type":"page","link":"https:\/\/bauplast.hu\/en\/cegunkrol\/","title":{"rendered":"C\u00e9g\u00fcnkr\u0151l"},"content":{"rendered":"<div data-elementor-type=\"wp-page\" data-elementor-id=\"681\" class=\"elementor elementor-681\">\n\t\t\t\t<div class=\"elementor-element elementor-element-da2f1b1 e-flex e-con-boxed e-con e-parent\" data-id=\"da2f1b1\" data-element_type=\"container\" data-e-type=\"container\" data-settings=\"{&quot;background_background&quot;:&quot;classic&quot;}\">\n\t\t\t\t\t<div class=\"e-con-inner\">\n\t\t\t\t<div class=\"elementor-element elementor-element-3fedb34 elementor-widget elementor-widget-heading\" data-id=\"3fedb34\" data-element_type=\"widget\" data-e-type=\"widget\" data-widget_type=\"heading.default\">\n\t\t\t\t\t<h2 class=\"elementor-heading-title elementor-size-default\">C\u00e9g\u00fcnkr\u0151l<\/h2>\t\t\t\t<\/div>\n\t\t\t\t\t<\/div>\n\t\t\t\t<\/div>\n\t\t<div class=\"elementor-element elementor-element-5bb3850 e-flex e-con-boxed e-con e-parent\" data-id=\"5bb3850\" data-element_type=\"container\" data-e-type=\"container\">\n\t\t\t\t\t<div class=\"e-con-inner\">\n\t\t\t\t<div class=\"elementor-element elementor-element-8e621ae elementor-widget elementor-widget-text-editor\" data-id=\"8e621ae\" data-element_type=\"widget\" data-e-type=\"widget\" data-widget_type=\"text-editor.default\">\n\t\t\t\t\t\t\t\t\t<p>C\u00e9g\u00fcnk 1991-ben alakult, akkor f\u0151 tev\u00e9kenys\u00e9gk\u00e9nt a <strong style=\"color: #008000;\">m\u0171anyag habarcsed\u00e9nyek<\/strong> (l\u00e1d\u00e1k, d\u00e9zs\u00e1k, v\u00f6dr\u00f6k) kifejleszt\u00e9s\u00e9t, gy\u00e1rt\u00e1s\u00e1t \u00e9s \u00e9rt\u00e9kes\u00edt\u00e9s\u00e9t t\u0171zte ki c\u00e9lul. Az az\u00f3ta eltelt 35 \u00e9v alatt t\u00f6bb term\u00e9kcsal\u00e1d fejleszt\u00e9s\u00e9t val\u00f3s\u00edtottuk meg. \u00cdgy jelenleg 3 nagy term\u00e9kcsal\u00e1d elemeit k\u00edn\u00e1ljuk r\u00e9szben saj\u00e1t, r\u00e9szben kieg\u00e9sz\u00edt\u00e9sk\u00e9nt forgalmazott term\u00e9kek form\u00e1j\u00e1ban. A habarcsed\u00e9nyek n\u00e9h\u00e1ny eleme k\u00e9sz\u00fcl \u00e9lelmiszer-min\u0151s\u00e9g\u0171 anyagb\u00f3l, ami a <b style=\"color: #008000;\">h\u00e1ztart\u00e1si ed\u00e9nyek<\/b> men\u00fc alatt tal\u00e1lhat\u00f3.<br \/>A 2000-es \u00e9vek k\u00f6zep\u00e9t\u0151l a kert\u00e9p\u00edt\u00e9s ter\u00fclet\u00e9n haszn\u00e1lhat\u00f3 <b style=\"color: #008000;\">m\u0171anyag kerti szeg\u00e9lyek<\/b> term\u00e9kcsal\u00e1d (t\u00e9rk\u0151-szeg\u00e9ly, \u00e1gy\u00e1s-szeg\u00e9lyek, bambusz-szeg\u00e9ly, z\u00f6ldtet\u0151-szeg\u00e9ly, gyepr\u00e1cs ) j\u00f6tt l\u00e9tre.<br \/>Leg\u00fajabb a <b style=\"color: #ff0000;\">m\u0171anyag cs\u0151r\u00f6gz\u00edt\u0151 rendszer<\/b> elemei a mennyezeti \u00e9s a falf\u0171t\u00e9s ter\u00fclet\u00e9n alkalmazhat\u00f3k a 10 mm-es valamint 16 mm-es cs\u00f6vek be\u00e9p\u00edt\u00e9s\u00e9hez.<\/p><p>A term\u00e9kek jelent\u0151s r\u00e9sze \u00fajra-feldolgozott alapanyagokb\u00f3l k\u00e9sz\u00fcl, amelynek r\u00e9v\u00e9n jelent\u0151s k\u00f6rnyezetterhel\u00e9st tudunk elker\u00fclhet\u0151v\u00e9 tenni.<\/p><p>Term\u00e9keink magas min\u0151s\u00e9ge, ehhez igazod\u00f3 \u00e1raink, a kiszolg\u00e1l\u00e1sunk sz\u00ednvonala, pontoss\u00e1ga, rugalmass\u00e1ga azok az er\u0151ss\u00e9geink, amelyekkel eddig is, a j\u00f6v\u0151ben is k\u00e9pesek vagyunk megfelelni a Vev\u0151i ig\u00e9nyeknek.<\/p>\t\t\t\t\t\t\t\t<\/div>\n\t\t\t\t\t<\/div>\n\t\t\t\t<\/div>\n\t\t\t\t<\/div>","protected":false},"excerpt":{"rendered":"<p>C\u00e9g\u00fcnkr\u0151l C\u00e9g\u00fcnk 1991-ben alakult, akkor f\u0151 tev\u00e9kenys\u00e9gk\u00e9nt a m\u0171anyag habarcsed\u00e9nyek (l\u00e1d\u00e1k, d\u00e9zs\u00e1k, v\u00f6dr\u00f6k) kifejleszt\u00e9s\u00e9t, gy\u00e1rt\u00e1s\u00e1t \u00e9s \u00e9rt\u00e9kes\u00edt\u00e9s\u00e9t t\u0171zte ki c\u00e9lul. Az az\u00f3ta eltelt 35 \u00e9v alatt t\u00f6bb term\u00e9kcsal\u00e1d fejleszt\u00e9s\u00e9t val\u00f3s\u00edtottuk meg. \u00cdgy jelenleg 3 nagy term\u00e9kcsal\u00e1d elemeit k\u00edn\u00e1ljuk r\u00e9szben saj\u00e1t, r\u00e9szben kieg\u00e9sz\u00edt\u00e9sk\u00e9nt forgalmazott term\u00e9kek form\u00e1j\u00e1ban. A habarcsed\u00e9nyek n\u00e9h\u00e1ny eleme k\u00e9sz\u00fcl \u00e9lelmiszer-min\u0151s\u00e9g\u0171 anyagb\u00f3l, ami a h\u00e1ztart\u00e1si [&hellip;]<\/p>\n","protected":false},"author":1,"featured_media":0,"parent":0,"menu_order":0,"comment_status":"closed","ping_status":"closed","template":"","meta":{"footnotes":""},"class_list":["post-681","page","type-page","status-publish","hentry"],"blocksy_meta":{"styles_descriptor":{"styles":{"desktop":"","tablet":"","mobile":""},"google_fonts":[],"version":6},"page_title_panel":"","has_hero_section":"disabled","1d15b7934ff424ab25737f2d764de13a":"","hero_section":"type-1","hero_elements":[{"id":"custom_title","enabled":true,"heading_tag":"h1","title":"Home"},{"id":"custom_description","enabled":true,"description_visibility":{"desktop":true,"tablet":true,"mobile":false}},{"id":"custom_meta","enabled":false,"meta_elements":[{"id":"author","enabled":true,"label":"By","has_author_avatar":"yes","avatar_size":25},{"id":"post_date","enabled":true,"label":"On","date_format_source":"default","date_format":"M j, Y"},{"id":"updated_date","enabled":false,"label":"On","date_format_source":"default","date_format":"M j, Y"},{"id":"categories","enabled":false,"label":"In","style":"simple"},{"id":"comments","enabled":true}],"page_meta_elements":{"joined":true,"articles_count":true,"comments":true}},{"id":"breadcrumbs","enabled":false}],"e377139f0e48a4cb5a64798ea8d651b9":"","hero_alignment1":"CT_CSS_SKIP_RULE","hero_margin":40,"hero_alignment2":"center","hero_vertical_alignment":"center","af09189de71c08c18e1cd076aeaad8fe":"","hero_structure":"narrow","4241a204ae10e70836b130f646a7f2d5":"","page_title_bg_type":"featured_image","custom_hero_background":{"attachment_id":null},"page_title_image_size":"full","parallax":{"desktop":false,"tablet":false,"mobile":false},"37c6846e78051bc32791c6958664507d":"","hero_height":"250px","pageTitleFont":{"family":"Default","variation":"Default","size":"30px","line-height":"CT_CSS_SKIP_RULE","letter-spacing":"CT_CSS_SKIP_RULE","text-transform":"CT_CSS_SKIP_RULE","text-decoration":"CT_CSS_SKIP_RULE"},"pageTitleFontColor":{"default":{"color":"CT_CSS_SKIP_RULEDEFAULT"}},"pageMetaFont":{"family":"Default","variation":"n6","size":"12px","line-height":"1.3","letter-spacing":"CT_CSS_SKIP_RULE","text-transform":"uppercase","text-decoration":"CT_CSS_SKIP_RULE"},"pageMetaFontColor":{"default":{"color":"CT_CSS_SKIP_RULEDEFAULT"},"hover":{"color":"CT_CSS_SKIP_RULEDEFAULT"}},"page_meta_button_type_font_colors":{"default":{"color":"CT_CSS_SKIP_RULEDEFAULT"},"hover":{"color":"CT_CSS_SKIP_RULEDEFAULT"}},"page_meta_button_type_background_colors":{"default":{"color":"CT_CSS_SKIP_RULEDEFAULT"},"hover":{"color":"CT_CSS_SKIP_RULEDEFAULT"}},"pageExcerptFont":{"family":"Default","variation":"Default","size":"CT_CSS_SKIP_RULE","line-height":"CT_CSS_SKIP_RULE","letter-spacing":"CT_CSS_SKIP_RULE","text-transform":"CT_CSS_SKIP_RULE","text-decoration":"CT_CSS_SKIP_RULE"},"pageExcerptColor":{"default":{"color":"CT_CSS_SKIP_RULEDEFAULT"}},"breadcrumbsFont":{"family":"Default","variation":"Default","size":"CT_CSS_SKIP_RULE","line-height":"CT_CSS_SKIP_RULE","letter-spacing":"CT_CSS_SKIP_RULE","text-transform":"CT_CSS_SKIP_RULE","text-decoration":"CT_CSS_SKIP_RULE"},"breadcrumbsFontColor":{"default":{"color":"CT_CSS_SKIP_RULEDEFAULT"},"initial":{"color":"CT_CSS_SKIP_RULEDEFAULT"},"hover":{"color":"CT_CSS_SKIP_RULEDEFAULT"}},"pageTitleOverlay":{"background_type":"color","background_pattern":"type-1","background_image":{"attachment_id":null,"x":0,"y":0},"gradient":"linear-gradient(135deg,rgba(6,147,227,1) 0%,rgb(155,81,224) 100%)","background_repeat":"repeat","background_size":"auto","background_attachment":"scroll","patternColor":{"default":{"color":"#e5e7ea"}},"overlayColor":{"default":{"color":"CT_CSS_SKIP_RULE"}},"backgroundColor":{"default":{"color":"CT_CSS_SKIP_RULE"}}},"pageTitleBackground":{"background_type":"color","background_pattern":"type-1","background_image":{"attachment_id":null,"x":0,"y":0},"gradient":"linear-gradient(135deg,rgba(6,147,227,1) 0%,rgb(155,81,224) 100%)","background_repeat":"repeat","background_size":"auto","background_attachment":"scroll","patternColor":{"default":{"color":"#e5e7ea"}},"overlayColor":{"default":{"color":"CT_CSS_SKIP_RULE"}},"backgroundColor":{"default":{"color":"var(--theme-palette-color-6)"}}},"pageTitlePadding":{"top":"50px","bottom":"50px","left":"auto","right":"auto","linked":true},"a8fa859ceafab67cbfce97e380ccc088":"","page_structure_type":"default","2c44625e200027fb7003d1deb510aed8":"","content_style_source":"inherit","content_style":"wide","vertical_spacing_source":"custom","content_area_spacing":"none","background":{"background_type":"color","background_pattern":"type-1","background_image":{"attachment_id":null,"x":0,"y":0},"gradient":"linear-gradient(135deg,rgba(6,147,227,1) 0%,rgb(155,81,224) 100%)","background_repeat":"repeat","background_size":"auto","background_attachment":"scroll","patternColor":{"default":{"color":"#e5e7ea"}},"overlayColor":{"default":{"color":"CT_CSS_SKIP_RULE"}},"backgroundColor":{"default":{"color":"CT_CSS_SKIP_RULE"}}},"content_background":{"background_type":"color","background_pattern":"type-1","background_image":{"attachment_id":null,"x":0,"y":0},"gradient":"linear-gradient(135deg,rgba(6,147,227,1) 0%,rgb(155,81,224) 100%)","background_repeat":"repeat","background_size":"auto","background_attachment":"scroll","patternColor":{"default":{"color":"#e5e7ea"}},"overlayColor":{"default":{"color":"CT_CSS_SKIP_RULE"}},"backgroundColor":{"default":{"color":"var(--theme-palette-color-8)"}}},"content_boxed_shadow":{"inherit":false,"blur":18,"spread":-6,"v_offset":12,"h_offset":0,"inset":false,"enable":true,"color":{"color":"rgba(34, 56, 101, 0.04)"}},"content_boxed_border":{"width":1,"style":"none","color":{"color":"rgba(44,62,80,0.2)"}},"content_boxed_radius":{"top":"3px","bottom":"3px","left":"3px","right":"3px","linked":true},"boxed_content_spacing":{"desktop":{"top":"40px","bottom":"40px","left":"40px","right":"40px","linked":true},"tablet":{"top":"35px","bottom":"35px","left":"35px","right":"35px","linked":true},"mobile":{"top":"20px","bottom":"20px","left":"20px","right":"20px","linked":true}},"b6a9da5a132a1b76f66ef374aa22372c":"","disable_featured_image":"no","disable_share_box":"no","disable_header":"no","disable_footer":"no"},"yoast_head":"<!-- This site is optimized with the Yoast SEO plugin v27.4 - https:\/\/yoast.com\/product\/yoast-seo-wordpress\/ -->\n<title>C\u00e9g\u00fcnkr\u0151l - Bauplast Kft.<\/title>\n<meta name=\"robots\" content=\"index, follow, max-snippet:-1, max-image-preview:large, max-video-preview:-1\" \/>\n<link rel=\"canonical\" href=\"https:\/\/bauplast.hu\/en\/cegunkrol\/\" \/>\n<meta property=\"og:locale\" content=\"en_US\" \/>\n<meta property=\"og:type\" content=\"article\" \/>\n<meta property=\"og:title\" content=\"C\u00e9g\u00fcnkr\u0151l - Bauplast Kft.\" \/>\n<meta property=\"og:description\" content=\"C\u00e9g\u00fcnkr\u0151l C\u00e9g\u00fcnk 1991-ben alakult, akkor f\u0151 tev\u00e9kenys\u00e9gk\u00e9nt a m\u0171anyag habarcsed\u00e9nyek (l\u00e1d\u00e1k, d\u00e9zs\u00e1k, v\u00f6dr\u00f6k) kifejleszt\u00e9s\u00e9t, gy\u00e1rt\u00e1s\u00e1t \u00e9s \u00e9rt\u00e9kes\u00edt\u00e9s\u00e9t t\u0171zte ki c\u00e9lul. Az az\u00f3ta eltelt 35 \u00e9v alatt t\u00f6bb term\u00e9kcsal\u00e1d fejleszt\u00e9s\u00e9t val\u00f3s\u00edtottuk meg. \u00cdgy jelenleg 3 nagy term\u00e9kcsal\u00e1d elemeit k\u00edn\u00e1ljuk r\u00e9szben saj\u00e1t, r\u00e9szben kieg\u00e9sz\u00edt\u00e9sk\u00e9nt forgalmazott term\u00e9kek form\u00e1j\u00e1ban. A habarcsed\u00e9nyek n\u00e9h\u00e1ny eleme k\u00e9sz\u00fcl \u00e9lelmiszer-min\u0151s\u00e9g\u0171 anyagb\u00f3l, ami a h\u00e1ztart\u00e1si [&hellip;]\" \/>\n<meta property=\"og:url\" content=\"https:\/\/bauplast.hu\/en\/cegunkrol\/\" \/>\n<meta property=\"og:site_name\" content=\"Bauplast Kft.\" \/>\n<meta property=\"article:modified_time\" content=\"2026-03-12T15:12:16+00:00\" \/>\n<meta name=\"twitter:card\" content=\"summary_large_image\" \/>\n<meta name=\"twitter:label1\" content=\"Est. reading time\" \/>\n\t<meta name=\"twitter:data1\" content=\"1 minute\" \/>\n<script type=\"application\/ld+json\" class=\"yoast-schema-graph\">{\"@context\":\"https:\\\/\\\/schema.org\",\"@graph\":[{\"@type\":\"WebPage\",\"@id\":\"https:\\\/\\\/bauplast.hu\\\/cegunkrol\\\/\",\"url\":\"https:\\\/\\\/bauplast.hu\\\/cegunkrol\\\/\",\"name\":\"C\u00e9g\u00fcnkr\u0151l - Bauplast Kft.\",\"isPartOf\":{\"@id\":\"https:\\\/\\\/bauplast.hu\\\/#website\"},\"datePublished\":\"2022-07-02T05:28:59+00:00\",\"dateModified\":\"2026-03-12T15:12:16+00:00\",\"breadcrumb\":{\"@id\":\"https:\\\/\\\/bauplast.hu\\\/cegunkrol\\\/#breadcrumb\"},\"inLanguage\":\"en-US\",\"potentialAction\":[{\"@type\":\"ReadAction\",\"target\":[\"https:\\\/\\\/bauplast.hu\\\/cegunkrol\\\/\"]}]},{\"@type\":\"BreadcrumbList\",\"@id\":\"https:\\\/\\\/bauplast.hu\\\/cegunkrol\\\/#breadcrumb\",\"itemListElement\":[{\"@type\":\"ListItem\",\"position\":1,\"name\":\"Kezd\u0151lap\",\"item\":\"https:\\\/\\\/bauplast.hu\\\/\"},{\"@type\":\"ListItem\",\"position\":2,\"name\":\"C\u00e9g\u00fcnkr\u0151l\"}]},{\"@type\":\"WebSite\",\"@id\":\"https:\\\/\\\/bauplast.hu\\\/#website\",\"url\":\"https:\\\/\\\/bauplast.hu\\\/\",\"name\":\"Bauplast Kft.\",\"description\":\"m\u00fbanyag \u00e1gy\u00e1sszeg\u00e9ly, t\u00e9rk\u00f5szeg\u00e9ly, aljzatr\u00e1cs, gyepszeg\u00e9ly\",\"publisher\":{\"@id\":\"https:\\\/\\\/bauplast.hu\\\/#organization\"},\"potentialAction\":[{\"@type\":\"SearchAction\",\"target\":{\"@type\":\"EntryPoint\",\"urlTemplate\":\"https:\\\/\\\/bauplast.hu\\\/?s={search_term_string}\"},\"query-input\":{\"@type\":\"PropertyValueSpecification\",\"valueRequired\":true,\"valueName\":\"search_term_string\"}}],\"inLanguage\":\"en-US\"},{\"@type\":\"Organization\",\"@id\":\"https:\\\/\\\/bauplast.hu\\\/#organization\",\"name\":\"Bauplast Kft.\",\"url\":\"https:\\\/\\\/bauplast.hu\\\/\",\"logo\":{\"@type\":\"ImageObject\",\"inLanguage\":\"en-US\",\"@id\":\"https:\\\/\\\/bauplast.hu\\\/#\\\/schema\\\/logo\\\/image\\\/\",\"url\":\"https:\\\/\\\/i0.wp.com\\\/bauplast.hu\\\/wp-content\\\/uploads\\\/2026\\\/02\\\/Bau-logo_sarkok-atlatszo-scaled.png?fit=2450%2C2560&ssl=1\",\"contentUrl\":\"https:\\\/\\\/i0.wp.com\\\/bauplast.hu\\\/wp-content\\\/uploads\\\/2026\\\/02\\\/Bau-logo_sarkok-atlatszo-scaled.png?fit=2450%2C2560&ssl=1\",\"width\":2450,\"height\":2560,\"caption\":\"Bauplast Kft.\"},\"image\":{\"@id\":\"https:\\\/\\\/bauplast.hu\\\/#\\\/schema\\\/logo\\\/image\\\/\"}}]}<\/script>\n<!-- \/ Yoast SEO plugin. -->","yoast_head_json":{"title":"C\u00e9g\u00fcnkr\u0151l - Bauplast Kft.","robots":{"index":"index","follow":"follow","max-snippet":"max-snippet:-1","max-image-preview":"max-image-preview:large","max-video-preview":"max-video-preview:-1"},"canonical":"https:\/\/bauplast.hu\/en\/cegunkrol\/","og_locale":"en_US","og_type":"article","og_title":"C\u00e9g\u00fcnkr\u0151l - Bauplast Kft.","og_description":"C\u00e9g\u00fcnkr\u0151l C\u00e9g\u00fcnk 1991-ben alakult, akkor f\u0151 tev\u00e9kenys\u00e9gk\u00e9nt a m\u0171anyag habarcsed\u00e9nyek (l\u00e1d\u00e1k, d\u00e9zs\u00e1k, v\u00f6dr\u00f6k) kifejleszt\u00e9s\u00e9t, gy\u00e1rt\u00e1s\u00e1t \u00e9s \u00e9rt\u00e9kes\u00edt\u00e9s\u00e9t t\u0171zte ki c\u00e9lul. Az az\u00f3ta eltelt 35 \u00e9v alatt t\u00f6bb term\u00e9kcsal\u00e1d fejleszt\u00e9s\u00e9t val\u00f3s\u00edtottuk meg. \u00cdgy jelenleg 3 nagy term\u00e9kcsal\u00e1d elemeit k\u00edn\u00e1ljuk r\u00e9szben saj\u00e1t, r\u00e9szben kieg\u00e9sz\u00edt\u00e9sk\u00e9nt forgalmazott term\u00e9kek form\u00e1j\u00e1ban. A habarcsed\u00e9nyek n\u00e9h\u00e1ny eleme k\u00e9sz\u00fcl \u00e9lelmiszer-min\u0151s\u00e9g\u0171 anyagb\u00f3l, ami a h\u00e1ztart\u00e1si [&hellip;]","og_url":"https:\/\/bauplast.hu\/en\/cegunkrol\/","og_site_name":"Bauplast Kft.","article_modified_time":"2026-03-12T15:12:16+00:00","twitter_card":"summary_large_image","twitter_misc":{"Est. reading time":"1 minute"},"schema":{"@context":"https:\/\/schema.org","@graph":[{"@type":"WebPage","@id":"https:\/\/bauplast.hu\/cegunkrol\/","url":"https:\/\/bauplast.hu\/cegunkrol\/","name":"C\u00e9g\u00fcnkr\u0151l - Bauplast Kft.","isPartOf":{"@id":"https:\/\/bauplast.hu\/#website"},"datePublished":"2022-07-02T05:28:59+00:00","dateModified":"2026-03-12T15:12:16+00:00","breadcrumb":{"@id":"https:\/\/bauplast.hu\/cegunkrol\/#breadcrumb"},"inLanguage":"en-US","potentialAction":[{"@type":"ReadAction","target":["https:\/\/bauplast.hu\/cegunkrol\/"]}]},{"@type":"BreadcrumbList","@id":"https:\/\/bauplast.hu\/cegunkrol\/#breadcrumb","itemListElement":[{"@type":"ListItem","position":1,"name":"Kezd\u0151lap","item":"https:\/\/bauplast.hu\/"},{"@type":"ListItem","position":2,"name":"C\u00e9g\u00fcnkr\u0151l"}]},{"@type":"WebSite","@id":"https:\/\/bauplast.hu\/#website","url":"https:\/\/bauplast.hu\/","name":"Bauplast Kft.","description":"m\u00fbanyag \u00e1gy\u00e1sszeg\u00e9ly, t\u00e9rk\u00f5szeg\u00e9ly, aljzatr\u00e1cs, gyepszeg\u00e9ly","publisher":{"@id":"https:\/\/bauplast.hu\/#organization"},"potentialAction":[{"@type":"SearchAction","target":{"@type":"EntryPoint","urlTemplate":"https:\/\/bauplast.hu\/?s={search_term_string}"},"query-input":{"@type":"PropertyValueSpecification","valueRequired":true,"valueName":"search_term_string"}}],"inLanguage":"en-US"},{"@type":"Organization","@id":"https:\/\/bauplast.hu\/#organization","name":"Bauplast Kft.","url":"https:\/\/bauplast.hu\/","logo":{"@type":"ImageObject","inLanguage":"en-US","@id":"https:\/\/bauplast.hu\/#\/schema\/logo\/image\/","url":"https:\/\/i0.wp.com\/bauplast.hu\/wp-content\/uploads\/2026\/02\/Bau-logo_sarkok-atlatszo-scaled.png?fit=2450%2C2560&ssl=1","contentUrl":"https:\/\/i0.wp.com\/bauplast.hu\/wp-content\/uploads\/2026\/02\/Bau-logo_sarkok-atlatszo-scaled.png?fit=2450%2C2560&ssl=1","width":2450,"height":2560,"caption":"Bauplast Kft."},"image":{"@id":"https:\/\/bauplast.hu\/#\/schema\/logo\/image\/"}}]}},"jetpack_sharing_enabled":true,"_links":{"self":[{"href":"https:\/\/bauplast.hu\/en\/wp-json\/wp\/v2\/pages\/681","targetHints":{"allow":["GET"]}}],"collection":[{"href":"https:\/\/bauplast.hu\/en\/wp-json\/wp\/v2\/pages"}],"about":[{"href":"https:\/\/bauplast.hu\/en\/wp-json\/wp\/v2\/types\/page"}],"author":[{"embeddable":true,"href":"https:\/\/bauplast.hu\/en\/wp-json\/wp\/v2\/users\/1"}],"replies":[{"embeddable":true,"href":"https:\/\/bauplast.hu\/en\/wp-json\/wp\/v2\/comments?post=681"}],"version-history":[{"count":0,"href":"https:\/\/bauplast.hu\/en\/wp-json\/wp\/v2\/pages\/681\/revisions"}],"wp:attachment":[{"href":"https:\/\/bauplast.hu\/en\/wp-json\/wp\/v2\/media?parent=681"}],"curies":[{"name":"wp","href":"https:\/\/api.w.org\/{rel}","templated":true}]}}